{"id":1545,"date":"2015-01-06T21:34:12","date_gmt":"2015-01-06T21:34:12","guid":{"rendered":"http:\/\/www.boutiquekatag.com\/?page_id=1545"},"modified":"2015-01-09T15:22:55","modified_gmt":"2015-01-09T15:22:55","slug":"aventure-287","status":"publish","type":"page","link":"https:\/\/www.katag.ca\/en\/aventure-287\/","title":{"rendered":"Aventure 287"},"content":{"rendered":"<p>Vous d\u00e9cidez de vous enfuir par la droite en contournant le mar\u00e9cage. Vous tombez rapidement \u00e0 l\u2019abri, cach\u00e9 par les arbres qui l\u2019entourent. Vous attendez un moment et entendez la cr\u00e9ature ail\u00e9e partir au loin. Comme vous vous sentez \u00e0 nouveau en s\u00e9curit\u00e9, vous sortez de votre cachette et continuez \u00e0 marcher le long du marais. Plus vous avancez et plus il devient difficile de continuer, vos jambes s\u2019enfon\u00e7ant de plus en plus creux dans la vase et l\u2019eau visqueuse. Vous n\u2019aimez pas du tout la sensation de l\u2019eau qui s\u2019infiltre dans vos souliers et commencez \u00e0 regretter d\u2019avoir pris cette direction. La v\u00e9g\u00e9tation est tellement \u00e9paisse sur les c\u00f4t\u00e9s que vous ne r\u00e9ussiriez pas \u00e0 vous enfuir, si le besoin s\u2019en faisait sentir. Vous commencez \u00e0 consid\u00e9rer la possibilit\u00e9 de revenir en arri\u00e8re, puis soudain, vous entendez du bruit, un son caverneux, non loin d\u2019o\u00f9 vous vous trouvez. Vos sens sont en plein \u00e9veil et vous d\u00e9gainez votre \u00e9p\u00e9e, afin de vous prot\u00e9ger d\u2019un potentiel adversaire. La brume est toutefois assez \u00e9paisse pour vous masquer la vue. Vous entendez \u00e0 nouveau un bruit, comme un petit grondement, suivi par le son que fait une cr\u00e9ature se d\u00e9pla\u00e7ant \u00e0 la surface l\u2019eau. Avant que vous n\u2019ayez le temps de r\u00e9aliser ce qui vous arrive, une cr\u00e9ature longue d\u2019au moins deux m\u00e8tres jaillit de l\u2019eau et vous attaque. Roulez les d\u00e9s.<\/p>\n<div class=\"btn-container  align-center\"><a class=\"organic-btn  dark-blue-btn small-btn  align-center\" href=\"http:\/\/www.katag.ca\/aventure-314\/\"><span class=\"btn-holder\">Si vous obtenez un r\u00e9sultat de 5 ou plus, cliquez ici<\/span><\/a><\/div>\n<div class=\"btn-container  align-center\"><a class=\"organic-btn  dark-blue-btn small-btn  align-center\" href=\"http:\/\/www.katag.ca\/aventure-315\/\"><span class=\"btn-holder\">Si vous obtenez moins de 5, cliquez ici<\/span><\/a><\/div>\n","protected":false},"excerpt":{"rendered":"<p>Vous d\u00e9cidez de vous enfuir par la droite en contournant le mar\u00e9cage. Vous tombez rapidement \u00e0 l\u2019abri, cach\u00e9 par les arbres qui l\u2019entourent. Vous attendez un moment et entendez la cr\u00e9ature ail\u00e9e partir au loin. Comme vous vous sentez \u00e0 nouveau en s\u00e9curit\u00e9, vous sortez de votre cachette et continuez \u00e0 marcher le long du marais. Plus vous avancez et plus il devient difficile de continuer, vos jambes s\u2019enfon\u00e7ant de plus en plus creux dans la vase et l\u2019eau visqueuse. Vous n\u2019aimez pas du tout la sensation de&#8230;<\/p>\n","protected":false},"author":2,"featured_media":0,"parent":0,"menu_order":0,"comment_status":"closed","ping_status":"closed","template":"","meta":{"footnotes":""},"class_list":["post-1545","page","type-page","status-publish","hentry"],"yoast_head":"<!-- This site is optimized with the Yoast SEO plugin v27.5 - https:\/\/yoast.com\/product\/yoast-seo-wordpress\/ -->\n<title>Aventure 287 | Katag<\/title>\n<meta name=\"robots\" content=\"index, follow, max-snippet:-1, max-image-preview:large, max-video-preview:-1\" \/>\n<link rel=\"canonical\" href=\"https:\/\/www.katag.ca\/aventure-287\/\" \/>\n<meta property=\"og:locale\" content=\"en_US\" \/>\n<meta property=\"og:type\" content=\"article\" \/>\n<meta property=\"og:title\" content=\"Aventure 287 | Katag\" \/>\n<meta property=\"og:description\" content=\"Vous d\u00e9cidez de vous enfuir par la droite en contournant le mar\u00e9cage. Vous tombez rapidement \u00e0 l\u2019abri, cach\u00e9 par les arbres qui l\u2019entourent. Vous attendez un moment et entendez la cr\u00e9ature ail\u00e9e partir au loin. Comme vous vous sentez \u00e0 nouveau en s\u00e9curit\u00e9, vous sortez de votre cachette et continuez \u00e0 marcher le long du marais. Plus vous avancez et plus il devient difficile de continuer, vos jambes s\u2019enfon\u00e7ant de plus en plus creux dans la vase et l\u2019eau visqueuse. Vous n\u2019aimez pas du tout la sensation de...\" \/>\n<meta property=\"og:url\" content=\"https:\/\/www.katag.ca\/aventure-287\/\" \/>\n<meta property=\"og:site_name\" content=\"Katag\" \/>\n<meta property=\"article:publisher\" content=\"https:\/\/www.facebook.com\/Katag.ca\" \/>\n<meta property=\"article:modified_time\" content=\"2015-01-09T15:22:55+00:00\" \/>\n<meta name=\"twitter:card\" content=\"summary_large_image\" \/>\n<meta name=\"twitter:label1\" content=\"Est. reading time\" \/>\n\t<meta name=\"twitter:data1\" content=\"2 minutes\" \/>\n<script type=\"application\/ld+json\" class=\"yoast-schema-graph\">{\"@context\":\"https:\\\/\\\/schema.org\",\"@graph\":[{\"@type\":\"WebPage\",\"@id\":\"https:\\\/\\\/www.katag.ca\\\/aventure-287\\\/\",\"url\":\"https:\\\/\\\/www.katag.ca\\\/aventure-287\\\/\",\"name\":\"Aventure 287 | Katag\",\"isPartOf\":{\"@id\":\"https:\\\/\\\/www.katag.ca\\\/#website\"},\"datePublished\":\"2015-01-06T21:34:12+00:00\",\"dateModified\":\"2015-01-09T15:22:55+00:00\",\"breadcrumb\":{\"@id\":\"https:\\\/\\\/www.katag.ca\\\/aventure-287\\\/#breadcrumb\"},\"inLanguage\":\"en-US\",\"potentialAction\":[{\"@type\":\"ReadAction\",\"target\":[\"https:\\\/\\\/www.katag.ca\\\/aventure-287\\\/\"]}]},{\"@type\":\"BreadcrumbList\",\"@id\":\"https:\\\/\\\/www.katag.ca\\\/aventure-287\\\/#breadcrumb\",\"itemListElement\":[{\"@type\":\"ListItem\",\"position\":1,\"name\":\"Accueil\",\"item\":\"https:\\\/\\\/www.katag.ca\\\/\"},{\"@type\":\"ListItem\",\"position\":2,\"name\":\"Aventure 287\"}]},{\"@type\":\"WebSite\",\"@id\":\"https:\\\/\\\/www.katag.ca\\\/#website\",\"url\":\"https:\\\/\\\/www.katag.ca\\\/\",\"name\":\"Katag\",\"description\":\"LE jeu d'&eacute;p&eacute;es-mousse\",\"publisher\":{\"@id\":\"https:\\\/\\\/www.katag.ca\\\/#organization\"},\"potentialAction\":[{\"@type\":\"SearchAction\",\"target\":{\"@type\":\"EntryPoint\",\"urlTemplate\":\"https:\\\/\\\/www.katag.ca\\\/?s={search_term_string}\"},\"query-input\":{\"@type\":\"PropertyValueSpecification\",\"valueRequired\":true,\"valueName\":\"search_term_string\"}}],\"inLanguage\":\"en-US\"},{\"@type\":\"Organization\",\"@id\":\"https:\\\/\\\/www.katag.ca\\\/#organization\",\"name\":\"Katag\",\"url\":\"https:\\\/\\\/www.katag.ca\\\/\",\"logo\":{\"@type\":\"ImageObject\",\"inLanguage\":\"en-US\",\"@id\":\"https:\\\/\\\/www.katag.ca\\\/#\\\/schema\\\/logo\\\/image\\\/\",\"url\":\"https:\\\/\\\/www.katag.ca\\\/wp-content\\\/uploads\\\/2021\\\/03\\\/logo-fr.png\",\"contentUrl\":\"https:\\\/\\\/www.katag.ca\\\/wp-content\\\/uploads\\\/2021\\\/03\\\/logo-fr.png\",\"width\":338,\"height\":173,\"caption\":\"Katag\"},\"image\":{\"@id\":\"https:\\\/\\\/www.katag.ca\\\/#\\\/schema\\\/logo\\\/image\\\/\"},\"sameAs\":[\"https:\\\/\\\/www.facebook.com\\\/Katag.ca\"]}]}<\/script>\n<!-- \/ Yoast SEO plugin. -->","yoast_head_json":{"title":"Aventure 287 | Katag","robots":{"index":"index","follow":"follow","max-snippet":"max-snippet:-1","max-image-preview":"max-image-preview:large","max-video-preview":"max-video-preview:-1"},"canonical":"https:\/\/www.katag.ca\/aventure-287\/","og_locale":"en_US","og_type":"article","og_title":"Aventure 287 | Katag","og_description":"Vous d\u00e9cidez de vous enfuir par la droite en contournant le mar\u00e9cage. Vous tombez rapidement \u00e0 l\u2019abri, cach\u00e9 par les arbres qui l\u2019entourent. Vous attendez un moment et entendez la cr\u00e9ature ail\u00e9e partir au loin. Comme vous vous sentez \u00e0 nouveau en s\u00e9curit\u00e9, vous sortez de votre cachette et continuez \u00e0 marcher le long du marais. Plus vous avancez et plus il devient difficile de continuer, vos jambes s\u2019enfon\u00e7ant de plus en plus creux dans la vase et l\u2019eau visqueuse. Vous n\u2019aimez pas du tout la sensation de...","og_url":"https:\/\/www.katag.ca\/aventure-287\/","og_site_name":"Katag","article_publisher":"https:\/\/www.facebook.com\/Katag.ca","article_modified_time":"2015-01-09T15:22:55+00:00","twitter_card":"summary_large_image","twitter_misc":{"Est. reading time":"2 minutes"},"schema":{"@context":"https:\/\/schema.org","@graph":[{"@type":"WebPage","@id":"https:\/\/www.katag.ca\/aventure-287\/","url":"https:\/\/www.katag.ca\/aventure-287\/","name":"Aventure 287 | Katag","isPartOf":{"@id":"https:\/\/www.katag.ca\/#website"},"datePublished":"2015-01-06T21:34:12+00:00","dateModified":"2015-01-09T15:22:55+00:00","breadcrumb":{"@id":"https:\/\/www.katag.ca\/aventure-287\/#breadcrumb"},"inLanguage":"en-US","potentialAction":[{"@type":"ReadAction","target":["https:\/\/www.katag.ca\/aventure-287\/"]}]},{"@type":"BreadcrumbList","@id":"https:\/\/www.katag.ca\/aventure-287\/#breadcrumb","itemListElement":[{"@type":"ListItem","position":1,"name":"Accueil","item":"https:\/\/www.katag.ca\/"},{"@type":"ListItem","position":2,"name":"Aventure 287"}]},{"@type":"WebSite","@id":"https:\/\/www.katag.ca\/#website","url":"https:\/\/www.katag.ca\/","name":"Katag","description":"LE jeu d'&eacute;p&eacute;es-mousse","publisher":{"@id":"https:\/\/www.katag.ca\/#organization"},"potentialAction":[{"@type":"SearchAction","target":{"@type":"EntryPoint","urlTemplate":"https:\/\/www.katag.ca\/?s={search_term_string}"},"query-input":{"@type":"PropertyValueSpecification","valueRequired":true,"valueName":"search_term_string"}}],"inLanguage":"en-US"},{"@type":"Organization","@id":"https:\/\/www.katag.ca\/#organization","name":"Katag","url":"https:\/\/www.katag.ca\/","logo":{"@type":"ImageObject","inLanguage":"en-US","@id":"https:\/\/www.katag.ca\/#\/schema\/logo\/image\/","url":"https:\/\/www.katag.ca\/wp-content\/uploads\/2021\/03\/logo-fr.png","contentUrl":"https:\/\/www.katag.ca\/wp-content\/uploads\/2021\/03\/logo-fr.png","width":338,"height":173,"caption":"Katag"},"image":{"@id":"https:\/\/www.katag.ca\/#\/schema\/logo\/image\/"},"sameAs":["https:\/\/www.facebook.com\/Katag.ca"]}]}},"_links":{"self":[{"href":"https:\/\/www.katag.ca\/en\/wp-json\/wp\/v2\/pages\/1545","targetHints":{"allow":["GET"]}}],"collection":[{"href":"https:\/\/www.katag.ca\/en\/wp-json\/wp\/v2\/pages"}],"about":[{"href":"https:\/\/www.katag.ca\/en\/wp-json\/wp\/v2\/types\/page"}],"author":[{"embeddable":true,"href":"https:\/\/www.katag.ca\/en\/wp-json\/wp\/v2\/users\/2"}],"replies":[{"embeddable":true,"href":"https:\/\/www.katag.ca\/en\/wp-json\/wp\/v2\/comments?post=1545"}],"version-history":[{"count":2,"href":"https:\/\/www.katag.ca\/en\/wp-json\/wp\/v2\/pages\/1545\/revisions"}],"predecessor-version":[{"id":2120,"href":"https:\/\/www.katag.ca\/en\/wp-json\/wp\/v2\/pages\/1545\/revisions\/2120"}],"wp:attachment":[{"href":"https:\/\/www.katag.ca\/en\/wp-json\/wp\/v2\/media?parent=1545"}],"curies":[{"name":"wp","href":"https:\/\/api.w.org\/{rel}","templated":true}]}}