{"id":1551,"date":"2015-01-06T21:35:36","date_gmt":"2015-01-06T21:35:36","guid":{"rendered":"http:\/\/www.boutiquekatag.com\/?page_id=1551"},"modified":"2015-01-09T15:25:28","modified_gmt":"2015-01-09T15:25:28","slug":"aventure-290","status":"publish","type":"page","link":"https:\/\/www.katag.ca\/en\/aventure-290\/","title":{"rendered":"Aventure 290"},"content":{"rendered":"<p>\u00c0 prime abord, le pont ne vous semblait gu\u00e8re solide, mais apr\u00e8s avoir mis les pieds dessus, vous constatez que c\u2019est tout le contraire, celui-ci est bien ancr\u00e9 et vous ne craignez pas qu\u2019il s\u2019effondre. Vous marchez sur une centaine de m\u00e8tres et constatez que des cr\u00e9atures se regroupent sous vos pieds et vous \u00eates bien content que ce pont soit si solide. En regardant bien dans le marais, vous r\u00e9alisez que ces cr\u00e9atures ont l\u2019apparence de crocodiles, mais semblent plus\u2026 pr\u00e9historiques! Vous arrivez maintenant \u00e0 ce qui vous semble \u00eatre le milieu du pont et vous entendez du bruit au-dessus de votre t\u00eate. Vous regardez en l\u2019air, mais ne pouvez rien distinguer en raison de l\u2019\u00e9paisse couche de brume qui recouvre le marais. Qu\u2019allez-vous faire?<\/p>\n<div class=\"btn-container  align-center\"><a class=\"organic-btn  dark-blue-btn small-btn  align-center\" href=\"http:\/\/www.katag.ca\/aventure-318\/\"><span class=\"btn-holder\">Vous d\u00e9sirez d\u00e9gainer votre \u00e9p\u00e9e et attendre la suite des \u00e9v\u00e8nements<\/span><\/a><\/div>\n<div class=\"btn-container  align-center\"><a class=\"organic-btn  dark-blue-btn small-btn  align-center\" href=\"http:\/\/www.katag.ca\/aventure-319\/\"><span class=\"btn-holder\">Vous pr\u00e9f\u00e9rez d\u00e9guerpir en continuant votre chemin sur le pont<\/span><\/a><\/div>\n","protected":false},"excerpt":{"rendered":"<p>\u00c0 prime abord, le pont ne vous semblait gu\u00e8re solide, mais apr\u00e8s avoir mis les pieds dessus, vous constatez que c\u2019est tout le contraire, celui-ci est bien ancr\u00e9 et vous ne craignez pas qu\u2019il s\u2019effondre. Vous marchez sur une centaine de m\u00e8tres et constatez que des cr\u00e9atures se regroupent sous vos pieds et vous \u00eates bien content que ce pont soit si solide. En regardant bien dans le marais, vous r\u00e9alisez que ces cr\u00e9atures ont l\u2019apparence de crocodiles, mais semblent plus\u2026 pr\u00e9historiques! Vous arrivez maintenant \u00e0 ce qui&#8230;<\/p>\n","protected":false},"author":2,"featured_media":0,"parent":0,"menu_order":0,"comment_status":"closed","ping_status":"closed","template":"","meta":{"footnotes":""},"class_list":["post-1551","page","type-page","status-publish","hentry"],"yoast_head":"<!-- This site is optimized with the Yoast SEO plugin v27.5 - https:\/\/yoast.com\/product\/yoast-seo-wordpress\/ -->\n<title>Aventure 290 | Katag<\/title>\n<meta name=\"robots\" content=\"index, follow, max-snippet:-1, max-image-preview:large, max-video-preview:-1\" \/>\n<link rel=\"canonical\" href=\"https:\/\/www.katag.ca\/aventure-290\/\" \/>\n<meta property=\"og:locale\" content=\"en_US\" \/>\n<meta property=\"og:type\" content=\"article\" \/>\n<meta property=\"og:title\" content=\"Aventure 290 | Katag\" \/>\n<meta property=\"og:description\" content=\"\u00c0 prime abord, le pont ne vous semblait gu\u00e8re solide, mais apr\u00e8s avoir mis les pieds dessus, vous constatez que c\u2019est tout le contraire, celui-ci est bien ancr\u00e9 et vous ne craignez pas qu\u2019il s\u2019effondre. Vous marchez sur une centaine de m\u00e8tres et constatez que des cr\u00e9atures se regroupent sous vos pieds et vous \u00eates bien content que ce pont soit si solide. En regardant bien dans le marais, vous r\u00e9alisez que ces cr\u00e9atures ont l\u2019apparence de crocodiles, mais semblent plus\u2026 pr\u00e9historiques! Vous arrivez maintenant \u00e0 ce qui...\" \/>\n<meta property=\"og:url\" content=\"https:\/\/www.katag.ca\/aventure-290\/\" \/>\n<meta property=\"og:site_name\" content=\"Katag\" \/>\n<meta property=\"article:publisher\" content=\"https:\/\/www.facebook.com\/Katag.ca\" \/>\n<meta property=\"article:modified_time\" content=\"2015-01-09T15:25:28+00:00\" \/>\n<meta name=\"twitter:card\" content=\"summary_large_image\" \/>\n<meta name=\"twitter:label1\" content=\"Est. reading time\" \/>\n\t<meta name=\"twitter:data1\" content=\"1 minute\" \/>\n<script type=\"application\/ld+json\" class=\"yoast-schema-graph\">{\"@context\":\"https:\\\/\\\/schema.org\",\"@graph\":[{\"@type\":\"WebPage\",\"@id\":\"https:\\\/\\\/www.katag.ca\\\/aventure-290\\\/\",\"url\":\"https:\\\/\\\/www.katag.ca\\\/aventure-290\\\/\",\"name\":\"Aventure 290 | Katag\",\"isPartOf\":{\"@id\":\"https:\\\/\\\/www.katag.ca\\\/#website\"},\"datePublished\":\"2015-01-06T21:35:36+00:00\",\"dateModified\":\"2015-01-09T15:25:28+00:00\",\"breadcrumb\":{\"@id\":\"https:\\\/\\\/www.katag.ca\\\/aventure-290\\\/#breadcrumb\"},\"inLanguage\":\"en-US\",\"potentialAction\":[{\"@type\":\"ReadAction\",\"target\":[\"https:\\\/\\\/www.katag.ca\\\/aventure-290\\\/\"]}]},{\"@type\":\"BreadcrumbList\",\"@id\":\"https:\\\/\\\/www.katag.ca\\\/aventure-290\\\/#breadcrumb\",\"itemListElement\":[{\"@type\":\"ListItem\",\"position\":1,\"name\":\"Accueil\",\"item\":\"https:\\\/\\\/www.katag.ca\\\/\"},{\"@type\":\"ListItem\",\"position\":2,\"name\":\"Aventure 290\"}]},{\"@type\":\"WebSite\",\"@id\":\"https:\\\/\\\/www.katag.ca\\\/#website\",\"url\":\"https:\\\/\\\/www.katag.ca\\\/\",\"name\":\"Katag\",\"description\":\"LE jeu d'&eacute;p&eacute;es-mousse\",\"publisher\":{\"@id\":\"https:\\\/\\\/www.katag.ca\\\/#organization\"},\"potentialAction\":[{\"@type\":\"SearchAction\",\"target\":{\"@type\":\"EntryPoint\",\"urlTemplate\":\"https:\\\/\\\/www.katag.ca\\\/?s={search_term_string}\"},\"query-input\":{\"@type\":\"PropertyValueSpecification\",\"valueRequired\":true,\"valueName\":\"search_term_string\"}}],\"inLanguage\":\"en-US\"},{\"@type\":\"Organization\",\"@id\":\"https:\\\/\\\/www.katag.ca\\\/#organization\",\"name\":\"Katag\",\"url\":\"https:\\\/\\\/www.katag.ca\\\/\",\"logo\":{\"@type\":\"ImageObject\",\"inLanguage\":\"en-US\",\"@id\":\"https:\\\/\\\/www.katag.ca\\\/#\\\/schema\\\/logo\\\/image\\\/\",\"url\":\"https:\\\/\\\/www.katag.ca\\\/wp-content\\\/uploads\\\/2021\\\/03\\\/logo-fr.png\",\"contentUrl\":\"https:\\\/\\\/www.katag.ca\\\/wp-content\\\/uploads\\\/2021\\\/03\\\/logo-fr.png\",\"width\":338,\"height\":173,\"caption\":\"Katag\"},\"image\":{\"@id\":\"https:\\\/\\\/www.katag.ca\\\/#\\\/schema\\\/logo\\\/image\\\/\"},\"sameAs\":[\"https:\\\/\\\/www.facebook.com\\\/Katag.ca\"]}]}<\/script>\n<!-- \/ Yoast SEO plugin. -->","yoast_head_json":{"title":"Aventure 290 | Katag","robots":{"index":"index","follow":"follow","max-snippet":"max-snippet:-1","max-image-preview":"max-image-preview:large","max-video-preview":"max-video-preview:-1"},"canonical":"https:\/\/www.katag.ca\/aventure-290\/","og_locale":"en_US","og_type":"article","og_title":"Aventure 290 | Katag","og_description":"\u00c0 prime abord, le pont ne vous semblait gu\u00e8re solide, mais apr\u00e8s avoir mis les pieds dessus, vous constatez que c\u2019est tout le contraire, celui-ci est bien ancr\u00e9 et vous ne craignez pas qu\u2019il s\u2019effondre. Vous marchez sur une centaine de m\u00e8tres et constatez que des cr\u00e9atures se regroupent sous vos pieds et vous \u00eates bien content que ce pont soit si solide. En regardant bien dans le marais, vous r\u00e9alisez que ces cr\u00e9atures ont l\u2019apparence de crocodiles, mais semblent plus\u2026 pr\u00e9historiques! Vous arrivez maintenant \u00e0 ce qui...","og_url":"https:\/\/www.katag.ca\/aventure-290\/","og_site_name":"Katag","article_publisher":"https:\/\/www.facebook.com\/Katag.ca","article_modified_time":"2015-01-09T15:25:28+00:00","twitter_card":"summary_large_image","twitter_misc":{"Est. reading time":"1 minute"},"schema":{"@context":"https:\/\/schema.org","@graph":[{"@type":"WebPage","@id":"https:\/\/www.katag.ca\/aventure-290\/","url":"https:\/\/www.katag.ca\/aventure-290\/","name":"Aventure 290 | Katag","isPartOf":{"@id":"https:\/\/www.katag.ca\/#website"},"datePublished":"2015-01-06T21:35:36+00:00","dateModified":"2015-01-09T15:25:28+00:00","breadcrumb":{"@id":"https:\/\/www.katag.ca\/aventure-290\/#breadcrumb"},"inLanguage":"en-US","potentialAction":[{"@type":"ReadAction","target":["https:\/\/www.katag.ca\/aventure-290\/"]}]},{"@type":"BreadcrumbList","@id":"https:\/\/www.katag.ca\/aventure-290\/#breadcrumb","itemListElement":[{"@type":"ListItem","position":1,"name":"Accueil","item":"https:\/\/www.katag.ca\/"},{"@type":"ListItem","position":2,"name":"Aventure 290"}]},{"@type":"WebSite","@id":"https:\/\/www.katag.ca\/#website","url":"https:\/\/www.katag.ca\/","name":"Katag","description":"LE jeu d'&eacute;p&eacute;es-mousse","publisher":{"@id":"https:\/\/www.katag.ca\/#organization"},"potentialAction":[{"@type":"SearchAction","target":{"@type":"EntryPoint","urlTemplate":"https:\/\/www.katag.ca\/?s={search_term_string}"},"query-input":{"@type":"PropertyValueSpecification","valueRequired":true,"valueName":"search_term_string"}}],"inLanguage":"en-US"},{"@type":"Organization","@id":"https:\/\/www.katag.ca\/#organization","name":"Katag","url":"https:\/\/www.katag.ca\/","logo":{"@type":"ImageObject","inLanguage":"en-US","@id":"https:\/\/www.katag.ca\/#\/schema\/logo\/image\/","url":"https:\/\/www.katag.ca\/wp-content\/uploads\/2021\/03\/logo-fr.png","contentUrl":"https:\/\/www.katag.ca\/wp-content\/uploads\/2021\/03\/logo-fr.png","width":338,"height":173,"caption":"Katag"},"image":{"@id":"https:\/\/www.katag.ca\/#\/schema\/logo\/image\/"},"sameAs":["https:\/\/www.facebook.com\/Katag.ca"]}]}},"_links":{"self":[{"href":"https:\/\/www.katag.ca\/en\/wp-json\/wp\/v2\/pages\/1551","targetHints":{"allow":["GET"]}}],"collection":[{"href":"https:\/\/www.katag.ca\/en\/wp-json\/wp\/v2\/pages"}],"about":[{"href":"https:\/\/www.katag.ca\/en\/wp-json\/wp\/v2\/types\/page"}],"author":[{"embeddable":true,"href":"https:\/\/www.katag.ca\/en\/wp-json\/wp\/v2\/users\/2"}],"replies":[{"embeddable":true,"href":"https:\/\/www.katag.ca\/en\/wp-json\/wp\/v2\/comments?post=1551"}],"version-history":[{"count":2,"href":"https:\/\/www.katag.ca\/en\/wp-json\/wp\/v2\/pages\/1551\/revisions"}],"predecessor-version":[{"id":2123,"href":"https:\/\/www.katag.ca\/en\/wp-json\/wp\/v2\/pages\/1551\/revisions\/2123"}],"wp:attachment":[{"href":"https:\/\/www.katag.ca\/en\/wp-json\/wp\/v2\/media?parent=1551"}],"curies":[{"name":"wp","href":"https:\/\/api.w.org\/{rel}","templated":true}]}}