{"id":1565,"date":"2015-01-06T21:39:04","date_gmt":"2015-01-06T21:39:04","guid":{"rendered":"http:\/\/www.boutiquekatag.com\/?page_id=1565"},"modified":"2015-01-09T19:11:29","modified_gmt":"2015-01-09T19:11:29","slug":"aventure-297","status":"publish","type":"page","link":"https:\/\/www.katag.ca\/en\/aventure-297\/","title":{"rendered":"Aventure 297"},"content":{"rendered":"<p>Vous commencez \u00e0 observer la statue sous toutes ses coutures. Vous remarquez tout d\u2019abord que ses pieds sont recouverts d\u2019une \u00e9paisse couche d\u2019algues s\u00e9ch\u00e9es. La femme repr\u00e9sent\u00e9e par cette statue porte une \u00e9trange tunique et, \u00e0 sa main gauche, une \u00e9p\u00e9e qui semble \u00eatre constitu\u00e9e de lave volcanique et br\u00fble d\u2019une lumi\u00e8re \u00e9trangement bleut\u00e9e. Les v\u00eatements semblent faits d\u2019un mat\u00e9riau qui vous est inconnu, alors que son corps semble \u00eatre en pierre. Vous regardez maintenant la t\u00eate, quoique tr\u00e8s haute et vous constatez que celle-ci semble \u00eatre constitu\u00e9e de verre et vous croyez voir un tourbillon de vent \u00e0 l\u2019int\u00e9rieur! Vous vous d\u00e9cidez \u00e0 d\u00e9gager les pieds et d\u00e9couvrez que ceux-ci sont \u00e9galement en verre, mais remplis d\u2019eau. La statue d\u00e9gage certes un grand magn\u00e9tisme, mais \u00e9galement une grande chaleur. Vous d\u00e9cidez d\u2019en faire le tour et constatez que dans son dos, la statue porte une \u00e9chelle qui vous permet de monter jusqu\u2019\u00e0 la hauteur des \u00e9paules. Au sommet, se trouve une petite plateforme. <\/p>\n<div class=\"btn-container  align-center\"><a class=\"organic-btn  dark-blue-btn small-btn  align-center\" href=\"http:\/\/www.katag.ca\/aventure-324\/\"><span class=\"btn-holder\">Vous d\u00e9sirez monter dans l\u2019\u00e9chelle pour atteindre la plateforme<\/span><\/a><\/div>\n<div class=\"btn-container  align-center\"><a class=\"organic-btn  dark-blue-btn small-btn  align-center\" href=\"http:\/\/www.katag.ca\/aventure-298\/\"><span class=\"btn-holder\">Vous pr\u00e9f\u00e9rez emprunter le chemin menant vers le sud<\/span><\/a><\/div>\n<div class=\"btn-container  align-center\"><a class=\"organic-btn  dark-blue-btn small-btn  align-center\" href=\"http:\/\/www.katag.ca\/aventure-299\/\"><span class=\"btn-holder\">Vous choisissez de prendre le chemin menant vers le nord<\/span><\/a><\/div>\n<div class=\"btn-container  align-center\"><a class=\"organic-btn  dark-blue-btn small-btn  align-center\" href=\"http:\/\/www.katag.ca\/aventure-300\/\"><span class=\"btn-holder\">Vous d\u00e9cidez d\u2019explorer le chemin menant vers l\u2019ouest<\/span><\/a><\/div>\n","protected":false},"excerpt":{"rendered":"<p>Vous commencez \u00e0 observer la statue sous toutes ses coutures. Vous remarquez tout d\u2019abord que ses pieds sont recouverts d\u2019une \u00e9paisse couche d\u2019algues s\u00e9ch\u00e9es. La femme repr\u00e9sent\u00e9e par cette statue porte une \u00e9trange tunique et, \u00e0 sa main gauche, une \u00e9p\u00e9e qui semble \u00eatre constitu\u00e9e de lave volcanique et br\u00fble d\u2019une lumi\u00e8re \u00e9trangement bleut\u00e9e. Les v\u00eatements semblent faits d\u2019un mat\u00e9riau qui vous est inconnu, alors que son corps semble \u00eatre en pierre. Vous regardez maintenant la t\u00eate, quoique tr\u00e8s haute et vous constatez que celle-ci semble \u00eatre constitu\u00e9e&#8230;<\/p>\n","protected":false},"author":2,"featured_media":0,"parent":0,"menu_order":0,"comment_status":"closed","ping_status":"closed","template":"","meta":{"footnotes":""},"class_list":["post-1565","page","type-page","status-publish","hentry"],"yoast_head":"<!-- This site is optimized with the Yoast SEO plugin v26.0 - https:\/\/yoast.com\/wordpress\/plugins\/seo\/ -->\n<title>Aventure 297 | Katag<\/title>\n<meta name=\"robots\" content=\"index, follow, max-snippet:-1, max-image-preview:large, max-video-preview:-1\" \/>\n<link rel=\"canonical\" href=\"https:\/\/www.katag.ca\/en\/aventure-297\/\" \/>\n<meta property=\"og:locale\" content=\"en_US\" \/>\n<meta property=\"og:type\" content=\"article\" \/>\n<meta property=\"og:title\" content=\"Aventure 297 | Katag\" \/>\n<meta property=\"og:description\" content=\"Vous commencez \u00e0 observer la statue sous toutes ses coutures. Vous remarquez tout d\u2019abord que ses pieds sont recouverts d\u2019une \u00e9paisse couche d\u2019algues s\u00e9ch\u00e9es. La femme repr\u00e9sent\u00e9e par cette statue porte une \u00e9trange tunique et, \u00e0 sa main gauche, une \u00e9p\u00e9e qui semble \u00eatre constitu\u00e9e de lave volcanique et br\u00fble d\u2019une lumi\u00e8re \u00e9trangement bleut\u00e9e. Les v\u00eatements semblent faits d\u2019un mat\u00e9riau qui vous est inconnu, alors que son corps semble \u00eatre en pierre. Vous regardez maintenant la t\u00eate, quoique tr\u00e8s haute et vous constatez que celle-ci semble \u00eatre constitu\u00e9e...\" \/>\n<meta property=\"og:url\" content=\"https:\/\/www.katag.ca\/en\/aventure-297\/\" \/>\n<meta property=\"og:site_name\" content=\"Katag\" \/>\n<meta property=\"article:publisher\" content=\"https:\/\/www.facebook.com\/Katag.ca\" \/>\n<meta property=\"article:modified_time\" content=\"2015-01-09T19:11:29+00:00\" \/>\n<meta name=\"twitter:card\" content=\"summary_large_image\" \/>\n<meta name=\"twitter:label1\" content=\"Est. reading time\" \/>\n\t<meta name=\"twitter:data1\" content=\"1 minute\" \/>\n<script type=\"application\/ld+json\" class=\"yoast-schema-graph\">{\"@context\":\"https:\/\/schema.org\",\"@graph\":[{\"@type\":\"WebPage\",\"@id\":\"https:\/\/www.katag.ca\/en\/aventure-297\/\",\"url\":\"https:\/\/www.katag.ca\/en\/aventure-297\/\",\"name\":\"Aventure 297 | Katag\",\"isPartOf\":{\"@id\":\"https:\/\/www.katag.ca\/#website\"},\"datePublished\":\"2015-01-06T21:39:04+00:00\",\"dateModified\":\"2015-01-09T19:11:29+00:00\",\"breadcrumb\":{\"@id\":\"https:\/\/www.katag.ca\/en\/aventure-297\/#breadcrumb\"},\"inLanguage\":\"en-US\",\"potentialAction\":[{\"@type\":\"ReadAction\",\"target\":[\"https:\/\/www.katag.ca\/en\/aventure-297\/\"]}]},{\"@type\":\"BreadcrumbList\",\"@id\":\"https:\/\/www.katag.ca\/en\/aventure-297\/#breadcrumb\",\"itemListElement\":[{\"@type\":\"ListItem\",\"position\":1,\"name\":\"Accueil\",\"item\":\"https:\/\/www.katag.ca\/\"},{\"@type\":\"ListItem\",\"position\":2,\"name\":\"Aventure 297\"}]},{\"@type\":\"WebSite\",\"@id\":\"https:\/\/www.katag.ca\/#website\",\"url\":\"https:\/\/www.katag.ca\/\",\"name\":\"Katag\",\"description\":\"LE jeu d'&eacute;p&eacute;es-mousse\",\"publisher\":{\"@id\":\"https:\/\/www.katag.ca\/#organization\"},\"potentialAction\":[{\"@type\":\"SearchAction\",\"target\":{\"@type\":\"EntryPoint\",\"urlTemplate\":\"https:\/\/www.katag.ca\/?s={search_term_string}\"},\"query-input\":{\"@type\":\"PropertyValueSpecification\",\"valueRequired\":true,\"valueName\":\"search_term_string\"}}],\"inLanguage\":\"en-US\"},{\"@type\":\"Organization\",\"@id\":\"https:\/\/www.katag.ca\/#organization\",\"name\":\"Katag\",\"url\":\"https:\/\/www.katag.ca\/\",\"logo\":{\"@type\":\"ImageObject\",\"inLanguage\":\"en-US\",\"@id\":\"https:\/\/www.katag.ca\/#\/schema\/logo\/image\/\",\"url\":\"https:\/\/www.katag.ca\/wp-content\/uploads\/2021\/03\/logo-fr.png\",\"contentUrl\":\"https:\/\/www.katag.ca\/wp-content\/uploads\/2021\/03\/logo-fr.png\",\"width\":338,\"height\":173,\"caption\":\"Katag\"},\"image\":{\"@id\":\"https:\/\/www.katag.ca\/#\/schema\/logo\/image\/\"},\"sameAs\":[\"https:\/\/www.facebook.com\/Katag.ca\"]}]}<\/script>\n<!-- \/ Yoast SEO plugin. -->","yoast_head_json":{"title":"Aventure 297 | Katag","robots":{"index":"index","follow":"follow","max-snippet":"max-snippet:-1","max-image-preview":"max-image-preview:large","max-video-preview":"max-video-preview:-1"},"canonical":"https:\/\/www.katag.ca\/en\/aventure-297\/","og_locale":"en_US","og_type":"article","og_title":"Aventure 297 | Katag","og_description":"Vous commencez \u00e0 observer la statue sous toutes ses coutures. Vous remarquez tout d\u2019abord que ses pieds sont recouverts d\u2019une \u00e9paisse couche d\u2019algues s\u00e9ch\u00e9es. La femme repr\u00e9sent\u00e9e par cette statue porte une \u00e9trange tunique et, \u00e0 sa main gauche, une \u00e9p\u00e9e qui semble \u00eatre constitu\u00e9e de lave volcanique et br\u00fble d\u2019une lumi\u00e8re \u00e9trangement bleut\u00e9e. Les v\u00eatements semblent faits d\u2019un mat\u00e9riau qui vous est inconnu, alors que son corps semble \u00eatre en pierre. Vous regardez maintenant la t\u00eate, quoique tr\u00e8s haute et vous constatez que celle-ci semble \u00eatre constitu\u00e9e...","og_url":"https:\/\/www.katag.ca\/en\/aventure-297\/","og_site_name":"Katag","article_publisher":"https:\/\/www.facebook.com\/Katag.ca","article_modified_time":"2015-01-09T19:11:29+00:00","twitter_card":"summary_large_image","twitter_misc":{"Est. reading time":"1 minute"},"schema":{"@context":"https:\/\/schema.org","@graph":[{"@type":"WebPage","@id":"https:\/\/www.katag.ca\/en\/aventure-297\/","url":"https:\/\/www.katag.ca\/en\/aventure-297\/","name":"Aventure 297 | Katag","isPartOf":{"@id":"https:\/\/www.katag.ca\/#website"},"datePublished":"2015-01-06T21:39:04+00:00","dateModified":"2015-01-09T19:11:29+00:00","breadcrumb":{"@id":"https:\/\/www.katag.ca\/en\/aventure-297\/#breadcrumb"},"inLanguage":"en-US","potentialAction":[{"@type":"ReadAction","target":["https:\/\/www.katag.ca\/en\/aventure-297\/"]}]},{"@type":"BreadcrumbList","@id":"https:\/\/www.katag.ca\/en\/aventure-297\/#breadcrumb","itemListElement":[{"@type":"ListItem","position":1,"name":"Accueil","item":"https:\/\/www.katag.ca\/"},{"@type":"ListItem","position":2,"name":"Aventure 297"}]},{"@type":"WebSite","@id":"https:\/\/www.katag.ca\/#website","url":"https:\/\/www.katag.ca\/","name":"Katag","description":"LE jeu d'&eacute;p&eacute;es-mousse","publisher":{"@id":"https:\/\/www.katag.ca\/#organization"},"potentialAction":[{"@type":"SearchAction","target":{"@type":"EntryPoint","urlTemplate":"https:\/\/www.katag.ca\/?s={search_term_string}"},"query-input":{"@type":"PropertyValueSpecification","valueRequired":true,"valueName":"search_term_string"}}],"inLanguage":"en-US"},{"@type":"Organization","@id":"https:\/\/www.katag.ca\/#organization","name":"Katag","url":"https:\/\/www.katag.ca\/","logo":{"@type":"ImageObject","inLanguage":"en-US","@id":"https:\/\/www.katag.ca\/#\/schema\/logo\/image\/","url":"https:\/\/www.katag.ca\/wp-content\/uploads\/2021\/03\/logo-fr.png","contentUrl":"https:\/\/www.katag.ca\/wp-content\/uploads\/2021\/03\/logo-fr.png","width":338,"height":173,"caption":"Katag"},"image":{"@id":"https:\/\/www.katag.ca\/#\/schema\/logo\/image\/"},"sameAs":["https:\/\/www.facebook.com\/Katag.ca"]}]}},"_links":{"self":[{"href":"https:\/\/www.katag.ca\/en\/wp-json\/wp\/v2\/pages\/1565","targetHints":{"allow":["GET"]}}],"collection":[{"href":"https:\/\/www.katag.ca\/en\/wp-json\/wp\/v2\/pages"}],"about":[{"href":"https:\/\/www.katag.ca\/en\/wp-json\/wp\/v2\/types\/page"}],"author":[{"embeddable":true,"href":"https:\/\/www.katag.ca\/en\/wp-json\/wp\/v2\/users\/2"}],"replies":[{"embeddable":true,"href":"https:\/\/www.katag.ca\/en\/wp-json\/wp\/v2\/comments?post=1565"}],"version-history":[{"count":3,"href":"https:\/\/www.katag.ca\/en\/wp-json\/wp\/v2\/pages\/1565\/revisions"}],"predecessor-version":[{"id":2314,"href":"https:\/\/www.katag.ca\/en\/wp-json\/wp\/v2\/pages\/1565\/revisions\/2314"}],"wp:attachment":[{"href":"https:\/\/www.katag.ca\/en\/wp-json\/wp\/v2\/media?parent=1565"}],"curies":[{"name":"wp","href":"https:\/\/api.w.org\/{rel}","templated":true}]}}