{"id":1569,"date":"2015-01-06T21:40:20","date_gmt":"2015-01-06T21:40:20","guid":{"rendered":"http:\/\/www.boutiquekatag.com\/?page_id=1569"},"modified":"2015-01-09T19:14:03","modified_gmt":"2015-01-09T19:14:03","slug":"aventure-299","status":"publish","type":"page","link":"https:\/\/www.katag.ca\/en\/aventure-299\/","title":{"rendered":"Aventure 299"},"content":{"rendered":"<p>Vous prenez le chemin menant vers le nord. Apr\u00e8s y avoir march\u00e9 une dizaine de minutes, vous tombez face \u00e0 face avec un homme arrivant en direction inverse. Ce dernier tient un objet qui ressemble \u00e0 une lampe de poche dans sa main gauche et une \u00e9p\u00e9e dans sa main droite. Il vous adresse la parole. \u00ab Bonjour jeune ami! J\u2019esp\u00e8re que tu n\u2019es pas perdu! Tu ne vas tout de m\u00eame pas me dire que tu t\u2019appr\u00eates \u00e0 t\u2019enfoncer dans les profondeurs des bois \u00e0 cette heure du jour? Ce n\u2019est pas que ce chemin soit trop dangereux, bien au contraire, c\u2019est un sentier paisible o\u00f9 il fait bon marcher. Mais il faut tout de m\u00eame \u00eatre \u00e9quip\u00e9 en cons\u00e9quence! Tu vois, si tu continue de marcher encore dix minutes, tu entreras dans une partie de la for\u00eat o\u00f9 les arbres sont si immenses et fournis que les lunes ne pourront plus t\u2019illuminer et tu n\u2019arriveras plus \u00e0 voir \u00e0 plus d\u2019un m\u00e8tre devant toi. Tu ne pourras au moins pas dire qu\u2019on ne t\u2019a pas averti! Non, moi je te conseille de revenir \u00e0 l\u2019aube. Tu ne voudrais tout de m\u00eame pas que nous ayons \u00e0 lancer une exp\u00e9dition pour te retrouver dans quelques jours! Mais bon, c\u2019est ton choix! \u00bb. Sur ce, l\u2019homme vous quitte.<\/p>\n<div class=\"btn-container  align-center\"><a class=\"organic-btn  dark-blue-btn small-btn  align-center\" href=\"http:\/\/www.katag.ca\/aventure-332\/\"><span class=\"btn-holder\">Vous d\u00e9sirez le rattraper et lui demander de vous vendre sa lampe de poche<\/span><\/a><\/div>\n<div class=\"btn-container  align-center\"><a class=\"organic-btn  dark-blue-btn small-btn  align-center\" href=\"http:\/\/www.katag.ca\/aventure-333\/\"><span class=\"btn-holder\">Vous pr\u00e9f\u00e9rez continuer votre chemin<\/span><\/a><\/div>\n<div class=\"btn-container  align-center\"><a class=\"organic-btn  dark-blue-btn small-btn  align-center\" href=\"http:\/\/www.katag.ca\/aventure-334\/\"><span class=\"btn-holder\">Vous choisissez de rebrousser chemin et vous diriger vers la plage<\/span><\/a><\/div>\n","protected":false},"excerpt":{"rendered":"<p>Vous prenez le chemin menant vers le nord. Apr\u00e8s y avoir march\u00e9 une dizaine de minutes, vous tombez face \u00e0 face avec un homme arrivant en direction inverse. Ce dernier tient un objet qui ressemble \u00e0 une lampe de poche dans sa main gauche et une \u00e9p\u00e9e dans sa main droite. Il vous adresse la parole. \u00ab Bonjour jeune ami! J\u2019esp\u00e8re que tu n\u2019es pas perdu! Tu ne vas tout de m\u00eame pas me dire que tu t\u2019appr\u00eates \u00e0 t\u2019enfoncer dans les profondeurs des bois \u00e0 cette heure&#8230;<\/p>\n","protected":false},"author":2,"featured_media":0,"parent":0,"menu_order":0,"comment_status":"closed","ping_status":"closed","template":"","meta":{"footnotes":""},"class_list":["post-1569","page","type-page","status-publish","hentry"],"yoast_head":"<!-- This site is optimized with the Yoast SEO plugin v26.0 - https:\/\/yoast.com\/wordpress\/plugins\/seo\/ -->\n<title>Aventure 299 | Katag<\/title>\n<meta name=\"robots\" content=\"index, follow, max-snippet:-1, max-image-preview:large, max-video-preview:-1\" \/>\n<link rel=\"canonical\" href=\"https:\/\/www.katag.ca\/aventure-299\/\" \/>\n<meta property=\"og:locale\" content=\"en_US\" \/>\n<meta property=\"og:type\" content=\"article\" \/>\n<meta property=\"og:title\" content=\"Aventure 299 | Katag\" \/>\n<meta property=\"og:description\" content=\"Vous prenez le chemin menant vers le nord. Apr\u00e8s y avoir march\u00e9 une dizaine de minutes, vous tombez face \u00e0 face avec un homme arrivant en direction inverse. Ce dernier tient un objet qui ressemble \u00e0 une lampe de poche dans sa main gauche et une \u00e9p\u00e9e dans sa main droite. Il vous adresse la parole. \u00ab Bonjour jeune ami! J\u2019esp\u00e8re que tu n\u2019es pas perdu! Tu ne vas tout de m\u00eame pas me dire que tu t\u2019appr\u00eates \u00e0 t\u2019enfoncer dans les profondeurs des bois \u00e0 cette heure...\" \/>\n<meta property=\"og:url\" content=\"https:\/\/www.katag.ca\/aventure-299\/\" \/>\n<meta property=\"og:site_name\" content=\"Katag\" \/>\n<meta property=\"article:publisher\" content=\"https:\/\/www.facebook.com\/Katag.ca\" \/>\n<meta property=\"article:modified_time\" content=\"2015-01-09T19:14:03+00:00\" \/>\n<meta name=\"twitter:card\" content=\"summary_large_image\" \/>\n<meta name=\"twitter:label1\" content=\"Est. reading time\" \/>\n\t<meta name=\"twitter:data1\" content=\"2 minutes\" \/>\n<script type=\"application\/ld+json\" class=\"yoast-schema-graph\">{\"@context\":\"https:\/\/schema.org\",\"@graph\":[{\"@type\":\"WebPage\",\"@id\":\"https:\/\/www.katag.ca\/aventure-299\/\",\"url\":\"https:\/\/www.katag.ca\/aventure-299\/\",\"name\":\"Aventure 299 | Katag\",\"isPartOf\":{\"@id\":\"https:\/\/www.katag.ca\/#website\"},\"datePublished\":\"2015-01-06T21:40:20+00:00\",\"dateModified\":\"2015-01-09T19:14:03+00:00\",\"breadcrumb\":{\"@id\":\"https:\/\/www.katag.ca\/aventure-299\/#breadcrumb\"},\"inLanguage\":\"en-US\",\"potentialAction\":[{\"@type\":\"ReadAction\",\"target\":[\"https:\/\/www.katag.ca\/aventure-299\/\"]}]},{\"@type\":\"BreadcrumbList\",\"@id\":\"https:\/\/www.katag.ca\/aventure-299\/#breadcrumb\",\"itemListElement\":[{\"@type\":\"ListItem\",\"position\":1,\"name\":\"Accueil\",\"item\":\"https:\/\/www.katag.ca\/\"},{\"@type\":\"ListItem\",\"position\":2,\"name\":\"Aventure 299\"}]},{\"@type\":\"WebSite\",\"@id\":\"https:\/\/www.katag.ca\/#website\",\"url\":\"https:\/\/www.katag.ca\/\",\"name\":\"Katag\",\"description\":\"LE jeu d'&eacute;p&eacute;es-mousse\",\"publisher\":{\"@id\":\"https:\/\/www.katag.ca\/#organization\"},\"potentialAction\":[{\"@type\":\"SearchAction\",\"target\":{\"@type\":\"EntryPoint\",\"urlTemplate\":\"https:\/\/www.katag.ca\/?s={search_term_string}\"},\"query-input\":{\"@type\":\"PropertyValueSpecification\",\"valueRequired\":true,\"valueName\":\"search_term_string\"}}],\"inLanguage\":\"en-US\"},{\"@type\":\"Organization\",\"@id\":\"https:\/\/www.katag.ca\/#organization\",\"name\":\"Katag\",\"url\":\"https:\/\/www.katag.ca\/\",\"logo\":{\"@type\":\"ImageObject\",\"inLanguage\":\"en-US\",\"@id\":\"https:\/\/www.katag.ca\/#\/schema\/logo\/image\/\",\"url\":\"https:\/\/www.katag.ca\/wp-content\/uploads\/2021\/03\/logo-fr.png\",\"contentUrl\":\"https:\/\/www.katag.ca\/wp-content\/uploads\/2021\/03\/logo-fr.png\",\"width\":338,\"height\":173,\"caption\":\"Katag\"},\"image\":{\"@id\":\"https:\/\/www.katag.ca\/#\/schema\/logo\/image\/\"},\"sameAs\":[\"https:\/\/www.facebook.com\/Katag.ca\"]}]}<\/script>\n<!-- \/ Yoast SEO plugin. -->","yoast_head_json":{"title":"Aventure 299 | Katag","robots":{"index":"index","follow":"follow","max-snippet":"max-snippet:-1","max-image-preview":"max-image-preview:large","max-video-preview":"max-video-preview:-1"},"canonical":"https:\/\/www.katag.ca\/aventure-299\/","og_locale":"en_US","og_type":"article","og_title":"Aventure 299 | Katag","og_description":"Vous prenez le chemin menant vers le nord. Apr\u00e8s y avoir march\u00e9 une dizaine de minutes, vous tombez face \u00e0 face avec un homme arrivant en direction inverse. Ce dernier tient un objet qui ressemble \u00e0 une lampe de poche dans sa main gauche et une \u00e9p\u00e9e dans sa main droite. Il vous adresse la parole. \u00ab Bonjour jeune ami! J\u2019esp\u00e8re que tu n\u2019es pas perdu! Tu ne vas tout de m\u00eame pas me dire que tu t\u2019appr\u00eates \u00e0 t\u2019enfoncer dans les profondeurs des bois \u00e0 cette heure...","og_url":"https:\/\/www.katag.ca\/aventure-299\/","og_site_name":"Katag","article_publisher":"https:\/\/www.facebook.com\/Katag.ca","article_modified_time":"2015-01-09T19:14:03+00:00","twitter_card":"summary_large_image","twitter_misc":{"Est. reading time":"2 minutes"},"schema":{"@context":"https:\/\/schema.org","@graph":[{"@type":"WebPage","@id":"https:\/\/www.katag.ca\/aventure-299\/","url":"https:\/\/www.katag.ca\/aventure-299\/","name":"Aventure 299 | Katag","isPartOf":{"@id":"https:\/\/www.katag.ca\/#website"},"datePublished":"2015-01-06T21:40:20+00:00","dateModified":"2015-01-09T19:14:03+00:00","breadcrumb":{"@id":"https:\/\/www.katag.ca\/aventure-299\/#breadcrumb"},"inLanguage":"en-US","potentialAction":[{"@type":"ReadAction","target":["https:\/\/www.katag.ca\/aventure-299\/"]}]},{"@type":"BreadcrumbList","@id":"https:\/\/www.katag.ca\/aventure-299\/#breadcrumb","itemListElement":[{"@type":"ListItem","position":1,"name":"Accueil","item":"https:\/\/www.katag.ca\/"},{"@type":"ListItem","position":2,"name":"Aventure 299"}]},{"@type":"WebSite","@id":"https:\/\/www.katag.ca\/#website","url":"https:\/\/www.katag.ca\/","name":"Katag","description":"LE jeu d'&eacute;p&eacute;es-mousse","publisher":{"@id":"https:\/\/www.katag.ca\/#organization"},"potentialAction":[{"@type":"SearchAction","target":{"@type":"EntryPoint","urlTemplate":"https:\/\/www.katag.ca\/?s={search_term_string}"},"query-input":{"@type":"PropertyValueSpecification","valueRequired":true,"valueName":"search_term_string"}}],"inLanguage":"en-US"},{"@type":"Organization","@id":"https:\/\/www.katag.ca\/#organization","name":"Katag","url":"https:\/\/www.katag.ca\/","logo":{"@type":"ImageObject","inLanguage":"en-US","@id":"https:\/\/www.katag.ca\/#\/schema\/logo\/image\/","url":"https:\/\/www.katag.ca\/wp-content\/uploads\/2021\/03\/logo-fr.png","contentUrl":"https:\/\/www.katag.ca\/wp-content\/uploads\/2021\/03\/logo-fr.png","width":338,"height":173,"caption":"Katag"},"image":{"@id":"https:\/\/www.katag.ca\/#\/schema\/logo\/image\/"},"sameAs":["https:\/\/www.facebook.com\/Katag.ca"]}]}},"_links":{"self":[{"href":"https:\/\/www.katag.ca\/en\/wp-json\/wp\/v2\/pages\/1569","targetHints":{"allow":["GET"]}}],"collection":[{"href":"https:\/\/www.katag.ca\/en\/wp-json\/wp\/v2\/pages"}],"about":[{"href":"https:\/\/www.katag.ca\/en\/wp-json\/wp\/v2\/types\/page"}],"author":[{"embeddable":true,"href":"https:\/\/www.katag.ca\/en\/wp-json\/wp\/v2\/users\/2"}],"replies":[{"embeddable":true,"href":"https:\/\/www.katag.ca\/en\/wp-json\/wp\/v2\/comments?post=1569"}],"version-history":[{"count":3,"href":"https:\/\/www.katag.ca\/en\/wp-json\/wp\/v2\/pages\/1569\/revisions"}],"predecessor-version":[{"id":2318,"href":"https:\/\/www.katag.ca\/en\/wp-json\/wp\/v2\/pages\/1569\/revisions\/2318"}],"wp:attachment":[{"href":"https:\/\/www.katag.ca\/en\/wp-json\/wp\/v2\/media?parent=1569"}],"curies":[{"name":"wp","href":"https:\/\/api.w.org\/{rel}","templated":true}]}}