{"id":1571,"date":"2015-01-06T21:40:50","date_gmt":"2015-01-06T21:40:50","guid":{"rendered":"http:\/\/www.boutiquekatag.com\/?page_id=1571"},"modified":"2015-01-09T15:37:40","modified_gmt":"2015-01-09T15:37:40","slug":"aventure-300","status":"publish","type":"page","link":"https:\/\/www.katag.ca\/en\/aventure-300\/","title":{"rendered":"Aventure 300"},"content":{"rendered":"<p>Vous prenez le chemin menant vers l\u2019ouest et vous avez la forte impression que c\u2019\u00e9tait le bon choix. Le chemin est tr\u00e8s large, environ une dizaine de m\u00e8tres, assez pour qu\u2019au moins huit hommes puissent y circuler c\u00f4te \u00e0 c\u00f4te. De plus, vous pouvez voir le ciel, ses deux lunes vous \u00e9clairant amplement. Veuillez ajouter un point \u00e0 votre total dans la cat\u00e9gorie intuition de votre feuille de route. Vous avez la vague impression que votre aventure tire \u00e0 sa fin et que vous touchez presque au but. Ce qui vous rappelle que vous devez vous tenir sur vos gardes, pr\u00eat \u00e0 r\u00e9agir \u00e0 n\u2019importe quel moment! Au bout de vingt minutes de marche, vous arrivez \u00e0 une intersection. Le chemin menant vers le nord est enti\u00e8rement recouvert d\u2019arbres. L\u2019autre, continuant vers l\u2019ouest, semble \u00eatre le chemin principal. Qu\u2019allez-vous faire?<\/p>\n<div class=\"btn-container  align-center\"><a class=\"organic-btn  dark-blue-btn small-btn  align-center\" href=\"http:\/\/www.katag.ca\/aventure-335\/\"><span class=\"btn-holder\">Vous choisissez de vous engager sur le chemin menant vers le nord<\/span><\/a><\/div>\n<div class=\"btn-container  align-center\"><a class=\"organic-btn  dark-blue-btn small-btn  align-center\" href=\"http:\/\/www.katag.ca\/aventure-336\/\"><span class=\"btn-holder\">Vous pr\u00e9f\u00e9rez poursuivre sur le chemin menant vers l\u2019ouest<\/span><\/a><\/div>\n","protected":false},"excerpt":{"rendered":"<p>Vous prenez le chemin menant vers l\u2019ouest et vous avez la forte impression que c\u2019\u00e9tait le bon choix. Le chemin est tr\u00e8s large, environ une dizaine de m\u00e8tres, assez pour qu\u2019au moins huit hommes puissent y circuler c\u00f4te \u00e0 c\u00f4te. De plus, vous pouvez voir le ciel, ses deux lunes vous \u00e9clairant amplement. Veuillez ajouter un point \u00e0 votre total dans la cat\u00e9gorie intuition de votre feuille de route. Vous avez la vague impression que votre aventure tire \u00e0 sa fin et que vous touchez presque au but&#8230;.<\/p>\n","protected":false},"author":2,"featured_media":0,"parent":0,"menu_order":0,"comment_status":"closed","ping_status":"closed","template":"","meta":{"footnotes":""},"class_list":["post-1571","page","type-page","status-publish","hentry"],"yoast_head":"<!-- This site is optimized with the Yoast SEO plugin v26.0 - https:\/\/yoast.com\/wordpress\/plugins\/seo\/ -->\n<title>Aventure 300 | Katag<\/title>\n<meta name=\"robots\" content=\"index, follow, max-snippet:-1, max-image-preview:large, max-video-preview:-1\" \/>\n<link rel=\"canonical\" href=\"https:\/\/www.katag.ca\/en\/aventure-300\/\" \/>\n<meta property=\"og:locale\" content=\"en_US\" \/>\n<meta property=\"og:type\" content=\"article\" \/>\n<meta property=\"og:title\" content=\"Aventure 300 | Katag\" \/>\n<meta property=\"og:description\" content=\"Vous prenez le chemin menant vers l\u2019ouest et vous avez la forte impression que c\u2019\u00e9tait le bon choix. Le chemin est tr\u00e8s large, environ une dizaine de m\u00e8tres, assez pour qu\u2019au moins huit hommes puissent y circuler c\u00f4te \u00e0 c\u00f4te. De plus, vous pouvez voir le ciel, ses deux lunes vous \u00e9clairant amplement. Veuillez ajouter un point \u00e0 votre total dans la cat\u00e9gorie intuition de votre feuille de route. Vous avez la vague impression que votre aventure tire \u00e0 sa fin et que vous touchez presque au but....\" \/>\n<meta property=\"og:url\" content=\"https:\/\/www.katag.ca\/en\/aventure-300\/\" \/>\n<meta property=\"og:site_name\" content=\"Katag\" \/>\n<meta property=\"article:publisher\" content=\"https:\/\/www.facebook.com\/Katag.ca\" \/>\n<meta property=\"article:modified_time\" content=\"2015-01-09T15:37:40+00:00\" \/>\n<meta name=\"twitter:card\" content=\"summary_large_image\" \/>\n<meta name=\"twitter:label1\" content=\"Est. reading time\" \/>\n\t<meta name=\"twitter:data1\" content=\"1 minute\" \/>\n<script type=\"application\/ld+json\" class=\"yoast-schema-graph\">{\"@context\":\"https:\/\/schema.org\",\"@graph\":[{\"@type\":\"WebPage\",\"@id\":\"https:\/\/www.katag.ca\/en\/aventure-300\/\",\"url\":\"https:\/\/www.katag.ca\/en\/aventure-300\/\",\"name\":\"Aventure 300 | Katag\",\"isPartOf\":{\"@id\":\"https:\/\/www.katag.ca\/#website\"},\"datePublished\":\"2015-01-06T21:40:50+00:00\",\"dateModified\":\"2015-01-09T15:37:40+00:00\",\"breadcrumb\":{\"@id\":\"https:\/\/www.katag.ca\/en\/aventure-300\/#breadcrumb\"},\"inLanguage\":\"en-US\",\"potentialAction\":[{\"@type\":\"ReadAction\",\"target\":[\"https:\/\/www.katag.ca\/en\/aventure-300\/\"]}]},{\"@type\":\"BreadcrumbList\",\"@id\":\"https:\/\/www.katag.ca\/en\/aventure-300\/#breadcrumb\",\"itemListElement\":[{\"@type\":\"ListItem\",\"position\":1,\"name\":\"Accueil\",\"item\":\"https:\/\/www.katag.ca\/\"},{\"@type\":\"ListItem\",\"position\":2,\"name\":\"Aventure 300\"}]},{\"@type\":\"WebSite\",\"@id\":\"https:\/\/www.katag.ca\/#website\",\"url\":\"https:\/\/www.katag.ca\/\",\"name\":\"Katag\",\"description\":\"LE jeu d'&eacute;p&eacute;es-mousse\",\"publisher\":{\"@id\":\"https:\/\/www.katag.ca\/#organization\"},\"potentialAction\":[{\"@type\":\"SearchAction\",\"target\":{\"@type\":\"EntryPoint\",\"urlTemplate\":\"https:\/\/www.katag.ca\/?s={search_term_string}\"},\"query-input\":{\"@type\":\"PropertyValueSpecification\",\"valueRequired\":true,\"valueName\":\"search_term_string\"}}],\"inLanguage\":\"en-US\"},{\"@type\":\"Organization\",\"@id\":\"https:\/\/www.katag.ca\/#organization\",\"name\":\"Katag\",\"url\":\"https:\/\/www.katag.ca\/\",\"logo\":{\"@type\":\"ImageObject\",\"inLanguage\":\"en-US\",\"@id\":\"https:\/\/www.katag.ca\/#\/schema\/logo\/image\/\",\"url\":\"https:\/\/www.katag.ca\/wp-content\/uploads\/2021\/03\/logo-fr.png\",\"contentUrl\":\"https:\/\/www.katag.ca\/wp-content\/uploads\/2021\/03\/logo-fr.png\",\"width\":338,\"height\":173,\"caption\":\"Katag\"},\"image\":{\"@id\":\"https:\/\/www.katag.ca\/#\/schema\/logo\/image\/\"},\"sameAs\":[\"https:\/\/www.facebook.com\/Katag.ca\"]}]}<\/script>\n<!-- \/ Yoast SEO plugin. -->","yoast_head_json":{"title":"Aventure 300 | Katag","robots":{"index":"index","follow":"follow","max-snippet":"max-snippet:-1","max-image-preview":"max-image-preview:large","max-video-preview":"max-video-preview:-1"},"canonical":"https:\/\/www.katag.ca\/en\/aventure-300\/","og_locale":"en_US","og_type":"article","og_title":"Aventure 300 | Katag","og_description":"Vous prenez le chemin menant vers l\u2019ouest et vous avez la forte impression que c\u2019\u00e9tait le bon choix. Le chemin est tr\u00e8s large, environ une dizaine de m\u00e8tres, assez pour qu\u2019au moins huit hommes puissent y circuler c\u00f4te \u00e0 c\u00f4te. De plus, vous pouvez voir le ciel, ses deux lunes vous \u00e9clairant amplement. Veuillez ajouter un point \u00e0 votre total dans la cat\u00e9gorie intuition de votre feuille de route. Vous avez la vague impression que votre aventure tire \u00e0 sa fin et que vous touchez presque au but....","og_url":"https:\/\/www.katag.ca\/en\/aventure-300\/","og_site_name":"Katag","article_publisher":"https:\/\/www.facebook.com\/Katag.ca","article_modified_time":"2015-01-09T15:37:40+00:00","twitter_card":"summary_large_image","twitter_misc":{"Est. reading time":"1 minute"},"schema":{"@context":"https:\/\/schema.org","@graph":[{"@type":"WebPage","@id":"https:\/\/www.katag.ca\/en\/aventure-300\/","url":"https:\/\/www.katag.ca\/en\/aventure-300\/","name":"Aventure 300 | Katag","isPartOf":{"@id":"https:\/\/www.katag.ca\/#website"},"datePublished":"2015-01-06T21:40:50+00:00","dateModified":"2015-01-09T15:37:40+00:00","breadcrumb":{"@id":"https:\/\/www.katag.ca\/en\/aventure-300\/#breadcrumb"},"inLanguage":"en-US","potentialAction":[{"@type":"ReadAction","target":["https:\/\/www.katag.ca\/en\/aventure-300\/"]}]},{"@type":"BreadcrumbList","@id":"https:\/\/www.katag.ca\/en\/aventure-300\/#breadcrumb","itemListElement":[{"@type":"ListItem","position":1,"name":"Accueil","item":"https:\/\/www.katag.ca\/"},{"@type":"ListItem","position":2,"name":"Aventure 300"}]},{"@type":"WebSite","@id":"https:\/\/www.katag.ca\/#website","url":"https:\/\/www.katag.ca\/","name":"Katag","description":"LE jeu d'&eacute;p&eacute;es-mousse","publisher":{"@id":"https:\/\/www.katag.ca\/#organization"},"potentialAction":[{"@type":"SearchAction","target":{"@type":"EntryPoint","urlTemplate":"https:\/\/www.katag.ca\/?s={search_term_string}"},"query-input":{"@type":"PropertyValueSpecification","valueRequired":true,"valueName":"search_term_string"}}],"inLanguage":"en-US"},{"@type":"Organization","@id":"https:\/\/www.katag.ca\/#organization","name":"Katag","url":"https:\/\/www.katag.ca\/","logo":{"@type":"ImageObject","inLanguage":"en-US","@id":"https:\/\/www.katag.ca\/#\/schema\/logo\/image\/","url":"https:\/\/www.katag.ca\/wp-content\/uploads\/2021\/03\/logo-fr.png","contentUrl":"https:\/\/www.katag.ca\/wp-content\/uploads\/2021\/03\/logo-fr.png","width":338,"height":173,"caption":"Katag"},"image":{"@id":"https:\/\/www.katag.ca\/#\/schema\/logo\/image\/"},"sameAs":["https:\/\/www.facebook.com\/Katag.ca"]}]}},"_links":{"self":[{"href":"https:\/\/www.katag.ca\/en\/wp-json\/wp\/v2\/pages\/1571","targetHints":{"allow":["GET"]}}],"collection":[{"href":"https:\/\/www.katag.ca\/en\/wp-json\/wp\/v2\/pages"}],"about":[{"href":"https:\/\/www.katag.ca\/en\/wp-json\/wp\/v2\/types\/page"}],"author":[{"embeddable":true,"href":"https:\/\/www.katag.ca\/en\/wp-json\/wp\/v2\/users\/2"}],"replies":[{"embeddable":true,"href":"https:\/\/www.katag.ca\/en\/wp-json\/wp\/v2\/comments?post=1571"}],"version-history":[{"count":3,"href":"https:\/\/www.katag.ca\/en\/wp-json\/wp\/v2\/pages\/1571\/revisions"}],"predecessor-version":[{"id":2138,"href":"https:\/\/www.katag.ca\/en\/wp-json\/wp\/v2\/pages\/1571\/revisions\/2138"}],"wp:attachment":[{"href":"https:\/\/www.katag.ca\/en\/wp-json\/wp\/v2\/media?parent=1571"}],"curies":[{"name":"wp","href":"https:\/\/api.w.org\/{rel}","templated":true}]}}