{"id":1579,"date":"2015-01-06T21:42:56","date_gmt":"2015-01-06T21:42:56","guid":{"rendered":"http:\/\/www.boutiquekatag.com\/?page_id=1579"},"modified":"2015-01-09T15:40:56","modified_gmt":"2015-01-09T15:40:56","slug":"aventure-304","status":"publish","type":"page","link":"https:\/\/www.katag.ca\/en\/aventure-304\/","title":{"rendered":"Aventure 304"},"content":{"rendered":"<p>Vous d\u00e9cidez donc de suivre la b\u00eate et celle-ci vous m\u00e8ne rapidement pr\u00e8s de son ma\u00eetre, qui se retourne et vous voit arriver. Il parle tout d\u2019abord \u00e0 l\u2019animal : \u00ab Alors, tu t\u2019es fait un nouvel ami Dong Dong? \u00bb Puis, apr\u00e8s vous avoir observ\u00e9 un moment, il vous adresse la parole : \u00ab  Qu\u2019est-ce que tu fais l\u00e0, toi, \u00e0 cette heure tardive? \u00bb. Vous lui r\u00e9pondez ce serait un peu long \u00e0 expliquer. Cette mince r\u00e9ponse semble le satisfaire et la conversation se poursuit. \u00ab Tu sais, on doit \u00eatre sur ses gardes lorsque l\u2019on r\u00f4de par ici \u00e0 cette heure du jour. Il y a de tout dans le coin la nuit : petits et grands animaux ainsi que ces salet\u00e9s de cauchemars qui se nourrissent de leurs peurs. Ce sont de minables cauchemars, pas particuli\u00e8rement f\u00e9roces, mais quand m\u00eame. Moi, je profite de cette heure tardive pour cueillir des cornettes, ces petits fruits verts qui sont si succulents en brochettes et que je vends facilement au march\u00e9 ensuite. La nuit est le meilleur temps pour en faire la cueillette! J\u2019ai d\u2019ailleurs vu l\u2019un de ces satan\u00e9s cauchemars passer il y a peu de temps sur les rives du lac Diga. Tu devrais faire attention, celui-l\u00e0 semblait bien plus dangereux que ceux que l\u2019on voit passer par ici normalement.\u00bb Intrigu\u00e9, vous lui demandez s\u2019il a pu voir dans quelle direction le cauchemar se dirigeait. \u00ab Ah oui, ils finissent toujours par se diriger vers l\u2019ouest, en direction de l\u2019Antre de la Folie. Si tu es assez fou pour tenter d\u2019en pourchasser un, d\u2019abord, rep\u00e8re la statue de Dinam, que certains consid\u00e8rent comme l\u2019incarnation des \u00e9l\u00e9ments, mais va savoir\u2026 Ensuite, ose entrer dans la for\u00eat. Tu en auras certainement pour plusieurs heures, voire m\u00eame quelques jours si tu ne prends pas le bon chemin\u2026 Si, \u00e0 un moment donn\u00e9, tu aboutis dans un lieu abominable o\u00f9 aucune cr\u00e9ature saine d\u2019esprit ne voudrait vivre, c\u2019est que tu es arriv\u00e9 au seuil de l\u2019Antre. Tu devras alors comprendre rapidement que tu es all\u00e9 trop loin et que tu risques de devenir fou! Mais bonne chance quand m\u00eame, tu en auras grand besoin. \u00bb L\u2019homme vous laisse, retournant vaquer \u00e0 ses occupations. Vous d\u00e9cidez donc de faire marche arri\u00e8re et retourner sur les rives du lac Diga. En regardant au loin, vous \u00eates en mesure d\u2019apercevoir ce qui pourrait \u00eatre la fameuse statue dont l\u2019homme parlait. Vous prenez donc cette direction.<\/p>\n<div class=\"btn-container  align-center\"><a class=\"organic-btn  dark-blue-btn small-btn  align-center\" href=\"http:\/\/www.katag.ca\/aventure-301\/\"><span class=\"btn-holder\">Cliquez ici pour continuer<\/span><\/a><\/div>\n","protected":false},"excerpt":{"rendered":"<p>Vous d\u00e9cidez donc de suivre la b\u00eate et celle-ci vous m\u00e8ne rapidement pr\u00e8s de son ma\u00eetre, qui se retourne et vous voit arriver. Il parle tout d\u2019abord \u00e0 l\u2019animal : \u00ab Alors, tu t\u2019es fait un nouvel ami Dong Dong? \u00bb Puis, apr\u00e8s vous avoir observ\u00e9 un moment, il vous adresse la parole : \u00ab Qu\u2019est-ce que tu fais l\u00e0, toi, \u00e0 cette heure tardive? \u00bb. Vous lui r\u00e9pondez ce serait un peu long \u00e0 expliquer. Cette mince r\u00e9ponse semble le satisfaire et la conversation se poursuit. \u00ab&#8230;<\/p>\n","protected":false},"author":2,"featured_media":0,"parent":0,"menu_order":0,"comment_status":"closed","ping_status":"closed","template":"","meta":{"footnotes":""},"class_list":["post-1579","page","type-page","status-publish","hentry"],"yoast_head":"<!-- This site is optimized with the Yoast SEO plugin v27.5 - https:\/\/yoast.com\/product\/yoast-seo-wordpress\/ -->\n<title>Aventure 304 | Katag<\/title>\n<meta name=\"robots\" content=\"index, follow, max-snippet:-1, max-image-preview:large, max-video-preview:-1\" \/>\n<link rel=\"canonical\" href=\"https:\/\/www.katag.ca\/aventure-304\/\" \/>\n<meta property=\"og:locale\" content=\"en_US\" \/>\n<meta property=\"og:type\" content=\"article\" \/>\n<meta property=\"og:title\" content=\"Aventure 304 | Katag\" \/>\n<meta property=\"og:description\" content=\"Vous d\u00e9cidez donc de suivre la b\u00eate et celle-ci vous m\u00e8ne rapidement pr\u00e8s de son ma\u00eetre, qui se retourne et vous voit arriver. Il parle tout d\u2019abord \u00e0 l\u2019animal : \u00ab Alors, tu t\u2019es fait un nouvel ami Dong Dong? \u00bb Puis, apr\u00e8s vous avoir observ\u00e9 un moment, il vous adresse la parole : \u00ab Qu\u2019est-ce que tu fais l\u00e0, toi, \u00e0 cette heure tardive? \u00bb. Vous lui r\u00e9pondez ce serait un peu long \u00e0 expliquer. Cette mince r\u00e9ponse semble le satisfaire et la conversation se poursuit. \u00ab...\" \/>\n<meta property=\"og:url\" content=\"https:\/\/www.katag.ca\/aventure-304\/\" \/>\n<meta property=\"og:site_name\" content=\"Katag\" \/>\n<meta property=\"article:publisher\" content=\"https:\/\/www.facebook.com\/Katag.ca\" \/>\n<meta property=\"article:modified_time\" content=\"2015-01-09T15:40:56+00:00\" \/>\n<meta name=\"twitter:card\" content=\"summary_large_image\" \/>\n<meta name=\"twitter:label1\" content=\"Est. reading time\" \/>\n\t<meta name=\"twitter:data1\" content=\"2 minutes\" \/>\n<script type=\"application\/ld+json\" class=\"yoast-schema-graph\">{\"@context\":\"https:\\\/\\\/schema.org\",\"@graph\":[{\"@type\":\"WebPage\",\"@id\":\"https:\\\/\\\/www.katag.ca\\\/aventure-304\\\/\",\"url\":\"https:\\\/\\\/www.katag.ca\\\/aventure-304\\\/\",\"name\":\"Aventure 304 | Katag\",\"isPartOf\":{\"@id\":\"https:\\\/\\\/www.katag.ca\\\/#website\"},\"datePublished\":\"2015-01-06T21:42:56+00:00\",\"dateModified\":\"2015-01-09T15:40:56+00:00\",\"breadcrumb\":{\"@id\":\"https:\\\/\\\/www.katag.ca\\\/aventure-304\\\/#breadcrumb\"},\"inLanguage\":\"en-US\",\"potentialAction\":[{\"@type\":\"ReadAction\",\"target\":[\"https:\\\/\\\/www.katag.ca\\\/aventure-304\\\/\"]}]},{\"@type\":\"BreadcrumbList\",\"@id\":\"https:\\\/\\\/www.katag.ca\\\/aventure-304\\\/#breadcrumb\",\"itemListElement\":[{\"@type\":\"ListItem\",\"position\":1,\"name\":\"Accueil\",\"item\":\"https:\\\/\\\/www.katag.ca\\\/\"},{\"@type\":\"ListItem\",\"position\":2,\"name\":\"Aventure 304\"}]},{\"@type\":\"WebSite\",\"@id\":\"https:\\\/\\\/www.katag.ca\\\/#website\",\"url\":\"https:\\\/\\\/www.katag.ca\\\/\",\"name\":\"Katag\",\"description\":\"LE jeu d'&eacute;p&eacute;es-mousse\",\"publisher\":{\"@id\":\"https:\\\/\\\/www.katag.ca\\\/#organization\"},\"potentialAction\":[{\"@type\":\"SearchAction\",\"target\":{\"@type\":\"EntryPoint\",\"urlTemplate\":\"https:\\\/\\\/www.katag.ca\\\/?s={search_term_string}\"},\"query-input\":{\"@type\":\"PropertyValueSpecification\",\"valueRequired\":true,\"valueName\":\"search_term_string\"}}],\"inLanguage\":\"en-US\"},{\"@type\":\"Organization\",\"@id\":\"https:\\\/\\\/www.katag.ca\\\/#organization\",\"name\":\"Katag\",\"url\":\"https:\\\/\\\/www.katag.ca\\\/\",\"logo\":{\"@type\":\"ImageObject\",\"inLanguage\":\"en-US\",\"@id\":\"https:\\\/\\\/www.katag.ca\\\/#\\\/schema\\\/logo\\\/image\\\/\",\"url\":\"https:\\\/\\\/www.katag.ca\\\/wp-content\\\/uploads\\\/2021\\\/03\\\/logo-fr.png\",\"contentUrl\":\"https:\\\/\\\/www.katag.ca\\\/wp-content\\\/uploads\\\/2021\\\/03\\\/logo-fr.png\",\"width\":338,\"height\":173,\"caption\":\"Katag\"},\"image\":{\"@id\":\"https:\\\/\\\/www.katag.ca\\\/#\\\/schema\\\/logo\\\/image\\\/\"},\"sameAs\":[\"https:\\\/\\\/www.facebook.com\\\/Katag.ca\"]}]}<\/script>\n<!-- \/ Yoast SEO plugin. -->","yoast_head_json":{"title":"Aventure 304 | Katag","robots":{"index":"index","follow":"follow","max-snippet":"max-snippet:-1","max-image-preview":"max-image-preview:large","max-video-preview":"max-video-preview:-1"},"canonical":"https:\/\/www.katag.ca\/aventure-304\/","og_locale":"en_US","og_type":"article","og_title":"Aventure 304 | Katag","og_description":"Vous d\u00e9cidez donc de suivre la b\u00eate et celle-ci vous m\u00e8ne rapidement pr\u00e8s de son ma\u00eetre, qui se retourne et vous voit arriver. Il parle tout d\u2019abord \u00e0 l\u2019animal : \u00ab Alors, tu t\u2019es fait un nouvel ami Dong Dong? \u00bb Puis, apr\u00e8s vous avoir observ\u00e9 un moment, il vous adresse la parole : \u00ab Qu\u2019est-ce que tu fais l\u00e0, toi, \u00e0 cette heure tardive? \u00bb. Vous lui r\u00e9pondez ce serait un peu long \u00e0 expliquer. Cette mince r\u00e9ponse semble le satisfaire et la conversation se poursuit. \u00ab...","og_url":"https:\/\/www.katag.ca\/aventure-304\/","og_site_name":"Katag","article_publisher":"https:\/\/www.facebook.com\/Katag.ca","article_modified_time":"2015-01-09T15:40:56+00:00","twitter_card":"summary_large_image","twitter_misc":{"Est. reading time":"2 minutes"},"schema":{"@context":"https:\/\/schema.org","@graph":[{"@type":"WebPage","@id":"https:\/\/www.katag.ca\/aventure-304\/","url":"https:\/\/www.katag.ca\/aventure-304\/","name":"Aventure 304 | Katag","isPartOf":{"@id":"https:\/\/www.katag.ca\/#website"},"datePublished":"2015-01-06T21:42:56+00:00","dateModified":"2015-01-09T15:40:56+00:00","breadcrumb":{"@id":"https:\/\/www.katag.ca\/aventure-304\/#breadcrumb"},"inLanguage":"en-US","potentialAction":[{"@type":"ReadAction","target":["https:\/\/www.katag.ca\/aventure-304\/"]}]},{"@type":"BreadcrumbList","@id":"https:\/\/www.katag.ca\/aventure-304\/#breadcrumb","itemListElement":[{"@type":"ListItem","position":1,"name":"Accueil","item":"https:\/\/www.katag.ca\/"},{"@type":"ListItem","position":2,"name":"Aventure 304"}]},{"@type":"WebSite","@id":"https:\/\/www.katag.ca\/#website","url":"https:\/\/www.katag.ca\/","name":"Katag","description":"LE jeu d'&eacute;p&eacute;es-mousse","publisher":{"@id":"https:\/\/www.katag.ca\/#organization"},"potentialAction":[{"@type":"SearchAction","target":{"@type":"EntryPoint","urlTemplate":"https:\/\/www.katag.ca\/?s={search_term_string}"},"query-input":{"@type":"PropertyValueSpecification","valueRequired":true,"valueName":"search_term_string"}}],"inLanguage":"en-US"},{"@type":"Organization","@id":"https:\/\/www.katag.ca\/#organization","name":"Katag","url":"https:\/\/www.katag.ca\/","logo":{"@type":"ImageObject","inLanguage":"en-US","@id":"https:\/\/www.katag.ca\/#\/schema\/logo\/image\/","url":"https:\/\/www.katag.ca\/wp-content\/uploads\/2021\/03\/logo-fr.png","contentUrl":"https:\/\/www.katag.ca\/wp-content\/uploads\/2021\/03\/logo-fr.png","width":338,"height":173,"caption":"Katag"},"image":{"@id":"https:\/\/www.katag.ca\/#\/schema\/logo\/image\/"},"sameAs":["https:\/\/www.facebook.com\/Katag.ca"]}]}},"_links":{"self":[{"href":"https:\/\/www.katag.ca\/en\/wp-json\/wp\/v2\/pages\/1579","targetHints":{"allow":["GET"]}}],"collection":[{"href":"https:\/\/www.katag.ca\/en\/wp-json\/wp\/v2\/pages"}],"about":[{"href":"https:\/\/www.katag.ca\/en\/wp-json\/wp\/v2\/types\/page"}],"author":[{"embeddable":true,"href":"https:\/\/www.katag.ca\/en\/wp-json\/wp\/v2\/users\/2"}],"replies":[{"embeddable":true,"href":"https:\/\/www.katag.ca\/en\/wp-json\/wp\/v2\/comments?post=1579"}],"version-history":[{"count":2,"href":"https:\/\/www.katag.ca\/en\/wp-json\/wp\/v2\/pages\/1579\/revisions"}],"predecessor-version":[{"id":2143,"href":"https:\/\/www.katag.ca\/en\/wp-json\/wp\/v2\/pages\/1579\/revisions\/2143"}],"wp:attachment":[{"href":"https:\/\/www.katag.ca\/en\/wp-json\/wp\/v2\/media?parent=1579"}],"curies":[{"name":"wp","href":"https:\/\/api.w.org\/{rel}","templated":true}]}}