{"id":1581,"date":"2015-01-06T21:43:16","date_gmt":"2015-01-06T21:43:16","guid":{"rendered":"http:\/\/www.boutiquekatag.com\/?page_id=1581"},"modified":"2015-01-09T15:41:26","modified_gmt":"2015-01-09T15:41:26","slug":"aventure-305","status":"publish","type":"page","link":"https:\/\/www.katag.ca\/en\/aventure-305\/","title":{"rendered":"Aventure 305"},"content":{"rendered":"<p>Vous continuez d\u2019avancer dans cette direction, mais le brouillard se fait de plus en plus dense. Vous tr\u00e9buchez \u00e0 quelques reprises sur des pierres et des racines sortant de la terre et finissez par vous \u00e9tirer un muscle \u00e0 la cuisse. Veuillez d\u00e9duire un point \u00e0 votre total dans la cat\u00e9gorie endurance sur votre feuille de route. Vous faites bient\u00f4t un constat qui vous glace le sang. Si le cauchemar que vous recherchez vous attaquait \u00e0 ce moment, vous seriez compl\u00e8tement sans d\u00e9fense. Veuillez donc d\u00e9duire deux points de votre total dans la cat\u00e9gorie intuition sur votre feuille de route.<\/p>\n<div class=\"btn-container  align-center\"><a class=\"organic-btn  dark-blue-btn small-btn  align-center\" href=\"http:\/\/www.katag.ca\/aventure-337\/\"><span class=\"btn-holder\">Cliquez ici pour continuer<\/span><\/a><\/div>\n","protected":false},"excerpt":{"rendered":"<p>Vous continuez d\u2019avancer dans cette direction, mais le brouillard se fait de plus en plus dense. Vous tr\u00e9buchez \u00e0 quelques reprises sur des pierres et des racines sortant de la terre et finissez par vous \u00e9tirer un muscle \u00e0 la cuisse. Veuillez d\u00e9duire un point \u00e0 votre total dans la cat\u00e9gorie endurance sur votre feuille de route. Vous faites bient\u00f4t un constat qui vous glace le sang. Si le cauchemar que vous recherchez vous attaquait \u00e0 ce moment, vous seriez compl\u00e8tement sans d\u00e9fense. Veuillez donc d\u00e9duire deux points&#8230;<\/p>\n","protected":false},"author":2,"featured_media":0,"parent":0,"menu_order":0,"comment_status":"closed","ping_status":"closed","template":"","meta":{"footnotes":""},"class_list":["post-1581","page","type-page","status-publish","hentry"],"yoast_head":"<!-- This site is optimized with the Yoast SEO plugin v27.5 - https:\/\/yoast.com\/product\/yoast-seo-wordpress\/ -->\n<title>Aventure 305 | Katag<\/title>\n<meta name=\"robots\" content=\"index, follow, max-snippet:-1, max-image-preview:large, max-video-preview:-1\" \/>\n<link rel=\"canonical\" href=\"https:\/\/www.katag.ca\/aventure-305\/\" \/>\n<meta property=\"og:locale\" content=\"en_US\" \/>\n<meta property=\"og:type\" content=\"article\" \/>\n<meta property=\"og:title\" content=\"Aventure 305 | Katag\" \/>\n<meta property=\"og:description\" content=\"Vous continuez d\u2019avancer dans cette direction, mais le brouillard se fait de plus en plus dense. Vous tr\u00e9buchez \u00e0 quelques reprises sur des pierres et des racines sortant de la terre et finissez par vous \u00e9tirer un muscle \u00e0 la cuisse. Veuillez d\u00e9duire un point \u00e0 votre total dans la cat\u00e9gorie endurance sur votre feuille de route. Vous faites bient\u00f4t un constat qui vous glace le sang. Si le cauchemar que vous recherchez vous attaquait \u00e0 ce moment, vous seriez compl\u00e8tement sans d\u00e9fense. Veuillez donc d\u00e9duire deux points...\" \/>\n<meta property=\"og:url\" content=\"https:\/\/www.katag.ca\/aventure-305\/\" \/>\n<meta property=\"og:site_name\" content=\"Katag\" \/>\n<meta property=\"article:publisher\" content=\"https:\/\/www.facebook.com\/Katag.ca\" \/>\n<meta property=\"article:modified_time\" content=\"2015-01-09T15:41:26+00:00\" \/>\n<meta name=\"twitter:card\" content=\"summary_large_image\" \/>\n<meta name=\"twitter:label1\" content=\"Est. reading time\" \/>\n\t<meta name=\"twitter:data1\" content=\"1 minute\" \/>\n<script type=\"application\/ld+json\" class=\"yoast-schema-graph\">{\"@context\":\"https:\\\/\\\/schema.org\",\"@graph\":[{\"@type\":\"WebPage\",\"@id\":\"https:\\\/\\\/www.katag.ca\\\/aventure-305\\\/\",\"url\":\"https:\\\/\\\/www.katag.ca\\\/aventure-305\\\/\",\"name\":\"Aventure 305 | Katag\",\"isPartOf\":{\"@id\":\"https:\\\/\\\/www.katag.ca\\\/#website\"},\"datePublished\":\"2015-01-06T21:43:16+00:00\",\"dateModified\":\"2015-01-09T15:41:26+00:00\",\"breadcrumb\":{\"@id\":\"https:\\\/\\\/www.katag.ca\\\/aventure-305\\\/#breadcrumb\"},\"inLanguage\":\"en-US\",\"potentialAction\":[{\"@type\":\"ReadAction\",\"target\":[\"https:\\\/\\\/www.katag.ca\\\/aventure-305\\\/\"]}]},{\"@type\":\"BreadcrumbList\",\"@id\":\"https:\\\/\\\/www.katag.ca\\\/aventure-305\\\/#breadcrumb\",\"itemListElement\":[{\"@type\":\"ListItem\",\"position\":1,\"name\":\"Accueil\",\"item\":\"https:\\\/\\\/www.katag.ca\\\/\"},{\"@type\":\"ListItem\",\"position\":2,\"name\":\"Aventure 305\"}]},{\"@type\":\"WebSite\",\"@id\":\"https:\\\/\\\/www.katag.ca\\\/#website\",\"url\":\"https:\\\/\\\/www.katag.ca\\\/\",\"name\":\"Katag\",\"description\":\"LE jeu d'&eacute;p&eacute;es-mousse\",\"publisher\":{\"@id\":\"https:\\\/\\\/www.katag.ca\\\/#organization\"},\"potentialAction\":[{\"@type\":\"SearchAction\",\"target\":{\"@type\":\"EntryPoint\",\"urlTemplate\":\"https:\\\/\\\/www.katag.ca\\\/?s={search_term_string}\"},\"query-input\":{\"@type\":\"PropertyValueSpecification\",\"valueRequired\":true,\"valueName\":\"search_term_string\"}}],\"inLanguage\":\"en-US\"},{\"@type\":\"Organization\",\"@id\":\"https:\\\/\\\/www.katag.ca\\\/#organization\",\"name\":\"Katag\",\"url\":\"https:\\\/\\\/www.katag.ca\\\/\",\"logo\":{\"@type\":\"ImageObject\",\"inLanguage\":\"en-US\",\"@id\":\"https:\\\/\\\/www.katag.ca\\\/#\\\/schema\\\/logo\\\/image\\\/\",\"url\":\"https:\\\/\\\/www.katag.ca\\\/wp-content\\\/uploads\\\/2021\\\/03\\\/logo-fr.png\",\"contentUrl\":\"https:\\\/\\\/www.katag.ca\\\/wp-content\\\/uploads\\\/2021\\\/03\\\/logo-fr.png\",\"width\":338,\"height\":173,\"caption\":\"Katag\"},\"image\":{\"@id\":\"https:\\\/\\\/www.katag.ca\\\/#\\\/schema\\\/logo\\\/image\\\/\"},\"sameAs\":[\"https:\\\/\\\/www.facebook.com\\\/Katag.ca\"]}]}<\/script>\n<!-- \/ Yoast SEO plugin. -->","yoast_head_json":{"title":"Aventure 305 | Katag","robots":{"index":"index","follow":"follow","max-snippet":"max-snippet:-1","max-image-preview":"max-image-preview:large","max-video-preview":"max-video-preview:-1"},"canonical":"https:\/\/www.katag.ca\/aventure-305\/","og_locale":"en_US","og_type":"article","og_title":"Aventure 305 | Katag","og_description":"Vous continuez d\u2019avancer dans cette direction, mais le brouillard se fait de plus en plus dense. Vous tr\u00e9buchez \u00e0 quelques reprises sur des pierres et des racines sortant de la terre et finissez par vous \u00e9tirer un muscle \u00e0 la cuisse. Veuillez d\u00e9duire un point \u00e0 votre total dans la cat\u00e9gorie endurance sur votre feuille de route. Vous faites bient\u00f4t un constat qui vous glace le sang. Si le cauchemar que vous recherchez vous attaquait \u00e0 ce moment, vous seriez compl\u00e8tement sans d\u00e9fense. Veuillez donc d\u00e9duire deux points...","og_url":"https:\/\/www.katag.ca\/aventure-305\/","og_site_name":"Katag","article_publisher":"https:\/\/www.facebook.com\/Katag.ca","article_modified_time":"2015-01-09T15:41:26+00:00","twitter_card":"summary_large_image","twitter_misc":{"Est. reading time":"1 minute"},"schema":{"@context":"https:\/\/schema.org","@graph":[{"@type":"WebPage","@id":"https:\/\/www.katag.ca\/aventure-305\/","url":"https:\/\/www.katag.ca\/aventure-305\/","name":"Aventure 305 | Katag","isPartOf":{"@id":"https:\/\/www.katag.ca\/#website"},"datePublished":"2015-01-06T21:43:16+00:00","dateModified":"2015-01-09T15:41:26+00:00","breadcrumb":{"@id":"https:\/\/www.katag.ca\/aventure-305\/#breadcrumb"},"inLanguage":"en-US","potentialAction":[{"@type":"ReadAction","target":["https:\/\/www.katag.ca\/aventure-305\/"]}]},{"@type":"BreadcrumbList","@id":"https:\/\/www.katag.ca\/aventure-305\/#breadcrumb","itemListElement":[{"@type":"ListItem","position":1,"name":"Accueil","item":"https:\/\/www.katag.ca\/"},{"@type":"ListItem","position":2,"name":"Aventure 305"}]},{"@type":"WebSite","@id":"https:\/\/www.katag.ca\/#website","url":"https:\/\/www.katag.ca\/","name":"Katag","description":"LE jeu d'&eacute;p&eacute;es-mousse","publisher":{"@id":"https:\/\/www.katag.ca\/#organization"},"potentialAction":[{"@type":"SearchAction","target":{"@type":"EntryPoint","urlTemplate":"https:\/\/www.katag.ca\/?s={search_term_string}"},"query-input":{"@type":"PropertyValueSpecification","valueRequired":true,"valueName":"search_term_string"}}],"inLanguage":"en-US"},{"@type":"Organization","@id":"https:\/\/www.katag.ca\/#organization","name":"Katag","url":"https:\/\/www.katag.ca\/","logo":{"@type":"ImageObject","inLanguage":"en-US","@id":"https:\/\/www.katag.ca\/#\/schema\/logo\/image\/","url":"https:\/\/www.katag.ca\/wp-content\/uploads\/2021\/03\/logo-fr.png","contentUrl":"https:\/\/www.katag.ca\/wp-content\/uploads\/2021\/03\/logo-fr.png","width":338,"height":173,"caption":"Katag"},"image":{"@id":"https:\/\/www.katag.ca\/#\/schema\/logo\/image\/"},"sameAs":["https:\/\/www.facebook.com\/Katag.ca"]}]}},"_links":{"self":[{"href":"https:\/\/www.katag.ca\/en\/wp-json\/wp\/v2\/pages\/1581","targetHints":{"allow":["GET"]}}],"collection":[{"href":"https:\/\/www.katag.ca\/en\/wp-json\/wp\/v2\/pages"}],"about":[{"href":"https:\/\/www.katag.ca\/en\/wp-json\/wp\/v2\/types\/page"}],"author":[{"embeddable":true,"href":"https:\/\/www.katag.ca\/en\/wp-json\/wp\/v2\/users\/2"}],"replies":[{"embeddable":true,"href":"https:\/\/www.katag.ca\/en\/wp-json\/wp\/v2\/comments?post=1581"}],"version-history":[{"count":2,"href":"https:\/\/www.katag.ca\/en\/wp-json\/wp\/v2\/pages\/1581\/revisions"}],"predecessor-version":[{"id":2144,"href":"https:\/\/www.katag.ca\/en\/wp-json\/wp\/v2\/pages\/1581\/revisions\/2144"}],"wp:attachment":[{"href":"https:\/\/www.katag.ca\/en\/wp-json\/wp\/v2\/media?parent=1581"}],"curies":[{"name":"wp","href":"https:\/\/api.w.org\/{rel}","templated":true}]}}