{"id":1583,"date":"2015-01-06T21:44:25","date_gmt":"2015-01-06T21:44:25","guid":{"rendered":"http:\/\/www.boutiquekatag.com\/?page_id=1583"},"modified":"2015-01-09T15:42:33","modified_gmt":"2015-01-09T15:42:33","slug":"aventure-306","status":"publish","type":"page","link":"https:\/\/www.katag.ca\/en\/aventure-306\/","title":{"rendered":"Aventure 306"},"content":{"rendered":"<p>Votre vigilance est encore bien pr\u00e9sente et vous esquivez l\u2019attaque non sans mal. Vous comprenez que certaines forces semblent avoir \u00e9t\u00e9 alert\u00e9es de votre qu\u00eate puisqu\u2019il n\u2019y a aucune raison pour qu\u2019un tel cauchemar vous attaque en pleine ville, m\u00eame dans un coin aussi sombre! La cr\u00e9ature ail\u00e9e s\u2019enfuit aussit\u00f4t et dispara\u00eet rapidement de votre vue. Vous d\u00e9cidez de faire marche arri\u00e8re et de vous diriger dans une autre direction.<\/p>\n<div class=\"btn-container  align-center\"><a class=\"organic-btn  dark-blue-btn small-btn  align-center\" href=\"http:\/\/www.katag.ca\/aventure-271\/\"><span class=\"btn-holder\">Vous d\u00e9sirez vous diriger vers la ruelle o\u00f9 vous pouvez distinguer une lueur au loin<\/span><\/a><\/div>\n<div class=\"btn-container  align-center\"><a class=\"organic-btn  dark-blue-btn small-btn  align-center\" href=\"http:\/\/www.katag.ca\/aventure-272\/\"><span class=\"btn-holder\">Vous pr\u00e9f\u00e9rez vous diriger vers la ruelle sombre<\/span><\/a><\/div>\n","protected":false},"excerpt":{"rendered":"<p>Votre vigilance est encore bien pr\u00e9sente et vous esquivez l\u2019attaque non sans mal. Vous comprenez que certaines forces semblent avoir \u00e9t\u00e9 alert\u00e9es de votre qu\u00eate puisqu\u2019il n\u2019y a aucune raison pour qu\u2019un tel cauchemar vous attaque en pleine ville, m\u00eame dans un coin aussi sombre! La cr\u00e9ature ail\u00e9e s\u2019enfuit aussit\u00f4t et dispara\u00eet rapidement de votre vue. Vous d\u00e9cidez de faire marche arri\u00e8re et de vous diriger dans une autre direction.<\/p>\n","protected":false},"author":2,"featured_media":0,"parent":0,"menu_order":0,"comment_status":"closed","ping_status":"closed","template":"","meta":{"footnotes":""},"class_list":["post-1583","page","type-page","status-publish","hentry"],"yoast_head":"<!-- This site is optimized with the Yoast SEO plugin v27.5 - https:\/\/yoast.com\/product\/yoast-seo-wordpress\/ -->\n<title>Aventure 306 | Katag<\/title>\n<meta name=\"robots\" content=\"index, follow, max-snippet:-1, max-image-preview:large, max-video-preview:-1\" \/>\n<link rel=\"canonical\" href=\"https:\/\/www.katag.ca\/aventure-306\/\" \/>\n<meta property=\"og:locale\" content=\"en_US\" \/>\n<meta property=\"og:type\" content=\"article\" \/>\n<meta property=\"og:title\" content=\"Aventure 306 | Katag\" \/>\n<meta property=\"og:description\" content=\"Votre vigilance est encore bien pr\u00e9sente et vous esquivez l\u2019attaque non sans mal. Vous comprenez que certaines forces semblent avoir \u00e9t\u00e9 alert\u00e9es de votre qu\u00eate puisqu\u2019il n\u2019y a aucune raison pour qu\u2019un tel cauchemar vous attaque en pleine ville, m\u00eame dans un coin aussi sombre! La cr\u00e9ature ail\u00e9e s\u2019enfuit aussit\u00f4t et dispara\u00eet rapidement de votre vue. Vous d\u00e9cidez de faire marche arri\u00e8re et de vous diriger dans une autre direction.\" \/>\n<meta property=\"og:url\" content=\"https:\/\/www.katag.ca\/aventure-306\/\" \/>\n<meta property=\"og:site_name\" content=\"Katag\" \/>\n<meta property=\"article:publisher\" content=\"https:\/\/www.facebook.com\/Katag.ca\" \/>\n<meta property=\"article:modified_time\" content=\"2015-01-09T15:42:33+00:00\" \/>\n<meta name=\"twitter:card\" content=\"summary_large_image\" \/>\n<meta name=\"twitter:label1\" content=\"Est. reading time\" \/>\n\t<meta name=\"twitter:data1\" content=\"1 minute\" \/>\n<script type=\"application\/ld+json\" class=\"yoast-schema-graph\">{\"@context\":\"https:\\\/\\\/schema.org\",\"@graph\":[{\"@type\":\"WebPage\",\"@id\":\"https:\\\/\\\/www.katag.ca\\\/aventure-306\\\/\",\"url\":\"https:\\\/\\\/www.katag.ca\\\/aventure-306\\\/\",\"name\":\"Aventure 306 | Katag\",\"isPartOf\":{\"@id\":\"https:\\\/\\\/www.katag.ca\\\/#website\"},\"datePublished\":\"2015-01-06T21:44:25+00:00\",\"dateModified\":\"2015-01-09T15:42:33+00:00\",\"breadcrumb\":{\"@id\":\"https:\\\/\\\/www.katag.ca\\\/aventure-306\\\/#breadcrumb\"},\"inLanguage\":\"en-US\",\"potentialAction\":[{\"@type\":\"ReadAction\",\"target\":[\"https:\\\/\\\/www.katag.ca\\\/aventure-306\\\/\"]}]},{\"@type\":\"BreadcrumbList\",\"@id\":\"https:\\\/\\\/www.katag.ca\\\/aventure-306\\\/#breadcrumb\",\"itemListElement\":[{\"@type\":\"ListItem\",\"position\":1,\"name\":\"Accueil\",\"item\":\"https:\\\/\\\/www.katag.ca\\\/\"},{\"@type\":\"ListItem\",\"position\":2,\"name\":\"Aventure 306\"}]},{\"@type\":\"WebSite\",\"@id\":\"https:\\\/\\\/www.katag.ca\\\/#website\",\"url\":\"https:\\\/\\\/www.katag.ca\\\/\",\"name\":\"Katag\",\"description\":\"LE jeu d'&eacute;p&eacute;es-mousse\",\"publisher\":{\"@id\":\"https:\\\/\\\/www.katag.ca\\\/#organization\"},\"potentialAction\":[{\"@type\":\"SearchAction\",\"target\":{\"@type\":\"EntryPoint\",\"urlTemplate\":\"https:\\\/\\\/www.katag.ca\\\/?s={search_term_string}\"},\"query-input\":{\"@type\":\"PropertyValueSpecification\",\"valueRequired\":true,\"valueName\":\"search_term_string\"}}],\"inLanguage\":\"en-US\"},{\"@type\":\"Organization\",\"@id\":\"https:\\\/\\\/www.katag.ca\\\/#organization\",\"name\":\"Katag\",\"url\":\"https:\\\/\\\/www.katag.ca\\\/\",\"logo\":{\"@type\":\"ImageObject\",\"inLanguage\":\"en-US\",\"@id\":\"https:\\\/\\\/www.katag.ca\\\/#\\\/schema\\\/logo\\\/image\\\/\",\"url\":\"https:\\\/\\\/www.katag.ca\\\/wp-content\\\/uploads\\\/2021\\\/03\\\/logo-fr.png\",\"contentUrl\":\"https:\\\/\\\/www.katag.ca\\\/wp-content\\\/uploads\\\/2021\\\/03\\\/logo-fr.png\",\"width\":338,\"height\":173,\"caption\":\"Katag\"},\"image\":{\"@id\":\"https:\\\/\\\/www.katag.ca\\\/#\\\/schema\\\/logo\\\/image\\\/\"},\"sameAs\":[\"https:\\\/\\\/www.facebook.com\\\/Katag.ca\"]}]}<\/script>\n<!-- \/ Yoast SEO plugin. -->","yoast_head_json":{"title":"Aventure 306 | Katag","robots":{"index":"index","follow":"follow","max-snippet":"max-snippet:-1","max-image-preview":"max-image-preview:large","max-video-preview":"max-video-preview:-1"},"canonical":"https:\/\/www.katag.ca\/aventure-306\/","og_locale":"en_US","og_type":"article","og_title":"Aventure 306 | Katag","og_description":"Votre vigilance est encore bien pr\u00e9sente et vous esquivez l\u2019attaque non sans mal. Vous comprenez que certaines forces semblent avoir \u00e9t\u00e9 alert\u00e9es de votre qu\u00eate puisqu\u2019il n\u2019y a aucune raison pour qu\u2019un tel cauchemar vous attaque en pleine ville, m\u00eame dans un coin aussi sombre! La cr\u00e9ature ail\u00e9e s\u2019enfuit aussit\u00f4t et dispara\u00eet rapidement de votre vue. Vous d\u00e9cidez de faire marche arri\u00e8re et de vous diriger dans une autre direction.","og_url":"https:\/\/www.katag.ca\/aventure-306\/","og_site_name":"Katag","article_publisher":"https:\/\/www.facebook.com\/Katag.ca","article_modified_time":"2015-01-09T15:42:33+00:00","twitter_card":"summary_large_image","twitter_misc":{"Est. reading time":"1 minute"},"schema":{"@context":"https:\/\/schema.org","@graph":[{"@type":"WebPage","@id":"https:\/\/www.katag.ca\/aventure-306\/","url":"https:\/\/www.katag.ca\/aventure-306\/","name":"Aventure 306 | Katag","isPartOf":{"@id":"https:\/\/www.katag.ca\/#website"},"datePublished":"2015-01-06T21:44:25+00:00","dateModified":"2015-01-09T15:42:33+00:00","breadcrumb":{"@id":"https:\/\/www.katag.ca\/aventure-306\/#breadcrumb"},"inLanguage":"en-US","potentialAction":[{"@type":"ReadAction","target":["https:\/\/www.katag.ca\/aventure-306\/"]}]},{"@type":"BreadcrumbList","@id":"https:\/\/www.katag.ca\/aventure-306\/#breadcrumb","itemListElement":[{"@type":"ListItem","position":1,"name":"Accueil","item":"https:\/\/www.katag.ca\/"},{"@type":"ListItem","position":2,"name":"Aventure 306"}]},{"@type":"WebSite","@id":"https:\/\/www.katag.ca\/#website","url":"https:\/\/www.katag.ca\/","name":"Katag","description":"LE jeu d'&eacute;p&eacute;es-mousse","publisher":{"@id":"https:\/\/www.katag.ca\/#organization"},"potentialAction":[{"@type":"SearchAction","target":{"@type":"EntryPoint","urlTemplate":"https:\/\/www.katag.ca\/?s={search_term_string}"},"query-input":{"@type":"PropertyValueSpecification","valueRequired":true,"valueName":"search_term_string"}}],"inLanguage":"en-US"},{"@type":"Organization","@id":"https:\/\/www.katag.ca\/#organization","name":"Katag","url":"https:\/\/www.katag.ca\/","logo":{"@type":"ImageObject","inLanguage":"en-US","@id":"https:\/\/www.katag.ca\/#\/schema\/logo\/image\/","url":"https:\/\/www.katag.ca\/wp-content\/uploads\/2021\/03\/logo-fr.png","contentUrl":"https:\/\/www.katag.ca\/wp-content\/uploads\/2021\/03\/logo-fr.png","width":338,"height":173,"caption":"Katag"},"image":{"@id":"https:\/\/www.katag.ca\/#\/schema\/logo\/image\/"},"sameAs":["https:\/\/www.facebook.com\/Katag.ca"]}]}},"_links":{"self":[{"href":"https:\/\/www.katag.ca\/en\/wp-json\/wp\/v2\/pages\/1583","targetHints":{"allow":["GET"]}}],"collection":[{"href":"https:\/\/www.katag.ca\/en\/wp-json\/wp\/v2\/pages"}],"about":[{"href":"https:\/\/www.katag.ca\/en\/wp-json\/wp\/v2\/types\/page"}],"author":[{"embeddable":true,"href":"https:\/\/www.katag.ca\/en\/wp-json\/wp\/v2\/users\/2"}],"replies":[{"embeddable":true,"href":"https:\/\/www.katag.ca\/en\/wp-json\/wp\/v2\/comments?post=1583"}],"version-history":[{"count":3,"href":"https:\/\/www.katag.ca\/en\/wp-json\/wp\/v2\/pages\/1583\/revisions"}],"predecessor-version":[{"id":2146,"href":"https:\/\/www.katag.ca\/en\/wp-json\/wp\/v2\/pages\/1583\/revisions\/2146"}],"wp:attachment":[{"href":"https:\/\/www.katag.ca\/en\/wp-json\/wp\/v2\/media?parent=1583"}],"curies":[{"name":"wp","href":"https:\/\/api.w.org\/{rel}","templated":true}]}}