{"id":1587,"date":"2015-01-06T21:45:32","date_gmt":"2015-01-06T21:45:32","guid":{"rendered":"http:\/\/www.boutiquekatag.com\/?page_id=1587"},"modified":"2015-01-09T15:44:11","modified_gmt":"2015-01-09T15:44:11","slug":"aventure-308","status":"publish","type":"page","link":"https:\/\/www.katag.ca\/en\/aventure-308\/","title":{"rendered":"Aventure 308"},"content":{"rendered":"<p>Pendant le combat, vous avez not\u00e9 que la cr\u00e9ature semblait perdre de la consistance \u00e0 chaque coup que vous lui portiez et devenait de moins en moins visible. Apr\u00e8s le coup final, vous avez eu du mal \u00e0 comprendre ce qui s\u2019est produit : la cr\u00e9ature s\u2019est transform\u00e9e en un cristal \u00e9trange qui est tomb\u00e9 sur le sol! Vous ramassez le cristal et \u00eates surpris de constater que celui-ci, assez petit pour tenir dans le creux de votre main, est tout l\u00e9ger! En regardant \u00e0 l\u2019int\u00e9rieur, vous voyez l\u2019image de la b\u00eate que vous venez d\u2019affronter, comme endormie dans une petite couche de brume. Bravo! Vous avez r\u00e9ussi \u00e0 \u00e9liminer votre premier cauchemar! Vous devez inscrire sur votre feuille de route que vous avez captur\u00e9 le cauchemar Cristal de traquenard dans la cat\u00e9gorie sac \u00e0 dos.<\/p>\n<p>Vous sortez de la pi\u00e8ce, mais ne trouvez nulle part Clodor, qui s\u2019est probablement cach\u00e9 lorsqu\u2019elle a compris que vous gagniez le combat. Vous d\u00e9cidez qu\u2019il est grand temps pour vous de poursuivre votre qu\u00eate. Vous savez maintenant que vous \u00eates capable de vaincre un cauchemar et cela vous donne une grande confiance en vous. Veuillez ajouter un point \u00e0 votre total dans la cat\u00e9gorie attaque sur votre feuille de route.  <\/p>\n<div class=\"btn-container  align-center\"><a class=\"organic-btn  dark-blue-btn small-btn  align-center\" href=\"http:\/\/www.katag.ca\/aventure-176\/\"><span class=\"btn-holder\">Cliquez ici pour continuer votre exploration<\/span><\/a><\/div>\n","protected":false},"excerpt":{"rendered":"<p>Pendant le combat, vous avez not\u00e9 que la cr\u00e9ature semblait perdre de la consistance \u00e0 chaque coup que vous lui portiez et devenait de moins en moins visible. Apr\u00e8s le coup final, vous avez eu du mal \u00e0 comprendre ce qui s\u2019est produit : la cr\u00e9ature s\u2019est transform\u00e9e en un cristal \u00e9trange qui est tomb\u00e9 sur le sol! Vous ramassez le cristal et \u00eates surpris de constater que celui-ci, assez petit pour tenir dans le creux de votre main, est tout l\u00e9ger! En regardant \u00e0 l\u2019int\u00e9rieur, vous voyez&#8230;<\/p>\n","protected":false},"author":2,"featured_media":0,"parent":0,"menu_order":0,"comment_status":"closed","ping_status":"closed","template":"","meta":{"footnotes":""},"class_list":["post-1587","page","type-page","status-publish","hentry"],"yoast_head":"<!-- This site is optimized with the Yoast SEO plugin v27.5 - https:\/\/yoast.com\/product\/yoast-seo-wordpress\/ -->\n<title>Aventure 308 | Katag<\/title>\n<meta name=\"robots\" content=\"index, follow, max-snippet:-1, max-image-preview:large, max-video-preview:-1\" \/>\n<link rel=\"canonical\" href=\"https:\/\/www.katag.ca\/en\/aventure-308\/\" \/>\n<meta property=\"og:locale\" content=\"en_US\" \/>\n<meta property=\"og:type\" content=\"article\" \/>\n<meta property=\"og:title\" content=\"Aventure 308 | Katag\" \/>\n<meta property=\"og:description\" content=\"Pendant le combat, vous avez not\u00e9 que la cr\u00e9ature semblait perdre de la consistance \u00e0 chaque coup que vous lui portiez et devenait de moins en moins visible. Apr\u00e8s le coup final, vous avez eu du mal \u00e0 comprendre ce qui s\u2019est produit : la cr\u00e9ature s\u2019est transform\u00e9e en un cristal \u00e9trange qui est tomb\u00e9 sur le sol! Vous ramassez le cristal et \u00eates surpris de constater que celui-ci, assez petit pour tenir dans le creux de votre main, est tout l\u00e9ger! En regardant \u00e0 l\u2019int\u00e9rieur, vous voyez...\" \/>\n<meta property=\"og:url\" content=\"https:\/\/www.katag.ca\/en\/aventure-308\/\" \/>\n<meta property=\"og:site_name\" content=\"Katag\" \/>\n<meta property=\"article:publisher\" content=\"https:\/\/www.facebook.com\/Katag.ca\" \/>\n<meta property=\"article:modified_time\" content=\"2015-01-09T15:44:11+00:00\" \/>\n<meta name=\"twitter:card\" content=\"summary_large_image\" \/>\n<meta name=\"twitter:label1\" content=\"Est. reading time\" \/>\n\t<meta name=\"twitter:data1\" content=\"1 minute\" \/>\n<script type=\"application\/ld+json\" class=\"yoast-schema-graph\">{\"@context\":\"https:\\\/\\\/schema.org\",\"@graph\":[{\"@type\":\"WebPage\",\"@id\":\"https:\\\/\\\/www.katag.ca\\\/en\\\/aventure-308\\\/\",\"url\":\"https:\\\/\\\/www.katag.ca\\\/en\\\/aventure-308\\\/\",\"name\":\"Aventure 308 | Katag\",\"isPartOf\":{\"@id\":\"https:\\\/\\\/www.katag.ca\\\/#website\"},\"datePublished\":\"2015-01-06T21:45:32+00:00\",\"dateModified\":\"2015-01-09T15:44:11+00:00\",\"breadcrumb\":{\"@id\":\"https:\\\/\\\/www.katag.ca\\\/en\\\/aventure-308\\\/#breadcrumb\"},\"inLanguage\":\"en-US\",\"potentialAction\":[{\"@type\":\"ReadAction\",\"target\":[\"https:\\\/\\\/www.katag.ca\\\/en\\\/aventure-308\\\/\"]}]},{\"@type\":\"BreadcrumbList\",\"@id\":\"https:\\\/\\\/www.katag.ca\\\/en\\\/aventure-308\\\/#breadcrumb\",\"itemListElement\":[{\"@type\":\"ListItem\",\"position\":1,\"name\":\"Accueil\",\"item\":\"https:\\\/\\\/www.katag.ca\\\/\"},{\"@type\":\"ListItem\",\"position\":2,\"name\":\"Aventure 308\"}]},{\"@type\":\"WebSite\",\"@id\":\"https:\\\/\\\/www.katag.ca\\\/#website\",\"url\":\"https:\\\/\\\/www.katag.ca\\\/\",\"name\":\"Katag\",\"description\":\"LE jeu d'&eacute;p&eacute;es-mousse\",\"publisher\":{\"@id\":\"https:\\\/\\\/www.katag.ca\\\/#organization\"},\"potentialAction\":[{\"@type\":\"SearchAction\",\"target\":{\"@type\":\"EntryPoint\",\"urlTemplate\":\"https:\\\/\\\/www.katag.ca\\\/?s={search_term_string}\"},\"query-input\":{\"@type\":\"PropertyValueSpecification\",\"valueRequired\":true,\"valueName\":\"search_term_string\"}}],\"inLanguage\":\"en-US\"},{\"@type\":\"Organization\",\"@id\":\"https:\\\/\\\/www.katag.ca\\\/#organization\",\"name\":\"Katag\",\"url\":\"https:\\\/\\\/www.katag.ca\\\/\",\"logo\":{\"@type\":\"ImageObject\",\"inLanguage\":\"en-US\",\"@id\":\"https:\\\/\\\/www.katag.ca\\\/#\\\/schema\\\/logo\\\/image\\\/\",\"url\":\"https:\\\/\\\/www.katag.ca\\\/wp-content\\\/uploads\\\/2021\\\/03\\\/logo-fr.png\",\"contentUrl\":\"https:\\\/\\\/www.katag.ca\\\/wp-content\\\/uploads\\\/2021\\\/03\\\/logo-fr.png\",\"width\":338,\"height\":173,\"caption\":\"Katag\"},\"image\":{\"@id\":\"https:\\\/\\\/www.katag.ca\\\/#\\\/schema\\\/logo\\\/image\\\/\"},\"sameAs\":[\"https:\\\/\\\/www.facebook.com\\\/Katag.ca\"]}]}<\/script>\n<!-- \/ Yoast SEO plugin. -->","yoast_head_json":{"title":"Aventure 308 | Katag","robots":{"index":"index","follow":"follow","max-snippet":"max-snippet:-1","max-image-preview":"max-image-preview:large","max-video-preview":"max-video-preview:-1"},"canonical":"https:\/\/www.katag.ca\/en\/aventure-308\/","og_locale":"en_US","og_type":"article","og_title":"Aventure 308 | Katag","og_description":"Pendant le combat, vous avez not\u00e9 que la cr\u00e9ature semblait perdre de la consistance \u00e0 chaque coup que vous lui portiez et devenait de moins en moins visible. Apr\u00e8s le coup final, vous avez eu du mal \u00e0 comprendre ce qui s\u2019est produit : la cr\u00e9ature s\u2019est transform\u00e9e en un cristal \u00e9trange qui est tomb\u00e9 sur le sol! Vous ramassez le cristal et \u00eates surpris de constater que celui-ci, assez petit pour tenir dans le creux de votre main, est tout l\u00e9ger! En regardant \u00e0 l\u2019int\u00e9rieur, vous voyez...","og_url":"https:\/\/www.katag.ca\/en\/aventure-308\/","og_site_name":"Katag","article_publisher":"https:\/\/www.facebook.com\/Katag.ca","article_modified_time":"2015-01-09T15:44:11+00:00","twitter_card":"summary_large_image","twitter_misc":{"Est. reading time":"1 minute"},"schema":{"@context":"https:\/\/schema.org","@graph":[{"@type":"WebPage","@id":"https:\/\/www.katag.ca\/en\/aventure-308\/","url":"https:\/\/www.katag.ca\/en\/aventure-308\/","name":"Aventure 308 | Katag","isPartOf":{"@id":"https:\/\/www.katag.ca\/#website"},"datePublished":"2015-01-06T21:45:32+00:00","dateModified":"2015-01-09T15:44:11+00:00","breadcrumb":{"@id":"https:\/\/www.katag.ca\/en\/aventure-308\/#breadcrumb"},"inLanguage":"en-US","potentialAction":[{"@type":"ReadAction","target":["https:\/\/www.katag.ca\/en\/aventure-308\/"]}]},{"@type":"BreadcrumbList","@id":"https:\/\/www.katag.ca\/en\/aventure-308\/#breadcrumb","itemListElement":[{"@type":"ListItem","position":1,"name":"Accueil","item":"https:\/\/www.katag.ca\/"},{"@type":"ListItem","position":2,"name":"Aventure 308"}]},{"@type":"WebSite","@id":"https:\/\/www.katag.ca\/#website","url":"https:\/\/www.katag.ca\/","name":"Katag","description":"LE jeu d'&eacute;p&eacute;es-mousse","publisher":{"@id":"https:\/\/www.katag.ca\/#organization"},"potentialAction":[{"@type":"SearchAction","target":{"@type":"EntryPoint","urlTemplate":"https:\/\/www.katag.ca\/?s={search_term_string}"},"query-input":{"@type":"PropertyValueSpecification","valueRequired":true,"valueName":"search_term_string"}}],"inLanguage":"en-US"},{"@type":"Organization","@id":"https:\/\/www.katag.ca\/#organization","name":"Katag","url":"https:\/\/www.katag.ca\/","logo":{"@type":"ImageObject","inLanguage":"en-US","@id":"https:\/\/www.katag.ca\/#\/schema\/logo\/image\/","url":"https:\/\/www.katag.ca\/wp-content\/uploads\/2021\/03\/logo-fr.png","contentUrl":"https:\/\/www.katag.ca\/wp-content\/uploads\/2021\/03\/logo-fr.png","width":338,"height":173,"caption":"Katag"},"image":{"@id":"https:\/\/www.katag.ca\/#\/schema\/logo\/image\/"},"sameAs":["https:\/\/www.facebook.com\/Katag.ca"]}]}},"_links":{"self":[{"href":"https:\/\/www.katag.ca\/en\/wp-json\/wp\/v2\/pages\/1587","targetHints":{"allow":["GET"]}}],"collection":[{"href":"https:\/\/www.katag.ca\/en\/wp-json\/wp\/v2\/pages"}],"about":[{"href":"https:\/\/www.katag.ca\/en\/wp-json\/wp\/v2\/types\/page"}],"author":[{"embeddable":true,"href":"https:\/\/www.katag.ca\/en\/wp-json\/wp\/v2\/users\/2"}],"replies":[{"embeddable":true,"href":"https:\/\/www.katag.ca\/en\/wp-json\/wp\/v2\/comments?post=1587"}],"version-history":[{"count":2,"href":"https:\/\/www.katag.ca\/en\/wp-json\/wp\/v2\/pages\/1587\/revisions"}],"predecessor-version":[{"id":2148,"href":"https:\/\/www.katag.ca\/en\/wp-json\/wp\/v2\/pages\/1587\/revisions\/2148"}],"wp:attachment":[{"href":"https:\/\/www.katag.ca\/en\/wp-json\/wp\/v2\/media?parent=1587"}],"curies":[{"name":"wp","href":"https:\/\/api.w.org\/{rel}","templated":true}]}}