{"id":1589,"date":"2015-01-06T21:45:52","date_gmt":"2015-01-06T21:45:52","guid":{"rendered":"http:\/\/www.boutiquekatag.com\/?page_id=1589"},"modified":"2015-01-09T15:45:00","modified_gmt":"2015-01-09T15:45:00","slug":"aventure-309","status":"publish","type":"page","link":"https:\/\/www.katag.ca\/en\/aventure-309\/","title":{"rendered":"Aventure 309"},"content":{"rendered":"<p>Vous tentez le tout pour le tout et vous laissez tomber de votre chaise. L\u2019homme arr\u00eate son monologue et vous aide \u00e0 vous relever. Remarquant pour la premi\u00e8re fois l\u2019air que vous avez, il vous sugg\u00e8re de sortir quelques minutes prendre un peu d\u2019air frais. Il vous indique qu\u2019il vous attendra \u00e0 l\u2019int\u00e9rieur afin de continuer un peu plus tard. Vous ne r\u00e9pondez pas, mais \u00eates absolument certain que vous ne remettrez jamais les pieds \u00e0 l\u2019int\u00e9rieur de cet endroit! Vous avez perdu beaucoup d\u2019\u00e9nergie durant cet \u00e9pisode et vous devriez penser \u00e0 manger ou boire quelque chose. Veuillez d\u00e9duire deux points de votre total dans la cat\u00e9gorie endurance sur votre feuille de route.<\/p>\n<div class=\"btn-container  align-center\"><a class=\"organic-btn  dark-blue-btn small-btn  align-center\" href=\"http:\/\/www.katag.ca\/aventure-176\/\"><span class=\"btn-holder\">Cliquez ici pour continuer<\/span><\/a><\/div>\n","protected":false},"excerpt":{"rendered":"<p>Vous tentez le tout pour le tout et vous laissez tomber de votre chaise. L\u2019homme arr\u00eate son monologue et vous aide \u00e0 vous relever. Remarquant pour la premi\u00e8re fois l\u2019air que vous avez, il vous sugg\u00e8re de sortir quelques minutes prendre un peu d\u2019air frais. Il vous indique qu\u2019il vous attendra \u00e0 l\u2019int\u00e9rieur afin de continuer un peu plus tard. Vous ne r\u00e9pondez pas, mais \u00eates absolument certain que vous ne remettrez jamais les pieds \u00e0 l\u2019int\u00e9rieur de cet endroit! Vous avez perdu beaucoup d\u2019\u00e9nergie durant cet \u00e9pisode&#8230;<\/p>\n","protected":false},"author":2,"featured_media":0,"parent":0,"menu_order":0,"comment_status":"closed","ping_status":"closed","template":"","meta":{"footnotes":""},"class_list":["post-1589","page","type-page","status-publish","hentry"],"yoast_head":"<!-- This site is optimized with the Yoast SEO plugin v27.5 - https:\/\/yoast.com\/product\/yoast-seo-wordpress\/ -->\n<title>Aventure 309 | Katag<\/title>\n<meta name=\"robots\" content=\"index, follow, max-snippet:-1, max-image-preview:large, max-video-preview:-1\" \/>\n<link rel=\"canonical\" href=\"https:\/\/www.katag.ca\/en\/aventure-309\/\" \/>\n<meta property=\"og:locale\" content=\"en_US\" \/>\n<meta property=\"og:type\" content=\"article\" \/>\n<meta property=\"og:title\" content=\"Aventure 309 | Katag\" \/>\n<meta property=\"og:description\" content=\"Vous tentez le tout pour le tout et vous laissez tomber de votre chaise. L\u2019homme arr\u00eate son monologue et vous aide \u00e0 vous relever. Remarquant pour la premi\u00e8re fois l\u2019air que vous avez, il vous sugg\u00e8re de sortir quelques minutes prendre un peu d\u2019air frais. Il vous indique qu\u2019il vous attendra \u00e0 l\u2019int\u00e9rieur afin de continuer un peu plus tard. Vous ne r\u00e9pondez pas, mais \u00eates absolument certain que vous ne remettrez jamais les pieds \u00e0 l\u2019int\u00e9rieur de cet endroit! Vous avez perdu beaucoup d\u2019\u00e9nergie durant cet \u00e9pisode...\" \/>\n<meta property=\"og:url\" content=\"https:\/\/www.katag.ca\/en\/aventure-309\/\" \/>\n<meta property=\"og:site_name\" content=\"Katag\" \/>\n<meta property=\"article:publisher\" content=\"https:\/\/www.facebook.com\/Katag.ca\" \/>\n<meta property=\"article:modified_time\" content=\"2015-01-09T15:45:00+00:00\" \/>\n<meta name=\"twitter:card\" content=\"summary_large_image\" \/>\n<meta name=\"twitter:label1\" content=\"Est. reading time\" \/>\n\t<meta name=\"twitter:data1\" content=\"1 minute\" \/>\n<script type=\"application\/ld+json\" class=\"yoast-schema-graph\">{\"@context\":\"https:\\\/\\\/schema.org\",\"@graph\":[{\"@type\":\"WebPage\",\"@id\":\"https:\\\/\\\/www.katag.ca\\\/en\\\/aventure-309\\\/\",\"url\":\"https:\\\/\\\/www.katag.ca\\\/en\\\/aventure-309\\\/\",\"name\":\"Aventure 309 | Katag\",\"isPartOf\":{\"@id\":\"https:\\\/\\\/www.katag.ca\\\/#website\"},\"datePublished\":\"2015-01-06T21:45:52+00:00\",\"dateModified\":\"2015-01-09T15:45:00+00:00\",\"breadcrumb\":{\"@id\":\"https:\\\/\\\/www.katag.ca\\\/en\\\/aventure-309\\\/#breadcrumb\"},\"inLanguage\":\"en-US\",\"potentialAction\":[{\"@type\":\"ReadAction\",\"target\":[\"https:\\\/\\\/www.katag.ca\\\/en\\\/aventure-309\\\/\"]}]},{\"@type\":\"BreadcrumbList\",\"@id\":\"https:\\\/\\\/www.katag.ca\\\/en\\\/aventure-309\\\/#breadcrumb\",\"itemListElement\":[{\"@type\":\"ListItem\",\"position\":1,\"name\":\"Accueil\",\"item\":\"https:\\\/\\\/www.katag.ca\\\/\"},{\"@type\":\"ListItem\",\"position\":2,\"name\":\"Aventure 309\"}]},{\"@type\":\"WebSite\",\"@id\":\"https:\\\/\\\/www.katag.ca\\\/#website\",\"url\":\"https:\\\/\\\/www.katag.ca\\\/\",\"name\":\"Katag\",\"description\":\"LE jeu d'&eacute;p&eacute;es-mousse\",\"publisher\":{\"@id\":\"https:\\\/\\\/www.katag.ca\\\/#organization\"},\"potentialAction\":[{\"@type\":\"SearchAction\",\"target\":{\"@type\":\"EntryPoint\",\"urlTemplate\":\"https:\\\/\\\/www.katag.ca\\\/?s={search_term_string}\"},\"query-input\":{\"@type\":\"PropertyValueSpecification\",\"valueRequired\":true,\"valueName\":\"search_term_string\"}}],\"inLanguage\":\"en-US\"},{\"@type\":\"Organization\",\"@id\":\"https:\\\/\\\/www.katag.ca\\\/#organization\",\"name\":\"Katag\",\"url\":\"https:\\\/\\\/www.katag.ca\\\/\",\"logo\":{\"@type\":\"ImageObject\",\"inLanguage\":\"en-US\",\"@id\":\"https:\\\/\\\/www.katag.ca\\\/#\\\/schema\\\/logo\\\/image\\\/\",\"url\":\"https:\\\/\\\/www.katag.ca\\\/wp-content\\\/uploads\\\/2021\\\/03\\\/logo-fr.png\",\"contentUrl\":\"https:\\\/\\\/www.katag.ca\\\/wp-content\\\/uploads\\\/2021\\\/03\\\/logo-fr.png\",\"width\":338,\"height\":173,\"caption\":\"Katag\"},\"image\":{\"@id\":\"https:\\\/\\\/www.katag.ca\\\/#\\\/schema\\\/logo\\\/image\\\/\"},\"sameAs\":[\"https:\\\/\\\/www.facebook.com\\\/Katag.ca\"]}]}<\/script>\n<!-- \/ Yoast SEO plugin. -->","yoast_head_json":{"title":"Aventure 309 | Katag","robots":{"index":"index","follow":"follow","max-snippet":"max-snippet:-1","max-image-preview":"max-image-preview:large","max-video-preview":"max-video-preview:-1"},"canonical":"https:\/\/www.katag.ca\/en\/aventure-309\/","og_locale":"en_US","og_type":"article","og_title":"Aventure 309 | Katag","og_description":"Vous tentez le tout pour le tout et vous laissez tomber de votre chaise. L\u2019homme arr\u00eate son monologue et vous aide \u00e0 vous relever. Remarquant pour la premi\u00e8re fois l\u2019air que vous avez, il vous sugg\u00e8re de sortir quelques minutes prendre un peu d\u2019air frais. Il vous indique qu\u2019il vous attendra \u00e0 l\u2019int\u00e9rieur afin de continuer un peu plus tard. Vous ne r\u00e9pondez pas, mais \u00eates absolument certain que vous ne remettrez jamais les pieds \u00e0 l\u2019int\u00e9rieur de cet endroit! Vous avez perdu beaucoup d\u2019\u00e9nergie durant cet \u00e9pisode...","og_url":"https:\/\/www.katag.ca\/en\/aventure-309\/","og_site_name":"Katag","article_publisher":"https:\/\/www.facebook.com\/Katag.ca","article_modified_time":"2015-01-09T15:45:00+00:00","twitter_card":"summary_large_image","twitter_misc":{"Est. reading time":"1 minute"},"schema":{"@context":"https:\/\/schema.org","@graph":[{"@type":"WebPage","@id":"https:\/\/www.katag.ca\/en\/aventure-309\/","url":"https:\/\/www.katag.ca\/en\/aventure-309\/","name":"Aventure 309 | Katag","isPartOf":{"@id":"https:\/\/www.katag.ca\/#website"},"datePublished":"2015-01-06T21:45:52+00:00","dateModified":"2015-01-09T15:45:00+00:00","breadcrumb":{"@id":"https:\/\/www.katag.ca\/en\/aventure-309\/#breadcrumb"},"inLanguage":"en-US","potentialAction":[{"@type":"ReadAction","target":["https:\/\/www.katag.ca\/en\/aventure-309\/"]}]},{"@type":"BreadcrumbList","@id":"https:\/\/www.katag.ca\/en\/aventure-309\/#breadcrumb","itemListElement":[{"@type":"ListItem","position":1,"name":"Accueil","item":"https:\/\/www.katag.ca\/"},{"@type":"ListItem","position":2,"name":"Aventure 309"}]},{"@type":"WebSite","@id":"https:\/\/www.katag.ca\/#website","url":"https:\/\/www.katag.ca\/","name":"Katag","description":"LE jeu d'&eacute;p&eacute;es-mousse","publisher":{"@id":"https:\/\/www.katag.ca\/#organization"},"potentialAction":[{"@type":"SearchAction","target":{"@type":"EntryPoint","urlTemplate":"https:\/\/www.katag.ca\/?s={search_term_string}"},"query-input":{"@type":"PropertyValueSpecification","valueRequired":true,"valueName":"search_term_string"}}],"inLanguage":"en-US"},{"@type":"Organization","@id":"https:\/\/www.katag.ca\/#organization","name":"Katag","url":"https:\/\/www.katag.ca\/","logo":{"@type":"ImageObject","inLanguage":"en-US","@id":"https:\/\/www.katag.ca\/#\/schema\/logo\/image\/","url":"https:\/\/www.katag.ca\/wp-content\/uploads\/2021\/03\/logo-fr.png","contentUrl":"https:\/\/www.katag.ca\/wp-content\/uploads\/2021\/03\/logo-fr.png","width":338,"height":173,"caption":"Katag"},"image":{"@id":"https:\/\/www.katag.ca\/#\/schema\/logo\/image\/"},"sameAs":["https:\/\/www.facebook.com\/Katag.ca"]}]}},"_links":{"self":[{"href":"https:\/\/www.katag.ca\/en\/wp-json\/wp\/v2\/pages\/1589","targetHints":{"allow":["GET"]}}],"collection":[{"href":"https:\/\/www.katag.ca\/en\/wp-json\/wp\/v2\/pages"}],"about":[{"href":"https:\/\/www.katag.ca\/en\/wp-json\/wp\/v2\/types\/page"}],"author":[{"embeddable":true,"href":"https:\/\/www.katag.ca\/en\/wp-json\/wp\/v2\/users\/2"}],"replies":[{"embeddable":true,"href":"https:\/\/www.katag.ca\/en\/wp-json\/wp\/v2\/comments?post=1589"}],"version-history":[{"count":2,"href":"https:\/\/www.katag.ca\/en\/wp-json\/wp\/v2\/pages\/1589\/revisions"}],"predecessor-version":[{"id":2149,"href":"https:\/\/www.katag.ca\/en\/wp-json\/wp\/v2\/pages\/1589\/revisions\/2149"}],"wp:attachment":[{"href":"https:\/\/www.katag.ca\/en\/wp-json\/wp\/v2\/media?parent=1589"}],"curies":[{"name":"wp","href":"https:\/\/api.w.org\/{rel}","templated":true}]}}