{"id":1591,"date":"2015-01-06T21:46:28","date_gmt":"2015-01-06T21:46:28","guid":{"rendered":"http:\/\/www.boutiquekatag.com\/?page_id=1591"},"modified":"2015-01-09T15:45:37","modified_gmt":"2015-01-09T15:45:37","slug":"aventure-310","status":"publish","type":"page","link":"https:\/\/www.katag.ca\/en\/aventure-310\/","title":{"rendered":"Aventure 310"},"content":{"rendered":"<p>Vous entrez et, avant m\u00eame que vous n\u2019ayez fait quoi que ce soit, vous entendez une voix de femme qui s\u2019adresse \u00e0 vous. \u00ab Un R\u00eaveur\u2026 Cela fait longtemps que l\u2019un de vous ne se soit adress\u00e9 \u00e0 moi\u2026 Pour vous, ce sera gratuit\u2026 Assoyez-vous\u2026 \u00bb M\u00eame si ces paroles vous surprennent, cette femme vous inspire tout de m\u00eame confiance. <\/p>\n<p>Vous vous assoyez face \u00e0 la femme qui vous demande de lui tendre vos mains. Vous vous ex\u00e9cutez et elle les regarde attentivement. \u00ab Les techniques de voyance avec les R\u00eaveurs sont un peu diff\u00e9rentes de celles que l\u2019on utilise avec les Natifs, vous dit-elle. Chaque R\u00eaveur conscient porte en lui le code de sa mission. Bien entendu, il n\u2019existe pas de dictionnaire de codes, mais \u00e0 force d\u2019en voir, on finit par comprendre un peu mieux. J\u2019ai d\u00e9j\u00e0 travaill\u00e9 aux services frontaliers et nous avions pour mission de g\u00e9n\u00e9rer une banque de donn\u00e9es identifiant les arriv\u00e9es et d\u00e9part des R\u00eaveurs \u00e0 Manifeste. Nous devions de temps \u00e0 autre en intercepter lorsque nous avions des raisons d\u2019en soup\u00e7onner d\u2019avoir commis des actes ill\u00e9gaux. Un jour, un homme brillant a d\u00e9couvert qu\u2019il \u00e9tait possible de localiser ce code flottant \u00e0 l\u2019aide d\u2019un outil nomm\u00e9 syphecter, que les m\u00e9decins natifs utilisent afin de d\u00e9terminer la cause d\u2019une maladie. Le code est une suite de symboles abstraits d\u2019une langue parl\u00e9e il y a plusieurs milliers de lunes. Avec le temps, j\u2019ai fini par en comprendre une partie, mais cette science appartient au domaine m\u00e9dical, pas aux Natifs ordinaires. Mais essayons quand m\u00eame\u2026 \u00bb La femme vous quitte quelques instants et revient avec un outil \u00e0 la main qui ressemble \u00e0 un stylo ainsi qu\u2019avec un petit cahier de notes. Elle reprend votre main gauche et pointe l\u2019outil vers votre paume. Un rayon vert en sort et traverse compl\u00e8tement votre main, jusqu\u2019\u00e0 la table dessous. \u00ab Maintenant, il ne nous reste qu\u2019\u00e0 le localiser! \u00bb. La femme s\u2019ex\u00e9cute avec la plus grande minutie, regardant chaque millim\u00e8tre de votre main. \u00ab \u00c7a y est! Maintenant, ne bouge plus! \u00bb Vous regardez sous votre main et constatez qu\u2019une s\u00e9rie de symboles ind\u00e9chiffrables se trouve sous votre main. \u00ab Voyons maintenant ce que cela veut dire. Heureusement pour toi, je poss\u00e8de une m\u00e9moire stotographique, ce qui signifie que j\u2019enregistre les images, comme une machine appel\u00e9e ici le stoto.\u00bb Vous comprenez que, sur terre, on parlerait de m\u00e9moire photographique. La femme se met donc au travail et essaie de trouver la signification des symboles dans son petit carnet. \u00ab Plusieurs de ces symboles me sont inconnus, vous dit-elle, mais je vais quand m\u00eame les chercher un instant. Tu comprendras que je ne suis pas m\u00e9decin et que l\u2019alignement des symboles peut changer tout ce que l\u2019on interpr\u00e8te.\u00bb<\/p>\n<p>Apr\u00e8s avoir \u00e9tudi\u00e9 votre suite, la femme vous adresse gravement la parole : \u00ab  Int\u00e9ressant, tr\u00e8s int\u00e9ressant! Toutefois, je ne d\u00e9sire pas te faire conna\u00eetre tout ce que j\u2019ai pu comprendre. Je ne crois pas que cela te serait utile, m\u00eame que\u2026 \u00bb La femme vous regarde, d\u00e9contenanc\u00e9e, comme si elle venait de voir un fant\u00f4me! \u00ab Jeune R\u00eaveur, le poids sur tes \u00e9paules doit \u00eatre tr\u00e8s lourd \u00e0 porter! Je comprends que l\u2019on t\u2019a confi\u00e9 une mission qui pourrait te co\u00fbter cher! Je vois que ta qu\u00eate aura un impact \u00e9norme sur la vie \u00e0 Manifeste si tu \u00e9choues! Ce qui est tr\u00e8s clair \u00e0 mes yeux est que ta qu\u00eate doit te mener \u00e0 un moment ou \u00e0 un autre pr\u00e8s d\u2019une grande surface d\u2019eau. J\u2019en d\u00e9duis qu\u2019il s\u2019agit probablement du lac Diga puisque c\u2019est la plus grande \u00e9tendue d\u2019eau de Manifeste. Tu devras \u00eatre tr\u00e8s brave, beaucoup plus qu\u2019un enfant ne doit l\u2019\u00eatre en temps normal. Sois maintenant tr\u00e8s attentif \u00e0 mes paroles : \u00e0 un moment pr\u00e9cis, tu devras faire un choix qui te para\u00eetra compl\u00e8tement d\u00e9ment. \u00c0 tout prix tu devras suivre ton instinct! Il te guidera. Les choses en r\u00e9alit\u00e9 ne sont pas toujours ce que l\u2019on s\u2019imagine qu\u2019elles sont! Peu importe ce que tu fais, fais le vite, car le temps presse. Le monde change et le cours de ta vie pourrait rapidement se modifier. M\u00eame ce code que l\u2019on vient de d\u00e9chiffrer pourrait se m\u00e9tamorphoser\u2026 Je te souhaite la meilleure des chances! \u00bb  <\/p>\n<p>Toutes ces paroles lourdes de sens vous font nager entre la peur et l\u2019excitation. Vous vous imaginez que c\u2019est probablement ce que tous ceux qui ont une grande mission \u00e0 accomplir doivent ressentir. Ajoutez deux points \u00e0 votre total dans la cat\u00e9gorie intuition de votre feuille de route. Vous remerciez gentiment la femme et, avant de la quitter, vous lui demandez comment faire pour vous diriger vers le lac Diga. \u00ab Tu n\u2019as qu\u2019\u00e0 retourner vers le port a\u00e9rien et suivre les indications pour prendre le Transkara, qui est le transport en commun de Manifeste. Celui-ci t\u2019y m\u00e8nera. \u00bb Vous sortez donc de Chez M\u00e9m\u00e9, fier d\u2019avoir suivi votre intuition et d\u2019y \u00eatre entr\u00e9.<\/p>\n<div class=\"btn-container  align-center\"><a class=\"organic-btn  dark-blue-btn small-btn  align-center\" href=\"http:\/\/www.katag.ca\/aventure-164\/\"><span class=\"btn-holder\">Cliquez ici pour continuer<\/span><\/a><\/div>\n","protected":false},"excerpt":{"rendered":"<p>Vous entrez et, avant m\u00eame que vous n\u2019ayez fait quoi que ce soit, vous entendez une voix de femme qui s\u2019adresse \u00e0 vous. \u00ab Un R\u00eaveur\u2026 Cela fait longtemps que l\u2019un de vous ne se soit adress\u00e9 \u00e0 moi\u2026 Pour vous, ce sera gratuit\u2026 Assoyez-vous\u2026 \u00bb M\u00eame si ces paroles vous surprennent, cette femme vous inspire tout de m\u00eame confiance. Vous vous assoyez face \u00e0 la femme qui vous demande de lui tendre vos mains. Vous vous ex\u00e9cutez et elle les regarde attentivement. \u00ab Les techniques de voyance&#8230;<\/p>\n","protected":false},"author":2,"featured_media":0,"parent":0,"menu_order":0,"comment_status":"closed","ping_status":"closed","template":"","meta":{"footnotes":""},"class_list":["post-1591","page","type-page","status-publish","hentry"],"yoast_head":"<!-- This site is optimized with the Yoast SEO plugin v27.5 - https:\/\/yoast.com\/product\/yoast-seo-wordpress\/ -->\n<title>Aventure 310 | Katag<\/title>\n<meta name=\"robots\" content=\"index, follow, max-snippet:-1, max-image-preview:large, max-video-preview:-1\" \/>\n<link rel=\"canonical\" href=\"https:\/\/www.katag.ca\/en\/aventure-310\/\" \/>\n<meta property=\"og:locale\" content=\"en_US\" \/>\n<meta property=\"og:type\" content=\"article\" \/>\n<meta property=\"og:title\" content=\"Aventure 310 | Katag\" \/>\n<meta property=\"og:description\" content=\"Vous entrez et, avant m\u00eame que vous n\u2019ayez fait quoi que ce soit, vous entendez une voix de femme qui s\u2019adresse \u00e0 vous. \u00ab Un R\u00eaveur\u2026 Cela fait longtemps que l\u2019un de vous ne se soit adress\u00e9 \u00e0 moi\u2026 Pour vous, ce sera gratuit\u2026 Assoyez-vous\u2026 \u00bb M\u00eame si ces paroles vous surprennent, cette femme vous inspire tout de m\u00eame confiance. Vous vous assoyez face \u00e0 la femme qui vous demande de lui tendre vos mains. Vous vous ex\u00e9cutez et elle les regarde attentivement. \u00ab Les techniques de voyance...\" \/>\n<meta property=\"og:url\" content=\"https:\/\/www.katag.ca\/en\/aventure-310\/\" \/>\n<meta property=\"og:site_name\" content=\"Katag\" \/>\n<meta property=\"article:publisher\" content=\"https:\/\/www.facebook.com\/Katag.ca\" \/>\n<meta property=\"article:modified_time\" content=\"2015-01-09T15:45:37+00:00\" \/>\n<meta name=\"twitter:card\" content=\"summary_large_image\" \/>\n<meta name=\"twitter:label1\" content=\"Est. reading time\" \/>\n\t<meta name=\"twitter:data1\" content=\"5 minutes\" \/>\n<script type=\"application\/ld+json\" class=\"yoast-schema-graph\">{\"@context\":\"https:\\\/\\\/schema.org\",\"@graph\":[{\"@type\":\"WebPage\",\"@id\":\"https:\\\/\\\/www.katag.ca\\\/en\\\/aventure-310\\\/\",\"url\":\"https:\\\/\\\/www.katag.ca\\\/en\\\/aventure-310\\\/\",\"name\":\"Aventure 310 | Katag\",\"isPartOf\":{\"@id\":\"https:\\\/\\\/www.katag.ca\\\/#website\"},\"datePublished\":\"2015-01-06T21:46:28+00:00\",\"dateModified\":\"2015-01-09T15:45:37+00:00\",\"breadcrumb\":{\"@id\":\"https:\\\/\\\/www.katag.ca\\\/en\\\/aventure-310\\\/#breadcrumb\"},\"inLanguage\":\"en-US\",\"potentialAction\":[{\"@type\":\"ReadAction\",\"target\":[\"https:\\\/\\\/www.katag.ca\\\/en\\\/aventure-310\\\/\"]}]},{\"@type\":\"BreadcrumbList\",\"@id\":\"https:\\\/\\\/www.katag.ca\\\/en\\\/aventure-310\\\/#breadcrumb\",\"itemListElement\":[{\"@type\":\"ListItem\",\"position\":1,\"name\":\"Accueil\",\"item\":\"https:\\\/\\\/www.katag.ca\\\/\"},{\"@type\":\"ListItem\",\"position\":2,\"name\":\"Aventure 310\"}]},{\"@type\":\"WebSite\",\"@id\":\"https:\\\/\\\/www.katag.ca\\\/#website\",\"url\":\"https:\\\/\\\/www.katag.ca\\\/\",\"name\":\"Katag\",\"description\":\"LE jeu d'&eacute;p&eacute;es-mousse\",\"publisher\":{\"@id\":\"https:\\\/\\\/www.katag.ca\\\/#organization\"},\"potentialAction\":[{\"@type\":\"SearchAction\",\"target\":{\"@type\":\"EntryPoint\",\"urlTemplate\":\"https:\\\/\\\/www.katag.ca\\\/?s={search_term_string}\"},\"query-input\":{\"@type\":\"PropertyValueSpecification\",\"valueRequired\":true,\"valueName\":\"search_term_string\"}}],\"inLanguage\":\"en-US\"},{\"@type\":\"Organization\",\"@id\":\"https:\\\/\\\/www.katag.ca\\\/#organization\",\"name\":\"Katag\",\"url\":\"https:\\\/\\\/www.katag.ca\\\/\",\"logo\":{\"@type\":\"ImageObject\",\"inLanguage\":\"en-US\",\"@id\":\"https:\\\/\\\/www.katag.ca\\\/#\\\/schema\\\/logo\\\/image\\\/\",\"url\":\"https:\\\/\\\/www.katag.ca\\\/wp-content\\\/uploads\\\/2021\\\/03\\\/logo-fr.png\",\"contentUrl\":\"https:\\\/\\\/www.katag.ca\\\/wp-content\\\/uploads\\\/2021\\\/03\\\/logo-fr.png\",\"width\":338,\"height\":173,\"caption\":\"Katag\"},\"image\":{\"@id\":\"https:\\\/\\\/www.katag.ca\\\/#\\\/schema\\\/logo\\\/image\\\/\"},\"sameAs\":[\"https:\\\/\\\/www.facebook.com\\\/Katag.ca\"]}]}<\/script>\n<!-- \/ Yoast SEO plugin. -->","yoast_head_json":{"title":"Aventure 310 | Katag","robots":{"index":"index","follow":"follow","max-snippet":"max-snippet:-1","max-image-preview":"max-image-preview:large","max-video-preview":"max-video-preview:-1"},"canonical":"https:\/\/www.katag.ca\/en\/aventure-310\/","og_locale":"en_US","og_type":"article","og_title":"Aventure 310 | Katag","og_description":"Vous entrez et, avant m\u00eame que vous n\u2019ayez fait quoi que ce soit, vous entendez une voix de femme qui s\u2019adresse \u00e0 vous. \u00ab Un R\u00eaveur\u2026 Cela fait longtemps que l\u2019un de vous ne se soit adress\u00e9 \u00e0 moi\u2026 Pour vous, ce sera gratuit\u2026 Assoyez-vous\u2026 \u00bb M\u00eame si ces paroles vous surprennent, cette femme vous inspire tout de m\u00eame confiance. Vous vous assoyez face \u00e0 la femme qui vous demande de lui tendre vos mains. Vous vous ex\u00e9cutez et elle les regarde attentivement. \u00ab Les techniques de voyance...","og_url":"https:\/\/www.katag.ca\/en\/aventure-310\/","og_site_name":"Katag","article_publisher":"https:\/\/www.facebook.com\/Katag.ca","article_modified_time":"2015-01-09T15:45:37+00:00","twitter_card":"summary_large_image","twitter_misc":{"Est. reading time":"5 minutes"},"schema":{"@context":"https:\/\/schema.org","@graph":[{"@type":"WebPage","@id":"https:\/\/www.katag.ca\/en\/aventure-310\/","url":"https:\/\/www.katag.ca\/en\/aventure-310\/","name":"Aventure 310 | Katag","isPartOf":{"@id":"https:\/\/www.katag.ca\/#website"},"datePublished":"2015-01-06T21:46:28+00:00","dateModified":"2015-01-09T15:45:37+00:00","breadcrumb":{"@id":"https:\/\/www.katag.ca\/en\/aventure-310\/#breadcrumb"},"inLanguage":"en-US","potentialAction":[{"@type":"ReadAction","target":["https:\/\/www.katag.ca\/en\/aventure-310\/"]}]},{"@type":"BreadcrumbList","@id":"https:\/\/www.katag.ca\/en\/aventure-310\/#breadcrumb","itemListElement":[{"@type":"ListItem","position":1,"name":"Accueil","item":"https:\/\/www.katag.ca\/"},{"@type":"ListItem","position":2,"name":"Aventure 310"}]},{"@type":"WebSite","@id":"https:\/\/www.katag.ca\/#website","url":"https:\/\/www.katag.ca\/","name":"Katag","description":"LE jeu d'&eacute;p&eacute;es-mousse","publisher":{"@id":"https:\/\/www.katag.ca\/#organization"},"potentialAction":[{"@type":"SearchAction","target":{"@type":"EntryPoint","urlTemplate":"https:\/\/www.katag.ca\/?s={search_term_string}"},"query-input":{"@type":"PropertyValueSpecification","valueRequired":true,"valueName":"search_term_string"}}],"inLanguage":"en-US"},{"@type":"Organization","@id":"https:\/\/www.katag.ca\/#organization","name":"Katag","url":"https:\/\/www.katag.ca\/","logo":{"@type":"ImageObject","inLanguage":"en-US","@id":"https:\/\/www.katag.ca\/#\/schema\/logo\/image\/","url":"https:\/\/www.katag.ca\/wp-content\/uploads\/2021\/03\/logo-fr.png","contentUrl":"https:\/\/www.katag.ca\/wp-content\/uploads\/2021\/03\/logo-fr.png","width":338,"height":173,"caption":"Katag"},"image":{"@id":"https:\/\/www.katag.ca\/#\/schema\/logo\/image\/"},"sameAs":["https:\/\/www.facebook.com\/Katag.ca"]}]}},"_links":{"self":[{"href":"https:\/\/www.katag.ca\/en\/wp-json\/wp\/v2\/pages\/1591","targetHints":{"allow":["GET"]}}],"collection":[{"href":"https:\/\/www.katag.ca\/en\/wp-json\/wp\/v2\/pages"}],"about":[{"href":"https:\/\/www.katag.ca\/en\/wp-json\/wp\/v2\/types\/page"}],"author":[{"embeddable":true,"href":"https:\/\/www.katag.ca\/en\/wp-json\/wp\/v2\/users\/2"}],"replies":[{"embeddable":true,"href":"https:\/\/www.katag.ca\/en\/wp-json\/wp\/v2\/comments?post=1591"}],"version-history":[{"count":2,"href":"https:\/\/www.katag.ca\/en\/wp-json\/wp\/v2\/pages\/1591\/revisions"}],"predecessor-version":[{"id":2150,"href":"https:\/\/www.katag.ca\/en\/wp-json\/wp\/v2\/pages\/1591\/revisions\/2150"}],"wp:attachment":[{"href":"https:\/\/www.katag.ca\/en\/wp-json\/wp\/v2\/media?parent=1591"}],"curies":[{"name":"wp","href":"https:\/\/api.w.org\/{rel}","templated":true}]}}