{"id":1601,"date":"2015-01-06T21:49:06","date_gmt":"2015-01-06T21:49:06","guid":{"rendered":"http:\/\/www.boutiquekatag.com\/?page_id=1601"},"modified":"2015-01-09T15:48:48","modified_gmt":"2015-01-09T15:48:48","slug":"aventure-315","status":"publish","type":"page","link":"https:\/\/www.katag.ca\/en\/aventure-315\/","title":{"rendered":"Aventure 315"},"content":{"rendered":"<p>La cr\u00e9ature vous frappe de plein fouet et vous tombez \u00e0 la renverse, ce qui \u00e0 au moins l\u2019avantage de d\u00e9gager vos pieds de la vase dans laquelle vous vous teniez. Toutefois, les crocs de la cr\u00e9ature vous manquent de peu. Veuillez d\u00e9duire deux points de votre total dans la cat\u00e9gorie endurance de votre feuille de route. Vous comprenez rapidement qu\u2019il vous faut fuir au plus vite, car dans ces conditions, ralenti par la vase dans laquelle vous \u00eates plong\u00e9, vos chances de gagner sont plut\u00f4t minces! Vous vous sortez de l\u00e0 en moins de deux et r\u00e9ussissez \u00e0 grimper dans les petits arbres aux abords du marais. La cr\u00e9ature, qui a tout d\u2019un alligator, tente de vous croquer les jambes mais sans succ\u00e8s. Comme votre assaillant demeure sous les arbres, de plus en plus mena\u00e7ant, vous vous sentez pris au pi\u00e8ge. Pour ajouter \u00e0 votre malheur, d\u2019autres cr\u00e9atures semblables arrivent sur les lieux pour r\u00e9clamer une part du repas dont vous serez le plat de r\u00e9sistance! <\/p>\n<p>Alors que vous vous demandiez comment votre situation pourrait encore empirer, vous apercevez la grande cr\u00e9ature ail\u00e9e devant laquelle qui vous venez de fuir qui vole dans votre direction. Vous avez l\u2019impression que votre heure vient de sonner.<\/p>\n<div class=\"btn-container  align-center\"><a class=\"organic-btn  dark-blue-btn small-btn  align-center\" href=\"http:\/\/www.katag.ca\/aventure-341\/\"><span class=\"btn-holder\">Cliquez ici pour continuer<\/span><\/a><\/div>\n","protected":false},"excerpt":{"rendered":"<p>La cr\u00e9ature vous frappe de plein fouet et vous tombez \u00e0 la renverse, ce qui \u00e0 au moins l\u2019avantage de d\u00e9gager vos pieds de la vase dans laquelle vous vous teniez. Toutefois, les crocs de la cr\u00e9ature vous manquent de peu. Veuillez d\u00e9duire deux points de votre total dans la cat\u00e9gorie endurance de votre feuille de route. Vous comprenez rapidement qu\u2019il vous faut fuir au plus vite, car dans ces conditions, ralenti par la vase dans laquelle vous \u00eates plong\u00e9, vos chances de gagner sont plut\u00f4t minces! Vous&#8230;<\/p>\n","protected":false},"author":2,"featured_media":0,"parent":0,"menu_order":0,"comment_status":"closed","ping_status":"closed","template":"","meta":{"footnotes":""},"class_list":["post-1601","page","type-page","status-publish","hentry"],"yoast_head":"<!-- This site is optimized with the Yoast SEO plugin v27.5 - https:\/\/yoast.com\/product\/yoast-seo-wordpress\/ -->\n<title>Aventure 315 | Katag<\/title>\n<meta name=\"robots\" content=\"index, follow, max-snippet:-1, max-image-preview:large, max-video-preview:-1\" \/>\n<link rel=\"canonical\" href=\"https:\/\/www.katag.ca\/en\/aventure-315\/\" \/>\n<meta property=\"og:locale\" content=\"en_US\" \/>\n<meta property=\"og:type\" content=\"article\" \/>\n<meta property=\"og:title\" content=\"Aventure 315 | Katag\" \/>\n<meta property=\"og:description\" content=\"La cr\u00e9ature vous frappe de plein fouet et vous tombez \u00e0 la renverse, ce qui \u00e0 au moins l\u2019avantage de d\u00e9gager vos pieds de la vase dans laquelle vous vous teniez. Toutefois, les crocs de la cr\u00e9ature vous manquent de peu. Veuillez d\u00e9duire deux points de votre total dans la cat\u00e9gorie endurance de votre feuille de route. Vous comprenez rapidement qu\u2019il vous faut fuir au plus vite, car dans ces conditions, ralenti par la vase dans laquelle vous \u00eates plong\u00e9, vos chances de gagner sont plut\u00f4t minces! Vous...\" \/>\n<meta property=\"og:url\" content=\"https:\/\/www.katag.ca\/en\/aventure-315\/\" \/>\n<meta property=\"og:site_name\" content=\"Katag\" \/>\n<meta property=\"article:publisher\" content=\"https:\/\/www.facebook.com\/Katag.ca\" \/>\n<meta property=\"article:modified_time\" content=\"2015-01-09T15:48:48+00:00\" \/>\n<meta name=\"twitter:card\" content=\"summary_large_image\" \/>\n<meta name=\"twitter:label1\" content=\"Est. reading time\" \/>\n\t<meta name=\"twitter:data1\" content=\"1 minute\" \/>\n<script type=\"application\/ld+json\" class=\"yoast-schema-graph\">{\"@context\":\"https:\\\/\\\/schema.org\",\"@graph\":[{\"@type\":\"WebPage\",\"@id\":\"https:\\\/\\\/www.katag.ca\\\/en\\\/aventure-315\\\/\",\"url\":\"https:\\\/\\\/www.katag.ca\\\/en\\\/aventure-315\\\/\",\"name\":\"Aventure 315 | Katag\",\"isPartOf\":{\"@id\":\"https:\\\/\\\/www.katag.ca\\\/#website\"},\"datePublished\":\"2015-01-06T21:49:06+00:00\",\"dateModified\":\"2015-01-09T15:48:48+00:00\",\"breadcrumb\":{\"@id\":\"https:\\\/\\\/www.katag.ca\\\/en\\\/aventure-315\\\/#breadcrumb\"},\"inLanguage\":\"en-US\",\"potentialAction\":[{\"@type\":\"ReadAction\",\"target\":[\"https:\\\/\\\/www.katag.ca\\\/en\\\/aventure-315\\\/\"]}]},{\"@type\":\"BreadcrumbList\",\"@id\":\"https:\\\/\\\/www.katag.ca\\\/en\\\/aventure-315\\\/#breadcrumb\",\"itemListElement\":[{\"@type\":\"ListItem\",\"position\":1,\"name\":\"Accueil\",\"item\":\"https:\\\/\\\/www.katag.ca\\\/\"},{\"@type\":\"ListItem\",\"position\":2,\"name\":\"Aventure 315\"}]},{\"@type\":\"WebSite\",\"@id\":\"https:\\\/\\\/www.katag.ca\\\/#website\",\"url\":\"https:\\\/\\\/www.katag.ca\\\/\",\"name\":\"Katag\",\"description\":\"LE jeu d'&eacute;p&eacute;es-mousse\",\"publisher\":{\"@id\":\"https:\\\/\\\/www.katag.ca\\\/#organization\"},\"potentialAction\":[{\"@type\":\"SearchAction\",\"target\":{\"@type\":\"EntryPoint\",\"urlTemplate\":\"https:\\\/\\\/www.katag.ca\\\/?s={search_term_string}\"},\"query-input\":{\"@type\":\"PropertyValueSpecification\",\"valueRequired\":true,\"valueName\":\"search_term_string\"}}],\"inLanguage\":\"en-US\"},{\"@type\":\"Organization\",\"@id\":\"https:\\\/\\\/www.katag.ca\\\/#organization\",\"name\":\"Katag\",\"url\":\"https:\\\/\\\/www.katag.ca\\\/\",\"logo\":{\"@type\":\"ImageObject\",\"inLanguage\":\"en-US\",\"@id\":\"https:\\\/\\\/www.katag.ca\\\/#\\\/schema\\\/logo\\\/image\\\/\",\"url\":\"https:\\\/\\\/www.katag.ca\\\/wp-content\\\/uploads\\\/2021\\\/03\\\/logo-fr.png\",\"contentUrl\":\"https:\\\/\\\/www.katag.ca\\\/wp-content\\\/uploads\\\/2021\\\/03\\\/logo-fr.png\",\"width\":338,\"height\":173,\"caption\":\"Katag\"},\"image\":{\"@id\":\"https:\\\/\\\/www.katag.ca\\\/#\\\/schema\\\/logo\\\/image\\\/\"},\"sameAs\":[\"https:\\\/\\\/www.facebook.com\\\/Katag.ca\"]}]}<\/script>\n<!-- \/ Yoast SEO plugin. -->","yoast_head_json":{"title":"Aventure 315 | Katag","robots":{"index":"index","follow":"follow","max-snippet":"max-snippet:-1","max-image-preview":"max-image-preview:large","max-video-preview":"max-video-preview:-1"},"canonical":"https:\/\/www.katag.ca\/en\/aventure-315\/","og_locale":"en_US","og_type":"article","og_title":"Aventure 315 | Katag","og_description":"La cr\u00e9ature vous frappe de plein fouet et vous tombez \u00e0 la renverse, ce qui \u00e0 au moins l\u2019avantage de d\u00e9gager vos pieds de la vase dans laquelle vous vous teniez. Toutefois, les crocs de la cr\u00e9ature vous manquent de peu. Veuillez d\u00e9duire deux points de votre total dans la cat\u00e9gorie endurance de votre feuille de route. Vous comprenez rapidement qu\u2019il vous faut fuir au plus vite, car dans ces conditions, ralenti par la vase dans laquelle vous \u00eates plong\u00e9, vos chances de gagner sont plut\u00f4t minces! Vous...","og_url":"https:\/\/www.katag.ca\/en\/aventure-315\/","og_site_name":"Katag","article_publisher":"https:\/\/www.facebook.com\/Katag.ca","article_modified_time":"2015-01-09T15:48:48+00:00","twitter_card":"summary_large_image","twitter_misc":{"Est. reading time":"1 minute"},"schema":{"@context":"https:\/\/schema.org","@graph":[{"@type":"WebPage","@id":"https:\/\/www.katag.ca\/en\/aventure-315\/","url":"https:\/\/www.katag.ca\/en\/aventure-315\/","name":"Aventure 315 | Katag","isPartOf":{"@id":"https:\/\/www.katag.ca\/#website"},"datePublished":"2015-01-06T21:49:06+00:00","dateModified":"2015-01-09T15:48:48+00:00","breadcrumb":{"@id":"https:\/\/www.katag.ca\/en\/aventure-315\/#breadcrumb"},"inLanguage":"en-US","potentialAction":[{"@type":"ReadAction","target":["https:\/\/www.katag.ca\/en\/aventure-315\/"]}]},{"@type":"BreadcrumbList","@id":"https:\/\/www.katag.ca\/en\/aventure-315\/#breadcrumb","itemListElement":[{"@type":"ListItem","position":1,"name":"Accueil","item":"https:\/\/www.katag.ca\/"},{"@type":"ListItem","position":2,"name":"Aventure 315"}]},{"@type":"WebSite","@id":"https:\/\/www.katag.ca\/#website","url":"https:\/\/www.katag.ca\/","name":"Katag","description":"LE jeu d'&eacute;p&eacute;es-mousse","publisher":{"@id":"https:\/\/www.katag.ca\/#organization"},"potentialAction":[{"@type":"SearchAction","target":{"@type":"EntryPoint","urlTemplate":"https:\/\/www.katag.ca\/?s={search_term_string}"},"query-input":{"@type":"PropertyValueSpecification","valueRequired":true,"valueName":"search_term_string"}}],"inLanguage":"en-US"},{"@type":"Organization","@id":"https:\/\/www.katag.ca\/#organization","name":"Katag","url":"https:\/\/www.katag.ca\/","logo":{"@type":"ImageObject","inLanguage":"en-US","@id":"https:\/\/www.katag.ca\/#\/schema\/logo\/image\/","url":"https:\/\/www.katag.ca\/wp-content\/uploads\/2021\/03\/logo-fr.png","contentUrl":"https:\/\/www.katag.ca\/wp-content\/uploads\/2021\/03\/logo-fr.png","width":338,"height":173,"caption":"Katag"},"image":{"@id":"https:\/\/www.katag.ca\/#\/schema\/logo\/image\/"},"sameAs":["https:\/\/www.facebook.com\/Katag.ca"]}]}},"_links":{"self":[{"href":"https:\/\/www.katag.ca\/en\/wp-json\/wp\/v2\/pages\/1601","targetHints":{"allow":["GET"]}}],"collection":[{"href":"https:\/\/www.katag.ca\/en\/wp-json\/wp\/v2\/pages"}],"about":[{"href":"https:\/\/www.katag.ca\/en\/wp-json\/wp\/v2\/types\/page"}],"author":[{"embeddable":true,"href":"https:\/\/www.katag.ca\/en\/wp-json\/wp\/v2\/users\/2"}],"replies":[{"embeddable":true,"href":"https:\/\/www.katag.ca\/en\/wp-json\/wp\/v2\/comments?post=1601"}],"version-history":[{"count":3,"href":"https:\/\/www.katag.ca\/en\/wp-json\/wp\/v2\/pages\/1601\/revisions"}],"predecessor-version":[{"id":2157,"href":"https:\/\/www.katag.ca\/en\/wp-json\/wp\/v2\/pages\/1601\/revisions\/2157"}],"wp:attachment":[{"href":"https:\/\/www.katag.ca\/en\/wp-json\/wp\/v2\/media?parent=1601"}],"curies":[{"name":"wp","href":"https:\/\/api.w.org\/{rel}","templated":true}]}}