{"id":1603,"date":"2015-01-06T21:53:44","date_gmt":"2015-01-06T21:53:44","guid":{"rendered":"http:\/\/www.boutiquekatag.com\/?page_id=1603"},"modified":"2015-01-09T15:49:21","modified_gmt":"2015-01-09T15:49:21","slug":"aventure-316","status":"publish","type":"page","link":"https:\/\/www.katag.ca\/en\/aventure-316\/","title":{"rendered":"aventure 316"},"content":{"rendered":"<p>Vous vous d\u00e9battez avec l\u2019\u00e9nergie du d\u00e9sespoir, mais malheureusement pour vous, cela ne fait qu\u2019acc\u00e9l\u00e9rer le processus et vous vous enfoncez de plus en plus rapidement. Vous tentez de vous d\u00e9gager \u00e0 l\u2019aide de vos bras, mais n\u2019arrivez plus \u00e0 les sortir de la vase. Vous \u00eates maintenant devant une fatalit\u00e9 : vous \u00eates enlis\u00e9 jusqu\u2019aux \u00e9paules et vous n\u2019arrivez plus \u00e0 bouger. <\/p>\n<p>Alors que vous vous demandiez comment votre situation pourrait encore empirer, vous apercevez la grande cr\u00e9ature ail\u00e9e devant laquelle qui vous venez de fuir qui vole dans votre direction. Vous avez l\u2019impression que votre heure vient de sonner.<\/p>\n<div class=\"btn-container  align-center\"><a class=\"organic-btn  dark-blue-btn small-btn  align-center\" href=\"http:\/\/www.katag.ca\/aventure-341\/\"><span class=\"btn-holder\">Cliquez ici pour continuer<\/span><\/a><\/div>\n","protected":false},"excerpt":{"rendered":"<p>Vous vous d\u00e9battez avec l\u2019\u00e9nergie du d\u00e9sespoir, mais malheureusement pour vous, cela ne fait qu\u2019acc\u00e9l\u00e9rer le processus et vous vous enfoncez de plus en plus rapidement. Vous tentez de vous d\u00e9gager \u00e0 l\u2019aide de vos bras, mais n\u2019arrivez plus \u00e0 les sortir de la vase. Vous \u00eates maintenant devant une fatalit\u00e9 : vous \u00eates enlis\u00e9 jusqu\u2019aux \u00e9paules et vous n\u2019arrivez plus \u00e0 bouger. Alors que vous vous demandiez comment votre situation pourrait encore empirer, vous apercevez la grande cr\u00e9ature ail\u00e9e devant laquelle qui vous venez de fuir qui&#8230;<\/p>\n","protected":false},"author":2,"featured_media":0,"parent":0,"menu_order":0,"comment_status":"closed","ping_status":"closed","template":"","meta":{"footnotes":""},"class_list":["post-1603","page","type-page","status-publish","hentry"],"yoast_head":"<!-- This site is optimized with the Yoast SEO plugin v27.5 - https:\/\/yoast.com\/product\/yoast-seo-wordpress\/ -->\n<title>aventure 316 | Katag<\/title>\n<meta name=\"robots\" content=\"index, follow, max-snippet:-1, max-image-preview:large, max-video-preview:-1\" \/>\n<link rel=\"canonical\" href=\"https:\/\/www.katag.ca\/aventure-316\/\" \/>\n<meta property=\"og:locale\" content=\"en_US\" \/>\n<meta property=\"og:type\" content=\"article\" \/>\n<meta property=\"og:title\" content=\"aventure 316 | Katag\" \/>\n<meta property=\"og:description\" content=\"Vous vous d\u00e9battez avec l\u2019\u00e9nergie du d\u00e9sespoir, mais malheureusement pour vous, cela ne fait qu\u2019acc\u00e9l\u00e9rer le processus et vous vous enfoncez de plus en plus rapidement. Vous tentez de vous d\u00e9gager \u00e0 l\u2019aide de vos bras, mais n\u2019arrivez plus \u00e0 les sortir de la vase. Vous \u00eates maintenant devant une fatalit\u00e9 : vous \u00eates enlis\u00e9 jusqu\u2019aux \u00e9paules et vous n\u2019arrivez plus \u00e0 bouger. Alors que vous vous demandiez comment votre situation pourrait encore empirer, vous apercevez la grande cr\u00e9ature ail\u00e9e devant laquelle qui vous venez de fuir qui...\" \/>\n<meta property=\"og:url\" content=\"https:\/\/www.katag.ca\/aventure-316\/\" \/>\n<meta property=\"og:site_name\" content=\"Katag\" \/>\n<meta property=\"article:publisher\" content=\"https:\/\/www.facebook.com\/Katag.ca\" \/>\n<meta property=\"article:modified_time\" content=\"2015-01-09T15:49:21+00:00\" \/>\n<meta name=\"twitter:card\" content=\"summary_large_image\" \/>\n<meta name=\"twitter:label1\" content=\"Est. reading time\" \/>\n\t<meta name=\"twitter:data1\" content=\"1 minute\" \/>\n<script type=\"application\/ld+json\" class=\"yoast-schema-graph\">{\"@context\":\"https:\\\/\\\/schema.org\",\"@graph\":[{\"@type\":\"WebPage\",\"@id\":\"https:\\\/\\\/www.katag.ca\\\/aventure-316\\\/\",\"url\":\"https:\\\/\\\/www.katag.ca\\\/aventure-316\\\/\",\"name\":\"aventure 316 | Katag\",\"isPartOf\":{\"@id\":\"https:\\\/\\\/www.katag.ca\\\/#website\"},\"datePublished\":\"2015-01-06T21:53:44+00:00\",\"dateModified\":\"2015-01-09T15:49:21+00:00\",\"breadcrumb\":{\"@id\":\"https:\\\/\\\/www.katag.ca\\\/aventure-316\\\/#breadcrumb\"},\"inLanguage\":\"en-US\",\"potentialAction\":[{\"@type\":\"ReadAction\",\"target\":[\"https:\\\/\\\/www.katag.ca\\\/aventure-316\\\/\"]}]},{\"@type\":\"BreadcrumbList\",\"@id\":\"https:\\\/\\\/www.katag.ca\\\/aventure-316\\\/#breadcrumb\",\"itemListElement\":[{\"@type\":\"ListItem\",\"position\":1,\"name\":\"Accueil\",\"item\":\"https:\\\/\\\/www.katag.ca\\\/\"},{\"@type\":\"ListItem\",\"position\":2,\"name\":\"aventure 316\"}]},{\"@type\":\"WebSite\",\"@id\":\"https:\\\/\\\/www.katag.ca\\\/#website\",\"url\":\"https:\\\/\\\/www.katag.ca\\\/\",\"name\":\"Katag\",\"description\":\"LE jeu d'&eacute;p&eacute;es-mousse\",\"publisher\":{\"@id\":\"https:\\\/\\\/www.katag.ca\\\/#organization\"},\"potentialAction\":[{\"@type\":\"SearchAction\",\"target\":{\"@type\":\"EntryPoint\",\"urlTemplate\":\"https:\\\/\\\/www.katag.ca\\\/?s={search_term_string}\"},\"query-input\":{\"@type\":\"PropertyValueSpecification\",\"valueRequired\":true,\"valueName\":\"search_term_string\"}}],\"inLanguage\":\"en-US\"},{\"@type\":\"Organization\",\"@id\":\"https:\\\/\\\/www.katag.ca\\\/#organization\",\"name\":\"Katag\",\"url\":\"https:\\\/\\\/www.katag.ca\\\/\",\"logo\":{\"@type\":\"ImageObject\",\"inLanguage\":\"en-US\",\"@id\":\"https:\\\/\\\/www.katag.ca\\\/#\\\/schema\\\/logo\\\/image\\\/\",\"url\":\"https:\\\/\\\/www.katag.ca\\\/wp-content\\\/uploads\\\/2021\\\/03\\\/logo-fr.png\",\"contentUrl\":\"https:\\\/\\\/www.katag.ca\\\/wp-content\\\/uploads\\\/2021\\\/03\\\/logo-fr.png\",\"width\":338,\"height\":173,\"caption\":\"Katag\"},\"image\":{\"@id\":\"https:\\\/\\\/www.katag.ca\\\/#\\\/schema\\\/logo\\\/image\\\/\"},\"sameAs\":[\"https:\\\/\\\/www.facebook.com\\\/Katag.ca\"]}]}<\/script>\n<!-- \/ Yoast SEO plugin. -->","yoast_head_json":{"title":"aventure 316 | Katag","robots":{"index":"index","follow":"follow","max-snippet":"max-snippet:-1","max-image-preview":"max-image-preview:large","max-video-preview":"max-video-preview:-1"},"canonical":"https:\/\/www.katag.ca\/aventure-316\/","og_locale":"en_US","og_type":"article","og_title":"aventure 316 | Katag","og_description":"Vous vous d\u00e9battez avec l\u2019\u00e9nergie du d\u00e9sespoir, mais malheureusement pour vous, cela ne fait qu\u2019acc\u00e9l\u00e9rer le processus et vous vous enfoncez de plus en plus rapidement. Vous tentez de vous d\u00e9gager \u00e0 l\u2019aide de vos bras, mais n\u2019arrivez plus \u00e0 les sortir de la vase. Vous \u00eates maintenant devant une fatalit\u00e9 : vous \u00eates enlis\u00e9 jusqu\u2019aux \u00e9paules et vous n\u2019arrivez plus \u00e0 bouger. Alors que vous vous demandiez comment votre situation pourrait encore empirer, vous apercevez la grande cr\u00e9ature ail\u00e9e devant laquelle qui vous venez de fuir qui...","og_url":"https:\/\/www.katag.ca\/aventure-316\/","og_site_name":"Katag","article_publisher":"https:\/\/www.facebook.com\/Katag.ca","article_modified_time":"2015-01-09T15:49:21+00:00","twitter_card":"summary_large_image","twitter_misc":{"Est. reading time":"1 minute"},"schema":{"@context":"https:\/\/schema.org","@graph":[{"@type":"WebPage","@id":"https:\/\/www.katag.ca\/aventure-316\/","url":"https:\/\/www.katag.ca\/aventure-316\/","name":"aventure 316 | Katag","isPartOf":{"@id":"https:\/\/www.katag.ca\/#website"},"datePublished":"2015-01-06T21:53:44+00:00","dateModified":"2015-01-09T15:49:21+00:00","breadcrumb":{"@id":"https:\/\/www.katag.ca\/aventure-316\/#breadcrumb"},"inLanguage":"en-US","potentialAction":[{"@type":"ReadAction","target":["https:\/\/www.katag.ca\/aventure-316\/"]}]},{"@type":"BreadcrumbList","@id":"https:\/\/www.katag.ca\/aventure-316\/#breadcrumb","itemListElement":[{"@type":"ListItem","position":1,"name":"Accueil","item":"https:\/\/www.katag.ca\/"},{"@type":"ListItem","position":2,"name":"aventure 316"}]},{"@type":"WebSite","@id":"https:\/\/www.katag.ca\/#website","url":"https:\/\/www.katag.ca\/","name":"Katag","description":"LE jeu d'&eacute;p&eacute;es-mousse","publisher":{"@id":"https:\/\/www.katag.ca\/#organization"},"potentialAction":[{"@type":"SearchAction","target":{"@type":"EntryPoint","urlTemplate":"https:\/\/www.katag.ca\/?s={search_term_string}"},"query-input":{"@type":"PropertyValueSpecification","valueRequired":true,"valueName":"search_term_string"}}],"inLanguage":"en-US"},{"@type":"Organization","@id":"https:\/\/www.katag.ca\/#organization","name":"Katag","url":"https:\/\/www.katag.ca\/","logo":{"@type":"ImageObject","inLanguage":"en-US","@id":"https:\/\/www.katag.ca\/#\/schema\/logo\/image\/","url":"https:\/\/www.katag.ca\/wp-content\/uploads\/2021\/03\/logo-fr.png","contentUrl":"https:\/\/www.katag.ca\/wp-content\/uploads\/2021\/03\/logo-fr.png","width":338,"height":173,"caption":"Katag"},"image":{"@id":"https:\/\/www.katag.ca\/#\/schema\/logo\/image\/"},"sameAs":["https:\/\/www.facebook.com\/Katag.ca"]}]}},"_links":{"self":[{"href":"https:\/\/www.katag.ca\/en\/wp-json\/wp\/v2\/pages\/1603","targetHints":{"allow":["GET"]}}],"collection":[{"href":"https:\/\/www.katag.ca\/en\/wp-json\/wp\/v2\/pages"}],"about":[{"href":"https:\/\/www.katag.ca\/en\/wp-json\/wp\/v2\/types\/page"}],"author":[{"embeddable":true,"href":"https:\/\/www.katag.ca\/en\/wp-json\/wp\/v2\/users\/2"}],"replies":[{"embeddable":true,"href":"https:\/\/www.katag.ca\/en\/wp-json\/wp\/v2\/comments?post=1603"}],"version-history":[{"count":3,"href":"https:\/\/www.katag.ca\/en\/wp-json\/wp\/v2\/pages\/1603\/revisions"}],"predecessor-version":[{"id":2159,"href":"https:\/\/www.katag.ca\/en\/wp-json\/wp\/v2\/pages\/1603\/revisions\/2159"}],"wp:attachment":[{"href":"https:\/\/www.katag.ca\/en\/wp-json\/wp\/v2\/media?parent=1603"}],"curies":[{"name":"wp","href":"https:\/\/api.w.org\/{rel}","templated":true}]}}