{"id":1605,"date":"2015-01-06T21:54:17","date_gmt":"2015-01-06T21:54:17","guid":{"rendered":"http:\/\/www.boutiquekatag.com\/?page_id=1605"},"modified":"2015-01-09T15:50:05","modified_gmt":"2015-01-09T15:50:05","slug":"aventure-317","status":"publish","type":"page","link":"https:\/\/www.katag.ca\/en\/aventure-317\/","title":{"rendered":"Aventure 317"},"content":{"rendered":"<p>Pendant que vous vous enfoncez, vous choisissez d\u2019agir avec calme, en ne brusquant rien, sachant tr\u00e8s bien que la pire chose \u00e0 faire dans une telle situation est de vous d\u00e9battre. Cette attitude vous sert d\u2019ailleurs tr\u00e8s bien. Alors que vous r\u00e9ussissez \u00e0 mettre un pied en-dehors de la zone dangereuse, vous apercevez une cr\u00e9ature ressemblant \u00e0 un alligator qui s\u2019approche vers vous. Vous devez agir rapidement, mais sans vous enfoncer davantage. Finalement, vous r\u00e9ussissez \u00e0 vous d\u00e9gager et gagnez la clairi\u00e8re et votre assaillant cesse de vous suivre. Vous jugez qu\u2019il est pr\u00e9f\u00e9rable  d\u2019affronter la cr\u00e9ature ail\u00e9e sur la terre ferme plut\u00f4t qu\u2019un l\u00e9zard g\u00e9ant dans l\u2019eau vaseuse. Veuillez ajouter un point \u00e0 votre total dans la cat\u00e9gorie agilit\u00e9 sur votre feuille de route.<\/p>\n<p>La cr\u00e9ature ail\u00e9e vole toujours en cercle au-dessus de votre t\u00eate. Il est temps de combattre.<\/p>\n<div class=\"btn-container  align-center\"><a class=\"organic-btn  dark-blue-btn small-btn  align-center\" href=\"http:\/\/www.katag.ca\/aventure-312\/\"><span class=\"btn-holder\">Si vous avez d\u00e9j\u00e0 rencontr\u00e9 Flando et Itarkil, cliquez ici<\/span><\/a><\/div>\n<div class=\"btn-container  align-center\"><a class=\"organic-btn  dark-blue-btn small-btn  align-center\" href=\"http:\/\/www.katag.ca\/aventure-313\/\"><span class=\"btn-holder\">Sinon, cliquez ici<\/span><\/a><\/div>\n","protected":false},"excerpt":{"rendered":"<p>Pendant que vous vous enfoncez, vous choisissez d\u2019agir avec calme, en ne brusquant rien, sachant tr\u00e8s bien que la pire chose \u00e0 faire dans une telle situation est de vous d\u00e9battre. Cette attitude vous sert d\u2019ailleurs tr\u00e8s bien. Alors que vous r\u00e9ussissez \u00e0 mettre un pied en-dehors de la zone dangereuse, vous apercevez une cr\u00e9ature ressemblant \u00e0 un alligator qui s\u2019approche vers vous. Vous devez agir rapidement, mais sans vous enfoncer davantage. Finalement, vous r\u00e9ussissez \u00e0 vous d\u00e9gager et gagnez la clairi\u00e8re et votre assaillant cesse de vous&#8230;<\/p>\n","protected":false},"author":2,"featured_media":0,"parent":0,"menu_order":0,"comment_status":"closed","ping_status":"closed","template":"","meta":{"footnotes":""},"class_list":["post-1605","page","type-page","status-publish","hentry"],"yoast_head":"<!-- This site is optimized with the Yoast SEO plugin v27.5 - https:\/\/yoast.com\/product\/yoast-seo-wordpress\/ -->\n<title>Aventure 317 | Katag<\/title>\n<meta name=\"robots\" content=\"index, follow, max-snippet:-1, max-image-preview:large, max-video-preview:-1\" \/>\n<link rel=\"canonical\" href=\"https:\/\/www.katag.ca\/en\/aventure-317\/\" \/>\n<meta property=\"og:locale\" content=\"en_US\" \/>\n<meta property=\"og:type\" content=\"article\" \/>\n<meta property=\"og:title\" content=\"Aventure 317 | Katag\" \/>\n<meta property=\"og:description\" content=\"Pendant que vous vous enfoncez, vous choisissez d\u2019agir avec calme, en ne brusquant rien, sachant tr\u00e8s bien que la pire chose \u00e0 faire dans une telle situation est de vous d\u00e9battre. Cette attitude vous sert d\u2019ailleurs tr\u00e8s bien. Alors que vous r\u00e9ussissez \u00e0 mettre un pied en-dehors de la zone dangereuse, vous apercevez une cr\u00e9ature ressemblant \u00e0 un alligator qui s\u2019approche vers vous. Vous devez agir rapidement, mais sans vous enfoncer davantage. Finalement, vous r\u00e9ussissez \u00e0 vous d\u00e9gager et gagnez la clairi\u00e8re et votre assaillant cesse de vous...\" \/>\n<meta property=\"og:url\" content=\"https:\/\/www.katag.ca\/en\/aventure-317\/\" \/>\n<meta property=\"og:site_name\" content=\"Katag\" \/>\n<meta property=\"article:publisher\" content=\"https:\/\/www.facebook.com\/Katag.ca\" \/>\n<meta property=\"article:modified_time\" content=\"2015-01-09T15:50:05+00:00\" \/>\n<meta name=\"twitter:card\" content=\"summary_large_image\" \/>\n<meta name=\"twitter:label1\" content=\"Est. reading time\" \/>\n\t<meta name=\"twitter:data1\" content=\"1 minute\" \/>\n<script type=\"application\/ld+json\" class=\"yoast-schema-graph\">{\"@context\":\"https:\\\/\\\/schema.org\",\"@graph\":[{\"@type\":\"WebPage\",\"@id\":\"https:\\\/\\\/www.katag.ca\\\/en\\\/aventure-317\\\/\",\"url\":\"https:\\\/\\\/www.katag.ca\\\/en\\\/aventure-317\\\/\",\"name\":\"Aventure 317 | Katag\",\"isPartOf\":{\"@id\":\"https:\\\/\\\/www.katag.ca\\\/#website\"},\"datePublished\":\"2015-01-06T21:54:17+00:00\",\"dateModified\":\"2015-01-09T15:50:05+00:00\",\"breadcrumb\":{\"@id\":\"https:\\\/\\\/www.katag.ca\\\/en\\\/aventure-317\\\/#breadcrumb\"},\"inLanguage\":\"en-US\",\"potentialAction\":[{\"@type\":\"ReadAction\",\"target\":[\"https:\\\/\\\/www.katag.ca\\\/en\\\/aventure-317\\\/\"]}]},{\"@type\":\"BreadcrumbList\",\"@id\":\"https:\\\/\\\/www.katag.ca\\\/en\\\/aventure-317\\\/#breadcrumb\",\"itemListElement\":[{\"@type\":\"ListItem\",\"position\":1,\"name\":\"Accueil\",\"item\":\"https:\\\/\\\/www.katag.ca\\\/\"},{\"@type\":\"ListItem\",\"position\":2,\"name\":\"Aventure 317\"}]},{\"@type\":\"WebSite\",\"@id\":\"https:\\\/\\\/www.katag.ca\\\/#website\",\"url\":\"https:\\\/\\\/www.katag.ca\\\/\",\"name\":\"Katag\",\"description\":\"LE jeu d'&eacute;p&eacute;es-mousse\",\"publisher\":{\"@id\":\"https:\\\/\\\/www.katag.ca\\\/#organization\"},\"potentialAction\":[{\"@type\":\"SearchAction\",\"target\":{\"@type\":\"EntryPoint\",\"urlTemplate\":\"https:\\\/\\\/www.katag.ca\\\/?s={search_term_string}\"},\"query-input\":{\"@type\":\"PropertyValueSpecification\",\"valueRequired\":true,\"valueName\":\"search_term_string\"}}],\"inLanguage\":\"en-US\"},{\"@type\":\"Organization\",\"@id\":\"https:\\\/\\\/www.katag.ca\\\/#organization\",\"name\":\"Katag\",\"url\":\"https:\\\/\\\/www.katag.ca\\\/\",\"logo\":{\"@type\":\"ImageObject\",\"inLanguage\":\"en-US\",\"@id\":\"https:\\\/\\\/www.katag.ca\\\/#\\\/schema\\\/logo\\\/image\\\/\",\"url\":\"https:\\\/\\\/www.katag.ca\\\/wp-content\\\/uploads\\\/2021\\\/03\\\/logo-fr.png\",\"contentUrl\":\"https:\\\/\\\/www.katag.ca\\\/wp-content\\\/uploads\\\/2021\\\/03\\\/logo-fr.png\",\"width\":338,\"height\":173,\"caption\":\"Katag\"},\"image\":{\"@id\":\"https:\\\/\\\/www.katag.ca\\\/#\\\/schema\\\/logo\\\/image\\\/\"},\"sameAs\":[\"https:\\\/\\\/www.facebook.com\\\/Katag.ca\"]}]}<\/script>\n<!-- \/ Yoast SEO plugin. -->","yoast_head_json":{"title":"Aventure 317 | Katag","robots":{"index":"index","follow":"follow","max-snippet":"max-snippet:-1","max-image-preview":"max-image-preview:large","max-video-preview":"max-video-preview:-1"},"canonical":"https:\/\/www.katag.ca\/en\/aventure-317\/","og_locale":"en_US","og_type":"article","og_title":"Aventure 317 | Katag","og_description":"Pendant que vous vous enfoncez, vous choisissez d\u2019agir avec calme, en ne brusquant rien, sachant tr\u00e8s bien que la pire chose \u00e0 faire dans une telle situation est de vous d\u00e9battre. Cette attitude vous sert d\u2019ailleurs tr\u00e8s bien. Alors que vous r\u00e9ussissez \u00e0 mettre un pied en-dehors de la zone dangereuse, vous apercevez une cr\u00e9ature ressemblant \u00e0 un alligator qui s\u2019approche vers vous. Vous devez agir rapidement, mais sans vous enfoncer davantage. Finalement, vous r\u00e9ussissez \u00e0 vous d\u00e9gager et gagnez la clairi\u00e8re et votre assaillant cesse de vous...","og_url":"https:\/\/www.katag.ca\/en\/aventure-317\/","og_site_name":"Katag","article_publisher":"https:\/\/www.facebook.com\/Katag.ca","article_modified_time":"2015-01-09T15:50:05+00:00","twitter_card":"summary_large_image","twitter_misc":{"Est. reading time":"1 minute"},"schema":{"@context":"https:\/\/schema.org","@graph":[{"@type":"WebPage","@id":"https:\/\/www.katag.ca\/en\/aventure-317\/","url":"https:\/\/www.katag.ca\/en\/aventure-317\/","name":"Aventure 317 | Katag","isPartOf":{"@id":"https:\/\/www.katag.ca\/#website"},"datePublished":"2015-01-06T21:54:17+00:00","dateModified":"2015-01-09T15:50:05+00:00","breadcrumb":{"@id":"https:\/\/www.katag.ca\/en\/aventure-317\/#breadcrumb"},"inLanguage":"en-US","potentialAction":[{"@type":"ReadAction","target":["https:\/\/www.katag.ca\/en\/aventure-317\/"]}]},{"@type":"BreadcrumbList","@id":"https:\/\/www.katag.ca\/en\/aventure-317\/#breadcrumb","itemListElement":[{"@type":"ListItem","position":1,"name":"Accueil","item":"https:\/\/www.katag.ca\/"},{"@type":"ListItem","position":2,"name":"Aventure 317"}]},{"@type":"WebSite","@id":"https:\/\/www.katag.ca\/#website","url":"https:\/\/www.katag.ca\/","name":"Katag","description":"LE jeu d'&eacute;p&eacute;es-mousse","publisher":{"@id":"https:\/\/www.katag.ca\/#organization"},"potentialAction":[{"@type":"SearchAction","target":{"@type":"EntryPoint","urlTemplate":"https:\/\/www.katag.ca\/?s={search_term_string}"},"query-input":{"@type":"PropertyValueSpecification","valueRequired":true,"valueName":"search_term_string"}}],"inLanguage":"en-US"},{"@type":"Organization","@id":"https:\/\/www.katag.ca\/#organization","name":"Katag","url":"https:\/\/www.katag.ca\/","logo":{"@type":"ImageObject","inLanguage":"en-US","@id":"https:\/\/www.katag.ca\/#\/schema\/logo\/image\/","url":"https:\/\/www.katag.ca\/wp-content\/uploads\/2021\/03\/logo-fr.png","contentUrl":"https:\/\/www.katag.ca\/wp-content\/uploads\/2021\/03\/logo-fr.png","width":338,"height":173,"caption":"Katag"},"image":{"@id":"https:\/\/www.katag.ca\/#\/schema\/logo\/image\/"},"sameAs":["https:\/\/www.facebook.com\/Katag.ca"]}]}},"_links":{"self":[{"href":"https:\/\/www.katag.ca\/en\/wp-json\/wp\/v2\/pages\/1605","targetHints":{"allow":["GET"]}}],"collection":[{"href":"https:\/\/www.katag.ca\/en\/wp-json\/wp\/v2\/pages"}],"about":[{"href":"https:\/\/www.katag.ca\/en\/wp-json\/wp\/v2\/types\/page"}],"author":[{"embeddable":true,"href":"https:\/\/www.katag.ca\/en\/wp-json\/wp\/v2\/users\/2"}],"replies":[{"embeddable":true,"href":"https:\/\/www.katag.ca\/en\/wp-json\/wp\/v2\/comments?post=1605"}],"version-history":[{"count":2,"href":"https:\/\/www.katag.ca\/en\/wp-json\/wp\/v2\/pages\/1605\/revisions"}],"predecessor-version":[{"id":2160,"href":"https:\/\/www.katag.ca\/en\/wp-json\/wp\/v2\/pages\/1605\/revisions\/2160"}],"wp:attachment":[{"href":"https:\/\/www.katag.ca\/en\/wp-json\/wp\/v2\/media?parent=1605"}],"curies":[{"name":"wp","href":"https:\/\/api.w.org\/{rel}","templated":true}]}}