{"id":1609,"date":"2015-01-06T21:55:15","date_gmt":"2015-01-06T21:55:15","guid":{"rendered":"http:\/\/www.boutiquekatag.com\/?page_id=1609"},"modified":"2015-01-09T15:51:39","modified_gmt":"2015-01-09T15:51:39","slug":"aventure-319","status":"publish","type":"page","link":"https:\/\/www.katag.ca\/en\/aventure-319\/","title":{"rendered":"Aventure 319"},"content":{"rendered":"<p>Vous d\u00e9cidez donc de prendre la fuite, sans vraiment savoir ce qui vous pourchasse. Vous courrez, en tournant de temps \u00e0 autre la t\u00eate pour voir si la menace s\u2019approche de vous. Malheureusement pour vous, la construction de ce pont n\u2019a jamais \u00e9t\u00e9 achev\u00e9e et vous tombez lourdement dans le marais! Le bruit de votre chute attire les pr\u00e9dateurs et vous \u00eates rapidement entour\u00e9 d\u2019animaux \u00e0 l\u2019allure pr\u00e9historique. Vous avez l\u2019impression que votre heure vient de sonner.<\/p>\n<p>Soudain, vous apercevez la menace qui venait du ciel, une grande cr\u00e9ature ail\u00e9e qui s\u2019approche de vous et vous saisit de ses griffes, vous emportant vers le ciel et vous sauvant par le fait m\u00eame des pr\u00e9dateurs qui vous entouraient. La b\u00eate ail\u00e9e vous transporte jusqu\u2019\u00e0 une petite clairi\u00e8re, non loin de l\u00e0 et vous d\u00e9pose doucement avant de se poser elle-m\u00eame sur le sol, non loin de vous. Vous la regardez droit dans les yeux, sans broncher. Soudain, une voix r\u00e9sonne dans votre t\u00eate : \u00ab Bonjour cher ami, vous \u00eates tr\u00e8s brave \u00e0 ce que je peux voir. Vous avez certainement des amis au dojo de l\u2019Air pour \u00eatre en mesure d\u2019ex\u00e9cuter une telle man\u0153uvre. Je me nomme Midral et je suis un Mirador. Je n\u2019ai pas la facult\u00e9 de parole, mais je suis capable de communiquer par voie t\u00e9l\u00e9pathique. J\u2019ai \u00e9t\u00e9 envoy\u00e9 par ma\u00eetre Igashu, sage du Clan de la nature. Il a eu une vision : il vous voyait pris au pi\u00e8ge dans les mar\u00e9cages et attaqu\u00e9 par des crocotores. Il m\u2019a demand\u00e9 de venir tester votre courage et de vous emp\u00eacher de vous jeter dans leurs gueules. Si vous aviez d\u00e9cid\u00e9 de fuir devant moi, j\u2019en aurais d\u00e9duit que vous n\u2019\u00e9tiez pas pr\u00eat \u00e0 affronter votre destin. Je serai heureux d\u2019informer ma\u00eetre Igashu de votre grand courage. Permettez-moi de vous faire deux importantes recommandations. Je vous sugg\u00e8re d\u2019abord de ne pas vous jeter dans les marais. Ils sont infest\u00e9s de crocotores et vous n\u2019auriez pas beaucoup de chances de vous en tirer. \u00c0 dix contre un, le combat est in\u00e9gal, peu importe la bravoure. Je crois \u00e9galement savoir dans quelle direction il est pr\u00e9f\u00e9rable de vous diriger. En survolant les lieux, j\u2019ai aper\u00e7u le cauchemar que vous pourchassez qui se dirigeait vers la statue de Dinar et la for\u00eat qui l\u2019entoure, \u00e0 la limite ouest du lac Diga, lac qui a la forme d\u2019un petit dragon. Je me propose de vous conduire \u00e0 de la statue. Vous n\u2019avez qu\u2019\u00e0 grimper sur mon dos. \u00bb<\/p>\n<p>Vous vous ex\u00e9cutez et, du haut des airs, vous arrivez \u00e0 voir au loin la statue dont Midral parlait. Vous pouvez \u00e9galement observer le dojo de l\u2019Eau, qui est immense et est compl\u00e8tement submerg\u00e9 dans les profondeurs du lac, dont l\u2019eau est cristalline. Apr\u00e8s avoir \u00e9t\u00e9 transport\u00e9 pendant une dizaine de minutes, le Mirador descend et vous d\u00e9pose devant la statue. \u00abJe vous souhaite bonne chance, vous dit-il, et continuez de faire preuve de courage, cela vous servira grandement \u00bb Sur ce, il vous quitte, vous laissant seul devant votre destin.<\/p>\n<div class=\"btn-container  align-center\"><a class=\"organic-btn  dark-blue-btn small-btn  align-center\" href=\"http:\/\/www.katag.ca\/aventure-292\/\"><span class=\"btn-holder\">Cliquez ici pour continuer<\/span><\/a><\/div>\n","protected":false},"excerpt":{"rendered":"<p>Vous d\u00e9cidez donc de prendre la fuite, sans vraiment savoir ce qui vous pourchasse. Vous courrez, en tournant de temps \u00e0 autre la t\u00eate pour voir si la menace s\u2019approche de vous. Malheureusement pour vous, la construction de ce pont n\u2019a jamais \u00e9t\u00e9 achev\u00e9e et vous tombez lourdement dans le marais! Le bruit de votre chute attire les pr\u00e9dateurs et vous \u00eates rapidement entour\u00e9 d\u2019animaux \u00e0 l\u2019allure pr\u00e9historique. Vous avez l\u2019impression que votre heure vient de sonner. Soudain, vous apercevez la menace qui venait du ciel, une grande&#8230;<\/p>\n","protected":false},"author":2,"featured_media":0,"parent":0,"menu_order":0,"comment_status":"closed","ping_status":"closed","template":"","meta":{"footnotes":""},"class_list":["post-1609","page","type-page","status-publish","hentry"],"yoast_head":"<!-- This site is optimized with the Yoast SEO plugin v27.5 - https:\/\/yoast.com\/product\/yoast-seo-wordpress\/ -->\n<title>Aventure 319 | Katag<\/title>\n<meta name=\"robots\" content=\"index, follow, max-snippet:-1, max-image-preview:large, max-video-preview:-1\" \/>\n<link rel=\"canonical\" href=\"https:\/\/www.katag.ca\/en\/aventure-319\/\" \/>\n<meta property=\"og:locale\" content=\"en_US\" \/>\n<meta property=\"og:type\" content=\"article\" \/>\n<meta property=\"og:title\" content=\"Aventure 319 | Katag\" \/>\n<meta property=\"og:description\" content=\"Vous d\u00e9cidez donc de prendre la fuite, sans vraiment savoir ce qui vous pourchasse. Vous courrez, en tournant de temps \u00e0 autre la t\u00eate pour voir si la menace s\u2019approche de vous. Malheureusement pour vous, la construction de ce pont n\u2019a jamais \u00e9t\u00e9 achev\u00e9e et vous tombez lourdement dans le marais! Le bruit de votre chute attire les pr\u00e9dateurs et vous \u00eates rapidement entour\u00e9 d\u2019animaux \u00e0 l\u2019allure pr\u00e9historique. Vous avez l\u2019impression que votre heure vient de sonner. Soudain, vous apercevez la menace qui venait du ciel, une grande...\" \/>\n<meta property=\"og:url\" content=\"https:\/\/www.katag.ca\/en\/aventure-319\/\" \/>\n<meta property=\"og:site_name\" content=\"Katag\" \/>\n<meta property=\"article:publisher\" content=\"https:\/\/www.facebook.com\/Katag.ca\" \/>\n<meta property=\"article:modified_time\" content=\"2015-01-09T15:51:39+00:00\" \/>\n<meta name=\"twitter:card\" content=\"summary_large_image\" \/>\n<meta name=\"twitter:label1\" content=\"Est. reading time\" \/>\n\t<meta name=\"twitter:data1\" content=\"3 minutes\" \/>\n<script type=\"application\/ld+json\" class=\"yoast-schema-graph\">{\"@context\":\"https:\\\/\\\/schema.org\",\"@graph\":[{\"@type\":\"WebPage\",\"@id\":\"https:\\\/\\\/www.katag.ca\\\/en\\\/aventure-319\\\/\",\"url\":\"https:\\\/\\\/www.katag.ca\\\/en\\\/aventure-319\\\/\",\"name\":\"Aventure 319 | Katag\",\"isPartOf\":{\"@id\":\"https:\\\/\\\/www.katag.ca\\\/#website\"},\"datePublished\":\"2015-01-06T21:55:15+00:00\",\"dateModified\":\"2015-01-09T15:51:39+00:00\",\"breadcrumb\":{\"@id\":\"https:\\\/\\\/www.katag.ca\\\/en\\\/aventure-319\\\/#breadcrumb\"},\"inLanguage\":\"en-US\",\"potentialAction\":[{\"@type\":\"ReadAction\",\"target\":[\"https:\\\/\\\/www.katag.ca\\\/en\\\/aventure-319\\\/\"]}]},{\"@type\":\"BreadcrumbList\",\"@id\":\"https:\\\/\\\/www.katag.ca\\\/en\\\/aventure-319\\\/#breadcrumb\",\"itemListElement\":[{\"@type\":\"ListItem\",\"position\":1,\"name\":\"Accueil\",\"item\":\"https:\\\/\\\/www.katag.ca\\\/\"},{\"@type\":\"ListItem\",\"position\":2,\"name\":\"Aventure 319\"}]},{\"@type\":\"WebSite\",\"@id\":\"https:\\\/\\\/www.katag.ca\\\/#website\",\"url\":\"https:\\\/\\\/www.katag.ca\\\/\",\"name\":\"Katag\",\"description\":\"LE jeu d'&eacute;p&eacute;es-mousse\",\"publisher\":{\"@id\":\"https:\\\/\\\/www.katag.ca\\\/#organization\"},\"potentialAction\":[{\"@type\":\"SearchAction\",\"target\":{\"@type\":\"EntryPoint\",\"urlTemplate\":\"https:\\\/\\\/www.katag.ca\\\/?s={search_term_string}\"},\"query-input\":{\"@type\":\"PropertyValueSpecification\",\"valueRequired\":true,\"valueName\":\"search_term_string\"}}],\"inLanguage\":\"en-US\"},{\"@type\":\"Organization\",\"@id\":\"https:\\\/\\\/www.katag.ca\\\/#organization\",\"name\":\"Katag\",\"url\":\"https:\\\/\\\/www.katag.ca\\\/\",\"logo\":{\"@type\":\"ImageObject\",\"inLanguage\":\"en-US\",\"@id\":\"https:\\\/\\\/www.katag.ca\\\/#\\\/schema\\\/logo\\\/image\\\/\",\"url\":\"https:\\\/\\\/www.katag.ca\\\/wp-content\\\/uploads\\\/2021\\\/03\\\/logo-fr.png\",\"contentUrl\":\"https:\\\/\\\/www.katag.ca\\\/wp-content\\\/uploads\\\/2021\\\/03\\\/logo-fr.png\",\"width\":338,\"height\":173,\"caption\":\"Katag\"},\"image\":{\"@id\":\"https:\\\/\\\/www.katag.ca\\\/#\\\/schema\\\/logo\\\/image\\\/\"},\"sameAs\":[\"https:\\\/\\\/www.facebook.com\\\/Katag.ca\"]}]}<\/script>\n<!-- \/ Yoast SEO plugin. -->","yoast_head_json":{"title":"Aventure 319 | Katag","robots":{"index":"index","follow":"follow","max-snippet":"max-snippet:-1","max-image-preview":"max-image-preview:large","max-video-preview":"max-video-preview:-1"},"canonical":"https:\/\/www.katag.ca\/en\/aventure-319\/","og_locale":"en_US","og_type":"article","og_title":"Aventure 319 | Katag","og_description":"Vous d\u00e9cidez donc de prendre la fuite, sans vraiment savoir ce qui vous pourchasse. Vous courrez, en tournant de temps \u00e0 autre la t\u00eate pour voir si la menace s\u2019approche de vous. Malheureusement pour vous, la construction de ce pont n\u2019a jamais \u00e9t\u00e9 achev\u00e9e et vous tombez lourdement dans le marais! Le bruit de votre chute attire les pr\u00e9dateurs et vous \u00eates rapidement entour\u00e9 d\u2019animaux \u00e0 l\u2019allure pr\u00e9historique. Vous avez l\u2019impression que votre heure vient de sonner. Soudain, vous apercevez la menace qui venait du ciel, une grande...","og_url":"https:\/\/www.katag.ca\/en\/aventure-319\/","og_site_name":"Katag","article_publisher":"https:\/\/www.facebook.com\/Katag.ca","article_modified_time":"2015-01-09T15:51:39+00:00","twitter_card":"summary_large_image","twitter_misc":{"Est. reading time":"3 minutes"},"schema":{"@context":"https:\/\/schema.org","@graph":[{"@type":"WebPage","@id":"https:\/\/www.katag.ca\/en\/aventure-319\/","url":"https:\/\/www.katag.ca\/en\/aventure-319\/","name":"Aventure 319 | Katag","isPartOf":{"@id":"https:\/\/www.katag.ca\/#website"},"datePublished":"2015-01-06T21:55:15+00:00","dateModified":"2015-01-09T15:51:39+00:00","breadcrumb":{"@id":"https:\/\/www.katag.ca\/en\/aventure-319\/#breadcrumb"},"inLanguage":"en-US","potentialAction":[{"@type":"ReadAction","target":["https:\/\/www.katag.ca\/en\/aventure-319\/"]}]},{"@type":"BreadcrumbList","@id":"https:\/\/www.katag.ca\/en\/aventure-319\/#breadcrumb","itemListElement":[{"@type":"ListItem","position":1,"name":"Accueil","item":"https:\/\/www.katag.ca\/"},{"@type":"ListItem","position":2,"name":"Aventure 319"}]},{"@type":"WebSite","@id":"https:\/\/www.katag.ca\/#website","url":"https:\/\/www.katag.ca\/","name":"Katag","description":"LE jeu d'&eacute;p&eacute;es-mousse","publisher":{"@id":"https:\/\/www.katag.ca\/#organization"},"potentialAction":[{"@type":"SearchAction","target":{"@type":"EntryPoint","urlTemplate":"https:\/\/www.katag.ca\/?s={search_term_string}"},"query-input":{"@type":"PropertyValueSpecification","valueRequired":true,"valueName":"search_term_string"}}],"inLanguage":"en-US"},{"@type":"Organization","@id":"https:\/\/www.katag.ca\/#organization","name":"Katag","url":"https:\/\/www.katag.ca\/","logo":{"@type":"ImageObject","inLanguage":"en-US","@id":"https:\/\/www.katag.ca\/#\/schema\/logo\/image\/","url":"https:\/\/www.katag.ca\/wp-content\/uploads\/2021\/03\/logo-fr.png","contentUrl":"https:\/\/www.katag.ca\/wp-content\/uploads\/2021\/03\/logo-fr.png","width":338,"height":173,"caption":"Katag"},"image":{"@id":"https:\/\/www.katag.ca\/#\/schema\/logo\/image\/"},"sameAs":["https:\/\/www.facebook.com\/Katag.ca"]}]}},"_links":{"self":[{"href":"https:\/\/www.katag.ca\/en\/wp-json\/wp\/v2\/pages\/1609","targetHints":{"allow":["GET"]}}],"collection":[{"href":"https:\/\/www.katag.ca\/en\/wp-json\/wp\/v2\/pages"}],"about":[{"href":"https:\/\/www.katag.ca\/en\/wp-json\/wp\/v2\/types\/page"}],"author":[{"embeddable":true,"href":"https:\/\/www.katag.ca\/en\/wp-json\/wp\/v2\/users\/2"}],"replies":[{"embeddable":true,"href":"https:\/\/www.katag.ca\/en\/wp-json\/wp\/v2\/comments?post=1609"}],"version-history":[{"count":2,"href":"https:\/\/www.katag.ca\/en\/wp-json\/wp\/v2\/pages\/1609\/revisions"}],"predecessor-version":[{"id":2163,"href":"https:\/\/www.katag.ca\/en\/wp-json\/wp\/v2\/pages\/1609\/revisions\/2163"}],"wp:attachment":[{"href":"https:\/\/www.katag.ca\/en\/wp-json\/wp\/v2\/media?parent=1609"}],"curies":[{"name":"wp","href":"https:\/\/api.w.org\/{rel}","templated":true}]}}