{"id":1621,"date":"2015-01-06T21:58:23","date_gmt":"2015-01-06T21:58:23","guid":{"rendered":"http:\/\/www.boutiquekatag.com\/?page_id=1621"},"modified":"2015-01-09T15:55:24","modified_gmt":"2015-01-09T15:55:24","slug":"aventure-325","status":"publish","type":"page","link":"https:\/\/www.katag.ca\/en\/aventure-325\/","title":{"rendered":"Aventure 325"},"content":{"rendered":"<p>M\u00eame si vous n\u2019\u00eates pas un adepte de m\u00e9ditation, vous vous surprenez \u00e0 tomber rapidement dans un \u00e9tat de calme absolu, connect\u00e9 au rythme des vibrations \u00e9mises par la pierre pr\u00e9cieuse de la statue. Puis, petit \u00e0 petit, des images vous apparaissent. Vous voyez tout d\u2019abord le lac Diga dans son \u00e9tendue et constatez que ces images proviennent soit d\u2019un pass\u00e9 tr\u00e8s lointain ou d\u2019un futur incertain. Vous voyez ensuite des images de guerriers arrivant par le lac sur de grands bateaux et d\u2019autres le contournant de chaque c\u00f4t\u00e9. Ensuite, apparaissent des images d\u2019humano\u00efdes qui arrivent de la for\u00eat pour les affronter, accompagn\u00e9s par une incroyable vari\u00e9t\u00e9 de cr\u00e9atures \u00e9tranges allant de dragons gigantesques jusqu\u2019aux fauves les plus f\u00e9roces! Vous comprenez qu\u2019il doit s\u2019agir de cauchemars. Sur la plage, un violent combat fait rage entre deux races animales. Les mots kanydrales et traqueurs apparaissent dans votre t\u00eate. Votre transe m\u00e9ditative ne vous permet pas de voir la bataille entre les deux peuples, mais vous comprenez en voyant des milliers de personnes menott\u00e9es se faire escorter en direction du port de Manifeste que le peuple provenant des for\u00eats semble avoir perdu. Vous voyez \u00e9galement que certains ont pris la fuite en s\u2019enfon\u00e7ant dans les bois. Vous \u00eates surpris de constater que les guerriers qui les affrontaient ne semblent pas oser s\u2019y aventurer. <\/p>\n<p>Votre vision s\u2019estompe et vous ouvrez les yeux. Vous ne pouvez dire si ces images proviennent du pass\u00e9 ou du futur, mais vous esp\u00e9rez que c\u2019est du pass\u00e9 dont il s\u2019agit. Sinon, cela veut dire qu\u2019une terrible guerre aura lieu\u2026 <\/p>\n<div class=\"btn-container  align-center\"><a class=\"organic-btn  dark-blue-btn small-btn  align-center\" href=\"http:\/\/www.katag.ca\/aventure-326\/\"><span class=\"btn-holder\">Cliquez ici pour continuer<\/span><\/a><\/div>\n","protected":false},"excerpt":{"rendered":"<p>M\u00eame si vous n\u2019\u00eates pas un adepte de m\u00e9ditation, vous vous surprenez \u00e0 tomber rapidement dans un \u00e9tat de calme absolu, connect\u00e9 au rythme des vibrations \u00e9mises par la pierre pr\u00e9cieuse de la statue. Puis, petit \u00e0 petit, des images vous apparaissent. Vous voyez tout d\u2019abord le lac Diga dans son \u00e9tendue et constatez que ces images proviennent soit d\u2019un pass\u00e9 tr\u00e8s lointain ou d\u2019un futur incertain. Vous voyez ensuite des images de guerriers arrivant par le lac sur de grands bateaux et d\u2019autres le contournant de chaque&#8230;<\/p>\n","protected":false},"author":2,"featured_media":0,"parent":0,"menu_order":0,"comment_status":"closed","ping_status":"closed","template":"","meta":{"footnotes":""},"class_list":["post-1621","page","type-page","status-publish","hentry"],"yoast_head":"<!-- This site is optimized with the Yoast SEO plugin v26.0 - https:\/\/yoast.com\/wordpress\/plugins\/seo\/ -->\n<title>Aventure 325 | Katag<\/title>\n<meta name=\"robots\" content=\"index, follow, max-snippet:-1, max-image-preview:large, max-video-preview:-1\" \/>\n<link rel=\"canonical\" href=\"https:\/\/www.katag.ca\/en\/aventure-325\/\" \/>\n<meta property=\"og:locale\" content=\"en_US\" \/>\n<meta property=\"og:type\" content=\"article\" \/>\n<meta property=\"og:title\" content=\"Aventure 325 | Katag\" \/>\n<meta property=\"og:description\" content=\"M\u00eame si vous n\u2019\u00eates pas un adepte de m\u00e9ditation, vous vous surprenez \u00e0 tomber rapidement dans un \u00e9tat de calme absolu, connect\u00e9 au rythme des vibrations \u00e9mises par la pierre pr\u00e9cieuse de la statue. Puis, petit \u00e0 petit, des images vous apparaissent. Vous voyez tout d\u2019abord le lac Diga dans son \u00e9tendue et constatez que ces images proviennent soit d\u2019un pass\u00e9 tr\u00e8s lointain ou d\u2019un futur incertain. Vous voyez ensuite des images de guerriers arrivant par le lac sur de grands bateaux et d\u2019autres le contournant de chaque...\" \/>\n<meta property=\"og:url\" content=\"https:\/\/www.katag.ca\/en\/aventure-325\/\" \/>\n<meta property=\"og:site_name\" content=\"Katag\" \/>\n<meta property=\"article:publisher\" content=\"https:\/\/www.facebook.com\/Katag.ca\" \/>\n<meta property=\"article:modified_time\" content=\"2015-01-09T15:55:24+00:00\" \/>\n<meta name=\"twitter:card\" content=\"summary_large_image\" \/>\n<meta name=\"twitter:label1\" content=\"Est. reading time\" \/>\n\t<meta name=\"twitter:data1\" content=\"2 minutes\" \/>\n<script type=\"application\/ld+json\" class=\"yoast-schema-graph\">{\"@context\":\"https:\/\/schema.org\",\"@graph\":[{\"@type\":\"WebPage\",\"@id\":\"https:\/\/www.katag.ca\/en\/aventure-325\/\",\"url\":\"https:\/\/www.katag.ca\/en\/aventure-325\/\",\"name\":\"Aventure 325 | Katag\",\"isPartOf\":{\"@id\":\"https:\/\/www.katag.ca\/#website\"},\"datePublished\":\"2015-01-06T21:58:23+00:00\",\"dateModified\":\"2015-01-09T15:55:24+00:00\",\"breadcrumb\":{\"@id\":\"https:\/\/www.katag.ca\/en\/aventure-325\/#breadcrumb\"},\"inLanguage\":\"en-US\",\"potentialAction\":[{\"@type\":\"ReadAction\",\"target\":[\"https:\/\/www.katag.ca\/en\/aventure-325\/\"]}]},{\"@type\":\"BreadcrumbList\",\"@id\":\"https:\/\/www.katag.ca\/en\/aventure-325\/#breadcrumb\",\"itemListElement\":[{\"@type\":\"ListItem\",\"position\":1,\"name\":\"Accueil\",\"item\":\"https:\/\/www.katag.ca\/\"},{\"@type\":\"ListItem\",\"position\":2,\"name\":\"Aventure 325\"}]},{\"@type\":\"WebSite\",\"@id\":\"https:\/\/www.katag.ca\/#website\",\"url\":\"https:\/\/www.katag.ca\/\",\"name\":\"Katag\",\"description\":\"LE jeu d'&eacute;p&eacute;es-mousse\",\"publisher\":{\"@id\":\"https:\/\/www.katag.ca\/#organization\"},\"potentialAction\":[{\"@type\":\"SearchAction\",\"target\":{\"@type\":\"EntryPoint\",\"urlTemplate\":\"https:\/\/www.katag.ca\/?s={search_term_string}\"},\"query-input\":{\"@type\":\"PropertyValueSpecification\",\"valueRequired\":true,\"valueName\":\"search_term_string\"}}],\"inLanguage\":\"en-US\"},{\"@type\":\"Organization\",\"@id\":\"https:\/\/www.katag.ca\/#organization\",\"name\":\"Katag\",\"url\":\"https:\/\/www.katag.ca\/\",\"logo\":{\"@type\":\"ImageObject\",\"inLanguage\":\"en-US\",\"@id\":\"https:\/\/www.katag.ca\/#\/schema\/logo\/image\/\",\"url\":\"https:\/\/www.katag.ca\/wp-content\/uploads\/2021\/03\/logo-fr.png\",\"contentUrl\":\"https:\/\/www.katag.ca\/wp-content\/uploads\/2021\/03\/logo-fr.png\",\"width\":338,\"height\":173,\"caption\":\"Katag\"},\"image\":{\"@id\":\"https:\/\/www.katag.ca\/#\/schema\/logo\/image\/\"},\"sameAs\":[\"https:\/\/www.facebook.com\/Katag.ca\"]}]}<\/script>\n<!-- \/ Yoast SEO plugin. -->","yoast_head_json":{"title":"Aventure 325 | Katag","robots":{"index":"index","follow":"follow","max-snippet":"max-snippet:-1","max-image-preview":"max-image-preview:large","max-video-preview":"max-video-preview:-1"},"canonical":"https:\/\/www.katag.ca\/en\/aventure-325\/","og_locale":"en_US","og_type":"article","og_title":"Aventure 325 | Katag","og_description":"M\u00eame si vous n\u2019\u00eates pas un adepte de m\u00e9ditation, vous vous surprenez \u00e0 tomber rapidement dans un \u00e9tat de calme absolu, connect\u00e9 au rythme des vibrations \u00e9mises par la pierre pr\u00e9cieuse de la statue. Puis, petit \u00e0 petit, des images vous apparaissent. Vous voyez tout d\u2019abord le lac Diga dans son \u00e9tendue et constatez que ces images proviennent soit d\u2019un pass\u00e9 tr\u00e8s lointain ou d\u2019un futur incertain. Vous voyez ensuite des images de guerriers arrivant par le lac sur de grands bateaux et d\u2019autres le contournant de chaque...","og_url":"https:\/\/www.katag.ca\/en\/aventure-325\/","og_site_name":"Katag","article_publisher":"https:\/\/www.facebook.com\/Katag.ca","article_modified_time":"2015-01-09T15:55:24+00:00","twitter_card":"summary_large_image","twitter_misc":{"Est. reading time":"2 minutes"},"schema":{"@context":"https:\/\/schema.org","@graph":[{"@type":"WebPage","@id":"https:\/\/www.katag.ca\/en\/aventure-325\/","url":"https:\/\/www.katag.ca\/en\/aventure-325\/","name":"Aventure 325 | Katag","isPartOf":{"@id":"https:\/\/www.katag.ca\/#website"},"datePublished":"2015-01-06T21:58:23+00:00","dateModified":"2015-01-09T15:55:24+00:00","breadcrumb":{"@id":"https:\/\/www.katag.ca\/en\/aventure-325\/#breadcrumb"},"inLanguage":"en-US","potentialAction":[{"@type":"ReadAction","target":["https:\/\/www.katag.ca\/en\/aventure-325\/"]}]},{"@type":"BreadcrumbList","@id":"https:\/\/www.katag.ca\/en\/aventure-325\/#breadcrumb","itemListElement":[{"@type":"ListItem","position":1,"name":"Accueil","item":"https:\/\/www.katag.ca\/"},{"@type":"ListItem","position":2,"name":"Aventure 325"}]},{"@type":"WebSite","@id":"https:\/\/www.katag.ca\/#website","url":"https:\/\/www.katag.ca\/","name":"Katag","description":"LE jeu d'&eacute;p&eacute;es-mousse","publisher":{"@id":"https:\/\/www.katag.ca\/#organization"},"potentialAction":[{"@type":"SearchAction","target":{"@type":"EntryPoint","urlTemplate":"https:\/\/www.katag.ca\/?s={search_term_string}"},"query-input":{"@type":"PropertyValueSpecification","valueRequired":true,"valueName":"search_term_string"}}],"inLanguage":"en-US"},{"@type":"Organization","@id":"https:\/\/www.katag.ca\/#organization","name":"Katag","url":"https:\/\/www.katag.ca\/","logo":{"@type":"ImageObject","inLanguage":"en-US","@id":"https:\/\/www.katag.ca\/#\/schema\/logo\/image\/","url":"https:\/\/www.katag.ca\/wp-content\/uploads\/2021\/03\/logo-fr.png","contentUrl":"https:\/\/www.katag.ca\/wp-content\/uploads\/2021\/03\/logo-fr.png","width":338,"height":173,"caption":"Katag"},"image":{"@id":"https:\/\/www.katag.ca\/#\/schema\/logo\/image\/"},"sameAs":["https:\/\/www.facebook.com\/Katag.ca"]}]}},"_links":{"self":[{"href":"https:\/\/www.katag.ca\/en\/wp-json\/wp\/v2\/pages\/1621","targetHints":{"allow":["GET"]}}],"collection":[{"href":"https:\/\/www.katag.ca\/en\/wp-json\/wp\/v2\/pages"}],"about":[{"href":"https:\/\/www.katag.ca\/en\/wp-json\/wp\/v2\/types\/page"}],"author":[{"embeddable":true,"href":"https:\/\/www.katag.ca\/en\/wp-json\/wp\/v2\/users\/2"}],"replies":[{"embeddable":true,"href":"https:\/\/www.katag.ca\/en\/wp-json\/wp\/v2\/comments?post=1621"}],"version-history":[{"count":2,"href":"https:\/\/www.katag.ca\/en\/wp-json\/wp\/v2\/pages\/1621\/revisions"}],"predecessor-version":[{"id":2170,"href":"https:\/\/www.katag.ca\/en\/wp-json\/wp\/v2\/pages\/1621\/revisions\/2170"}],"wp:attachment":[{"href":"https:\/\/www.katag.ca\/en\/wp-json\/wp\/v2\/media?parent=1621"}],"curies":[{"name":"wp","href":"https:\/\/api.w.org\/{rel}","templated":true}]}}