{"id":1623,"date":"2015-01-06T21:59:23","date_gmt":"2015-01-06T21:59:23","guid":{"rendered":"http:\/\/www.boutiquekatag.com\/?page_id=1623"},"modified":"2015-01-09T15:57:06","modified_gmt":"2015-01-09T15:57:06","slug":"aventure-326","status":"publish","type":"page","link":"https:\/\/www.katag.ca\/en\/aventure-326\/","title":{"rendered":"Aventure 326"},"content":{"rendered":"<p>Vous regardez devant vous et constatez que la for\u00eat s\u2019\u00e9tend sur au moins une centaine de kilom\u00e8tres. \u00c0 votre gauche, vous voyez une cha\u00eene de montagnes allant vers le nord. \u00c0 votre droite, vous pouvez distinguer une immense structure au-del\u00e0 des terres de Manifeste flottant dans le vide total! En regardant devant vous, vous vous pouvez voir les trois chemins que vous avez la possibilit\u00e9 de prendre lorsque vous redescendrez. Celui menant vers le nord est \u00e0 perte de vue et s\u2019enfonce dans les montagnes sur une tr\u00e8s grande distance. Celui menant vers le sud, quant \u00e0 lui, vous donne l\u2019impression d\u2019un labyrinthe tellement il va dans toutes les directions. Quant \u00e0 celui menant vers l\u2019ouest, il semble le plus direct. Il m\u00e8ne \u00e0 une \u00e9norme clairi\u00e8re, puis, continuant toujours vers l\u2019ouest, semble aboutir \u00e0 un endroit sans vie. Vous d\u00e9cidez qu\u2019il est temps de redescendre. Toutefois, juste avant d\u2019avoir mis le pied sur la premi\u00e8re marche, vous \u00eates pris d\u2019une forte impression qu\u2019il vous reste peut-\u00eatre quelque chose \u00e0 faire sur cette plateforme. Mais l\u2019impression est si soudaine et de courte dur\u00e9e que vous n\u2019en \u00eates plus certain. Qu\u2019allez-vous faire?<\/p>\n<div class=\"btn-container  align-center\"><a class=\"organic-btn  dark-blue-btn small-btn  align-center\" href=\"http:\/\/www.katag.ca\/aventure-327\/\"><span class=\"btn-holder\">Vous d\u00e9sirez vous attarder plus longtemps sur la plateforme<\/span><\/a><\/div>\n<div class=\"btn-container  align-center\"><a class=\"organic-btn  dark-blue-btn small-btn  align-center\" href=\"http:\/\/www.katag.ca\/aventure-298\/\"><span class=\"btn-holder\">Vous pr\u00e9f\u00e9rez descendre et emprunter le chemin menant vers le sud<\/span><\/a><\/div>\n<div class=\"btn-container  align-center\"><a class=\"organic-btn  dark-blue-btn small-btn  align-center\" href=\"http:\/\/www.katag.ca\/aventure-299\/\"><span class=\"btn-holder\">Vous choisissez de descendre et d\u2019emprunter le chemin menant vers le nord<\/span><\/a><\/div>\n<div class=\"btn-container  align-center\"><a class=\"organic-btn  dark-blue-btn small-btn  align-center\" href=\"http:\/\/www.katag.ca\/aventure-300\/\"><span class=\"btn-holder\">Vous d\u00e9cidez de descendre et emprunter le chemin menant vers l\u2019ouest<\/span><\/a><\/div>\n","protected":false},"excerpt":{"rendered":"<p>Vous regardez devant vous et constatez que la for\u00eat s\u2019\u00e9tend sur au moins une centaine de kilom\u00e8tres. \u00c0 votre gauche, vous voyez une cha\u00eene de montagnes allant vers le nord. \u00c0 votre droite, vous pouvez distinguer une immense structure au-del\u00e0 des terres de Manifeste flottant dans le vide total! En regardant devant vous, vous vous pouvez voir les trois chemins que vous avez la possibilit\u00e9 de prendre lorsque vous redescendrez. Celui menant vers le nord est \u00e0 perte de vue et s\u2019enfonce dans les montagnes sur une tr\u00e8s&#8230;<\/p>\n","protected":false},"author":2,"featured_media":0,"parent":0,"menu_order":0,"comment_status":"closed","ping_status":"closed","template":"","meta":{"footnotes":""},"class_list":["post-1623","page","type-page","status-publish","hentry"],"yoast_head":"<!-- This site is optimized with the Yoast SEO plugin v26.0 - https:\/\/yoast.com\/wordpress\/plugins\/seo\/ -->\n<title>Aventure 326 | Katag<\/title>\n<meta name=\"robots\" content=\"index, follow, max-snippet:-1, max-image-preview:large, max-video-preview:-1\" \/>\n<link rel=\"canonical\" href=\"https:\/\/www.katag.ca\/en\/aventure-326\/\" \/>\n<meta property=\"og:locale\" content=\"en_US\" \/>\n<meta property=\"og:type\" content=\"article\" \/>\n<meta property=\"og:title\" content=\"Aventure 326 | Katag\" \/>\n<meta property=\"og:description\" content=\"Vous regardez devant vous et constatez que la for\u00eat s\u2019\u00e9tend sur au moins une centaine de kilom\u00e8tres. \u00c0 votre gauche, vous voyez une cha\u00eene de montagnes allant vers le nord. \u00c0 votre droite, vous pouvez distinguer une immense structure au-del\u00e0 des terres de Manifeste flottant dans le vide total! En regardant devant vous, vous vous pouvez voir les trois chemins que vous avez la possibilit\u00e9 de prendre lorsque vous redescendrez. Celui menant vers le nord est \u00e0 perte de vue et s\u2019enfonce dans les montagnes sur une tr\u00e8s...\" \/>\n<meta property=\"og:url\" content=\"https:\/\/www.katag.ca\/en\/aventure-326\/\" \/>\n<meta property=\"og:site_name\" content=\"Katag\" \/>\n<meta property=\"article:publisher\" content=\"https:\/\/www.facebook.com\/Katag.ca\" \/>\n<meta property=\"article:modified_time\" content=\"2015-01-09T15:57:06+00:00\" \/>\n<meta name=\"twitter:card\" content=\"summary_large_image\" \/>\n<meta name=\"twitter:label1\" content=\"Est. reading time\" \/>\n\t<meta name=\"twitter:data1\" content=\"2 minutes\" \/>\n<script type=\"application\/ld+json\" class=\"yoast-schema-graph\">{\"@context\":\"https:\/\/schema.org\",\"@graph\":[{\"@type\":\"WebPage\",\"@id\":\"https:\/\/www.katag.ca\/en\/aventure-326\/\",\"url\":\"https:\/\/www.katag.ca\/en\/aventure-326\/\",\"name\":\"Aventure 326 | Katag\",\"isPartOf\":{\"@id\":\"https:\/\/www.katag.ca\/#website\"},\"datePublished\":\"2015-01-06T21:59:23+00:00\",\"dateModified\":\"2015-01-09T15:57:06+00:00\",\"breadcrumb\":{\"@id\":\"https:\/\/www.katag.ca\/en\/aventure-326\/#breadcrumb\"},\"inLanguage\":\"en-US\",\"potentialAction\":[{\"@type\":\"ReadAction\",\"target\":[\"https:\/\/www.katag.ca\/en\/aventure-326\/\"]}]},{\"@type\":\"BreadcrumbList\",\"@id\":\"https:\/\/www.katag.ca\/en\/aventure-326\/#breadcrumb\",\"itemListElement\":[{\"@type\":\"ListItem\",\"position\":1,\"name\":\"Accueil\",\"item\":\"https:\/\/www.katag.ca\/\"},{\"@type\":\"ListItem\",\"position\":2,\"name\":\"Aventure 326\"}]},{\"@type\":\"WebSite\",\"@id\":\"https:\/\/www.katag.ca\/#website\",\"url\":\"https:\/\/www.katag.ca\/\",\"name\":\"Katag\",\"description\":\"LE jeu d'&eacute;p&eacute;es-mousse\",\"publisher\":{\"@id\":\"https:\/\/www.katag.ca\/#organization\"},\"potentialAction\":[{\"@type\":\"SearchAction\",\"target\":{\"@type\":\"EntryPoint\",\"urlTemplate\":\"https:\/\/www.katag.ca\/?s={search_term_string}\"},\"query-input\":{\"@type\":\"PropertyValueSpecification\",\"valueRequired\":true,\"valueName\":\"search_term_string\"}}],\"inLanguage\":\"en-US\"},{\"@type\":\"Organization\",\"@id\":\"https:\/\/www.katag.ca\/#organization\",\"name\":\"Katag\",\"url\":\"https:\/\/www.katag.ca\/\",\"logo\":{\"@type\":\"ImageObject\",\"inLanguage\":\"en-US\",\"@id\":\"https:\/\/www.katag.ca\/#\/schema\/logo\/image\/\",\"url\":\"https:\/\/www.katag.ca\/wp-content\/uploads\/2021\/03\/logo-fr.png\",\"contentUrl\":\"https:\/\/www.katag.ca\/wp-content\/uploads\/2021\/03\/logo-fr.png\",\"width\":338,\"height\":173,\"caption\":\"Katag\"},\"image\":{\"@id\":\"https:\/\/www.katag.ca\/#\/schema\/logo\/image\/\"},\"sameAs\":[\"https:\/\/www.facebook.com\/Katag.ca\"]}]}<\/script>\n<!-- \/ Yoast SEO plugin. -->","yoast_head_json":{"title":"Aventure 326 | Katag","robots":{"index":"index","follow":"follow","max-snippet":"max-snippet:-1","max-image-preview":"max-image-preview:large","max-video-preview":"max-video-preview:-1"},"canonical":"https:\/\/www.katag.ca\/en\/aventure-326\/","og_locale":"en_US","og_type":"article","og_title":"Aventure 326 | Katag","og_description":"Vous regardez devant vous et constatez que la for\u00eat s\u2019\u00e9tend sur au moins une centaine de kilom\u00e8tres. \u00c0 votre gauche, vous voyez une cha\u00eene de montagnes allant vers le nord. \u00c0 votre droite, vous pouvez distinguer une immense structure au-del\u00e0 des terres de Manifeste flottant dans le vide total! En regardant devant vous, vous vous pouvez voir les trois chemins que vous avez la possibilit\u00e9 de prendre lorsque vous redescendrez. Celui menant vers le nord est \u00e0 perte de vue et s\u2019enfonce dans les montagnes sur une tr\u00e8s...","og_url":"https:\/\/www.katag.ca\/en\/aventure-326\/","og_site_name":"Katag","article_publisher":"https:\/\/www.facebook.com\/Katag.ca","article_modified_time":"2015-01-09T15:57:06+00:00","twitter_card":"summary_large_image","twitter_misc":{"Est. reading time":"2 minutes"},"schema":{"@context":"https:\/\/schema.org","@graph":[{"@type":"WebPage","@id":"https:\/\/www.katag.ca\/en\/aventure-326\/","url":"https:\/\/www.katag.ca\/en\/aventure-326\/","name":"Aventure 326 | Katag","isPartOf":{"@id":"https:\/\/www.katag.ca\/#website"},"datePublished":"2015-01-06T21:59:23+00:00","dateModified":"2015-01-09T15:57:06+00:00","breadcrumb":{"@id":"https:\/\/www.katag.ca\/en\/aventure-326\/#breadcrumb"},"inLanguage":"en-US","potentialAction":[{"@type":"ReadAction","target":["https:\/\/www.katag.ca\/en\/aventure-326\/"]}]},{"@type":"BreadcrumbList","@id":"https:\/\/www.katag.ca\/en\/aventure-326\/#breadcrumb","itemListElement":[{"@type":"ListItem","position":1,"name":"Accueil","item":"https:\/\/www.katag.ca\/"},{"@type":"ListItem","position":2,"name":"Aventure 326"}]},{"@type":"WebSite","@id":"https:\/\/www.katag.ca\/#website","url":"https:\/\/www.katag.ca\/","name":"Katag","description":"LE jeu d'&eacute;p&eacute;es-mousse","publisher":{"@id":"https:\/\/www.katag.ca\/#organization"},"potentialAction":[{"@type":"SearchAction","target":{"@type":"EntryPoint","urlTemplate":"https:\/\/www.katag.ca\/?s={search_term_string}"},"query-input":{"@type":"PropertyValueSpecification","valueRequired":true,"valueName":"search_term_string"}}],"inLanguage":"en-US"},{"@type":"Organization","@id":"https:\/\/www.katag.ca\/#organization","name":"Katag","url":"https:\/\/www.katag.ca\/","logo":{"@type":"ImageObject","inLanguage":"en-US","@id":"https:\/\/www.katag.ca\/#\/schema\/logo\/image\/","url":"https:\/\/www.katag.ca\/wp-content\/uploads\/2021\/03\/logo-fr.png","contentUrl":"https:\/\/www.katag.ca\/wp-content\/uploads\/2021\/03\/logo-fr.png","width":338,"height":173,"caption":"Katag"},"image":{"@id":"https:\/\/www.katag.ca\/#\/schema\/logo\/image\/"},"sameAs":["https:\/\/www.facebook.com\/Katag.ca"]}]}},"_links":{"self":[{"href":"https:\/\/www.katag.ca\/en\/wp-json\/wp\/v2\/pages\/1623","targetHints":{"allow":["GET"]}}],"collection":[{"href":"https:\/\/www.katag.ca\/en\/wp-json\/wp\/v2\/pages"}],"about":[{"href":"https:\/\/www.katag.ca\/en\/wp-json\/wp\/v2\/types\/page"}],"author":[{"embeddable":true,"href":"https:\/\/www.katag.ca\/en\/wp-json\/wp\/v2\/users\/2"}],"replies":[{"embeddable":true,"href":"https:\/\/www.katag.ca\/en\/wp-json\/wp\/v2\/comments?post=1623"}],"version-history":[{"count":3,"href":"https:\/\/www.katag.ca\/en\/wp-json\/wp\/v2\/pages\/1623\/revisions"}],"predecessor-version":[{"id":2172,"href":"https:\/\/www.katag.ca\/en\/wp-json\/wp\/v2\/pages\/1623\/revisions\/2172"}],"wp:attachment":[{"href":"https:\/\/www.katag.ca\/en\/wp-json\/wp\/v2\/media?parent=1623"}],"curies":[{"name":"wp","href":"https:\/\/api.w.org\/{rel}","templated":true}]}}