{"id":1625,"date":"2015-01-06T22:00:08","date_gmt":"2015-01-06T22:00:08","guid":{"rendered":"http:\/\/www.boutiquekatag.com\/?page_id=1625"},"modified":"2015-01-09T15:57:57","modified_gmt":"2015-01-09T15:57:57","slug":"aventure-327","status":"publish","type":"page","link":"https:\/\/www.katag.ca\/en\/aventure-327\/","title":{"rendered":"Aventure 327"},"content":{"rendered":"<p>Rester sur la plateforme vous permet de jeter \u00e0 nouveau un coup d\u2019\u0153il \u00e0 la pierre pr\u00e9cieuse. Vous n\u2019\u00eates pas certain, mais vous pensez qu\u2019il pourrait s\u2019agir de kara \u00e0 l\u2019\u00e9tat pur. Alors que vous l\u2019observez, quelque chose d\u2019\u00e9trange se produit : sous vos yeux, la sph\u00e8re change d\u2019aspect et une petite ouverture circulaire appara\u00eet devant vous. Vous avez l\u2019impression qu\u2019il faut d\u00e9poser quelque chose dans ce nouvel emplacement, mais vous ne savez pas quoi exactement\u2026 Vous pensez soudain \u00e0 vos amis sur terre. Si c\u2019\u00e9tait l\u00e0 que vous vous trouviez en ce moment, vous t\u00e9l\u00e9phoneriez certainement \u00e0 l\u2019un d\u2019eux. Pour le moment cependant, il faut se d\u00e9brouiller seul. Soudain, la r\u00e9ponse vous appara\u00eet comme \u00e9vidente. Votre manocom! <\/p>\n<div class=\"btn-container  align-center\"><a class=\"organic-btn  dark-blue-btn small-btn  align-center\" href=\"http:\/\/www.katag.ca\/aventure-344\/\"><span class=\"btn-holder\">Si vous poss\u00e9dez un mod\u00e8le ALF 2009, cliquez ici<\/span><\/a><\/div>\n<div class=\"btn-container  align-center\"><a class=\"organic-btn  dark-blue-btn small-btn  align-center\" href=\"http:\/\/www.katag.ca\/aventure-345\/\"><span class=\"btn-holder\">Si vous poss\u00e9dez un mod\u00e8le MFS 2009, cliquez ici<\/span><\/a><\/div>\n","protected":false},"excerpt":{"rendered":"<p>Rester sur la plateforme vous permet de jeter \u00e0 nouveau un coup d\u2019\u0153il \u00e0 la pierre pr\u00e9cieuse. Vous n\u2019\u00eates pas certain, mais vous pensez qu\u2019il pourrait s\u2019agir de kara \u00e0 l\u2019\u00e9tat pur. Alors que vous l\u2019observez, quelque chose d\u2019\u00e9trange se produit : sous vos yeux, la sph\u00e8re change d\u2019aspect et une petite ouverture circulaire appara\u00eet devant vous. Vous avez l\u2019impression qu\u2019il faut d\u00e9poser quelque chose dans ce nouvel emplacement, mais vous ne savez pas quoi exactement\u2026 Vous pensez soudain \u00e0 vos amis sur terre. Si c\u2019\u00e9tait l\u00e0 que&#8230;<\/p>\n","protected":false},"author":2,"featured_media":0,"parent":0,"menu_order":0,"comment_status":"closed","ping_status":"closed","template":"","meta":{"footnotes":""},"class_list":["post-1625","page","type-page","status-publish","hentry"],"yoast_head":"<!-- This site is optimized with the Yoast SEO plugin v26.0 - https:\/\/yoast.com\/wordpress\/plugins\/seo\/ -->\n<title>Aventure 327 | Katag<\/title>\n<meta name=\"robots\" content=\"index, follow, max-snippet:-1, max-image-preview:large, max-video-preview:-1\" \/>\n<link rel=\"canonical\" href=\"https:\/\/www.katag.ca\/en\/aventure-327\/\" \/>\n<meta property=\"og:locale\" content=\"en_US\" \/>\n<meta property=\"og:type\" content=\"article\" \/>\n<meta property=\"og:title\" content=\"Aventure 327 | Katag\" \/>\n<meta property=\"og:description\" content=\"Rester sur la plateforme vous permet de jeter \u00e0 nouveau un coup d\u2019\u0153il \u00e0 la pierre pr\u00e9cieuse. Vous n\u2019\u00eates pas certain, mais vous pensez qu\u2019il pourrait s\u2019agir de kara \u00e0 l\u2019\u00e9tat pur. Alors que vous l\u2019observez, quelque chose d\u2019\u00e9trange se produit : sous vos yeux, la sph\u00e8re change d\u2019aspect et une petite ouverture circulaire appara\u00eet devant vous. Vous avez l\u2019impression qu\u2019il faut d\u00e9poser quelque chose dans ce nouvel emplacement, mais vous ne savez pas quoi exactement\u2026 Vous pensez soudain \u00e0 vos amis sur terre. Si c\u2019\u00e9tait l\u00e0 que...\" \/>\n<meta property=\"og:url\" content=\"https:\/\/www.katag.ca\/en\/aventure-327\/\" \/>\n<meta property=\"og:site_name\" content=\"Katag\" \/>\n<meta property=\"article:publisher\" content=\"https:\/\/www.facebook.com\/Katag.ca\" \/>\n<meta property=\"article:modified_time\" content=\"2015-01-09T15:57:57+00:00\" \/>\n<meta name=\"twitter:card\" content=\"summary_large_image\" \/>\n<meta name=\"twitter:label1\" content=\"Est. reading time\" \/>\n\t<meta name=\"twitter:data1\" content=\"1 minute\" \/>\n<script type=\"application\/ld+json\" class=\"yoast-schema-graph\">{\"@context\":\"https:\/\/schema.org\",\"@graph\":[{\"@type\":\"WebPage\",\"@id\":\"https:\/\/www.katag.ca\/en\/aventure-327\/\",\"url\":\"https:\/\/www.katag.ca\/en\/aventure-327\/\",\"name\":\"Aventure 327 | Katag\",\"isPartOf\":{\"@id\":\"https:\/\/www.katag.ca\/#website\"},\"datePublished\":\"2015-01-06T22:00:08+00:00\",\"dateModified\":\"2015-01-09T15:57:57+00:00\",\"breadcrumb\":{\"@id\":\"https:\/\/www.katag.ca\/en\/aventure-327\/#breadcrumb\"},\"inLanguage\":\"en-US\",\"potentialAction\":[{\"@type\":\"ReadAction\",\"target\":[\"https:\/\/www.katag.ca\/en\/aventure-327\/\"]}]},{\"@type\":\"BreadcrumbList\",\"@id\":\"https:\/\/www.katag.ca\/en\/aventure-327\/#breadcrumb\",\"itemListElement\":[{\"@type\":\"ListItem\",\"position\":1,\"name\":\"Accueil\",\"item\":\"https:\/\/www.katag.ca\/\"},{\"@type\":\"ListItem\",\"position\":2,\"name\":\"Aventure 327\"}]},{\"@type\":\"WebSite\",\"@id\":\"https:\/\/www.katag.ca\/#website\",\"url\":\"https:\/\/www.katag.ca\/\",\"name\":\"Katag\",\"description\":\"LE jeu d'&eacute;p&eacute;es-mousse\",\"publisher\":{\"@id\":\"https:\/\/www.katag.ca\/#organization\"},\"potentialAction\":[{\"@type\":\"SearchAction\",\"target\":{\"@type\":\"EntryPoint\",\"urlTemplate\":\"https:\/\/www.katag.ca\/?s={search_term_string}\"},\"query-input\":{\"@type\":\"PropertyValueSpecification\",\"valueRequired\":true,\"valueName\":\"search_term_string\"}}],\"inLanguage\":\"en-US\"},{\"@type\":\"Organization\",\"@id\":\"https:\/\/www.katag.ca\/#organization\",\"name\":\"Katag\",\"url\":\"https:\/\/www.katag.ca\/\",\"logo\":{\"@type\":\"ImageObject\",\"inLanguage\":\"en-US\",\"@id\":\"https:\/\/www.katag.ca\/#\/schema\/logo\/image\/\",\"url\":\"https:\/\/www.katag.ca\/wp-content\/uploads\/2021\/03\/logo-fr.png\",\"contentUrl\":\"https:\/\/www.katag.ca\/wp-content\/uploads\/2021\/03\/logo-fr.png\",\"width\":338,\"height\":173,\"caption\":\"Katag\"},\"image\":{\"@id\":\"https:\/\/www.katag.ca\/#\/schema\/logo\/image\/\"},\"sameAs\":[\"https:\/\/www.facebook.com\/Katag.ca\"]}]}<\/script>\n<!-- \/ Yoast SEO plugin. -->","yoast_head_json":{"title":"Aventure 327 | Katag","robots":{"index":"index","follow":"follow","max-snippet":"max-snippet:-1","max-image-preview":"max-image-preview:large","max-video-preview":"max-video-preview:-1"},"canonical":"https:\/\/www.katag.ca\/en\/aventure-327\/","og_locale":"en_US","og_type":"article","og_title":"Aventure 327 | Katag","og_description":"Rester sur la plateforme vous permet de jeter \u00e0 nouveau un coup d\u2019\u0153il \u00e0 la pierre pr\u00e9cieuse. Vous n\u2019\u00eates pas certain, mais vous pensez qu\u2019il pourrait s\u2019agir de kara \u00e0 l\u2019\u00e9tat pur. Alors que vous l\u2019observez, quelque chose d\u2019\u00e9trange se produit : sous vos yeux, la sph\u00e8re change d\u2019aspect et une petite ouverture circulaire appara\u00eet devant vous. Vous avez l\u2019impression qu\u2019il faut d\u00e9poser quelque chose dans ce nouvel emplacement, mais vous ne savez pas quoi exactement\u2026 Vous pensez soudain \u00e0 vos amis sur terre. Si c\u2019\u00e9tait l\u00e0 que...","og_url":"https:\/\/www.katag.ca\/en\/aventure-327\/","og_site_name":"Katag","article_publisher":"https:\/\/www.facebook.com\/Katag.ca","article_modified_time":"2015-01-09T15:57:57+00:00","twitter_card":"summary_large_image","twitter_misc":{"Est. reading time":"1 minute"},"schema":{"@context":"https:\/\/schema.org","@graph":[{"@type":"WebPage","@id":"https:\/\/www.katag.ca\/en\/aventure-327\/","url":"https:\/\/www.katag.ca\/en\/aventure-327\/","name":"Aventure 327 | Katag","isPartOf":{"@id":"https:\/\/www.katag.ca\/#website"},"datePublished":"2015-01-06T22:00:08+00:00","dateModified":"2015-01-09T15:57:57+00:00","breadcrumb":{"@id":"https:\/\/www.katag.ca\/en\/aventure-327\/#breadcrumb"},"inLanguage":"en-US","potentialAction":[{"@type":"ReadAction","target":["https:\/\/www.katag.ca\/en\/aventure-327\/"]}]},{"@type":"BreadcrumbList","@id":"https:\/\/www.katag.ca\/en\/aventure-327\/#breadcrumb","itemListElement":[{"@type":"ListItem","position":1,"name":"Accueil","item":"https:\/\/www.katag.ca\/"},{"@type":"ListItem","position":2,"name":"Aventure 327"}]},{"@type":"WebSite","@id":"https:\/\/www.katag.ca\/#website","url":"https:\/\/www.katag.ca\/","name":"Katag","description":"LE jeu d'&eacute;p&eacute;es-mousse","publisher":{"@id":"https:\/\/www.katag.ca\/#organization"},"potentialAction":[{"@type":"SearchAction","target":{"@type":"EntryPoint","urlTemplate":"https:\/\/www.katag.ca\/?s={search_term_string}"},"query-input":{"@type":"PropertyValueSpecification","valueRequired":true,"valueName":"search_term_string"}}],"inLanguage":"en-US"},{"@type":"Organization","@id":"https:\/\/www.katag.ca\/#organization","name":"Katag","url":"https:\/\/www.katag.ca\/","logo":{"@type":"ImageObject","inLanguage":"en-US","@id":"https:\/\/www.katag.ca\/#\/schema\/logo\/image\/","url":"https:\/\/www.katag.ca\/wp-content\/uploads\/2021\/03\/logo-fr.png","contentUrl":"https:\/\/www.katag.ca\/wp-content\/uploads\/2021\/03\/logo-fr.png","width":338,"height":173,"caption":"Katag"},"image":{"@id":"https:\/\/www.katag.ca\/#\/schema\/logo\/image\/"},"sameAs":["https:\/\/www.facebook.com\/Katag.ca"]}]}},"_links":{"self":[{"href":"https:\/\/www.katag.ca\/en\/wp-json\/wp\/v2\/pages\/1625","targetHints":{"allow":["GET"]}}],"collection":[{"href":"https:\/\/www.katag.ca\/en\/wp-json\/wp\/v2\/pages"}],"about":[{"href":"https:\/\/www.katag.ca\/en\/wp-json\/wp\/v2\/types\/page"}],"author":[{"embeddable":true,"href":"https:\/\/www.katag.ca\/en\/wp-json\/wp\/v2\/users\/2"}],"replies":[{"embeddable":true,"href":"https:\/\/www.katag.ca\/en\/wp-json\/wp\/v2\/comments?post=1625"}],"version-history":[{"count":2,"href":"https:\/\/www.katag.ca\/en\/wp-json\/wp\/v2\/pages\/1625\/revisions"}],"predecessor-version":[{"id":2173,"href":"https:\/\/www.katag.ca\/en\/wp-json\/wp\/v2\/pages\/1625\/revisions\/2173"}],"wp:attachment":[{"href":"https:\/\/www.katag.ca\/en\/wp-json\/wp\/v2\/media?parent=1625"}],"curies":[{"name":"wp","href":"https:\/\/api.w.org\/{rel}","templated":true}]}}