{"id":1629,"date":"2015-01-06T22:01:30","date_gmt":"2015-01-06T22:01:30","guid":{"rendered":"http:\/\/www.boutiquekatag.com\/?page_id=1629"},"modified":"2015-01-09T16:01:34","modified_gmt":"2015-01-09T16:01:34","slug":"aventure-329","status":"publish","type":"page","link":"https:\/\/www.katag.ca\/en\/aventure-329\/","title":{"rendered":"Aventure 329"},"content":{"rendered":"<p>Vous prenez le sentier qui m\u00e8ne vers l\u2019ouest pendant un long moment. Vous devez parfois passer par-dessus des arbres morts vous barrant la route et comprenez que personne n\u2019entretient ce chemin, ce qui vous ne laisse aucun bon pr\u00e9sage. Vous pouvez voir de nombreuses empreintes sur le sol, mais elles appartiennent toutes \u00e0 des animaux. Aucune trace de vie humaine dans les parages. Vous vous surprenez \u00e0 vous demander si les cauchemars laissent des empreintes\u2026<\/p>\n<p>Apr\u00e8s avoir march\u00e9 une trentaine de minutes, vous avez l\u2019impression que le sentier s\u2019\u00e9claircit, mais en tournant le coin, vous vous apercevez \u00e0 votre grand malheur que vous \u00eates de retour \u00e0 votre point de d\u00e9part. Vous aviez pris le chemin vers l\u2019ouest et r\u00e9apparaissez par le chemin qui menait vers le nord. Quelle perte de temps!<\/p>\n<div class=\"btn-container  align-center\"><a class=\"organic-btn  dark-blue-btn small-btn  align-center\" href=\"http:\/\/www.katag.ca\/aventure-330\/\"><span class=\"btn-holder\">Vous d\u00e9sirez prendre le chemin menant vers le sud<\/span><\/a><\/div>\n<div class=\"btn-container  align-center\"><a class=\"organic-btn  dark-blue-btn small-btn  align-center\" href=\"http:\/\/www.katag.ca\/aventure-300\/\"><span class=\"btn-holder\">Vous choisissez de retourner sur la plage et prendre le chemin menant vers l\u2019ouest<\/span><\/a><\/div>\n<div class=\"btn-container  align-center\"><a class=\"organic-btn  dark-blue-btn small-btn  align-center\" href=\"http:\/\/www.katag.ca\/aventure-299\/\"><span class=\"btn-holder\">Vous pr\u00e9f\u00e9rez retourner sur la plage et prendre le chemin menant vers le nord<\/span><\/a><\/div>\n","protected":false},"excerpt":{"rendered":"<p>Vous prenez le sentier qui m\u00e8ne vers l\u2019ouest pendant un long moment. Vous devez parfois passer par-dessus des arbres morts vous barrant la route et comprenez que personne n\u2019entretient ce chemin, ce qui vous ne laisse aucun bon pr\u00e9sage. Vous pouvez voir de nombreuses empreintes sur le sol, mais elles appartiennent toutes \u00e0 des animaux. Aucune trace de vie humaine dans les parages. Vous vous surprenez \u00e0 vous demander si les cauchemars laissent des empreintes\u2026 Apr\u00e8s avoir march\u00e9 une trentaine de minutes, vous avez l\u2019impression que le sentier&#8230;<\/p>\n","protected":false},"author":2,"featured_media":0,"parent":0,"menu_order":0,"comment_status":"closed","ping_status":"closed","template":"","meta":{"footnotes":""},"class_list":["post-1629","page","type-page","status-publish","hentry"],"yoast_head":"<!-- This site is optimized with the Yoast SEO plugin v26.0 - https:\/\/yoast.com\/wordpress\/plugins\/seo\/ -->\n<title>Aventure 329 | Katag<\/title>\n<meta name=\"robots\" content=\"index, follow, max-snippet:-1, max-image-preview:large, max-video-preview:-1\" \/>\n<link rel=\"canonical\" href=\"https:\/\/www.katag.ca\/aventure-329\/\" \/>\n<meta property=\"og:locale\" content=\"en_US\" \/>\n<meta property=\"og:type\" content=\"article\" \/>\n<meta property=\"og:title\" content=\"Aventure 329 | Katag\" \/>\n<meta property=\"og:description\" content=\"Vous prenez le sentier qui m\u00e8ne vers l\u2019ouest pendant un long moment. Vous devez parfois passer par-dessus des arbres morts vous barrant la route et comprenez que personne n\u2019entretient ce chemin, ce qui vous ne laisse aucun bon pr\u00e9sage. Vous pouvez voir de nombreuses empreintes sur le sol, mais elles appartiennent toutes \u00e0 des animaux. Aucune trace de vie humaine dans les parages. Vous vous surprenez \u00e0 vous demander si les cauchemars laissent des empreintes\u2026 Apr\u00e8s avoir march\u00e9 une trentaine de minutes, vous avez l\u2019impression que le sentier...\" \/>\n<meta property=\"og:url\" content=\"https:\/\/www.katag.ca\/aventure-329\/\" \/>\n<meta property=\"og:site_name\" content=\"Katag\" \/>\n<meta property=\"article:publisher\" content=\"https:\/\/www.facebook.com\/Katag.ca\" \/>\n<meta property=\"article:modified_time\" content=\"2015-01-09T16:01:34+00:00\" \/>\n<meta name=\"twitter:card\" content=\"summary_large_image\" \/>\n<meta name=\"twitter:label1\" content=\"Est. reading time\" \/>\n\t<meta name=\"twitter:data1\" content=\"1 minute\" \/>\n<script type=\"application\/ld+json\" class=\"yoast-schema-graph\">{\"@context\":\"https:\/\/schema.org\",\"@graph\":[{\"@type\":\"WebPage\",\"@id\":\"https:\/\/www.katag.ca\/aventure-329\/\",\"url\":\"https:\/\/www.katag.ca\/aventure-329\/\",\"name\":\"Aventure 329 | Katag\",\"isPartOf\":{\"@id\":\"https:\/\/www.katag.ca\/#website\"},\"datePublished\":\"2015-01-06T22:01:30+00:00\",\"dateModified\":\"2015-01-09T16:01:34+00:00\",\"breadcrumb\":{\"@id\":\"https:\/\/www.katag.ca\/aventure-329\/#breadcrumb\"},\"inLanguage\":\"en-US\",\"potentialAction\":[{\"@type\":\"ReadAction\",\"target\":[\"https:\/\/www.katag.ca\/aventure-329\/\"]}]},{\"@type\":\"BreadcrumbList\",\"@id\":\"https:\/\/www.katag.ca\/aventure-329\/#breadcrumb\",\"itemListElement\":[{\"@type\":\"ListItem\",\"position\":1,\"name\":\"Accueil\",\"item\":\"https:\/\/www.katag.ca\/\"},{\"@type\":\"ListItem\",\"position\":2,\"name\":\"Aventure 329\"}]},{\"@type\":\"WebSite\",\"@id\":\"https:\/\/www.katag.ca\/#website\",\"url\":\"https:\/\/www.katag.ca\/\",\"name\":\"Katag\",\"description\":\"LE jeu d'&eacute;p&eacute;es-mousse\",\"publisher\":{\"@id\":\"https:\/\/www.katag.ca\/#organization\"},\"potentialAction\":[{\"@type\":\"SearchAction\",\"target\":{\"@type\":\"EntryPoint\",\"urlTemplate\":\"https:\/\/www.katag.ca\/?s={search_term_string}\"},\"query-input\":{\"@type\":\"PropertyValueSpecification\",\"valueRequired\":true,\"valueName\":\"search_term_string\"}}],\"inLanguage\":\"en-US\"},{\"@type\":\"Organization\",\"@id\":\"https:\/\/www.katag.ca\/#organization\",\"name\":\"Katag\",\"url\":\"https:\/\/www.katag.ca\/\",\"logo\":{\"@type\":\"ImageObject\",\"inLanguage\":\"en-US\",\"@id\":\"https:\/\/www.katag.ca\/#\/schema\/logo\/image\/\",\"url\":\"https:\/\/www.katag.ca\/wp-content\/uploads\/2021\/03\/logo-fr.png\",\"contentUrl\":\"https:\/\/www.katag.ca\/wp-content\/uploads\/2021\/03\/logo-fr.png\",\"width\":338,\"height\":173,\"caption\":\"Katag\"},\"image\":{\"@id\":\"https:\/\/www.katag.ca\/#\/schema\/logo\/image\/\"},\"sameAs\":[\"https:\/\/www.facebook.com\/Katag.ca\"]}]}<\/script>\n<!-- \/ Yoast SEO plugin. -->","yoast_head_json":{"title":"Aventure 329 | Katag","robots":{"index":"index","follow":"follow","max-snippet":"max-snippet:-1","max-image-preview":"max-image-preview:large","max-video-preview":"max-video-preview:-1"},"canonical":"https:\/\/www.katag.ca\/aventure-329\/","og_locale":"en_US","og_type":"article","og_title":"Aventure 329 | Katag","og_description":"Vous prenez le sentier qui m\u00e8ne vers l\u2019ouest pendant un long moment. Vous devez parfois passer par-dessus des arbres morts vous barrant la route et comprenez que personne n\u2019entretient ce chemin, ce qui vous ne laisse aucun bon pr\u00e9sage. Vous pouvez voir de nombreuses empreintes sur le sol, mais elles appartiennent toutes \u00e0 des animaux. Aucune trace de vie humaine dans les parages. Vous vous surprenez \u00e0 vous demander si les cauchemars laissent des empreintes\u2026 Apr\u00e8s avoir march\u00e9 une trentaine de minutes, vous avez l\u2019impression que le sentier...","og_url":"https:\/\/www.katag.ca\/aventure-329\/","og_site_name":"Katag","article_publisher":"https:\/\/www.facebook.com\/Katag.ca","article_modified_time":"2015-01-09T16:01:34+00:00","twitter_card":"summary_large_image","twitter_misc":{"Est. reading time":"1 minute"},"schema":{"@context":"https:\/\/schema.org","@graph":[{"@type":"WebPage","@id":"https:\/\/www.katag.ca\/aventure-329\/","url":"https:\/\/www.katag.ca\/aventure-329\/","name":"Aventure 329 | Katag","isPartOf":{"@id":"https:\/\/www.katag.ca\/#website"},"datePublished":"2015-01-06T22:01:30+00:00","dateModified":"2015-01-09T16:01:34+00:00","breadcrumb":{"@id":"https:\/\/www.katag.ca\/aventure-329\/#breadcrumb"},"inLanguage":"en-US","potentialAction":[{"@type":"ReadAction","target":["https:\/\/www.katag.ca\/aventure-329\/"]}]},{"@type":"BreadcrumbList","@id":"https:\/\/www.katag.ca\/aventure-329\/#breadcrumb","itemListElement":[{"@type":"ListItem","position":1,"name":"Accueil","item":"https:\/\/www.katag.ca\/"},{"@type":"ListItem","position":2,"name":"Aventure 329"}]},{"@type":"WebSite","@id":"https:\/\/www.katag.ca\/#website","url":"https:\/\/www.katag.ca\/","name":"Katag","description":"LE jeu d'&eacute;p&eacute;es-mousse","publisher":{"@id":"https:\/\/www.katag.ca\/#organization"},"potentialAction":[{"@type":"SearchAction","target":{"@type":"EntryPoint","urlTemplate":"https:\/\/www.katag.ca\/?s={search_term_string}"},"query-input":{"@type":"PropertyValueSpecification","valueRequired":true,"valueName":"search_term_string"}}],"inLanguage":"en-US"},{"@type":"Organization","@id":"https:\/\/www.katag.ca\/#organization","name":"Katag","url":"https:\/\/www.katag.ca\/","logo":{"@type":"ImageObject","inLanguage":"en-US","@id":"https:\/\/www.katag.ca\/#\/schema\/logo\/image\/","url":"https:\/\/www.katag.ca\/wp-content\/uploads\/2021\/03\/logo-fr.png","contentUrl":"https:\/\/www.katag.ca\/wp-content\/uploads\/2021\/03\/logo-fr.png","width":338,"height":173,"caption":"Katag"},"image":{"@id":"https:\/\/www.katag.ca\/#\/schema\/logo\/image\/"},"sameAs":["https:\/\/www.facebook.com\/Katag.ca"]}]}},"_links":{"self":[{"href":"https:\/\/www.katag.ca\/en\/wp-json\/wp\/v2\/pages\/1629","targetHints":{"allow":["GET"]}}],"collection":[{"href":"https:\/\/www.katag.ca\/en\/wp-json\/wp\/v2\/pages"}],"about":[{"href":"https:\/\/www.katag.ca\/en\/wp-json\/wp\/v2\/types\/page"}],"author":[{"embeddable":true,"href":"https:\/\/www.katag.ca\/en\/wp-json\/wp\/v2\/users\/2"}],"replies":[{"embeddable":true,"href":"https:\/\/www.katag.ca\/en\/wp-json\/wp\/v2\/comments?post=1629"}],"version-history":[{"count":2,"href":"https:\/\/www.katag.ca\/en\/wp-json\/wp\/v2\/pages\/1629\/revisions"}],"predecessor-version":[{"id":2177,"href":"https:\/\/www.katag.ca\/en\/wp-json\/wp\/v2\/pages\/1629\/revisions\/2177"}],"wp:attachment":[{"href":"https:\/\/www.katag.ca\/en\/wp-json\/wp\/v2\/media?parent=1629"}],"curies":[{"name":"wp","href":"https:\/\/api.w.org\/{rel}","templated":true}]}}