{"id":1631,"date":"2015-01-06T22:02:18","date_gmt":"2015-01-06T22:02:18","guid":{"rendered":"http:\/\/www.boutiquekatag.com\/?page_id=1631"},"modified":"2015-01-09T16:02:39","modified_gmt":"2015-01-09T16:02:39","slug":"aventure-330","status":"publish","type":"page","link":"https:\/\/www.katag.ca\/en\/aventure-330\/","title":{"rendered":"Aventure 330"},"content":{"rendered":"<p>Vous empruntez le sentier menant vers le sud et marchez paisiblement dans la for\u00eat quant tout \u00e0 coup vous surprenez un animal sauvage en train de d\u00e9vorer sa proie. Il ne sait pas que ce vous lui voulez, mais il est bien d\u00e9cid\u00e9 \u00e0 d\u00e9fendre son bien. Son poil se dresse et il vous regarde. Vous remarquez deux \u00e9normes crocs sortant de sa gueule et vous vous dites qu\u2019il vaut mieux passer par un autre chemin. Vous reculez tranquillement afin d\u2019\u00e9viter tout mouvement brusque qui pourrait lui donner une mauvaise impression et faites demi-tour. Vous arrivez bient\u00f4t \u00e0 l\u2019intersection.<\/p>\n<div class=\"btn-container  align-center\"><a class=\"organic-btn  dark-blue-btn small-btn  align-center\" href=\"http:\/\/www.katag.ca\/aventure-328\/\"><span class=\"btn-holder\">Vous d\u00e9sirez prendre le chemin menant vers le nord<\/span><\/a><\/div>\n<div class=\"btn-container  align-center\"><a class=\"organic-btn  dark-blue-btn small-btn  align-center\" href=\"http:\/\/www.katag.ca\/aventure-329\/\"><span class=\"btn-holder\">Vous choisissez de prendre le chemin menant vers l\u2019ouest<\/span><\/a><\/div>\n<div class=\"btn-container  align-center\"><a class=\"organic-btn  dark-blue-btn small-btn  align-center\" href=\"http:\/\/www.katag.ca\/aventure-331\/\"><span class=\"btn-holder\">Vous pr\u00e9f\u00e9rez retourner vers la plage et prendre une toute autre direction<\/span><\/a><\/div>\n","protected":false},"excerpt":{"rendered":"<p>Vous empruntez le sentier menant vers le sud et marchez paisiblement dans la for\u00eat quant tout \u00e0 coup vous surprenez un animal sauvage en train de d\u00e9vorer sa proie. Il ne sait pas que ce vous lui voulez, mais il est bien d\u00e9cid\u00e9 \u00e0 d\u00e9fendre son bien. Son poil se dresse et il vous regarde. Vous remarquez deux \u00e9normes crocs sortant de sa gueule et vous vous dites qu\u2019il vaut mieux passer par un autre chemin. Vous reculez tranquillement afin d\u2019\u00e9viter tout mouvement brusque qui pourrait lui donner&#8230;<\/p>\n","protected":false},"author":2,"featured_media":0,"parent":0,"menu_order":0,"comment_status":"closed","ping_status":"closed","template":"","meta":{"footnotes":""},"class_list":["post-1631","page","type-page","status-publish","hentry"],"yoast_head":"<!-- This site is optimized with the Yoast SEO plugin v26.0 - https:\/\/yoast.com\/wordpress\/plugins\/seo\/ -->\n<title>Aventure 330 | Katag<\/title>\n<meta name=\"robots\" content=\"index, follow, max-snippet:-1, max-image-preview:large, max-video-preview:-1\" \/>\n<link rel=\"canonical\" href=\"https:\/\/www.katag.ca\/aventure-330\/\" \/>\n<meta property=\"og:locale\" content=\"en_US\" \/>\n<meta property=\"og:type\" content=\"article\" \/>\n<meta property=\"og:title\" content=\"Aventure 330 | Katag\" \/>\n<meta property=\"og:description\" content=\"Vous empruntez le sentier menant vers le sud et marchez paisiblement dans la for\u00eat quant tout \u00e0 coup vous surprenez un animal sauvage en train de d\u00e9vorer sa proie. Il ne sait pas que ce vous lui voulez, mais il est bien d\u00e9cid\u00e9 \u00e0 d\u00e9fendre son bien. Son poil se dresse et il vous regarde. Vous remarquez deux \u00e9normes crocs sortant de sa gueule et vous vous dites qu\u2019il vaut mieux passer par un autre chemin. Vous reculez tranquillement afin d\u2019\u00e9viter tout mouvement brusque qui pourrait lui donner...\" \/>\n<meta property=\"og:url\" content=\"https:\/\/www.katag.ca\/aventure-330\/\" \/>\n<meta property=\"og:site_name\" content=\"Katag\" \/>\n<meta property=\"article:publisher\" content=\"https:\/\/www.facebook.com\/Katag.ca\" \/>\n<meta property=\"article:modified_time\" content=\"2015-01-09T16:02:39+00:00\" \/>\n<meta name=\"twitter:card\" content=\"summary_large_image\" \/>\n<meta name=\"twitter:label1\" content=\"Est. reading time\" \/>\n\t<meta name=\"twitter:data1\" content=\"1 minute\" \/>\n<script type=\"application\/ld+json\" class=\"yoast-schema-graph\">{\"@context\":\"https:\/\/schema.org\",\"@graph\":[{\"@type\":\"WebPage\",\"@id\":\"https:\/\/www.katag.ca\/aventure-330\/\",\"url\":\"https:\/\/www.katag.ca\/aventure-330\/\",\"name\":\"Aventure 330 | Katag\",\"isPartOf\":{\"@id\":\"https:\/\/www.katag.ca\/#website\"},\"datePublished\":\"2015-01-06T22:02:18+00:00\",\"dateModified\":\"2015-01-09T16:02:39+00:00\",\"breadcrumb\":{\"@id\":\"https:\/\/www.katag.ca\/aventure-330\/#breadcrumb\"},\"inLanguage\":\"en-US\",\"potentialAction\":[{\"@type\":\"ReadAction\",\"target\":[\"https:\/\/www.katag.ca\/aventure-330\/\"]}]},{\"@type\":\"BreadcrumbList\",\"@id\":\"https:\/\/www.katag.ca\/aventure-330\/#breadcrumb\",\"itemListElement\":[{\"@type\":\"ListItem\",\"position\":1,\"name\":\"Accueil\",\"item\":\"https:\/\/www.katag.ca\/\"},{\"@type\":\"ListItem\",\"position\":2,\"name\":\"Aventure 330\"}]},{\"@type\":\"WebSite\",\"@id\":\"https:\/\/www.katag.ca\/#website\",\"url\":\"https:\/\/www.katag.ca\/\",\"name\":\"Katag\",\"description\":\"LE jeu d'&eacute;p&eacute;es-mousse\",\"publisher\":{\"@id\":\"https:\/\/www.katag.ca\/#organization\"},\"potentialAction\":[{\"@type\":\"SearchAction\",\"target\":{\"@type\":\"EntryPoint\",\"urlTemplate\":\"https:\/\/www.katag.ca\/?s={search_term_string}\"},\"query-input\":{\"@type\":\"PropertyValueSpecification\",\"valueRequired\":true,\"valueName\":\"search_term_string\"}}],\"inLanguage\":\"en-US\"},{\"@type\":\"Organization\",\"@id\":\"https:\/\/www.katag.ca\/#organization\",\"name\":\"Katag\",\"url\":\"https:\/\/www.katag.ca\/\",\"logo\":{\"@type\":\"ImageObject\",\"inLanguage\":\"en-US\",\"@id\":\"https:\/\/www.katag.ca\/#\/schema\/logo\/image\/\",\"url\":\"https:\/\/www.katag.ca\/wp-content\/uploads\/2021\/03\/logo-fr.png\",\"contentUrl\":\"https:\/\/www.katag.ca\/wp-content\/uploads\/2021\/03\/logo-fr.png\",\"width\":338,\"height\":173,\"caption\":\"Katag\"},\"image\":{\"@id\":\"https:\/\/www.katag.ca\/#\/schema\/logo\/image\/\"},\"sameAs\":[\"https:\/\/www.facebook.com\/Katag.ca\"]}]}<\/script>\n<!-- \/ Yoast SEO plugin. -->","yoast_head_json":{"title":"Aventure 330 | Katag","robots":{"index":"index","follow":"follow","max-snippet":"max-snippet:-1","max-image-preview":"max-image-preview:large","max-video-preview":"max-video-preview:-1"},"canonical":"https:\/\/www.katag.ca\/aventure-330\/","og_locale":"en_US","og_type":"article","og_title":"Aventure 330 | Katag","og_description":"Vous empruntez le sentier menant vers le sud et marchez paisiblement dans la for\u00eat quant tout \u00e0 coup vous surprenez un animal sauvage en train de d\u00e9vorer sa proie. Il ne sait pas que ce vous lui voulez, mais il est bien d\u00e9cid\u00e9 \u00e0 d\u00e9fendre son bien. Son poil se dresse et il vous regarde. Vous remarquez deux \u00e9normes crocs sortant de sa gueule et vous vous dites qu\u2019il vaut mieux passer par un autre chemin. Vous reculez tranquillement afin d\u2019\u00e9viter tout mouvement brusque qui pourrait lui donner...","og_url":"https:\/\/www.katag.ca\/aventure-330\/","og_site_name":"Katag","article_publisher":"https:\/\/www.facebook.com\/Katag.ca","article_modified_time":"2015-01-09T16:02:39+00:00","twitter_card":"summary_large_image","twitter_misc":{"Est. reading time":"1 minute"},"schema":{"@context":"https:\/\/schema.org","@graph":[{"@type":"WebPage","@id":"https:\/\/www.katag.ca\/aventure-330\/","url":"https:\/\/www.katag.ca\/aventure-330\/","name":"Aventure 330 | Katag","isPartOf":{"@id":"https:\/\/www.katag.ca\/#website"},"datePublished":"2015-01-06T22:02:18+00:00","dateModified":"2015-01-09T16:02:39+00:00","breadcrumb":{"@id":"https:\/\/www.katag.ca\/aventure-330\/#breadcrumb"},"inLanguage":"en-US","potentialAction":[{"@type":"ReadAction","target":["https:\/\/www.katag.ca\/aventure-330\/"]}]},{"@type":"BreadcrumbList","@id":"https:\/\/www.katag.ca\/aventure-330\/#breadcrumb","itemListElement":[{"@type":"ListItem","position":1,"name":"Accueil","item":"https:\/\/www.katag.ca\/"},{"@type":"ListItem","position":2,"name":"Aventure 330"}]},{"@type":"WebSite","@id":"https:\/\/www.katag.ca\/#website","url":"https:\/\/www.katag.ca\/","name":"Katag","description":"LE jeu d'&eacute;p&eacute;es-mousse","publisher":{"@id":"https:\/\/www.katag.ca\/#organization"},"potentialAction":[{"@type":"SearchAction","target":{"@type":"EntryPoint","urlTemplate":"https:\/\/www.katag.ca\/?s={search_term_string}"},"query-input":{"@type":"PropertyValueSpecification","valueRequired":true,"valueName":"search_term_string"}}],"inLanguage":"en-US"},{"@type":"Organization","@id":"https:\/\/www.katag.ca\/#organization","name":"Katag","url":"https:\/\/www.katag.ca\/","logo":{"@type":"ImageObject","inLanguage":"en-US","@id":"https:\/\/www.katag.ca\/#\/schema\/logo\/image\/","url":"https:\/\/www.katag.ca\/wp-content\/uploads\/2021\/03\/logo-fr.png","contentUrl":"https:\/\/www.katag.ca\/wp-content\/uploads\/2021\/03\/logo-fr.png","width":338,"height":173,"caption":"Katag"},"image":{"@id":"https:\/\/www.katag.ca\/#\/schema\/logo\/image\/"},"sameAs":["https:\/\/www.facebook.com\/Katag.ca"]}]}},"_links":{"self":[{"href":"https:\/\/www.katag.ca\/en\/wp-json\/wp\/v2\/pages\/1631","targetHints":{"allow":["GET"]}}],"collection":[{"href":"https:\/\/www.katag.ca\/en\/wp-json\/wp\/v2\/pages"}],"about":[{"href":"https:\/\/www.katag.ca\/en\/wp-json\/wp\/v2\/types\/page"}],"author":[{"embeddable":true,"href":"https:\/\/www.katag.ca\/en\/wp-json\/wp\/v2\/users\/2"}],"replies":[{"embeddable":true,"href":"https:\/\/www.katag.ca\/en\/wp-json\/wp\/v2\/comments?post=1631"}],"version-history":[{"count":2,"href":"https:\/\/www.katag.ca\/en\/wp-json\/wp\/v2\/pages\/1631\/revisions"}],"predecessor-version":[{"id":2178,"href":"https:\/\/www.katag.ca\/en\/wp-json\/wp\/v2\/pages\/1631\/revisions\/2178"}],"wp:attachment":[{"href":"https:\/\/www.katag.ca\/en\/wp-json\/wp\/v2\/media?parent=1631"}],"curies":[{"name":"wp","href":"https:\/\/api.w.org\/{rel}","templated":true}]}}