{"id":1637,"date":"2015-01-06T22:04:00","date_gmt":"2015-01-06T22:04:00","guid":{"rendered":"http:\/\/www.boutiquekatag.com\/?page_id=1637"},"modified":"2015-01-09T16:04:49","modified_gmt":"2015-01-09T16:04:49","slug":"aventure-333","status":"publish","type":"page","link":"https:\/\/www.katag.ca\/en\/aventure-333\/","title":{"rendered":"Aventure 333"},"content":{"rendered":"<p>Vous d\u00e9cidez de continuer votre chemin vers le nord. Les lunes vous \u00e9clairant, vous arrivez \u00e0 distinguer que de petits fruits bleus, ressemblant d\u2019ailleurs \u00e9trangement \u00e0 des bleuets, poussent le long du chemin. Vous d\u00e9cidez d\u2019arr\u00eater un instant et d\u2019en cueillir et r\u00e9alisez qu\u2019il y a d\u00e9j\u00e0 un bon moment que vous n\u2019avez rien aval\u00e9. Les fruits sont succulents et vous redonnent des forces! Veuillez ajouter deux points \u00e0 votre total dans la cat\u00e9gorie endurance sur votre feuille de route. <\/p>\n<p>Vous vous remettez ensuite en route, pr\u00eat \u00e0 affronter n\u2019importe quel cauchemar que l\u2019on mettra sur votre chemin. Apr\u00e8s avoir long\u00e9 la route une dizaine de minutes suppl\u00e9mentaires, vous arrivez \u00e0 l\u2019endroit que l\u2019homme que vous avez rencontr\u00e9 vous avait indiqu\u00e9. Vous comprenez que vous auriez d\u00fb \u00e9couter ses conseils, car la route qui se trouve devant vous n\u2019est pas sombre, mais bien dans la noirceur compl\u00e8te! Vous vous dites que vous auriez d\u00fb acheter sa lampe de poche\u2026 Veuillez d\u00e9duire un point de votre total dans la cat\u00e9gorie intuition de votre feuille de route.<\/p>\n<p>Vous n\u2019avez d\u2019autre choix que de retourner vers la plage et emprunter un autre chemin.<\/p>\n<div class=\"btn-container  align-center\"><a class=\"organic-btn  dark-blue-btn small-btn  align-center\" href=\"http:\/\/www.katag.ca\/aventure-334\/\"><span class=\"btn-holder\">Cliquez ici pour continuer<\/span><\/a><\/div>\n","protected":false},"excerpt":{"rendered":"<p>Vous d\u00e9cidez de continuer votre chemin vers le nord. Les lunes vous \u00e9clairant, vous arrivez \u00e0 distinguer que de petits fruits bleus, ressemblant d\u2019ailleurs \u00e9trangement \u00e0 des bleuets, poussent le long du chemin. Vous d\u00e9cidez d\u2019arr\u00eater un instant et d\u2019en cueillir et r\u00e9alisez qu\u2019il y a d\u00e9j\u00e0 un bon moment que vous n\u2019avez rien aval\u00e9. Les fruits sont succulents et vous redonnent des forces! Veuillez ajouter deux points \u00e0 votre total dans la cat\u00e9gorie endurance sur votre feuille de route. Vous vous remettez ensuite en route, pr\u00eat \u00e0&#8230;<\/p>\n","protected":false},"author":2,"featured_media":0,"parent":0,"menu_order":0,"comment_status":"closed","ping_status":"closed","template":"","meta":{"footnotes":""},"class_list":["post-1637","page","type-page","status-publish","hentry"],"yoast_head":"<!-- This site is optimized with the Yoast SEO plugin v26.0 - https:\/\/yoast.com\/wordpress\/plugins\/seo\/ -->\n<title>Aventure 333 | Katag<\/title>\n<meta name=\"robots\" content=\"index, follow, max-snippet:-1, max-image-preview:large, max-video-preview:-1\" \/>\n<link rel=\"canonical\" href=\"https:\/\/www.katag.ca\/en\/aventure-333\/\" \/>\n<meta property=\"og:locale\" content=\"en_US\" \/>\n<meta property=\"og:type\" content=\"article\" \/>\n<meta property=\"og:title\" content=\"Aventure 333 | Katag\" \/>\n<meta property=\"og:description\" content=\"Vous d\u00e9cidez de continuer votre chemin vers le nord. Les lunes vous \u00e9clairant, vous arrivez \u00e0 distinguer que de petits fruits bleus, ressemblant d\u2019ailleurs \u00e9trangement \u00e0 des bleuets, poussent le long du chemin. Vous d\u00e9cidez d\u2019arr\u00eater un instant et d\u2019en cueillir et r\u00e9alisez qu\u2019il y a d\u00e9j\u00e0 un bon moment que vous n\u2019avez rien aval\u00e9. Les fruits sont succulents et vous redonnent des forces! Veuillez ajouter deux points \u00e0 votre total dans la cat\u00e9gorie endurance sur votre feuille de route. Vous vous remettez ensuite en route, pr\u00eat \u00e0...\" \/>\n<meta property=\"og:url\" content=\"https:\/\/www.katag.ca\/en\/aventure-333\/\" \/>\n<meta property=\"og:site_name\" content=\"Katag\" \/>\n<meta property=\"article:publisher\" content=\"https:\/\/www.facebook.com\/Katag.ca\" \/>\n<meta property=\"article:modified_time\" content=\"2015-01-09T16:04:49+00:00\" \/>\n<meta name=\"twitter:card\" content=\"summary_large_image\" \/>\n<meta name=\"twitter:label1\" content=\"Est. reading time\" \/>\n\t<meta name=\"twitter:data1\" content=\"1 minute\" \/>\n<script type=\"application\/ld+json\" class=\"yoast-schema-graph\">{\"@context\":\"https:\/\/schema.org\",\"@graph\":[{\"@type\":\"WebPage\",\"@id\":\"https:\/\/www.katag.ca\/en\/aventure-333\/\",\"url\":\"https:\/\/www.katag.ca\/en\/aventure-333\/\",\"name\":\"Aventure 333 | Katag\",\"isPartOf\":{\"@id\":\"https:\/\/www.katag.ca\/#website\"},\"datePublished\":\"2015-01-06T22:04:00+00:00\",\"dateModified\":\"2015-01-09T16:04:49+00:00\",\"breadcrumb\":{\"@id\":\"https:\/\/www.katag.ca\/en\/aventure-333\/#breadcrumb\"},\"inLanguage\":\"en-US\",\"potentialAction\":[{\"@type\":\"ReadAction\",\"target\":[\"https:\/\/www.katag.ca\/en\/aventure-333\/\"]}]},{\"@type\":\"BreadcrumbList\",\"@id\":\"https:\/\/www.katag.ca\/en\/aventure-333\/#breadcrumb\",\"itemListElement\":[{\"@type\":\"ListItem\",\"position\":1,\"name\":\"Accueil\",\"item\":\"https:\/\/www.katag.ca\/\"},{\"@type\":\"ListItem\",\"position\":2,\"name\":\"Aventure 333\"}]},{\"@type\":\"WebSite\",\"@id\":\"https:\/\/www.katag.ca\/#website\",\"url\":\"https:\/\/www.katag.ca\/\",\"name\":\"Katag\",\"description\":\"LE jeu d'&eacute;p&eacute;es-mousse\",\"publisher\":{\"@id\":\"https:\/\/www.katag.ca\/#organization\"},\"potentialAction\":[{\"@type\":\"SearchAction\",\"target\":{\"@type\":\"EntryPoint\",\"urlTemplate\":\"https:\/\/www.katag.ca\/?s={search_term_string}\"},\"query-input\":{\"@type\":\"PropertyValueSpecification\",\"valueRequired\":true,\"valueName\":\"search_term_string\"}}],\"inLanguage\":\"en-US\"},{\"@type\":\"Organization\",\"@id\":\"https:\/\/www.katag.ca\/#organization\",\"name\":\"Katag\",\"url\":\"https:\/\/www.katag.ca\/\",\"logo\":{\"@type\":\"ImageObject\",\"inLanguage\":\"en-US\",\"@id\":\"https:\/\/www.katag.ca\/#\/schema\/logo\/image\/\",\"url\":\"https:\/\/www.katag.ca\/wp-content\/uploads\/2021\/03\/logo-fr.png\",\"contentUrl\":\"https:\/\/www.katag.ca\/wp-content\/uploads\/2021\/03\/logo-fr.png\",\"width\":338,\"height\":173,\"caption\":\"Katag\"},\"image\":{\"@id\":\"https:\/\/www.katag.ca\/#\/schema\/logo\/image\/\"},\"sameAs\":[\"https:\/\/www.facebook.com\/Katag.ca\"]}]}<\/script>\n<!-- \/ Yoast SEO plugin. -->","yoast_head_json":{"title":"Aventure 333 | Katag","robots":{"index":"index","follow":"follow","max-snippet":"max-snippet:-1","max-image-preview":"max-image-preview:large","max-video-preview":"max-video-preview:-1"},"canonical":"https:\/\/www.katag.ca\/en\/aventure-333\/","og_locale":"en_US","og_type":"article","og_title":"Aventure 333 | Katag","og_description":"Vous d\u00e9cidez de continuer votre chemin vers le nord. Les lunes vous \u00e9clairant, vous arrivez \u00e0 distinguer que de petits fruits bleus, ressemblant d\u2019ailleurs \u00e9trangement \u00e0 des bleuets, poussent le long du chemin. Vous d\u00e9cidez d\u2019arr\u00eater un instant et d\u2019en cueillir et r\u00e9alisez qu\u2019il y a d\u00e9j\u00e0 un bon moment que vous n\u2019avez rien aval\u00e9. Les fruits sont succulents et vous redonnent des forces! Veuillez ajouter deux points \u00e0 votre total dans la cat\u00e9gorie endurance sur votre feuille de route. Vous vous remettez ensuite en route, pr\u00eat \u00e0...","og_url":"https:\/\/www.katag.ca\/en\/aventure-333\/","og_site_name":"Katag","article_publisher":"https:\/\/www.facebook.com\/Katag.ca","article_modified_time":"2015-01-09T16:04:49+00:00","twitter_card":"summary_large_image","twitter_misc":{"Est. reading time":"1 minute"},"schema":{"@context":"https:\/\/schema.org","@graph":[{"@type":"WebPage","@id":"https:\/\/www.katag.ca\/en\/aventure-333\/","url":"https:\/\/www.katag.ca\/en\/aventure-333\/","name":"Aventure 333 | Katag","isPartOf":{"@id":"https:\/\/www.katag.ca\/#website"},"datePublished":"2015-01-06T22:04:00+00:00","dateModified":"2015-01-09T16:04:49+00:00","breadcrumb":{"@id":"https:\/\/www.katag.ca\/en\/aventure-333\/#breadcrumb"},"inLanguage":"en-US","potentialAction":[{"@type":"ReadAction","target":["https:\/\/www.katag.ca\/en\/aventure-333\/"]}]},{"@type":"BreadcrumbList","@id":"https:\/\/www.katag.ca\/en\/aventure-333\/#breadcrumb","itemListElement":[{"@type":"ListItem","position":1,"name":"Accueil","item":"https:\/\/www.katag.ca\/"},{"@type":"ListItem","position":2,"name":"Aventure 333"}]},{"@type":"WebSite","@id":"https:\/\/www.katag.ca\/#website","url":"https:\/\/www.katag.ca\/","name":"Katag","description":"LE jeu d'&eacute;p&eacute;es-mousse","publisher":{"@id":"https:\/\/www.katag.ca\/#organization"},"potentialAction":[{"@type":"SearchAction","target":{"@type":"EntryPoint","urlTemplate":"https:\/\/www.katag.ca\/?s={search_term_string}"},"query-input":{"@type":"PropertyValueSpecification","valueRequired":true,"valueName":"search_term_string"}}],"inLanguage":"en-US"},{"@type":"Organization","@id":"https:\/\/www.katag.ca\/#organization","name":"Katag","url":"https:\/\/www.katag.ca\/","logo":{"@type":"ImageObject","inLanguage":"en-US","@id":"https:\/\/www.katag.ca\/#\/schema\/logo\/image\/","url":"https:\/\/www.katag.ca\/wp-content\/uploads\/2021\/03\/logo-fr.png","contentUrl":"https:\/\/www.katag.ca\/wp-content\/uploads\/2021\/03\/logo-fr.png","width":338,"height":173,"caption":"Katag"},"image":{"@id":"https:\/\/www.katag.ca\/#\/schema\/logo\/image\/"},"sameAs":["https:\/\/www.facebook.com\/Katag.ca"]}]}},"_links":{"self":[{"href":"https:\/\/www.katag.ca\/en\/wp-json\/wp\/v2\/pages\/1637","targetHints":{"allow":["GET"]}}],"collection":[{"href":"https:\/\/www.katag.ca\/en\/wp-json\/wp\/v2\/pages"}],"about":[{"href":"https:\/\/www.katag.ca\/en\/wp-json\/wp\/v2\/types\/page"}],"author":[{"embeddable":true,"href":"https:\/\/www.katag.ca\/en\/wp-json\/wp\/v2\/users\/2"}],"replies":[{"embeddable":true,"href":"https:\/\/www.katag.ca\/en\/wp-json\/wp\/v2\/comments?post=1637"}],"version-history":[{"count":2,"href":"https:\/\/www.katag.ca\/en\/wp-json\/wp\/v2\/pages\/1637\/revisions"}],"predecessor-version":[{"id":2181,"href":"https:\/\/www.katag.ca\/en\/wp-json\/wp\/v2\/pages\/1637\/revisions\/2181"}],"wp:attachment":[{"href":"https:\/\/www.katag.ca\/en\/wp-json\/wp\/v2\/media?parent=1637"}],"curies":[{"name":"wp","href":"https:\/\/api.w.org\/{rel}","templated":true}]}}