{"id":1643,"date":"2015-01-06T22:05:46","date_gmt":"2015-01-06T22:05:46","guid":{"rendered":"http:\/\/www.boutiquekatag.com\/?page_id=1643"},"modified":"2015-01-09T16:07:12","modified_gmt":"2015-01-09T16:07:12","slug":"aventure-336","status":"publish","type":"page","link":"https:\/\/www.katag.ca\/en\/aventure-336\/","title":{"rendered":"Aventure 336"},"content":{"rendered":"<p>Alors que vous continuez d\u2019avancer, vous \u00eates t\u00e9moin d\u2019un spectacle d\u2019une grande beaut\u00e9. Le soleil commence \u00e0 se lever! Il est d\u2019une rougeur incroyable \u00e0 cette heure du jour et il \u00e9claire directement les deux lunes. Vous avez l\u2019impression que le ciel est d\u00e9chir\u00e9 en deux : un mauve \u00e9tincelant d\u2019un c\u00f4t\u00e9 et un rouge tirant vers le jaune avec une d\u00e9marcation marqu\u00e9e en son centre de l\u2019autre. Le seul mot que vous avez en bouche est WOW! <\/p>\n<p>Ce lever se soleil vous indique que vous devez faire vite puisque vous n\u2019\u00eates pas en mesure de savoir si les heures du jour de Manifeste sont semblables \u00e0 celles sur terre. Si tel \u00e9tait le cas, vous ne voudriez pas vous r\u00e9veiller avant d\u2019avoir accompli votre mission alors que vous \u00e9tiez si pr\u00eat du but!<\/p>\n<p>Vous d\u00e9cidez donc d\u2019acc\u00e9l\u00e9rer le pas. Le chemin sur lequel vous avancez longe un petit cours d\u2019eau qui vous m\u00e8ne \u00e0 une source. Vous d\u00e9cidez de vous abreuver. L\u2019eau est fra\u00eeche, pure et d\u00e9salt\u00e9rante. Elle vous redonne les forces dont vous aurez certainement besoin pour faire face \u00e0 ce qui vous attend. Veuillez ajouter deux points \u00e0 votre total dans la cat\u00e9gorie endurance de votre feuille de route.   <\/p>\n<div class=\"btn-container  align-center\"><a class=\"organic-btn  dark-blue-btn small-btn  align-center\" href=\"http:\/\/www.katag.ca\/aventure-350\/\"><span class=\"btn-holder\">Si vous vous sentez pr\u00eat \u00e0 affronter votre destin, cliquez ici<\/span><\/a><\/div>\n<div class=\"btn-container  align-center\"><a class=\"organic-btn  dark-blue-btn small-btn  align-center\" href=\"http:\/\/www.katag.ca\/aventure-351\/\"><span class=\"btn-holder\">Si vous r\u00e9alisez que vous n\u2019\u00eates peut-\u00eatre pas \u00e0 la hauteur des attentes que l\u2019on porte en vous, cliquez ici<\/span><\/a><\/div>\n","protected":false},"excerpt":{"rendered":"<p>Alors que vous continuez d\u2019avancer, vous \u00eates t\u00e9moin d\u2019un spectacle d\u2019une grande beaut\u00e9. Le soleil commence \u00e0 se lever! Il est d\u2019une rougeur incroyable \u00e0 cette heure du jour et il \u00e9claire directement les deux lunes. Vous avez l\u2019impression que le ciel est d\u00e9chir\u00e9 en deux : un mauve \u00e9tincelant d\u2019un c\u00f4t\u00e9 et un rouge tirant vers le jaune avec une d\u00e9marcation marqu\u00e9e en son centre de l\u2019autre. Le seul mot que vous avez en bouche est WOW! Ce lever se soleil vous indique que vous devez faire&#8230;<\/p>\n","protected":false},"author":2,"featured_media":0,"parent":0,"menu_order":0,"comment_status":"closed","ping_status":"closed","template":"","meta":{"footnotes":""},"class_list":["post-1643","page","type-page","status-publish","hentry"],"yoast_head":"<!-- This site is optimized with the Yoast SEO plugin v26.0 - https:\/\/yoast.com\/wordpress\/plugins\/seo\/ -->\n<title>Aventure 336 | Katag<\/title>\n<meta name=\"robots\" content=\"index, follow, max-snippet:-1, max-image-preview:large, max-video-preview:-1\" \/>\n<link rel=\"canonical\" href=\"https:\/\/www.katag.ca\/aventure-336\/\" \/>\n<meta property=\"og:locale\" content=\"en_US\" \/>\n<meta property=\"og:type\" content=\"article\" \/>\n<meta property=\"og:title\" content=\"Aventure 336 | Katag\" \/>\n<meta property=\"og:description\" content=\"Alors que vous continuez d\u2019avancer, vous \u00eates t\u00e9moin d\u2019un spectacle d\u2019une grande beaut\u00e9. Le soleil commence \u00e0 se lever! Il est d\u2019une rougeur incroyable \u00e0 cette heure du jour et il \u00e9claire directement les deux lunes. Vous avez l\u2019impression que le ciel est d\u00e9chir\u00e9 en deux : un mauve \u00e9tincelant d\u2019un c\u00f4t\u00e9 et un rouge tirant vers le jaune avec une d\u00e9marcation marqu\u00e9e en son centre de l\u2019autre. Le seul mot que vous avez en bouche est WOW! Ce lever se soleil vous indique que vous devez faire...\" \/>\n<meta property=\"og:url\" content=\"https:\/\/www.katag.ca\/aventure-336\/\" \/>\n<meta property=\"og:site_name\" content=\"Katag\" \/>\n<meta property=\"article:publisher\" content=\"https:\/\/www.facebook.com\/Katag.ca\" \/>\n<meta property=\"article:modified_time\" content=\"2015-01-09T16:07:12+00:00\" \/>\n<meta name=\"twitter:card\" content=\"summary_large_image\" \/>\n<meta name=\"twitter:label1\" content=\"Est. reading time\" \/>\n\t<meta name=\"twitter:data1\" content=\"1 minute\" \/>\n<script type=\"application\/ld+json\" class=\"yoast-schema-graph\">{\"@context\":\"https:\/\/schema.org\",\"@graph\":[{\"@type\":\"WebPage\",\"@id\":\"https:\/\/www.katag.ca\/aventure-336\/\",\"url\":\"https:\/\/www.katag.ca\/aventure-336\/\",\"name\":\"Aventure 336 | Katag\",\"isPartOf\":{\"@id\":\"https:\/\/www.katag.ca\/#website\"},\"datePublished\":\"2015-01-06T22:05:46+00:00\",\"dateModified\":\"2015-01-09T16:07:12+00:00\",\"breadcrumb\":{\"@id\":\"https:\/\/www.katag.ca\/aventure-336\/#breadcrumb\"},\"inLanguage\":\"en-US\",\"potentialAction\":[{\"@type\":\"ReadAction\",\"target\":[\"https:\/\/www.katag.ca\/aventure-336\/\"]}]},{\"@type\":\"BreadcrumbList\",\"@id\":\"https:\/\/www.katag.ca\/aventure-336\/#breadcrumb\",\"itemListElement\":[{\"@type\":\"ListItem\",\"position\":1,\"name\":\"Accueil\",\"item\":\"https:\/\/www.katag.ca\/\"},{\"@type\":\"ListItem\",\"position\":2,\"name\":\"Aventure 336\"}]},{\"@type\":\"WebSite\",\"@id\":\"https:\/\/www.katag.ca\/#website\",\"url\":\"https:\/\/www.katag.ca\/\",\"name\":\"Katag\",\"description\":\"LE jeu d'&eacute;p&eacute;es-mousse\",\"publisher\":{\"@id\":\"https:\/\/www.katag.ca\/#organization\"},\"potentialAction\":[{\"@type\":\"SearchAction\",\"target\":{\"@type\":\"EntryPoint\",\"urlTemplate\":\"https:\/\/www.katag.ca\/?s={search_term_string}\"},\"query-input\":{\"@type\":\"PropertyValueSpecification\",\"valueRequired\":true,\"valueName\":\"search_term_string\"}}],\"inLanguage\":\"en-US\"},{\"@type\":\"Organization\",\"@id\":\"https:\/\/www.katag.ca\/#organization\",\"name\":\"Katag\",\"url\":\"https:\/\/www.katag.ca\/\",\"logo\":{\"@type\":\"ImageObject\",\"inLanguage\":\"en-US\",\"@id\":\"https:\/\/www.katag.ca\/#\/schema\/logo\/image\/\",\"url\":\"https:\/\/www.katag.ca\/wp-content\/uploads\/2021\/03\/logo-fr.png\",\"contentUrl\":\"https:\/\/www.katag.ca\/wp-content\/uploads\/2021\/03\/logo-fr.png\",\"width\":338,\"height\":173,\"caption\":\"Katag\"},\"image\":{\"@id\":\"https:\/\/www.katag.ca\/#\/schema\/logo\/image\/\"},\"sameAs\":[\"https:\/\/www.facebook.com\/Katag.ca\"]}]}<\/script>\n<!-- \/ Yoast SEO plugin. -->","yoast_head_json":{"title":"Aventure 336 | Katag","robots":{"index":"index","follow":"follow","max-snippet":"max-snippet:-1","max-image-preview":"max-image-preview:large","max-video-preview":"max-video-preview:-1"},"canonical":"https:\/\/www.katag.ca\/aventure-336\/","og_locale":"en_US","og_type":"article","og_title":"Aventure 336 | Katag","og_description":"Alors que vous continuez d\u2019avancer, vous \u00eates t\u00e9moin d\u2019un spectacle d\u2019une grande beaut\u00e9. Le soleil commence \u00e0 se lever! Il est d\u2019une rougeur incroyable \u00e0 cette heure du jour et il \u00e9claire directement les deux lunes. Vous avez l\u2019impression que le ciel est d\u00e9chir\u00e9 en deux : un mauve \u00e9tincelant d\u2019un c\u00f4t\u00e9 et un rouge tirant vers le jaune avec une d\u00e9marcation marqu\u00e9e en son centre de l\u2019autre. Le seul mot que vous avez en bouche est WOW! Ce lever se soleil vous indique que vous devez faire...","og_url":"https:\/\/www.katag.ca\/aventure-336\/","og_site_name":"Katag","article_publisher":"https:\/\/www.facebook.com\/Katag.ca","article_modified_time":"2015-01-09T16:07:12+00:00","twitter_card":"summary_large_image","twitter_misc":{"Est. reading time":"1 minute"},"schema":{"@context":"https:\/\/schema.org","@graph":[{"@type":"WebPage","@id":"https:\/\/www.katag.ca\/aventure-336\/","url":"https:\/\/www.katag.ca\/aventure-336\/","name":"Aventure 336 | Katag","isPartOf":{"@id":"https:\/\/www.katag.ca\/#website"},"datePublished":"2015-01-06T22:05:46+00:00","dateModified":"2015-01-09T16:07:12+00:00","breadcrumb":{"@id":"https:\/\/www.katag.ca\/aventure-336\/#breadcrumb"},"inLanguage":"en-US","potentialAction":[{"@type":"ReadAction","target":["https:\/\/www.katag.ca\/aventure-336\/"]}]},{"@type":"BreadcrumbList","@id":"https:\/\/www.katag.ca\/aventure-336\/#breadcrumb","itemListElement":[{"@type":"ListItem","position":1,"name":"Accueil","item":"https:\/\/www.katag.ca\/"},{"@type":"ListItem","position":2,"name":"Aventure 336"}]},{"@type":"WebSite","@id":"https:\/\/www.katag.ca\/#website","url":"https:\/\/www.katag.ca\/","name":"Katag","description":"LE jeu d'&eacute;p&eacute;es-mousse","publisher":{"@id":"https:\/\/www.katag.ca\/#organization"},"potentialAction":[{"@type":"SearchAction","target":{"@type":"EntryPoint","urlTemplate":"https:\/\/www.katag.ca\/?s={search_term_string}"},"query-input":{"@type":"PropertyValueSpecification","valueRequired":true,"valueName":"search_term_string"}}],"inLanguage":"en-US"},{"@type":"Organization","@id":"https:\/\/www.katag.ca\/#organization","name":"Katag","url":"https:\/\/www.katag.ca\/","logo":{"@type":"ImageObject","inLanguage":"en-US","@id":"https:\/\/www.katag.ca\/#\/schema\/logo\/image\/","url":"https:\/\/www.katag.ca\/wp-content\/uploads\/2021\/03\/logo-fr.png","contentUrl":"https:\/\/www.katag.ca\/wp-content\/uploads\/2021\/03\/logo-fr.png","width":338,"height":173,"caption":"Katag"},"image":{"@id":"https:\/\/www.katag.ca\/#\/schema\/logo\/image\/"},"sameAs":["https:\/\/www.facebook.com\/Katag.ca"]}]}},"_links":{"self":[{"href":"https:\/\/www.katag.ca\/en\/wp-json\/wp\/v2\/pages\/1643","targetHints":{"allow":["GET"]}}],"collection":[{"href":"https:\/\/www.katag.ca\/en\/wp-json\/wp\/v2\/pages"}],"about":[{"href":"https:\/\/www.katag.ca\/en\/wp-json\/wp\/v2\/types\/page"}],"author":[{"embeddable":true,"href":"https:\/\/www.katag.ca\/en\/wp-json\/wp\/v2\/users\/2"}],"replies":[{"embeddable":true,"href":"https:\/\/www.katag.ca\/en\/wp-json\/wp\/v2\/comments?post=1643"}],"version-history":[{"count":2,"href":"https:\/\/www.katag.ca\/en\/wp-json\/wp\/v2\/pages\/1643\/revisions"}],"predecessor-version":[{"id":2184,"href":"https:\/\/www.katag.ca\/en\/wp-json\/wp\/v2\/pages\/1643\/revisions\/2184"}],"wp:attachment":[{"href":"https:\/\/www.katag.ca\/en\/wp-json\/wp\/v2\/media?parent=1643"}],"curies":[{"name":"wp","href":"https:\/\/api.w.org\/{rel}","templated":true}]}}