{"id":1647,"date":"2015-01-06T22:06:38","date_gmt":"2015-01-06T22:06:38","guid":{"rendered":"http:\/\/www.boutiquekatag.com\/?page_id=1647"},"modified":"2015-01-09T16:09:13","modified_gmt":"2015-01-09T16:09:13","slug":"aventure-338","status":"publish","type":"page","link":"https:\/\/www.katag.ca\/en\/aventure-338\/","title":{"rendered":"Aventure 338"},"content":{"rendered":"<p>Vous r\u00e9ussissez \u00e0 vous sortir habilement des griffes de la plante grimpante qui s\u2019en prenait \u00e0 vous. Veuillez ajouter un point \u00e0 votre total dans la cat\u00e9gorie agilit\u00e9 de votre feuille de route. Apr\u00e8s avoir ass\u00e9n\u00e9 un l\u00e9ger coup \u00e0 la plante avec votre \u00e9p\u00e9e, celle-ci semble \u00e9mettre un g\u00e9missement, se retire rapidement et vous laisse tranquille.<\/p>\n<p>Vous avez soudain la conviction que vous perdez votre temps \u00e0 r\u00f4der dans ces parages et que si le cauchemar que vous cherchez se trouvait \u00e0 proximit\u00e9, il se serait sans doute d\u00e9j\u00e0 manifest\u00e9! Vous d\u00e9cidez donc de retourner sur la plage et poursuivre votre chemin en longeant la rive.<\/p>\n<div class=\"btn-container  align-center\"><a class=\"organic-btn  dark-blue-btn small-btn  align-center\" href=\"http:\/\/www.katag.ca\/aventure-301\/\"><span class=\"btn-holder\">Cliquez ici pour continuer<\/span><\/a><\/div>\n","protected":false},"excerpt":{"rendered":"<p>Vous r\u00e9ussissez \u00e0 vous sortir habilement des griffes de la plante grimpante qui s\u2019en prenait \u00e0 vous. Veuillez ajouter un point \u00e0 votre total dans la cat\u00e9gorie agilit\u00e9 de votre feuille de route. Apr\u00e8s avoir ass\u00e9n\u00e9 un l\u00e9ger coup \u00e0 la plante avec votre \u00e9p\u00e9e, celle-ci semble \u00e9mettre un g\u00e9missement, se retire rapidement et vous laisse tranquille. Vous avez soudain la conviction que vous perdez votre temps \u00e0 r\u00f4der dans ces parages et que si le cauchemar que vous cherchez se trouvait \u00e0 proximit\u00e9, il se serait sans&#8230;<\/p>\n","protected":false},"author":2,"featured_media":0,"parent":0,"menu_order":0,"comment_status":"closed","ping_status":"closed","template":"","meta":{"footnotes":""},"class_list":["post-1647","page","type-page","status-publish","hentry"],"yoast_head":"<!-- This site is optimized with the Yoast SEO plugin v27.5 - https:\/\/yoast.com\/product\/yoast-seo-wordpress\/ -->\n<title>Aventure 338 | Katag<\/title>\n<meta name=\"robots\" content=\"index, follow, max-snippet:-1, max-image-preview:large, max-video-preview:-1\" \/>\n<link rel=\"canonical\" href=\"https:\/\/www.katag.ca\/en\/aventure-338\/\" \/>\n<meta property=\"og:locale\" content=\"en_US\" \/>\n<meta property=\"og:type\" content=\"article\" \/>\n<meta property=\"og:title\" content=\"Aventure 338 | Katag\" \/>\n<meta property=\"og:description\" content=\"Vous r\u00e9ussissez \u00e0 vous sortir habilement des griffes de la plante grimpante qui s\u2019en prenait \u00e0 vous. Veuillez ajouter un point \u00e0 votre total dans la cat\u00e9gorie agilit\u00e9 de votre feuille de route. Apr\u00e8s avoir ass\u00e9n\u00e9 un l\u00e9ger coup \u00e0 la plante avec votre \u00e9p\u00e9e, celle-ci semble \u00e9mettre un g\u00e9missement, se retire rapidement et vous laisse tranquille. Vous avez soudain la conviction que vous perdez votre temps \u00e0 r\u00f4der dans ces parages et que si le cauchemar que vous cherchez se trouvait \u00e0 proximit\u00e9, il se serait sans...\" \/>\n<meta property=\"og:url\" content=\"https:\/\/www.katag.ca\/en\/aventure-338\/\" \/>\n<meta property=\"og:site_name\" content=\"Katag\" \/>\n<meta property=\"article:publisher\" content=\"https:\/\/www.facebook.com\/Katag.ca\" \/>\n<meta property=\"article:modified_time\" content=\"2015-01-09T16:09:13+00:00\" \/>\n<meta name=\"twitter:card\" content=\"summary_large_image\" \/>\n<meta name=\"twitter:label1\" content=\"Est. reading time\" \/>\n\t<meta name=\"twitter:data1\" content=\"1 minute\" \/>\n<script type=\"application\/ld+json\" class=\"yoast-schema-graph\">{\"@context\":\"https:\\\/\\\/schema.org\",\"@graph\":[{\"@type\":\"WebPage\",\"@id\":\"https:\\\/\\\/www.katag.ca\\\/en\\\/aventure-338\\\/\",\"url\":\"https:\\\/\\\/www.katag.ca\\\/en\\\/aventure-338\\\/\",\"name\":\"Aventure 338 | Katag\",\"isPartOf\":{\"@id\":\"https:\\\/\\\/www.katag.ca\\\/#website\"},\"datePublished\":\"2015-01-06T22:06:38+00:00\",\"dateModified\":\"2015-01-09T16:09:13+00:00\",\"breadcrumb\":{\"@id\":\"https:\\\/\\\/www.katag.ca\\\/en\\\/aventure-338\\\/#breadcrumb\"},\"inLanguage\":\"en-US\",\"potentialAction\":[{\"@type\":\"ReadAction\",\"target\":[\"https:\\\/\\\/www.katag.ca\\\/en\\\/aventure-338\\\/\"]}]},{\"@type\":\"BreadcrumbList\",\"@id\":\"https:\\\/\\\/www.katag.ca\\\/en\\\/aventure-338\\\/#breadcrumb\",\"itemListElement\":[{\"@type\":\"ListItem\",\"position\":1,\"name\":\"Accueil\",\"item\":\"https:\\\/\\\/www.katag.ca\\\/\"},{\"@type\":\"ListItem\",\"position\":2,\"name\":\"Aventure 338\"}]},{\"@type\":\"WebSite\",\"@id\":\"https:\\\/\\\/www.katag.ca\\\/#website\",\"url\":\"https:\\\/\\\/www.katag.ca\\\/\",\"name\":\"Katag\",\"description\":\"LE jeu d'&eacute;p&eacute;es-mousse\",\"publisher\":{\"@id\":\"https:\\\/\\\/www.katag.ca\\\/#organization\"},\"potentialAction\":[{\"@type\":\"SearchAction\",\"target\":{\"@type\":\"EntryPoint\",\"urlTemplate\":\"https:\\\/\\\/www.katag.ca\\\/?s={search_term_string}\"},\"query-input\":{\"@type\":\"PropertyValueSpecification\",\"valueRequired\":true,\"valueName\":\"search_term_string\"}}],\"inLanguage\":\"en-US\"},{\"@type\":\"Organization\",\"@id\":\"https:\\\/\\\/www.katag.ca\\\/#organization\",\"name\":\"Katag\",\"url\":\"https:\\\/\\\/www.katag.ca\\\/\",\"logo\":{\"@type\":\"ImageObject\",\"inLanguage\":\"en-US\",\"@id\":\"https:\\\/\\\/www.katag.ca\\\/#\\\/schema\\\/logo\\\/image\\\/\",\"url\":\"https:\\\/\\\/www.katag.ca\\\/wp-content\\\/uploads\\\/2021\\\/03\\\/logo-fr.png\",\"contentUrl\":\"https:\\\/\\\/www.katag.ca\\\/wp-content\\\/uploads\\\/2021\\\/03\\\/logo-fr.png\",\"width\":338,\"height\":173,\"caption\":\"Katag\"},\"image\":{\"@id\":\"https:\\\/\\\/www.katag.ca\\\/#\\\/schema\\\/logo\\\/image\\\/\"},\"sameAs\":[\"https:\\\/\\\/www.facebook.com\\\/Katag.ca\"]}]}<\/script>\n<!-- \/ Yoast SEO plugin. -->","yoast_head_json":{"title":"Aventure 338 | Katag","robots":{"index":"index","follow":"follow","max-snippet":"max-snippet:-1","max-image-preview":"max-image-preview:large","max-video-preview":"max-video-preview:-1"},"canonical":"https:\/\/www.katag.ca\/en\/aventure-338\/","og_locale":"en_US","og_type":"article","og_title":"Aventure 338 | Katag","og_description":"Vous r\u00e9ussissez \u00e0 vous sortir habilement des griffes de la plante grimpante qui s\u2019en prenait \u00e0 vous. Veuillez ajouter un point \u00e0 votre total dans la cat\u00e9gorie agilit\u00e9 de votre feuille de route. Apr\u00e8s avoir ass\u00e9n\u00e9 un l\u00e9ger coup \u00e0 la plante avec votre \u00e9p\u00e9e, celle-ci semble \u00e9mettre un g\u00e9missement, se retire rapidement et vous laisse tranquille. Vous avez soudain la conviction que vous perdez votre temps \u00e0 r\u00f4der dans ces parages et que si le cauchemar que vous cherchez se trouvait \u00e0 proximit\u00e9, il se serait sans...","og_url":"https:\/\/www.katag.ca\/en\/aventure-338\/","og_site_name":"Katag","article_publisher":"https:\/\/www.facebook.com\/Katag.ca","article_modified_time":"2015-01-09T16:09:13+00:00","twitter_card":"summary_large_image","twitter_misc":{"Est. reading time":"1 minute"},"schema":{"@context":"https:\/\/schema.org","@graph":[{"@type":"WebPage","@id":"https:\/\/www.katag.ca\/en\/aventure-338\/","url":"https:\/\/www.katag.ca\/en\/aventure-338\/","name":"Aventure 338 | Katag","isPartOf":{"@id":"https:\/\/www.katag.ca\/#website"},"datePublished":"2015-01-06T22:06:38+00:00","dateModified":"2015-01-09T16:09:13+00:00","breadcrumb":{"@id":"https:\/\/www.katag.ca\/en\/aventure-338\/#breadcrumb"},"inLanguage":"en-US","potentialAction":[{"@type":"ReadAction","target":["https:\/\/www.katag.ca\/en\/aventure-338\/"]}]},{"@type":"BreadcrumbList","@id":"https:\/\/www.katag.ca\/en\/aventure-338\/#breadcrumb","itemListElement":[{"@type":"ListItem","position":1,"name":"Accueil","item":"https:\/\/www.katag.ca\/"},{"@type":"ListItem","position":2,"name":"Aventure 338"}]},{"@type":"WebSite","@id":"https:\/\/www.katag.ca\/#website","url":"https:\/\/www.katag.ca\/","name":"Katag","description":"LE jeu d'&eacute;p&eacute;es-mousse","publisher":{"@id":"https:\/\/www.katag.ca\/#organization"},"potentialAction":[{"@type":"SearchAction","target":{"@type":"EntryPoint","urlTemplate":"https:\/\/www.katag.ca\/?s={search_term_string}"},"query-input":{"@type":"PropertyValueSpecification","valueRequired":true,"valueName":"search_term_string"}}],"inLanguage":"en-US"},{"@type":"Organization","@id":"https:\/\/www.katag.ca\/#organization","name":"Katag","url":"https:\/\/www.katag.ca\/","logo":{"@type":"ImageObject","inLanguage":"en-US","@id":"https:\/\/www.katag.ca\/#\/schema\/logo\/image\/","url":"https:\/\/www.katag.ca\/wp-content\/uploads\/2021\/03\/logo-fr.png","contentUrl":"https:\/\/www.katag.ca\/wp-content\/uploads\/2021\/03\/logo-fr.png","width":338,"height":173,"caption":"Katag"},"image":{"@id":"https:\/\/www.katag.ca\/#\/schema\/logo\/image\/"},"sameAs":["https:\/\/www.facebook.com\/Katag.ca"]}]}},"_links":{"self":[{"href":"https:\/\/www.katag.ca\/en\/wp-json\/wp\/v2\/pages\/1647","targetHints":{"allow":["GET"]}}],"collection":[{"href":"https:\/\/www.katag.ca\/en\/wp-json\/wp\/v2\/pages"}],"about":[{"href":"https:\/\/www.katag.ca\/en\/wp-json\/wp\/v2\/types\/page"}],"author":[{"embeddable":true,"href":"https:\/\/www.katag.ca\/en\/wp-json\/wp\/v2\/users\/2"}],"replies":[{"embeddable":true,"href":"https:\/\/www.katag.ca\/en\/wp-json\/wp\/v2\/comments?post=1647"}],"version-history":[{"count":2,"href":"https:\/\/www.katag.ca\/en\/wp-json\/wp\/v2\/pages\/1647\/revisions"}],"predecessor-version":[{"id":2186,"href":"https:\/\/www.katag.ca\/en\/wp-json\/wp\/v2\/pages\/1647\/revisions\/2186"}],"wp:attachment":[{"href":"https:\/\/www.katag.ca\/en\/wp-json\/wp\/v2\/media?parent=1647"}],"curies":[{"name":"wp","href":"https:\/\/api.w.org\/{rel}","templated":true}]}}