{"id":1651,"date":"2015-01-06T22:08:33","date_gmt":"2015-01-06T22:08:33","guid":{"rendered":"http:\/\/www.boutiquekatag.com\/?page_id=1651"},"modified":"2015-01-09T16:10:31","modified_gmt":"2015-01-09T16:10:31","slug":"aventure-340","status":"publish","type":"page","link":"https:\/\/www.katag.ca\/en\/aventure-340\/","title":{"rendered":"Aventure 340"},"content":{"rendered":"<p>Au fur et \u00e0 mesure que le combat avan\u00e7ait, vous avez not\u00e9 que la cr\u00e9ature semblait perdre de la consistance avec chaque coup que vous lui portiez, comme si elle devenait de moins en moins visible! Puis, le coup final est arriv\u00e9 et vous avez du mal \u00e0 comprendre ce qui s\u2019est produit : la cr\u00e9ature s\u2019est transform\u00e9e en un cristal \u00e9trange qui est simplement tomb\u00e9 sur le sol. Vous ramassez le cristal et \u00eates surpris de constater que celui-ci, assez petit pour le tenir dans le creux de votre main, est tout l\u00e9ger! En regardant \u00e0 l\u2019int\u00e9rieur, vous voyez l\u2019image de la b\u00eate que vous venez d\u2019affronter, endormie dans une petite couche de brume. Bravo! Vous avez r\u00e9ussi \u00e0 \u00e9liminer votre premier cauchemar! Vous devez inscrire sur votre feuille de route que vous avez captur\u00e9 le cauchemar Cristal de troglor dans la cat\u00e9gorie sac \u00e0 dos.<\/p>\n<p>Vous d\u00e9cidez qu\u2019il est grand temps pour vous de poursuivre votre qu\u00eate. Vous savez maintenant que vous \u00eates capable de vaincre un cauchemar et cela vous donne une grande confiance en vous. Veuillez ajouter un point \u00e0 votre total dans la cat\u00e9gorie attaque sur votre feuille de route. <\/p>\n<p>Vous retournez sur vos pas et d\u00e9cidez qu\u2019il serait plus sage d\u2019emprunter la ruelle au fond de laquelle vous avez observ\u00e9 une lueur, celle qui se trouvait au d\u00e9part \u00e0 votre gauche.  <\/p>\n<div class=\"btn-container  align-center\"><a class=\"organic-btn  dark-blue-btn small-btn  align-center\" href=\"http:\/\/www.katag.ca\/aventure-271\/\"><span class=\"btn-holder\">Cliquez ici pour continuer<\/span><\/a><\/div>\n","protected":false},"excerpt":{"rendered":"<p>Au fur et \u00e0 mesure que le combat avan\u00e7ait, vous avez not\u00e9 que la cr\u00e9ature semblait perdre de la consistance avec chaque coup que vous lui portiez, comme si elle devenait de moins en moins visible! Puis, le coup final est arriv\u00e9 et vous avez du mal \u00e0 comprendre ce qui s\u2019est produit : la cr\u00e9ature s\u2019est transform\u00e9e en un cristal \u00e9trange qui est simplement tomb\u00e9 sur le sol. Vous ramassez le cristal et \u00eates surpris de constater que celui-ci, assez petit pour le tenir dans le creux&#8230;<\/p>\n","protected":false},"author":2,"featured_media":0,"parent":0,"menu_order":0,"comment_status":"closed","ping_status":"closed","template":"","meta":{"footnotes":""},"class_list":["post-1651","page","type-page","status-publish","hentry"],"yoast_head":"<!-- This site is optimized with the Yoast SEO plugin v27.5 - https:\/\/yoast.com\/product\/yoast-seo-wordpress\/ -->\n<title>Aventure 340 | Katag<\/title>\n<meta name=\"robots\" content=\"index, follow, max-snippet:-1, max-image-preview:large, max-video-preview:-1\" \/>\n<link rel=\"canonical\" href=\"https:\/\/www.katag.ca\/aventure-340\/\" \/>\n<meta property=\"og:locale\" content=\"en_US\" \/>\n<meta property=\"og:type\" content=\"article\" \/>\n<meta property=\"og:title\" content=\"Aventure 340 | Katag\" \/>\n<meta property=\"og:description\" content=\"Au fur et \u00e0 mesure que le combat avan\u00e7ait, vous avez not\u00e9 que la cr\u00e9ature semblait perdre de la consistance avec chaque coup que vous lui portiez, comme si elle devenait de moins en moins visible! Puis, le coup final est arriv\u00e9 et vous avez du mal \u00e0 comprendre ce qui s\u2019est produit : la cr\u00e9ature s\u2019est transform\u00e9e en un cristal \u00e9trange qui est simplement tomb\u00e9 sur le sol. Vous ramassez le cristal et \u00eates surpris de constater que celui-ci, assez petit pour le tenir dans le creux...\" \/>\n<meta property=\"og:url\" content=\"https:\/\/www.katag.ca\/aventure-340\/\" \/>\n<meta property=\"og:site_name\" content=\"Katag\" \/>\n<meta property=\"article:publisher\" content=\"https:\/\/www.facebook.com\/Katag.ca\" \/>\n<meta property=\"article:modified_time\" content=\"2015-01-09T16:10:31+00:00\" \/>\n<meta name=\"twitter:card\" content=\"summary_large_image\" \/>\n<meta name=\"twitter:label1\" content=\"Est. reading time\" \/>\n\t<meta name=\"twitter:data1\" content=\"1 minute\" \/>\n<script type=\"application\/ld+json\" class=\"yoast-schema-graph\">{\"@context\":\"https:\\\/\\\/schema.org\",\"@graph\":[{\"@type\":\"WebPage\",\"@id\":\"https:\\\/\\\/www.katag.ca\\\/aventure-340\\\/\",\"url\":\"https:\\\/\\\/www.katag.ca\\\/aventure-340\\\/\",\"name\":\"Aventure 340 | Katag\",\"isPartOf\":{\"@id\":\"https:\\\/\\\/www.katag.ca\\\/#website\"},\"datePublished\":\"2015-01-06T22:08:33+00:00\",\"dateModified\":\"2015-01-09T16:10:31+00:00\",\"breadcrumb\":{\"@id\":\"https:\\\/\\\/www.katag.ca\\\/aventure-340\\\/#breadcrumb\"},\"inLanguage\":\"en-US\",\"potentialAction\":[{\"@type\":\"ReadAction\",\"target\":[\"https:\\\/\\\/www.katag.ca\\\/aventure-340\\\/\"]}]},{\"@type\":\"BreadcrumbList\",\"@id\":\"https:\\\/\\\/www.katag.ca\\\/aventure-340\\\/#breadcrumb\",\"itemListElement\":[{\"@type\":\"ListItem\",\"position\":1,\"name\":\"Accueil\",\"item\":\"https:\\\/\\\/www.katag.ca\\\/\"},{\"@type\":\"ListItem\",\"position\":2,\"name\":\"Aventure 340\"}]},{\"@type\":\"WebSite\",\"@id\":\"https:\\\/\\\/www.katag.ca\\\/#website\",\"url\":\"https:\\\/\\\/www.katag.ca\\\/\",\"name\":\"Katag\",\"description\":\"LE jeu d'&eacute;p&eacute;es-mousse\",\"publisher\":{\"@id\":\"https:\\\/\\\/www.katag.ca\\\/#organization\"},\"potentialAction\":[{\"@type\":\"SearchAction\",\"target\":{\"@type\":\"EntryPoint\",\"urlTemplate\":\"https:\\\/\\\/www.katag.ca\\\/?s={search_term_string}\"},\"query-input\":{\"@type\":\"PropertyValueSpecification\",\"valueRequired\":true,\"valueName\":\"search_term_string\"}}],\"inLanguage\":\"en-US\"},{\"@type\":\"Organization\",\"@id\":\"https:\\\/\\\/www.katag.ca\\\/#organization\",\"name\":\"Katag\",\"url\":\"https:\\\/\\\/www.katag.ca\\\/\",\"logo\":{\"@type\":\"ImageObject\",\"inLanguage\":\"en-US\",\"@id\":\"https:\\\/\\\/www.katag.ca\\\/#\\\/schema\\\/logo\\\/image\\\/\",\"url\":\"https:\\\/\\\/www.katag.ca\\\/wp-content\\\/uploads\\\/2021\\\/03\\\/logo-fr.png\",\"contentUrl\":\"https:\\\/\\\/www.katag.ca\\\/wp-content\\\/uploads\\\/2021\\\/03\\\/logo-fr.png\",\"width\":338,\"height\":173,\"caption\":\"Katag\"},\"image\":{\"@id\":\"https:\\\/\\\/www.katag.ca\\\/#\\\/schema\\\/logo\\\/image\\\/\"},\"sameAs\":[\"https:\\\/\\\/www.facebook.com\\\/Katag.ca\"]}]}<\/script>\n<!-- \/ Yoast SEO plugin. -->","yoast_head_json":{"title":"Aventure 340 | Katag","robots":{"index":"index","follow":"follow","max-snippet":"max-snippet:-1","max-image-preview":"max-image-preview:large","max-video-preview":"max-video-preview:-1"},"canonical":"https:\/\/www.katag.ca\/aventure-340\/","og_locale":"en_US","og_type":"article","og_title":"Aventure 340 | Katag","og_description":"Au fur et \u00e0 mesure que le combat avan\u00e7ait, vous avez not\u00e9 que la cr\u00e9ature semblait perdre de la consistance avec chaque coup que vous lui portiez, comme si elle devenait de moins en moins visible! Puis, le coup final est arriv\u00e9 et vous avez du mal \u00e0 comprendre ce qui s\u2019est produit : la cr\u00e9ature s\u2019est transform\u00e9e en un cristal \u00e9trange qui est simplement tomb\u00e9 sur le sol. Vous ramassez le cristal et \u00eates surpris de constater que celui-ci, assez petit pour le tenir dans le creux...","og_url":"https:\/\/www.katag.ca\/aventure-340\/","og_site_name":"Katag","article_publisher":"https:\/\/www.facebook.com\/Katag.ca","article_modified_time":"2015-01-09T16:10:31+00:00","twitter_card":"summary_large_image","twitter_misc":{"Est. reading time":"1 minute"},"schema":{"@context":"https:\/\/schema.org","@graph":[{"@type":"WebPage","@id":"https:\/\/www.katag.ca\/aventure-340\/","url":"https:\/\/www.katag.ca\/aventure-340\/","name":"Aventure 340 | Katag","isPartOf":{"@id":"https:\/\/www.katag.ca\/#website"},"datePublished":"2015-01-06T22:08:33+00:00","dateModified":"2015-01-09T16:10:31+00:00","breadcrumb":{"@id":"https:\/\/www.katag.ca\/aventure-340\/#breadcrumb"},"inLanguage":"en-US","potentialAction":[{"@type":"ReadAction","target":["https:\/\/www.katag.ca\/aventure-340\/"]}]},{"@type":"BreadcrumbList","@id":"https:\/\/www.katag.ca\/aventure-340\/#breadcrumb","itemListElement":[{"@type":"ListItem","position":1,"name":"Accueil","item":"https:\/\/www.katag.ca\/"},{"@type":"ListItem","position":2,"name":"Aventure 340"}]},{"@type":"WebSite","@id":"https:\/\/www.katag.ca\/#website","url":"https:\/\/www.katag.ca\/","name":"Katag","description":"LE jeu d'&eacute;p&eacute;es-mousse","publisher":{"@id":"https:\/\/www.katag.ca\/#organization"},"potentialAction":[{"@type":"SearchAction","target":{"@type":"EntryPoint","urlTemplate":"https:\/\/www.katag.ca\/?s={search_term_string}"},"query-input":{"@type":"PropertyValueSpecification","valueRequired":true,"valueName":"search_term_string"}}],"inLanguage":"en-US"},{"@type":"Organization","@id":"https:\/\/www.katag.ca\/#organization","name":"Katag","url":"https:\/\/www.katag.ca\/","logo":{"@type":"ImageObject","inLanguage":"en-US","@id":"https:\/\/www.katag.ca\/#\/schema\/logo\/image\/","url":"https:\/\/www.katag.ca\/wp-content\/uploads\/2021\/03\/logo-fr.png","contentUrl":"https:\/\/www.katag.ca\/wp-content\/uploads\/2021\/03\/logo-fr.png","width":338,"height":173,"caption":"Katag"},"image":{"@id":"https:\/\/www.katag.ca\/#\/schema\/logo\/image\/"},"sameAs":["https:\/\/www.facebook.com\/Katag.ca"]}]}},"_links":{"self":[{"href":"https:\/\/www.katag.ca\/en\/wp-json\/wp\/v2\/pages\/1651","targetHints":{"allow":["GET"]}}],"collection":[{"href":"https:\/\/www.katag.ca\/en\/wp-json\/wp\/v2\/pages"}],"about":[{"href":"https:\/\/www.katag.ca\/en\/wp-json\/wp\/v2\/types\/page"}],"author":[{"embeddable":true,"href":"https:\/\/www.katag.ca\/en\/wp-json\/wp\/v2\/users\/2"}],"replies":[{"embeddable":true,"href":"https:\/\/www.katag.ca\/en\/wp-json\/wp\/v2\/comments?post=1651"}],"version-history":[{"count":2,"href":"https:\/\/www.katag.ca\/en\/wp-json\/wp\/v2\/pages\/1651\/revisions"}],"predecessor-version":[{"id":2188,"href":"https:\/\/www.katag.ca\/en\/wp-json\/wp\/v2\/pages\/1651\/revisions\/2188"}],"wp:attachment":[{"href":"https:\/\/www.katag.ca\/en\/wp-json\/wp\/v2\/media?parent=1651"}],"curies":[{"name":"wp","href":"https:\/\/api.w.org\/{rel}","templated":true}]}}