{"id":1657,"date":"2015-01-06T22:10:24","date_gmt":"2015-01-06T22:10:24","guid":{"rendered":"http:\/\/www.boutiquekatag.com\/?page_id=1657"},"modified":"2015-01-09T16:13:12","modified_gmt":"2015-01-09T16:13:12","slug":"aventure-343","status":"publish","type":"page","link":"https:\/\/www.katag.ca\/en\/aventure-343\/","title":{"rendered":"Aventure 343"},"content":{"rendered":"<p>Vous ne savez trop combien de temps vous avez dormi, mais \u00e0 votre r\u00e9veil, vous \u00eates sur les rives du lac devant l\u2019immense statue que vous avez aper\u00e7ue auparavant. Celle-ci, haute d\u2019une centaine de m\u00e8tres, repr\u00e9sente une femme avec une t\u00eate de dauphin. Vous d\u00e9cidez d\u2019explorer les lieux. En regardant autour de vous, vous constatez que derri\u00e8re la statue se dessinent trois chemins, un allant vers le sud, un vers le nord et un autre vers l\u2019ouest. Les trois chemins se dirigent vers l\u2019int\u00e9rieur d\u2019une for\u00eat assez dense. Et il y a, bien entendu, cette \u00e9trange statue. Plus vous la regardez et plus vous avez l\u2019impression qu\u2019elle d\u00e9gage un grand magn\u00e9tisme. Vous \u00eates m\u00eame un peu \u00e9tourdi \u00e0 force de la regarder. Qu\u2019allez-vous faire?<\/p>\n<div class=\"btn-container  align-center\"><a class=\"organic-btn  dark-blue-btn small-btn  align-center\" href=\"http:\/\/www.katag.ca\/aventure-297\/\"><span class=\"btn-holder\">Vous d\u00e9sirez vous attarder plus longtemps pour examiner la statue<\/span><\/a><\/div>\n<div class=\"btn-container  align-center\"><a class=\"organic-btn  dark-blue-btn small-btn  align-center\" href=\"http:\/\/www.katag.ca\/aventure-298\/\"><span class=\"btn-holder\">Vous pr\u00e9f\u00e9rez prendre le chemin menant vers le sud<\/span><\/a><\/div>\n<div class=\"btn-container  align-center\"><a class=\"organic-btn  dark-blue-btn small-btn  align-center\" href=\"http:\/\/www.katag.ca\/aventure-299\/\"><span class=\"btn-holder\">Vous choisissez d\u2019emprunter le chemin menant vers le nord<\/span><\/a><\/div>\n<div class=\"btn-container  align-center\"><a class=\"organic-btn  dark-blue-btn small-btn  align-center\" href=\"http:\/\/www.katag.ca\/aventure-300\/\"><span class=\"btn-holder\">Vous suivez le chemin menant vers l\u2019ouest<\/span><\/a><\/div>\n","protected":false},"excerpt":{"rendered":"<p>Vous ne savez trop combien de temps vous avez dormi, mais \u00e0 votre r\u00e9veil, vous \u00eates sur les rives du lac devant l\u2019immense statue que vous avez aper\u00e7ue auparavant. Celle-ci, haute d\u2019une centaine de m\u00e8tres, repr\u00e9sente une femme avec une t\u00eate de dauphin. Vous d\u00e9cidez d\u2019explorer les lieux. En regardant autour de vous, vous constatez que derri\u00e8re la statue se dessinent trois chemins, un allant vers le sud, un vers le nord et un autre vers l\u2019ouest. Les trois chemins se dirigent vers l\u2019int\u00e9rieur d\u2019une for\u00eat assez dense&#8230;.<\/p>\n","protected":false},"author":2,"featured_media":0,"parent":0,"menu_order":0,"comment_status":"closed","ping_status":"closed","template":"","meta":{"footnotes":""},"class_list":["post-1657","page","type-page","status-publish","hentry"],"yoast_head":"<!-- This site is optimized with the Yoast SEO plugin v27.5 - https:\/\/yoast.com\/product\/yoast-seo-wordpress\/ -->\n<title>Aventure 343 | Katag<\/title>\n<meta name=\"robots\" content=\"index, follow, max-snippet:-1, max-image-preview:large, max-video-preview:-1\" \/>\n<link rel=\"canonical\" href=\"https:\/\/www.katag.ca\/aventure-343\/\" \/>\n<meta property=\"og:locale\" content=\"en_US\" \/>\n<meta property=\"og:type\" content=\"article\" \/>\n<meta property=\"og:title\" content=\"Aventure 343 | Katag\" \/>\n<meta property=\"og:description\" content=\"Vous ne savez trop combien de temps vous avez dormi, mais \u00e0 votre r\u00e9veil, vous \u00eates sur les rives du lac devant l\u2019immense statue que vous avez aper\u00e7ue auparavant. Celle-ci, haute d\u2019une centaine de m\u00e8tres, repr\u00e9sente une femme avec une t\u00eate de dauphin. Vous d\u00e9cidez d\u2019explorer les lieux. En regardant autour de vous, vous constatez que derri\u00e8re la statue se dessinent trois chemins, un allant vers le sud, un vers le nord et un autre vers l\u2019ouest. Les trois chemins se dirigent vers l\u2019int\u00e9rieur d\u2019une for\u00eat assez dense....\" \/>\n<meta property=\"og:url\" content=\"https:\/\/www.katag.ca\/aventure-343\/\" \/>\n<meta property=\"og:site_name\" content=\"Katag\" \/>\n<meta property=\"article:publisher\" content=\"https:\/\/www.facebook.com\/Katag.ca\" \/>\n<meta property=\"article:modified_time\" content=\"2015-01-09T16:13:12+00:00\" \/>\n<meta name=\"twitter:card\" content=\"summary_large_image\" \/>\n<meta name=\"twitter:label1\" content=\"Est. reading time\" \/>\n\t<meta name=\"twitter:data1\" content=\"1 minute\" \/>\n<script type=\"application\/ld+json\" class=\"yoast-schema-graph\">{\"@context\":\"https:\\\/\\\/schema.org\",\"@graph\":[{\"@type\":\"WebPage\",\"@id\":\"https:\\\/\\\/www.katag.ca\\\/aventure-343\\\/\",\"url\":\"https:\\\/\\\/www.katag.ca\\\/aventure-343\\\/\",\"name\":\"Aventure 343 | Katag\",\"isPartOf\":{\"@id\":\"https:\\\/\\\/www.katag.ca\\\/#website\"},\"datePublished\":\"2015-01-06T22:10:24+00:00\",\"dateModified\":\"2015-01-09T16:13:12+00:00\",\"breadcrumb\":{\"@id\":\"https:\\\/\\\/www.katag.ca\\\/aventure-343\\\/#breadcrumb\"},\"inLanguage\":\"en-US\",\"potentialAction\":[{\"@type\":\"ReadAction\",\"target\":[\"https:\\\/\\\/www.katag.ca\\\/aventure-343\\\/\"]}]},{\"@type\":\"BreadcrumbList\",\"@id\":\"https:\\\/\\\/www.katag.ca\\\/aventure-343\\\/#breadcrumb\",\"itemListElement\":[{\"@type\":\"ListItem\",\"position\":1,\"name\":\"Accueil\",\"item\":\"https:\\\/\\\/www.katag.ca\\\/\"},{\"@type\":\"ListItem\",\"position\":2,\"name\":\"Aventure 343\"}]},{\"@type\":\"WebSite\",\"@id\":\"https:\\\/\\\/www.katag.ca\\\/#website\",\"url\":\"https:\\\/\\\/www.katag.ca\\\/\",\"name\":\"Katag\",\"description\":\"LE jeu d'&eacute;p&eacute;es-mousse\",\"publisher\":{\"@id\":\"https:\\\/\\\/www.katag.ca\\\/#organization\"},\"potentialAction\":[{\"@type\":\"SearchAction\",\"target\":{\"@type\":\"EntryPoint\",\"urlTemplate\":\"https:\\\/\\\/www.katag.ca\\\/?s={search_term_string}\"},\"query-input\":{\"@type\":\"PropertyValueSpecification\",\"valueRequired\":true,\"valueName\":\"search_term_string\"}}],\"inLanguage\":\"en-US\"},{\"@type\":\"Organization\",\"@id\":\"https:\\\/\\\/www.katag.ca\\\/#organization\",\"name\":\"Katag\",\"url\":\"https:\\\/\\\/www.katag.ca\\\/\",\"logo\":{\"@type\":\"ImageObject\",\"inLanguage\":\"en-US\",\"@id\":\"https:\\\/\\\/www.katag.ca\\\/#\\\/schema\\\/logo\\\/image\\\/\",\"url\":\"https:\\\/\\\/www.katag.ca\\\/wp-content\\\/uploads\\\/2021\\\/03\\\/logo-fr.png\",\"contentUrl\":\"https:\\\/\\\/www.katag.ca\\\/wp-content\\\/uploads\\\/2021\\\/03\\\/logo-fr.png\",\"width\":338,\"height\":173,\"caption\":\"Katag\"},\"image\":{\"@id\":\"https:\\\/\\\/www.katag.ca\\\/#\\\/schema\\\/logo\\\/image\\\/\"},\"sameAs\":[\"https:\\\/\\\/www.facebook.com\\\/Katag.ca\"]}]}<\/script>\n<!-- \/ Yoast SEO plugin. -->","yoast_head_json":{"title":"Aventure 343 | Katag","robots":{"index":"index","follow":"follow","max-snippet":"max-snippet:-1","max-image-preview":"max-image-preview:large","max-video-preview":"max-video-preview:-1"},"canonical":"https:\/\/www.katag.ca\/aventure-343\/","og_locale":"en_US","og_type":"article","og_title":"Aventure 343 | Katag","og_description":"Vous ne savez trop combien de temps vous avez dormi, mais \u00e0 votre r\u00e9veil, vous \u00eates sur les rives du lac devant l\u2019immense statue que vous avez aper\u00e7ue auparavant. Celle-ci, haute d\u2019une centaine de m\u00e8tres, repr\u00e9sente une femme avec une t\u00eate de dauphin. Vous d\u00e9cidez d\u2019explorer les lieux. En regardant autour de vous, vous constatez que derri\u00e8re la statue se dessinent trois chemins, un allant vers le sud, un vers le nord et un autre vers l\u2019ouest. Les trois chemins se dirigent vers l\u2019int\u00e9rieur d\u2019une for\u00eat assez dense....","og_url":"https:\/\/www.katag.ca\/aventure-343\/","og_site_name":"Katag","article_publisher":"https:\/\/www.facebook.com\/Katag.ca","article_modified_time":"2015-01-09T16:13:12+00:00","twitter_card":"summary_large_image","twitter_misc":{"Est. reading time":"1 minute"},"schema":{"@context":"https:\/\/schema.org","@graph":[{"@type":"WebPage","@id":"https:\/\/www.katag.ca\/aventure-343\/","url":"https:\/\/www.katag.ca\/aventure-343\/","name":"Aventure 343 | Katag","isPartOf":{"@id":"https:\/\/www.katag.ca\/#website"},"datePublished":"2015-01-06T22:10:24+00:00","dateModified":"2015-01-09T16:13:12+00:00","breadcrumb":{"@id":"https:\/\/www.katag.ca\/aventure-343\/#breadcrumb"},"inLanguage":"en-US","potentialAction":[{"@type":"ReadAction","target":["https:\/\/www.katag.ca\/aventure-343\/"]}]},{"@type":"BreadcrumbList","@id":"https:\/\/www.katag.ca\/aventure-343\/#breadcrumb","itemListElement":[{"@type":"ListItem","position":1,"name":"Accueil","item":"https:\/\/www.katag.ca\/"},{"@type":"ListItem","position":2,"name":"Aventure 343"}]},{"@type":"WebSite","@id":"https:\/\/www.katag.ca\/#website","url":"https:\/\/www.katag.ca\/","name":"Katag","description":"LE jeu d'&eacute;p&eacute;es-mousse","publisher":{"@id":"https:\/\/www.katag.ca\/#organization"},"potentialAction":[{"@type":"SearchAction","target":{"@type":"EntryPoint","urlTemplate":"https:\/\/www.katag.ca\/?s={search_term_string}"},"query-input":{"@type":"PropertyValueSpecification","valueRequired":true,"valueName":"search_term_string"}}],"inLanguage":"en-US"},{"@type":"Organization","@id":"https:\/\/www.katag.ca\/#organization","name":"Katag","url":"https:\/\/www.katag.ca\/","logo":{"@type":"ImageObject","inLanguage":"en-US","@id":"https:\/\/www.katag.ca\/#\/schema\/logo\/image\/","url":"https:\/\/www.katag.ca\/wp-content\/uploads\/2021\/03\/logo-fr.png","contentUrl":"https:\/\/www.katag.ca\/wp-content\/uploads\/2021\/03\/logo-fr.png","width":338,"height":173,"caption":"Katag"},"image":{"@id":"https:\/\/www.katag.ca\/#\/schema\/logo\/image\/"},"sameAs":["https:\/\/www.facebook.com\/Katag.ca"]}]}},"_links":{"self":[{"href":"https:\/\/www.katag.ca\/en\/wp-json\/wp\/v2\/pages\/1657","targetHints":{"allow":["GET"]}}],"collection":[{"href":"https:\/\/www.katag.ca\/en\/wp-json\/wp\/v2\/pages"}],"about":[{"href":"https:\/\/www.katag.ca\/en\/wp-json\/wp\/v2\/types\/page"}],"author":[{"embeddable":true,"href":"https:\/\/www.katag.ca\/en\/wp-json\/wp\/v2\/users\/2"}],"replies":[{"embeddable":true,"href":"https:\/\/www.katag.ca\/en\/wp-json\/wp\/v2\/comments?post=1657"}],"version-history":[{"count":2,"href":"https:\/\/www.katag.ca\/en\/wp-json\/wp\/v2\/pages\/1657\/revisions"}],"predecessor-version":[{"id":2191,"href":"https:\/\/www.katag.ca\/en\/wp-json\/wp\/v2\/pages\/1657\/revisions\/2191"}],"wp:attachment":[{"href":"https:\/\/www.katag.ca\/en\/wp-json\/wp\/v2\/media?parent=1657"}],"curies":[{"name":"wp","href":"https:\/\/api.w.org\/{rel}","templated":true}]}}