{"id":1661,"date":"2015-01-06T22:11:51","date_gmt":"2015-01-06T22:11:51","guid":{"rendered":"http:\/\/www.boutiquekatag.com\/?page_id=1661"},"modified":"2015-01-09T16:15:44","modified_gmt":"2015-01-09T16:15:44","slug":"aventure-345","status":"publish","type":"page","link":"https:\/\/www.katag.ca\/en\/aventure-345\/","title":{"rendered":"Aventure 345"},"content":{"rendered":"<p>Vous introduisez votre manocom dans l\u2019ouverture et celui-ci s\u2019illumine aussit\u00f4t. Vous remarquez \u00e9galement que quelque chose se produit \u00e0 l\u2019int\u00e9rieur de la sph\u00e8re, comme si une fusion \u00e9nerg\u00e9tique \u00e9tait en cours. Sur l\u2019\u00e9cran de votre manocom, vous pouvez lire : \u00ab Veuillez remettre votre manocom \u00e0 votre poignet. Ensuite, appuyez-le de nouveau. \u00bb Vous vous ex\u00e9cutez et le spectacle que vous voyez est \u00e0 couper le souffle! Une flamme appara\u00eet d\u2019abord, suivie d\u2019une sph\u00e8re remplie d\u2019eau, d\u2019une petite pierre et d\u2019une feuille d\u2019arbre. Vous avez l\u2019impression que le vent s\u2019est lev\u00e9 dans la sph\u00e8re puisque tous les \u00e9l\u00e9ments tourbillonnent \u00e0 une vitesse folle, les poussant vers la paroi de la sph\u00e8re pour ensuite les diriger vers son centre. Une petite implosion s\u2019ensuit et vous voyez une lumi\u00e8re appara\u00eetre en plein centre, comme si une \u00e9toile venait de na\u00eetre. Vous entendez ensuite un d\u00e9clic, au pied de la statue, comme si une porte venait de s\u2019ouvrir. <\/p>\n<p>Vous comprenez que vous avez activ\u00e9 un m\u00e9canisme. Vous soulevez votre main et regardez l\u2019\u00e9cran du manocom. Ce que vous pouvez y lire vous surprend : \u00ab Vous venez d\u2019ouvrir les portes de l\u2019\u00e9p\u00e9e de v\u00e9rit\u00e9. En y ins\u00e9rant votre \u00e9p\u00e9e, celle-ci sera magn\u00e9tis\u00e9e et vous aidera dans votre qu\u00eate. Si vous devez affronter un cauchemar, un signal sera transmis de votre \u00e9p\u00e9e \u00e0 votre manocom. Vous pourrez lire sur l\u2019\u00e9cran code rouge \u00bb. Vous notez le code sur votre feuille de route et d\u00e9cidez ensuite de descendre au pied de la statue. Vous regardez la fente qui s\u2019est ouverte dans l\u2019une des jambes de la statue et comprenez qu\u2019il faut y ins\u00e9rer votre \u00e9p\u00e9e. Vous la d\u00e9gainez de votre fourreau et celle-ci vous glisse des mains et vole directement dans l\u2019ouverture pr\u00e9vue \u00e0 cet effet, comme attir\u00e9e par un aimant. Vous entendez un grondement sourd pendant quelques secondes et l\u2019\u00e9p\u00e9e retombe par terre, inanim\u00e9e. La porti\u00e8re se referme automatiquement. Vous reprenez votre \u00e9p\u00e9e, qui est encore chaude, et la remettez \u00e0 votre fourreau.<\/p>\n<p>Vous avez soudain une pens\u00e9e pour l\u2019homme qui vous a remis ce manocom et comprenez que si vous n\u2019aviez pas pris le mauvais chemin au tout d\u00e9but de votre aventure, vous n\u2019auriez pas eu le pr\u00e9cieux objet en votre possession. Vous avez d\u2019ailleurs beaucoup appris depuis, surtout \u00e0 vous fier \u00e0 votre intuition. Vous comprenez \u00e9galement que parfois, m\u00eame lorsque l\u2019on ne prend pas toujours les bonnes d\u00e9cisions, nos erreurs nous permettent de grandir. Encore faut-il apprendre de celles-ci! Vous \u00eates maintenant fin pr\u00eat \u00e0 affronter la suite des choses. Qu\u2019allez-vous faire?<\/p>\n<div class=\"btn-container  align-center\"><a class=\"organic-btn  dark-blue-btn small-btn  align-center\" href=\"http:\/\/www.katag.ca\/aventure-298\/\"><span class=\"btn-holder\">Vous d\u00e9sirez emprunter le chemin menant vers le sud<\/span><\/a><\/div>\n<div class=\"btn-container  align-center\"><a class=\"organic-btn  dark-blue-btn small-btn  align-center\" href=\"http:\/\/www.katag.ca\/aventure-299\/\"><span class=\"btn-holder\">Vous pr\u00e9f\u00e9rez emprunter le chemin menant vers le nord<\/span><\/a><\/div>\n<div class=\"btn-container  align-center\"><a class=\"organic-btn  dark-blue-btn small-btn  align-center\" href=\"http:\/\/www.katag.ca\/aventure-300\/\"><span class=\"btn-holder\">Vous choisissez d\u2019emprunter le chemin menant vers l\u2019ouest<\/span><\/a><\/div>\n","protected":false},"excerpt":{"rendered":"<p>Vous introduisez votre manocom dans l\u2019ouverture et celui-ci s\u2019illumine aussit\u00f4t. Vous remarquez \u00e9galement que quelque chose se produit \u00e0 l\u2019int\u00e9rieur de la sph\u00e8re, comme si une fusion \u00e9nerg\u00e9tique \u00e9tait en cours. Sur l\u2019\u00e9cran de votre manocom, vous pouvez lire : \u00ab Veuillez remettre votre manocom \u00e0 votre poignet. Ensuite, appuyez-le de nouveau. \u00bb Vous vous ex\u00e9cutez et le spectacle que vous voyez est \u00e0 couper le souffle! Une flamme appara\u00eet d\u2019abord, suivie d\u2019une sph\u00e8re remplie d\u2019eau, d\u2019une petite pierre et d\u2019une feuille d\u2019arbre. Vous avez l\u2019impression que le&#8230;<\/p>\n","protected":false},"author":2,"featured_media":0,"parent":0,"menu_order":0,"comment_status":"closed","ping_status":"closed","template":"","meta":{"footnotes":""},"class_list":["post-1661","page","type-page","status-publish","hentry"],"yoast_head":"<!-- This site is optimized with the Yoast SEO plugin v26.0 - https:\/\/yoast.com\/wordpress\/plugins\/seo\/ -->\n<title>Aventure 345 | Katag<\/title>\n<meta name=\"robots\" content=\"index, follow, max-snippet:-1, max-image-preview:large, max-video-preview:-1\" \/>\n<link rel=\"canonical\" href=\"https:\/\/www.katag.ca\/aventure-345\/\" \/>\n<meta property=\"og:locale\" content=\"en_US\" \/>\n<meta property=\"og:type\" content=\"article\" \/>\n<meta property=\"og:title\" content=\"Aventure 345 | Katag\" \/>\n<meta property=\"og:description\" content=\"Vous introduisez votre manocom dans l\u2019ouverture et celui-ci s\u2019illumine aussit\u00f4t. Vous remarquez \u00e9galement que quelque chose se produit \u00e0 l\u2019int\u00e9rieur de la sph\u00e8re, comme si une fusion \u00e9nerg\u00e9tique \u00e9tait en cours. Sur l\u2019\u00e9cran de votre manocom, vous pouvez lire : \u00ab Veuillez remettre votre manocom \u00e0 votre poignet. Ensuite, appuyez-le de nouveau. \u00bb Vous vous ex\u00e9cutez et le spectacle que vous voyez est \u00e0 couper le souffle! Une flamme appara\u00eet d\u2019abord, suivie d\u2019une sph\u00e8re remplie d\u2019eau, d\u2019une petite pierre et d\u2019une feuille d\u2019arbre. Vous avez l\u2019impression que le...\" \/>\n<meta property=\"og:url\" content=\"https:\/\/www.katag.ca\/aventure-345\/\" \/>\n<meta property=\"og:site_name\" content=\"Katag\" \/>\n<meta property=\"article:publisher\" content=\"https:\/\/www.facebook.com\/Katag.ca\" \/>\n<meta property=\"article:modified_time\" content=\"2015-01-09T16:15:44+00:00\" \/>\n<meta name=\"twitter:card\" content=\"summary_large_image\" \/>\n<meta name=\"twitter:label1\" content=\"Est. reading time\" \/>\n\t<meta name=\"twitter:data1\" content=\"3 minutes\" \/>\n<script type=\"application\/ld+json\" class=\"yoast-schema-graph\">{\"@context\":\"https:\/\/schema.org\",\"@graph\":[{\"@type\":\"WebPage\",\"@id\":\"https:\/\/www.katag.ca\/aventure-345\/\",\"url\":\"https:\/\/www.katag.ca\/aventure-345\/\",\"name\":\"Aventure 345 | Katag\",\"isPartOf\":{\"@id\":\"https:\/\/www.katag.ca\/#website\"},\"datePublished\":\"2015-01-06T22:11:51+00:00\",\"dateModified\":\"2015-01-09T16:15:44+00:00\",\"breadcrumb\":{\"@id\":\"https:\/\/www.katag.ca\/aventure-345\/#breadcrumb\"},\"inLanguage\":\"en-US\",\"potentialAction\":[{\"@type\":\"ReadAction\",\"target\":[\"https:\/\/www.katag.ca\/aventure-345\/\"]}]},{\"@type\":\"BreadcrumbList\",\"@id\":\"https:\/\/www.katag.ca\/aventure-345\/#breadcrumb\",\"itemListElement\":[{\"@type\":\"ListItem\",\"position\":1,\"name\":\"Accueil\",\"item\":\"https:\/\/www.katag.ca\/\"},{\"@type\":\"ListItem\",\"position\":2,\"name\":\"Aventure 345\"}]},{\"@type\":\"WebSite\",\"@id\":\"https:\/\/www.katag.ca\/#website\",\"url\":\"https:\/\/www.katag.ca\/\",\"name\":\"Katag\",\"description\":\"LE jeu d'&eacute;p&eacute;es-mousse\",\"publisher\":{\"@id\":\"https:\/\/www.katag.ca\/#organization\"},\"potentialAction\":[{\"@type\":\"SearchAction\",\"target\":{\"@type\":\"EntryPoint\",\"urlTemplate\":\"https:\/\/www.katag.ca\/?s={search_term_string}\"},\"query-input\":{\"@type\":\"PropertyValueSpecification\",\"valueRequired\":true,\"valueName\":\"search_term_string\"}}],\"inLanguage\":\"en-US\"},{\"@type\":\"Organization\",\"@id\":\"https:\/\/www.katag.ca\/#organization\",\"name\":\"Katag\",\"url\":\"https:\/\/www.katag.ca\/\",\"logo\":{\"@type\":\"ImageObject\",\"inLanguage\":\"en-US\",\"@id\":\"https:\/\/www.katag.ca\/#\/schema\/logo\/image\/\",\"url\":\"https:\/\/www.katag.ca\/wp-content\/uploads\/2021\/03\/logo-fr.png\",\"contentUrl\":\"https:\/\/www.katag.ca\/wp-content\/uploads\/2021\/03\/logo-fr.png\",\"width\":338,\"height\":173,\"caption\":\"Katag\"},\"image\":{\"@id\":\"https:\/\/www.katag.ca\/#\/schema\/logo\/image\/\"},\"sameAs\":[\"https:\/\/www.facebook.com\/Katag.ca\"]}]}<\/script>\n<!-- \/ Yoast SEO plugin. -->","yoast_head_json":{"title":"Aventure 345 | Katag","robots":{"index":"index","follow":"follow","max-snippet":"max-snippet:-1","max-image-preview":"max-image-preview:large","max-video-preview":"max-video-preview:-1"},"canonical":"https:\/\/www.katag.ca\/aventure-345\/","og_locale":"en_US","og_type":"article","og_title":"Aventure 345 | Katag","og_description":"Vous introduisez votre manocom dans l\u2019ouverture et celui-ci s\u2019illumine aussit\u00f4t. Vous remarquez \u00e9galement que quelque chose se produit \u00e0 l\u2019int\u00e9rieur de la sph\u00e8re, comme si une fusion \u00e9nerg\u00e9tique \u00e9tait en cours. Sur l\u2019\u00e9cran de votre manocom, vous pouvez lire : \u00ab Veuillez remettre votre manocom \u00e0 votre poignet. Ensuite, appuyez-le de nouveau. \u00bb Vous vous ex\u00e9cutez et le spectacle que vous voyez est \u00e0 couper le souffle! Une flamme appara\u00eet d\u2019abord, suivie d\u2019une sph\u00e8re remplie d\u2019eau, d\u2019une petite pierre et d\u2019une feuille d\u2019arbre. Vous avez l\u2019impression que le...","og_url":"https:\/\/www.katag.ca\/aventure-345\/","og_site_name":"Katag","article_publisher":"https:\/\/www.facebook.com\/Katag.ca","article_modified_time":"2015-01-09T16:15:44+00:00","twitter_card":"summary_large_image","twitter_misc":{"Est. reading time":"3 minutes"},"schema":{"@context":"https:\/\/schema.org","@graph":[{"@type":"WebPage","@id":"https:\/\/www.katag.ca\/aventure-345\/","url":"https:\/\/www.katag.ca\/aventure-345\/","name":"Aventure 345 | Katag","isPartOf":{"@id":"https:\/\/www.katag.ca\/#website"},"datePublished":"2015-01-06T22:11:51+00:00","dateModified":"2015-01-09T16:15:44+00:00","breadcrumb":{"@id":"https:\/\/www.katag.ca\/aventure-345\/#breadcrumb"},"inLanguage":"en-US","potentialAction":[{"@type":"ReadAction","target":["https:\/\/www.katag.ca\/aventure-345\/"]}]},{"@type":"BreadcrumbList","@id":"https:\/\/www.katag.ca\/aventure-345\/#breadcrumb","itemListElement":[{"@type":"ListItem","position":1,"name":"Accueil","item":"https:\/\/www.katag.ca\/"},{"@type":"ListItem","position":2,"name":"Aventure 345"}]},{"@type":"WebSite","@id":"https:\/\/www.katag.ca\/#website","url":"https:\/\/www.katag.ca\/","name":"Katag","description":"LE jeu d'&eacute;p&eacute;es-mousse","publisher":{"@id":"https:\/\/www.katag.ca\/#organization"},"potentialAction":[{"@type":"SearchAction","target":{"@type":"EntryPoint","urlTemplate":"https:\/\/www.katag.ca\/?s={search_term_string}"},"query-input":{"@type":"PropertyValueSpecification","valueRequired":true,"valueName":"search_term_string"}}],"inLanguage":"en-US"},{"@type":"Organization","@id":"https:\/\/www.katag.ca\/#organization","name":"Katag","url":"https:\/\/www.katag.ca\/","logo":{"@type":"ImageObject","inLanguage":"en-US","@id":"https:\/\/www.katag.ca\/#\/schema\/logo\/image\/","url":"https:\/\/www.katag.ca\/wp-content\/uploads\/2021\/03\/logo-fr.png","contentUrl":"https:\/\/www.katag.ca\/wp-content\/uploads\/2021\/03\/logo-fr.png","width":338,"height":173,"caption":"Katag"},"image":{"@id":"https:\/\/www.katag.ca\/#\/schema\/logo\/image\/"},"sameAs":["https:\/\/www.facebook.com\/Katag.ca"]}]}},"_links":{"self":[{"href":"https:\/\/www.katag.ca\/en\/wp-json\/wp\/v2\/pages\/1661","targetHints":{"allow":["GET"]}}],"collection":[{"href":"https:\/\/www.katag.ca\/en\/wp-json\/wp\/v2\/pages"}],"about":[{"href":"https:\/\/www.katag.ca\/en\/wp-json\/wp\/v2\/types\/page"}],"author":[{"embeddable":true,"href":"https:\/\/www.katag.ca\/en\/wp-json\/wp\/v2\/users\/2"}],"replies":[{"embeddable":true,"href":"https:\/\/www.katag.ca\/en\/wp-json\/wp\/v2\/comments?post=1661"}],"version-history":[{"count":3,"href":"https:\/\/www.katag.ca\/en\/wp-json\/wp\/v2\/pages\/1661\/revisions"}],"predecessor-version":[{"id":2194,"href":"https:\/\/www.katag.ca\/en\/wp-json\/wp\/v2\/pages\/1661\/revisions\/2194"}],"wp:attachment":[{"href":"https:\/\/www.katag.ca\/en\/wp-json\/wp\/v2\/media?parent=1661"}],"curies":[{"name":"wp","href":"https:\/\/api.w.org\/{rel}","templated":true}]}}