{"id":1667,"date":"2015-01-06T22:13:12","date_gmt":"2015-01-06T22:13:12","guid":{"rendered":"http:\/\/www.boutiquekatag.com\/?page_id=1667"},"modified":"2015-01-09T16:18:42","modified_gmt":"2015-01-09T16:18:42","slug":"aventure-348","status":"publish","type":"page","link":"https:\/\/www.katag.ca\/en\/aventure-348\/","title":{"rendered":"Aventure 348"},"content":{"rendered":"<p>Vous allumez votre karch\u00e8re et vous vous enfoncez dans l\u2019obscurit\u00e9. Les arbres recouvrent tellement bien le ciel que vous avez l\u2019impression que m\u00eame s\u2019il faisait jour, il ferait aussi noir! Vous continuez d\u2019avancer et vous avez soudain le sentiment que quelque chose ou quelqu\u2019un vous observe. Vous d\u00e9gainez donc votre \u00e9p\u00e9e, pr\u00eat \u00e0 combattre. En dirigeant votre karch\u00e8re vers le sol, vous remarquez d\u2019\u00e9tranges empreintes. Elles ressemblent \u00e0 des traces laiss\u00e9es par les poules, en raison des trois griffes attach\u00e9es \u00e0 la plante de la patte. Toutefois, vous r\u00e9alisez que si c\u2019\u00e9tait une poule, il faudrait qu\u2019elle mesure au moins deux m\u00e8tres de haut pour avoir de si gigantesques pattes. Sans compter qu\u2019il serait \u00e9trange de retrouver une poule en pleine for\u00eat. Vous vous dites qu\u2019il pourrait s\u2019agir des traces d\u2019un dragon et cette pens\u00e9e vous glace le sang! Vous avancez maintenant sans faire de bruit, sachant que la cr\u00e9ature pourrait jaillir devant vous \u00e0 tout moment.<\/p>\n<p>Alors que vos sens sont en alerte, vous entendez un battement d\u2019ailes et vous concluez que \u00e7a ne peut provenir que d\u2019un tr\u00e8s gros oiseau! Puis, une branche craque et casse, s\u2019abattant lourdement sur le sol. Ceci fait bondir quelques petits animaux de leurs terriers. Ils passent rapidement pr\u00e8s de vous sans m\u00eame vous remarquer. <\/p>\n<div class=\"btn-container  align-center\"><a class=\"organic-btn  dark-blue-btn small-btn  align-center\" href=\"http:\/\/www.katag.ca\/aventure-354\/\"><span class=\"btn-holder\">Si votre \u00e9p\u00e9e a \u00e9t\u00e9 magn\u00e9tis\u00e9e, cliquez ici<\/span><\/a><\/div>\n<div class=\"btn-container  align-center\"><a class=\"organic-btn  dark-blue-btn small-btn  align-center\" href=\"http:\/\/www.katag.ca\/aventure-353\/\"><span class=\"btn-holder\">Sinon, cliquez ici<\/span><\/a><\/div>\n","protected":false},"excerpt":{"rendered":"<p>Vous allumez votre karch\u00e8re et vous vous enfoncez dans l\u2019obscurit\u00e9. Les arbres recouvrent tellement bien le ciel que vous avez l\u2019impression que m\u00eame s\u2019il faisait jour, il ferait aussi noir! Vous continuez d\u2019avancer et vous avez soudain le sentiment que quelque chose ou quelqu\u2019un vous observe. Vous d\u00e9gainez donc votre \u00e9p\u00e9e, pr\u00eat \u00e0 combattre. En dirigeant votre karch\u00e8re vers le sol, vous remarquez d\u2019\u00e9tranges empreintes. Elles ressemblent \u00e0 des traces laiss\u00e9es par les poules, en raison des trois griffes attach\u00e9es \u00e0 la plante de la patte. Toutefois, vous&#8230;<\/p>\n","protected":false},"author":2,"featured_media":0,"parent":0,"menu_order":0,"comment_status":"closed","ping_status":"closed","template":"","meta":{"footnotes":""},"class_list":["post-1667","page","type-page","status-publish","hentry"],"yoast_head":"<!-- This site is optimized with the Yoast SEO plugin v26.0 - https:\/\/yoast.com\/wordpress\/plugins\/seo\/ -->\n<title>Aventure 348 | Katag<\/title>\n<meta name=\"robots\" content=\"index, follow, max-snippet:-1, max-image-preview:large, max-video-preview:-1\" \/>\n<link rel=\"canonical\" href=\"https:\/\/www.katag.ca\/en\/aventure-348\/\" \/>\n<meta property=\"og:locale\" content=\"en_US\" \/>\n<meta property=\"og:type\" content=\"article\" \/>\n<meta property=\"og:title\" content=\"Aventure 348 | Katag\" \/>\n<meta property=\"og:description\" content=\"Vous allumez votre karch\u00e8re et vous vous enfoncez dans l\u2019obscurit\u00e9. Les arbres recouvrent tellement bien le ciel que vous avez l\u2019impression que m\u00eame s\u2019il faisait jour, il ferait aussi noir! Vous continuez d\u2019avancer et vous avez soudain le sentiment que quelque chose ou quelqu\u2019un vous observe. Vous d\u00e9gainez donc votre \u00e9p\u00e9e, pr\u00eat \u00e0 combattre. En dirigeant votre karch\u00e8re vers le sol, vous remarquez d\u2019\u00e9tranges empreintes. Elles ressemblent \u00e0 des traces laiss\u00e9es par les poules, en raison des trois griffes attach\u00e9es \u00e0 la plante de la patte. Toutefois, vous...\" \/>\n<meta property=\"og:url\" content=\"https:\/\/www.katag.ca\/en\/aventure-348\/\" \/>\n<meta property=\"og:site_name\" content=\"Katag\" \/>\n<meta property=\"article:publisher\" content=\"https:\/\/www.facebook.com\/Katag.ca\" \/>\n<meta property=\"article:modified_time\" content=\"2015-01-09T16:18:42+00:00\" \/>\n<meta name=\"twitter:card\" content=\"summary_large_image\" \/>\n<meta name=\"twitter:label1\" content=\"Est. reading time\" \/>\n\t<meta name=\"twitter:data1\" content=\"1 minute\" \/>\n<script type=\"application\/ld+json\" class=\"yoast-schema-graph\">{\"@context\":\"https:\/\/schema.org\",\"@graph\":[{\"@type\":\"WebPage\",\"@id\":\"https:\/\/www.katag.ca\/en\/aventure-348\/\",\"url\":\"https:\/\/www.katag.ca\/en\/aventure-348\/\",\"name\":\"Aventure 348 | Katag\",\"isPartOf\":{\"@id\":\"https:\/\/www.katag.ca\/#website\"},\"datePublished\":\"2015-01-06T22:13:12+00:00\",\"dateModified\":\"2015-01-09T16:18:42+00:00\",\"breadcrumb\":{\"@id\":\"https:\/\/www.katag.ca\/en\/aventure-348\/#breadcrumb\"},\"inLanguage\":\"en-US\",\"potentialAction\":[{\"@type\":\"ReadAction\",\"target\":[\"https:\/\/www.katag.ca\/en\/aventure-348\/\"]}]},{\"@type\":\"BreadcrumbList\",\"@id\":\"https:\/\/www.katag.ca\/en\/aventure-348\/#breadcrumb\",\"itemListElement\":[{\"@type\":\"ListItem\",\"position\":1,\"name\":\"Accueil\",\"item\":\"https:\/\/www.katag.ca\/\"},{\"@type\":\"ListItem\",\"position\":2,\"name\":\"Aventure 348\"}]},{\"@type\":\"WebSite\",\"@id\":\"https:\/\/www.katag.ca\/#website\",\"url\":\"https:\/\/www.katag.ca\/\",\"name\":\"Katag\",\"description\":\"LE jeu d'&eacute;p&eacute;es-mousse\",\"publisher\":{\"@id\":\"https:\/\/www.katag.ca\/#organization\"},\"potentialAction\":[{\"@type\":\"SearchAction\",\"target\":{\"@type\":\"EntryPoint\",\"urlTemplate\":\"https:\/\/www.katag.ca\/?s={search_term_string}\"},\"query-input\":{\"@type\":\"PropertyValueSpecification\",\"valueRequired\":true,\"valueName\":\"search_term_string\"}}],\"inLanguage\":\"en-US\"},{\"@type\":\"Organization\",\"@id\":\"https:\/\/www.katag.ca\/#organization\",\"name\":\"Katag\",\"url\":\"https:\/\/www.katag.ca\/\",\"logo\":{\"@type\":\"ImageObject\",\"inLanguage\":\"en-US\",\"@id\":\"https:\/\/www.katag.ca\/#\/schema\/logo\/image\/\",\"url\":\"https:\/\/www.katag.ca\/wp-content\/uploads\/2021\/03\/logo-fr.png\",\"contentUrl\":\"https:\/\/www.katag.ca\/wp-content\/uploads\/2021\/03\/logo-fr.png\",\"width\":338,\"height\":173,\"caption\":\"Katag\"},\"image\":{\"@id\":\"https:\/\/www.katag.ca\/#\/schema\/logo\/image\/\"},\"sameAs\":[\"https:\/\/www.facebook.com\/Katag.ca\"]}]}<\/script>\n<!-- \/ Yoast SEO plugin. -->","yoast_head_json":{"title":"Aventure 348 | Katag","robots":{"index":"index","follow":"follow","max-snippet":"max-snippet:-1","max-image-preview":"max-image-preview:large","max-video-preview":"max-video-preview:-1"},"canonical":"https:\/\/www.katag.ca\/en\/aventure-348\/","og_locale":"en_US","og_type":"article","og_title":"Aventure 348 | Katag","og_description":"Vous allumez votre karch\u00e8re et vous vous enfoncez dans l\u2019obscurit\u00e9. Les arbres recouvrent tellement bien le ciel que vous avez l\u2019impression que m\u00eame s\u2019il faisait jour, il ferait aussi noir! Vous continuez d\u2019avancer et vous avez soudain le sentiment que quelque chose ou quelqu\u2019un vous observe. Vous d\u00e9gainez donc votre \u00e9p\u00e9e, pr\u00eat \u00e0 combattre. En dirigeant votre karch\u00e8re vers le sol, vous remarquez d\u2019\u00e9tranges empreintes. Elles ressemblent \u00e0 des traces laiss\u00e9es par les poules, en raison des trois griffes attach\u00e9es \u00e0 la plante de la patte. Toutefois, vous...","og_url":"https:\/\/www.katag.ca\/en\/aventure-348\/","og_site_name":"Katag","article_publisher":"https:\/\/www.facebook.com\/Katag.ca","article_modified_time":"2015-01-09T16:18:42+00:00","twitter_card":"summary_large_image","twitter_misc":{"Est. reading time":"1 minute"},"schema":{"@context":"https:\/\/schema.org","@graph":[{"@type":"WebPage","@id":"https:\/\/www.katag.ca\/en\/aventure-348\/","url":"https:\/\/www.katag.ca\/en\/aventure-348\/","name":"Aventure 348 | Katag","isPartOf":{"@id":"https:\/\/www.katag.ca\/#website"},"datePublished":"2015-01-06T22:13:12+00:00","dateModified":"2015-01-09T16:18:42+00:00","breadcrumb":{"@id":"https:\/\/www.katag.ca\/en\/aventure-348\/#breadcrumb"},"inLanguage":"en-US","potentialAction":[{"@type":"ReadAction","target":["https:\/\/www.katag.ca\/en\/aventure-348\/"]}]},{"@type":"BreadcrumbList","@id":"https:\/\/www.katag.ca\/en\/aventure-348\/#breadcrumb","itemListElement":[{"@type":"ListItem","position":1,"name":"Accueil","item":"https:\/\/www.katag.ca\/"},{"@type":"ListItem","position":2,"name":"Aventure 348"}]},{"@type":"WebSite","@id":"https:\/\/www.katag.ca\/#website","url":"https:\/\/www.katag.ca\/","name":"Katag","description":"LE jeu d'&eacute;p&eacute;es-mousse","publisher":{"@id":"https:\/\/www.katag.ca\/#organization"},"potentialAction":[{"@type":"SearchAction","target":{"@type":"EntryPoint","urlTemplate":"https:\/\/www.katag.ca\/?s={search_term_string}"},"query-input":{"@type":"PropertyValueSpecification","valueRequired":true,"valueName":"search_term_string"}}],"inLanguage":"en-US"},{"@type":"Organization","@id":"https:\/\/www.katag.ca\/#organization","name":"Katag","url":"https:\/\/www.katag.ca\/","logo":{"@type":"ImageObject","inLanguage":"en-US","@id":"https:\/\/www.katag.ca\/#\/schema\/logo\/image\/","url":"https:\/\/www.katag.ca\/wp-content\/uploads\/2021\/03\/logo-fr.png","contentUrl":"https:\/\/www.katag.ca\/wp-content\/uploads\/2021\/03\/logo-fr.png","width":338,"height":173,"caption":"Katag"},"image":{"@id":"https:\/\/www.katag.ca\/#\/schema\/logo\/image\/"},"sameAs":["https:\/\/www.facebook.com\/Katag.ca"]}]}},"_links":{"self":[{"href":"https:\/\/www.katag.ca\/en\/wp-json\/wp\/v2\/pages\/1667","targetHints":{"allow":["GET"]}}],"collection":[{"href":"https:\/\/www.katag.ca\/en\/wp-json\/wp\/v2\/pages"}],"about":[{"href":"https:\/\/www.katag.ca\/en\/wp-json\/wp\/v2\/types\/page"}],"author":[{"embeddable":true,"href":"https:\/\/www.katag.ca\/en\/wp-json\/wp\/v2\/users\/2"}],"replies":[{"embeddable":true,"href":"https:\/\/www.katag.ca\/en\/wp-json\/wp\/v2\/comments?post=1667"}],"version-history":[{"count":2,"href":"https:\/\/www.katag.ca\/en\/wp-json\/wp\/v2\/pages\/1667\/revisions"}],"predecessor-version":[{"id":2197,"href":"https:\/\/www.katag.ca\/en\/wp-json\/wp\/v2\/pages\/1667\/revisions\/2197"}],"wp:attachment":[{"href":"https:\/\/www.katag.ca\/en\/wp-json\/wp\/v2\/media?parent=1667"}],"curies":[{"name":"wp","href":"https:\/\/api.w.org\/{rel}","templated":true}]}}