{"id":1673,"date":"2015-01-06T22:14:32","date_gmt":"2015-01-06T22:14:32","guid":{"rendered":"http:\/\/www.boutiquekatag.com\/?page_id=1673"},"modified":"2015-01-09T16:20:31","modified_gmt":"2015-01-09T16:20:31","slug":"aventure-351","status":"publish","type":"page","link":"https:\/\/www.katag.ca\/en\/aventure-351\/","title":{"rendered":"Aventure 351"},"content":{"rendered":"<p>Alors que le courage vous manque, vous vous appr\u00eatez \u00e0 tourner les talons et prendre un peu de recul. Votre manocom s\u2019illumine alors tout en vibrant. Vous regardez l\u2019\u00e9cran et voyez Ma\u00eetre Fiarrot qui vous adresse la parole : \u00ab  Bonjour jeune ami! La nuit a \u00e9t\u00e9 longue et difficile? Nous comprenons, vous savez. Je me dois maintenant de vous annoncer que nous ne vous avons pas dit toute la v\u00e9rit\u00e9 lorsque nous vous avons confi\u00e9 votre mission. Parfois, il vaut mieux se garder de tout dire, afin de permettre \u00e0 celui qui a \u00e9t\u00e9 choisi pour accomplir quelque chose de repousser ses limites et d\u2019affronter ses peurs. Dans le cas pr\u00e9sent, nous ne vous avons en aucun cas menti, ce qui serait contre les valeurs de l\u2019Ordre et du Conseil des sages. Nous avons toutefois pr\u00e9f\u00e9r\u00e9 nous abstenir de vous mentionner que des membres de la tribu des Capteurs de r\u00eaves \u00e9taient de retour des terres de l\u2019Antre de la Folie. Ils vous ont observ\u00e9 tout au long de votre mission et ont suivi votre progression, nous envoyant des rapports de temps \u00e0 autre. Sachez que nous sommes fiers des progr\u00e8s que vous avez r\u00e9alis\u00e9s. Nous vous avions choisi pour deux raisons particuli\u00e8res : vos habilet\u00e9s hors de l\u2019ordinaire d\u00e9montr\u00e9es lors de vos r\u00eaves inconscients et votre courage. Dans votre corps existe un code de destin\u00e9e et celui-ci nous indique que vous avez la force pour accomplir de grandes choses, autant sur terre qu\u2019\u00e0 Manifeste. Nous vous avons donc recrut\u00e9 afin de d\u00e9buter votre formation de Katsa\u00ef, qui sont comme vous le savez des apprentis qui aspirent \u00e0 devenir des Karatsa\u00ef. La premi\u00e8re \u00e9tape est la capture d\u2019un cauchemar et, si  c\u2019est votre destin, c\u2019est ce matin que vous r\u00e9ussirez. Mais la d\u00e9cision vous revient. Peu importe le choix que vous ferez, sachez que nous croyons en vous. Bonne chance et \u00e0 bient\u00f4t! \u00bb L\u2019image dispara\u00eet alors de votre manocom.<\/p>\n<p>Ces paroles vous ont grandement redonn\u00e9 courage et vous d\u00e9cidez qu\u2019il est temps de terminer ce que vous avez commenc\u00e9.<\/p>\n<div class=\"btn-container  align-center\"><a class=\"organic-btn  dark-blue-btn small-btn  align-center\" href=\"http:\/\/www.katag.ca\/aventure-350\/\"><span class=\"btn-holder\">Cliquez ici pour continuer<\/span><\/a><\/div>\n","protected":false},"excerpt":{"rendered":"<p>Alors que le courage vous manque, vous vous appr\u00eatez \u00e0 tourner les talons et prendre un peu de recul. Votre manocom s\u2019illumine alors tout en vibrant. Vous regardez l\u2019\u00e9cran et voyez Ma\u00eetre Fiarrot qui vous adresse la parole : \u00ab Bonjour jeune ami! La nuit a \u00e9t\u00e9 longue et difficile? Nous comprenons, vous savez. Je me dois maintenant de vous annoncer que nous ne vous avons pas dit toute la v\u00e9rit\u00e9 lorsque nous vous avons confi\u00e9 votre mission. Parfois, il vaut mieux se garder de tout dire, afin&#8230;<\/p>\n","protected":false},"author":2,"featured_media":0,"parent":0,"menu_order":0,"comment_status":"closed","ping_status":"closed","template":"","meta":{"footnotes":""},"class_list":["post-1673","page","type-page","status-publish","hentry"],"yoast_head":"<!-- This site is optimized with the Yoast SEO plugin v26.0 - https:\/\/yoast.com\/wordpress\/plugins\/seo\/ -->\n<title>Aventure 351 | Katag<\/title>\n<meta name=\"robots\" content=\"index, follow, max-snippet:-1, max-image-preview:large, max-video-preview:-1\" \/>\n<link rel=\"canonical\" href=\"https:\/\/www.katag.ca\/aventure-351\/\" \/>\n<meta property=\"og:locale\" content=\"en_US\" \/>\n<meta property=\"og:type\" content=\"article\" \/>\n<meta property=\"og:title\" content=\"Aventure 351 | Katag\" \/>\n<meta property=\"og:description\" content=\"Alors que le courage vous manque, vous vous appr\u00eatez \u00e0 tourner les talons et prendre un peu de recul. Votre manocom s\u2019illumine alors tout en vibrant. Vous regardez l\u2019\u00e9cran et voyez Ma\u00eetre Fiarrot qui vous adresse la parole : \u00ab Bonjour jeune ami! La nuit a \u00e9t\u00e9 longue et difficile? Nous comprenons, vous savez. Je me dois maintenant de vous annoncer que nous ne vous avons pas dit toute la v\u00e9rit\u00e9 lorsque nous vous avons confi\u00e9 votre mission. Parfois, il vaut mieux se garder de tout dire, afin...\" \/>\n<meta property=\"og:url\" content=\"https:\/\/www.katag.ca\/aventure-351\/\" \/>\n<meta property=\"og:site_name\" content=\"Katag\" \/>\n<meta property=\"article:publisher\" content=\"https:\/\/www.facebook.com\/Katag.ca\" \/>\n<meta property=\"article:modified_time\" content=\"2015-01-09T16:20:31+00:00\" \/>\n<meta name=\"twitter:card\" content=\"summary_large_image\" \/>\n<meta name=\"twitter:label1\" content=\"Est. reading time\" \/>\n\t<meta name=\"twitter:data1\" content=\"2 minutes\" \/>\n<script type=\"application\/ld+json\" class=\"yoast-schema-graph\">{\"@context\":\"https:\/\/schema.org\",\"@graph\":[{\"@type\":\"WebPage\",\"@id\":\"https:\/\/www.katag.ca\/aventure-351\/\",\"url\":\"https:\/\/www.katag.ca\/aventure-351\/\",\"name\":\"Aventure 351 | Katag\",\"isPartOf\":{\"@id\":\"https:\/\/www.katag.ca\/#website\"},\"datePublished\":\"2015-01-06T22:14:32+00:00\",\"dateModified\":\"2015-01-09T16:20:31+00:00\",\"breadcrumb\":{\"@id\":\"https:\/\/www.katag.ca\/aventure-351\/#breadcrumb\"},\"inLanguage\":\"en-US\",\"potentialAction\":[{\"@type\":\"ReadAction\",\"target\":[\"https:\/\/www.katag.ca\/aventure-351\/\"]}]},{\"@type\":\"BreadcrumbList\",\"@id\":\"https:\/\/www.katag.ca\/aventure-351\/#breadcrumb\",\"itemListElement\":[{\"@type\":\"ListItem\",\"position\":1,\"name\":\"Accueil\",\"item\":\"https:\/\/www.katag.ca\/\"},{\"@type\":\"ListItem\",\"position\":2,\"name\":\"Aventure 351\"}]},{\"@type\":\"WebSite\",\"@id\":\"https:\/\/www.katag.ca\/#website\",\"url\":\"https:\/\/www.katag.ca\/\",\"name\":\"Katag\",\"description\":\"LE jeu d'&eacute;p&eacute;es-mousse\",\"publisher\":{\"@id\":\"https:\/\/www.katag.ca\/#organization\"},\"potentialAction\":[{\"@type\":\"SearchAction\",\"target\":{\"@type\":\"EntryPoint\",\"urlTemplate\":\"https:\/\/www.katag.ca\/?s={search_term_string}\"},\"query-input\":{\"@type\":\"PropertyValueSpecification\",\"valueRequired\":true,\"valueName\":\"search_term_string\"}}],\"inLanguage\":\"en-US\"},{\"@type\":\"Organization\",\"@id\":\"https:\/\/www.katag.ca\/#organization\",\"name\":\"Katag\",\"url\":\"https:\/\/www.katag.ca\/\",\"logo\":{\"@type\":\"ImageObject\",\"inLanguage\":\"en-US\",\"@id\":\"https:\/\/www.katag.ca\/#\/schema\/logo\/image\/\",\"url\":\"https:\/\/www.katag.ca\/wp-content\/uploads\/2021\/03\/logo-fr.png\",\"contentUrl\":\"https:\/\/www.katag.ca\/wp-content\/uploads\/2021\/03\/logo-fr.png\",\"width\":338,\"height\":173,\"caption\":\"Katag\"},\"image\":{\"@id\":\"https:\/\/www.katag.ca\/#\/schema\/logo\/image\/\"},\"sameAs\":[\"https:\/\/www.facebook.com\/Katag.ca\"]}]}<\/script>\n<!-- \/ Yoast SEO plugin. -->","yoast_head_json":{"title":"Aventure 351 | Katag","robots":{"index":"index","follow":"follow","max-snippet":"max-snippet:-1","max-image-preview":"max-image-preview:large","max-video-preview":"max-video-preview:-1"},"canonical":"https:\/\/www.katag.ca\/aventure-351\/","og_locale":"en_US","og_type":"article","og_title":"Aventure 351 | Katag","og_description":"Alors que le courage vous manque, vous vous appr\u00eatez \u00e0 tourner les talons et prendre un peu de recul. Votre manocom s\u2019illumine alors tout en vibrant. Vous regardez l\u2019\u00e9cran et voyez Ma\u00eetre Fiarrot qui vous adresse la parole : \u00ab Bonjour jeune ami! La nuit a \u00e9t\u00e9 longue et difficile? Nous comprenons, vous savez. Je me dois maintenant de vous annoncer que nous ne vous avons pas dit toute la v\u00e9rit\u00e9 lorsque nous vous avons confi\u00e9 votre mission. Parfois, il vaut mieux se garder de tout dire, afin...","og_url":"https:\/\/www.katag.ca\/aventure-351\/","og_site_name":"Katag","article_publisher":"https:\/\/www.facebook.com\/Katag.ca","article_modified_time":"2015-01-09T16:20:31+00:00","twitter_card":"summary_large_image","twitter_misc":{"Est. reading time":"2 minutes"},"schema":{"@context":"https:\/\/schema.org","@graph":[{"@type":"WebPage","@id":"https:\/\/www.katag.ca\/aventure-351\/","url":"https:\/\/www.katag.ca\/aventure-351\/","name":"Aventure 351 | Katag","isPartOf":{"@id":"https:\/\/www.katag.ca\/#website"},"datePublished":"2015-01-06T22:14:32+00:00","dateModified":"2015-01-09T16:20:31+00:00","breadcrumb":{"@id":"https:\/\/www.katag.ca\/aventure-351\/#breadcrumb"},"inLanguage":"en-US","potentialAction":[{"@type":"ReadAction","target":["https:\/\/www.katag.ca\/aventure-351\/"]}]},{"@type":"BreadcrumbList","@id":"https:\/\/www.katag.ca\/aventure-351\/#breadcrumb","itemListElement":[{"@type":"ListItem","position":1,"name":"Accueil","item":"https:\/\/www.katag.ca\/"},{"@type":"ListItem","position":2,"name":"Aventure 351"}]},{"@type":"WebSite","@id":"https:\/\/www.katag.ca\/#website","url":"https:\/\/www.katag.ca\/","name":"Katag","description":"LE jeu d'&eacute;p&eacute;es-mousse","publisher":{"@id":"https:\/\/www.katag.ca\/#organization"},"potentialAction":[{"@type":"SearchAction","target":{"@type":"EntryPoint","urlTemplate":"https:\/\/www.katag.ca\/?s={search_term_string}"},"query-input":{"@type":"PropertyValueSpecification","valueRequired":true,"valueName":"search_term_string"}}],"inLanguage":"en-US"},{"@type":"Organization","@id":"https:\/\/www.katag.ca\/#organization","name":"Katag","url":"https:\/\/www.katag.ca\/","logo":{"@type":"ImageObject","inLanguage":"en-US","@id":"https:\/\/www.katag.ca\/#\/schema\/logo\/image\/","url":"https:\/\/www.katag.ca\/wp-content\/uploads\/2021\/03\/logo-fr.png","contentUrl":"https:\/\/www.katag.ca\/wp-content\/uploads\/2021\/03\/logo-fr.png","width":338,"height":173,"caption":"Katag"},"image":{"@id":"https:\/\/www.katag.ca\/#\/schema\/logo\/image\/"},"sameAs":["https:\/\/www.facebook.com\/Katag.ca"]}]}},"_links":{"self":[{"href":"https:\/\/www.katag.ca\/en\/wp-json\/wp\/v2\/pages\/1673","targetHints":{"allow":["GET"]}}],"collection":[{"href":"https:\/\/www.katag.ca\/en\/wp-json\/wp\/v2\/pages"}],"about":[{"href":"https:\/\/www.katag.ca\/en\/wp-json\/wp\/v2\/types\/page"}],"author":[{"embeddable":true,"href":"https:\/\/www.katag.ca\/en\/wp-json\/wp\/v2\/users\/2"}],"replies":[{"embeddable":true,"href":"https:\/\/www.katag.ca\/en\/wp-json\/wp\/v2\/comments?post=1673"}],"version-history":[{"count":2,"href":"https:\/\/www.katag.ca\/en\/wp-json\/wp\/v2\/pages\/1673\/revisions"}],"predecessor-version":[{"id":2200,"href":"https:\/\/www.katag.ca\/en\/wp-json\/wp\/v2\/pages\/1673\/revisions\/2200"}],"wp:attachment":[{"href":"https:\/\/www.katag.ca\/en\/wp-json\/wp\/v2\/media?parent=1673"}],"curies":[{"name":"wp","href":"https:\/\/api.w.org\/{rel}","templated":true}]}}