{"id":1677,"date":"2015-01-06T22:15:34","date_gmt":"2015-01-06T22:15:34","guid":{"rendered":"http:\/\/www.boutiquekatag.com\/?page_id=1677"},"modified":"2015-01-09T16:22:01","modified_gmt":"2015-01-09T16:22:01","slug":"aventure-353","status":"publish","type":"page","link":"https:\/\/www.katag.ca\/en\/aventure-353\/","title":{"rendered":"Aventure 353"},"content":{"rendered":"<p>Vous dirigez votre karch\u00e8re en direction du battement d\u2019ailes et vous voyez une grande cr\u00e9ature ail\u00e9e s\u2019envoler en crachant du feu vers le ciel, br\u00fblant les hautes branches des arbres qui formaient une vo\u00fbte au-dessus de votre t\u00eate, laissant ainsi appara\u00eetre la clart\u00e9 du jour. Vous comprenez alors que le matin est arriv\u00e9. Vous devez donc faire vite puisque vous n\u2019\u00eates pas en mesure de savoir si les heures du jour \u00e0 Manifeste sont semblables \u00e0 celles sur terre. Si tel \u00e9tait le cas, vous ne voudriez pas vous r\u00e9veiller avant d\u2019avoir accompli votre mission alors que vous \u00e9tiez si pr\u00eat du but!<\/p>\n<p>Vous d\u00e9cidez donc d\u2019acc\u00e9l\u00e9rer le pas et courez \u00e0 une vitesse incroyable afin de ne pas perdre de vue la cr\u00e9ature. Vous r\u00e9alisez que celle-ci souffrirait d\u2019un lourd d\u00e9savantage si elle vous attaquait au milieu de ce chemin \u00e9troit en raison de sa corpulence. Le dragon cauchemar doit donc certainement \u00eatre \u00e0 la recherche d\u2019un endroit plus vaste.<\/p>\n<p>Vous arrivez soudain \u00e0 une clairi\u00e8re et tombez face \u00e0 face avec ce monstre qui d\u00e9sire certainement vous vider de vos forces par le pouvoir de la peur.<\/p>\n<div class=\"btn-container  align-center\"><a class=\"organic-btn  dark-blue-btn small-btn  align-center\" href=\"http:\/\/www.katag.ca\/aventure-358\/\"><span class=\"btn-holder\">Cliquez ici pour continuer<\/span><\/a><\/div>\n","protected":false},"excerpt":{"rendered":"<p>Vous dirigez votre karch\u00e8re en direction du battement d\u2019ailes et vous voyez une grande cr\u00e9ature ail\u00e9e s\u2019envoler en crachant du feu vers le ciel, br\u00fblant les hautes branches des arbres qui formaient une vo\u00fbte au-dessus de votre t\u00eate, laissant ainsi appara\u00eetre la clart\u00e9 du jour. Vous comprenez alors que le matin est arriv\u00e9. Vous devez donc faire vite puisque vous n\u2019\u00eates pas en mesure de savoir si les heures du jour \u00e0 Manifeste sont semblables \u00e0 celles sur terre. Si tel \u00e9tait le cas, vous ne voudriez pas&#8230;<\/p>\n","protected":false},"author":2,"featured_media":0,"parent":0,"menu_order":0,"comment_status":"closed","ping_status":"closed","template":"","meta":{"footnotes":""},"class_list":["post-1677","page","type-page","status-publish","hentry"],"yoast_head":"<!-- This site is optimized with the Yoast SEO plugin v26.0 - https:\/\/yoast.com\/wordpress\/plugins\/seo\/ -->\n<title>Aventure 353 | Katag<\/title>\n<meta name=\"robots\" content=\"index, follow, max-snippet:-1, max-image-preview:large, max-video-preview:-1\" \/>\n<link rel=\"canonical\" href=\"https:\/\/www.katag.ca\/aventure-353\/\" \/>\n<meta property=\"og:locale\" content=\"en_US\" \/>\n<meta property=\"og:type\" content=\"article\" \/>\n<meta property=\"og:title\" content=\"Aventure 353 | Katag\" \/>\n<meta property=\"og:description\" content=\"Vous dirigez votre karch\u00e8re en direction du battement d\u2019ailes et vous voyez une grande cr\u00e9ature ail\u00e9e s\u2019envoler en crachant du feu vers le ciel, br\u00fblant les hautes branches des arbres qui formaient une vo\u00fbte au-dessus de votre t\u00eate, laissant ainsi appara\u00eetre la clart\u00e9 du jour. Vous comprenez alors que le matin est arriv\u00e9. Vous devez donc faire vite puisque vous n\u2019\u00eates pas en mesure de savoir si les heures du jour \u00e0 Manifeste sont semblables \u00e0 celles sur terre. Si tel \u00e9tait le cas, vous ne voudriez pas...\" \/>\n<meta property=\"og:url\" content=\"https:\/\/www.katag.ca\/aventure-353\/\" \/>\n<meta property=\"og:site_name\" content=\"Katag\" \/>\n<meta property=\"article:publisher\" content=\"https:\/\/www.facebook.com\/Katag.ca\" \/>\n<meta property=\"article:modified_time\" content=\"2015-01-09T16:22:01+00:00\" \/>\n<meta name=\"twitter:card\" content=\"summary_large_image\" \/>\n<meta name=\"twitter:label1\" content=\"Est. reading time\" \/>\n\t<meta name=\"twitter:data1\" content=\"1 minute\" \/>\n<script type=\"application\/ld+json\" class=\"yoast-schema-graph\">{\"@context\":\"https:\/\/schema.org\",\"@graph\":[{\"@type\":\"WebPage\",\"@id\":\"https:\/\/www.katag.ca\/aventure-353\/\",\"url\":\"https:\/\/www.katag.ca\/aventure-353\/\",\"name\":\"Aventure 353 | Katag\",\"isPartOf\":{\"@id\":\"https:\/\/www.katag.ca\/#website\"},\"datePublished\":\"2015-01-06T22:15:34+00:00\",\"dateModified\":\"2015-01-09T16:22:01+00:00\",\"breadcrumb\":{\"@id\":\"https:\/\/www.katag.ca\/aventure-353\/#breadcrumb\"},\"inLanguage\":\"en-US\",\"potentialAction\":[{\"@type\":\"ReadAction\",\"target\":[\"https:\/\/www.katag.ca\/aventure-353\/\"]}]},{\"@type\":\"BreadcrumbList\",\"@id\":\"https:\/\/www.katag.ca\/aventure-353\/#breadcrumb\",\"itemListElement\":[{\"@type\":\"ListItem\",\"position\":1,\"name\":\"Accueil\",\"item\":\"https:\/\/www.katag.ca\/\"},{\"@type\":\"ListItem\",\"position\":2,\"name\":\"Aventure 353\"}]},{\"@type\":\"WebSite\",\"@id\":\"https:\/\/www.katag.ca\/#website\",\"url\":\"https:\/\/www.katag.ca\/\",\"name\":\"Katag\",\"description\":\"LE jeu d'&eacute;p&eacute;es-mousse\",\"publisher\":{\"@id\":\"https:\/\/www.katag.ca\/#organization\"},\"potentialAction\":[{\"@type\":\"SearchAction\",\"target\":{\"@type\":\"EntryPoint\",\"urlTemplate\":\"https:\/\/www.katag.ca\/?s={search_term_string}\"},\"query-input\":{\"@type\":\"PropertyValueSpecification\",\"valueRequired\":true,\"valueName\":\"search_term_string\"}}],\"inLanguage\":\"en-US\"},{\"@type\":\"Organization\",\"@id\":\"https:\/\/www.katag.ca\/#organization\",\"name\":\"Katag\",\"url\":\"https:\/\/www.katag.ca\/\",\"logo\":{\"@type\":\"ImageObject\",\"inLanguage\":\"en-US\",\"@id\":\"https:\/\/www.katag.ca\/#\/schema\/logo\/image\/\",\"url\":\"https:\/\/www.katag.ca\/wp-content\/uploads\/2021\/03\/logo-fr.png\",\"contentUrl\":\"https:\/\/www.katag.ca\/wp-content\/uploads\/2021\/03\/logo-fr.png\",\"width\":338,\"height\":173,\"caption\":\"Katag\"},\"image\":{\"@id\":\"https:\/\/www.katag.ca\/#\/schema\/logo\/image\/\"},\"sameAs\":[\"https:\/\/www.facebook.com\/Katag.ca\"]}]}<\/script>\n<!-- \/ Yoast SEO plugin. -->","yoast_head_json":{"title":"Aventure 353 | Katag","robots":{"index":"index","follow":"follow","max-snippet":"max-snippet:-1","max-image-preview":"max-image-preview:large","max-video-preview":"max-video-preview:-1"},"canonical":"https:\/\/www.katag.ca\/aventure-353\/","og_locale":"en_US","og_type":"article","og_title":"Aventure 353 | Katag","og_description":"Vous dirigez votre karch\u00e8re en direction du battement d\u2019ailes et vous voyez une grande cr\u00e9ature ail\u00e9e s\u2019envoler en crachant du feu vers le ciel, br\u00fblant les hautes branches des arbres qui formaient une vo\u00fbte au-dessus de votre t\u00eate, laissant ainsi appara\u00eetre la clart\u00e9 du jour. Vous comprenez alors que le matin est arriv\u00e9. Vous devez donc faire vite puisque vous n\u2019\u00eates pas en mesure de savoir si les heures du jour \u00e0 Manifeste sont semblables \u00e0 celles sur terre. Si tel \u00e9tait le cas, vous ne voudriez pas...","og_url":"https:\/\/www.katag.ca\/aventure-353\/","og_site_name":"Katag","article_publisher":"https:\/\/www.facebook.com\/Katag.ca","article_modified_time":"2015-01-09T16:22:01+00:00","twitter_card":"summary_large_image","twitter_misc":{"Est. reading time":"1 minute"},"schema":{"@context":"https:\/\/schema.org","@graph":[{"@type":"WebPage","@id":"https:\/\/www.katag.ca\/aventure-353\/","url":"https:\/\/www.katag.ca\/aventure-353\/","name":"Aventure 353 | Katag","isPartOf":{"@id":"https:\/\/www.katag.ca\/#website"},"datePublished":"2015-01-06T22:15:34+00:00","dateModified":"2015-01-09T16:22:01+00:00","breadcrumb":{"@id":"https:\/\/www.katag.ca\/aventure-353\/#breadcrumb"},"inLanguage":"en-US","potentialAction":[{"@type":"ReadAction","target":["https:\/\/www.katag.ca\/aventure-353\/"]}]},{"@type":"BreadcrumbList","@id":"https:\/\/www.katag.ca\/aventure-353\/#breadcrumb","itemListElement":[{"@type":"ListItem","position":1,"name":"Accueil","item":"https:\/\/www.katag.ca\/"},{"@type":"ListItem","position":2,"name":"Aventure 353"}]},{"@type":"WebSite","@id":"https:\/\/www.katag.ca\/#website","url":"https:\/\/www.katag.ca\/","name":"Katag","description":"LE jeu d'&eacute;p&eacute;es-mousse","publisher":{"@id":"https:\/\/www.katag.ca\/#organization"},"potentialAction":[{"@type":"SearchAction","target":{"@type":"EntryPoint","urlTemplate":"https:\/\/www.katag.ca\/?s={search_term_string}"},"query-input":{"@type":"PropertyValueSpecification","valueRequired":true,"valueName":"search_term_string"}}],"inLanguage":"en-US"},{"@type":"Organization","@id":"https:\/\/www.katag.ca\/#organization","name":"Katag","url":"https:\/\/www.katag.ca\/","logo":{"@type":"ImageObject","inLanguage":"en-US","@id":"https:\/\/www.katag.ca\/#\/schema\/logo\/image\/","url":"https:\/\/www.katag.ca\/wp-content\/uploads\/2021\/03\/logo-fr.png","contentUrl":"https:\/\/www.katag.ca\/wp-content\/uploads\/2021\/03\/logo-fr.png","width":338,"height":173,"caption":"Katag"},"image":{"@id":"https:\/\/www.katag.ca\/#\/schema\/logo\/image\/"},"sameAs":["https:\/\/www.facebook.com\/Katag.ca"]}]}},"_links":{"self":[{"href":"https:\/\/www.katag.ca\/en\/wp-json\/wp\/v2\/pages\/1677","targetHints":{"allow":["GET"]}}],"collection":[{"href":"https:\/\/www.katag.ca\/en\/wp-json\/wp\/v2\/pages"}],"about":[{"href":"https:\/\/www.katag.ca\/en\/wp-json\/wp\/v2\/types\/page"}],"author":[{"embeddable":true,"href":"https:\/\/www.katag.ca\/en\/wp-json\/wp\/v2\/users\/2"}],"replies":[{"embeddable":true,"href":"https:\/\/www.katag.ca\/en\/wp-json\/wp\/v2\/comments?post=1677"}],"version-history":[{"count":2,"href":"https:\/\/www.katag.ca\/en\/wp-json\/wp\/v2\/pages\/1677\/revisions"}],"predecessor-version":[{"id":2202,"href":"https:\/\/www.katag.ca\/en\/wp-json\/wp\/v2\/pages\/1677\/revisions\/2202"}],"wp:attachment":[{"href":"https:\/\/www.katag.ca\/en\/wp-json\/wp\/v2\/media?parent=1677"}],"curies":[{"name":"wp","href":"https:\/\/api.w.org\/{rel}","templated":true}]}}