{"id":1683,"date":"2015-01-06T22:17:10","date_gmt":"2015-01-06T22:17:10","guid":{"rendered":"http:\/\/www.boutiquekatag.com\/?page_id=1683"},"modified":"2015-01-09T16:25:31","modified_gmt":"2015-01-09T16:25:31","slug":"aventure-356","status":"publish","type":"page","link":"https:\/\/www.katag.ca\/en\/aventure-356\/","title":{"rendered":"Aventure 356"},"content":{"rendered":"<p>Vous avez l\u2019imagination fertile, car ce code ne veut rien dire! Vous continuez donc d\u2019avancer et, quelques minutes plus tard, vous arrivez dans une clairi\u00e8re. Vous y apercevez un vieillard qui semble totalement \u00e9gar\u00e9. Il vous regarde, alors que vous avancez lentement vers lui, mais vous \u00eates trop loin pour voir ses yeux. \u00ab Aidez moi, vous dit-il, je me suis fait captur\u00e9 par un dragon et j\u2019ai l\u2019impression qu\u2019il me garde ici pour me manger d\u2019ici peu. Nous devons faire vite, car il reviendra bient\u00f4t! \u00bb<\/p>\n<div class=\"btn-container  align-center\"><a class=\"organic-btn  dark-blue-btn small-btn  align-center\" href=\"http:\/\/www.katag.ca\/aventure-361\/\"><span class=\"btn-holder\">Vous d\u00e9sirez aider le vieillard<\/span><\/a><\/div>\n<div class=\"btn-container  align-center\"><a class=\"organic-btn  dark-blue-btn small-btn  align-center\" href=\"http:\/\/www.katag.ca\/aventure-362\/\"><span class=\"btn-holder\">Vous pr\u00e9f\u00e9rez ne pas lui venir en aide<\/span><\/a><\/div>\n","protected":false},"excerpt":{"rendered":"<p>Vous avez l\u2019imagination fertile, car ce code ne veut rien dire! Vous continuez donc d\u2019avancer et, quelques minutes plus tard, vous arrivez dans une clairi\u00e8re. Vous y apercevez un vieillard qui semble totalement \u00e9gar\u00e9. Il vous regarde, alors que vous avancez lentement vers lui, mais vous \u00eates trop loin pour voir ses yeux. \u00ab Aidez moi, vous dit-il, je me suis fait captur\u00e9 par un dragon et j\u2019ai l\u2019impression qu\u2019il me garde ici pour me manger d\u2019ici peu. Nous devons faire vite, car il reviendra bient\u00f4t! \u00bb<\/p>\n","protected":false},"author":2,"featured_media":0,"parent":0,"menu_order":0,"comment_status":"closed","ping_status":"closed","template":"","meta":{"footnotes":""},"class_list":["post-1683","page","type-page","status-publish","hentry"],"yoast_head":"<!-- This site is optimized with the Yoast SEO plugin v26.0 - https:\/\/yoast.com\/wordpress\/plugins\/seo\/ -->\n<title>Aventure 356 | Katag<\/title>\n<meta name=\"robots\" content=\"index, follow, max-snippet:-1, max-image-preview:large, max-video-preview:-1\" \/>\n<link rel=\"canonical\" href=\"https:\/\/www.katag.ca\/aventure-356\/\" \/>\n<meta property=\"og:locale\" content=\"en_US\" \/>\n<meta property=\"og:type\" content=\"article\" \/>\n<meta property=\"og:title\" content=\"Aventure 356 | Katag\" \/>\n<meta property=\"og:description\" content=\"Vous avez l\u2019imagination fertile, car ce code ne veut rien dire! Vous continuez donc d\u2019avancer et, quelques minutes plus tard, vous arrivez dans une clairi\u00e8re. Vous y apercevez un vieillard qui semble totalement \u00e9gar\u00e9. Il vous regarde, alors que vous avancez lentement vers lui, mais vous \u00eates trop loin pour voir ses yeux. \u00ab Aidez moi, vous dit-il, je me suis fait captur\u00e9 par un dragon et j\u2019ai l\u2019impression qu\u2019il me garde ici pour me manger d\u2019ici peu. Nous devons faire vite, car il reviendra bient\u00f4t! \u00bb\" \/>\n<meta property=\"og:url\" content=\"https:\/\/www.katag.ca\/aventure-356\/\" \/>\n<meta property=\"og:site_name\" content=\"Katag\" \/>\n<meta property=\"article:publisher\" content=\"https:\/\/www.facebook.com\/Katag.ca\" \/>\n<meta property=\"article:modified_time\" content=\"2015-01-09T16:25:31+00:00\" \/>\n<meta name=\"twitter:card\" content=\"summary_large_image\" \/>\n<meta name=\"twitter:label1\" content=\"Est. reading time\" \/>\n\t<meta name=\"twitter:data1\" content=\"1 minute\" \/>\n<script type=\"application\/ld+json\" class=\"yoast-schema-graph\">{\"@context\":\"https:\/\/schema.org\",\"@graph\":[{\"@type\":\"WebPage\",\"@id\":\"https:\/\/www.katag.ca\/aventure-356\/\",\"url\":\"https:\/\/www.katag.ca\/aventure-356\/\",\"name\":\"Aventure 356 | Katag\",\"isPartOf\":{\"@id\":\"https:\/\/www.katag.ca\/#website\"},\"datePublished\":\"2015-01-06T22:17:10+00:00\",\"dateModified\":\"2015-01-09T16:25:31+00:00\",\"breadcrumb\":{\"@id\":\"https:\/\/www.katag.ca\/aventure-356\/#breadcrumb\"},\"inLanguage\":\"en-US\",\"potentialAction\":[{\"@type\":\"ReadAction\",\"target\":[\"https:\/\/www.katag.ca\/aventure-356\/\"]}]},{\"@type\":\"BreadcrumbList\",\"@id\":\"https:\/\/www.katag.ca\/aventure-356\/#breadcrumb\",\"itemListElement\":[{\"@type\":\"ListItem\",\"position\":1,\"name\":\"Accueil\",\"item\":\"https:\/\/www.katag.ca\/\"},{\"@type\":\"ListItem\",\"position\":2,\"name\":\"Aventure 356\"}]},{\"@type\":\"WebSite\",\"@id\":\"https:\/\/www.katag.ca\/#website\",\"url\":\"https:\/\/www.katag.ca\/\",\"name\":\"Katag\",\"description\":\"LE jeu d'&eacute;p&eacute;es-mousse\",\"publisher\":{\"@id\":\"https:\/\/www.katag.ca\/#organization\"},\"potentialAction\":[{\"@type\":\"SearchAction\",\"target\":{\"@type\":\"EntryPoint\",\"urlTemplate\":\"https:\/\/www.katag.ca\/?s={search_term_string}\"},\"query-input\":{\"@type\":\"PropertyValueSpecification\",\"valueRequired\":true,\"valueName\":\"search_term_string\"}}],\"inLanguage\":\"en-US\"},{\"@type\":\"Organization\",\"@id\":\"https:\/\/www.katag.ca\/#organization\",\"name\":\"Katag\",\"url\":\"https:\/\/www.katag.ca\/\",\"logo\":{\"@type\":\"ImageObject\",\"inLanguage\":\"en-US\",\"@id\":\"https:\/\/www.katag.ca\/#\/schema\/logo\/image\/\",\"url\":\"https:\/\/www.katag.ca\/wp-content\/uploads\/2021\/03\/logo-fr.png\",\"contentUrl\":\"https:\/\/www.katag.ca\/wp-content\/uploads\/2021\/03\/logo-fr.png\",\"width\":338,\"height\":173,\"caption\":\"Katag\"},\"image\":{\"@id\":\"https:\/\/www.katag.ca\/#\/schema\/logo\/image\/\"},\"sameAs\":[\"https:\/\/www.facebook.com\/Katag.ca\"]}]}<\/script>\n<!-- \/ Yoast SEO plugin. -->","yoast_head_json":{"title":"Aventure 356 | Katag","robots":{"index":"index","follow":"follow","max-snippet":"max-snippet:-1","max-image-preview":"max-image-preview:large","max-video-preview":"max-video-preview:-1"},"canonical":"https:\/\/www.katag.ca\/aventure-356\/","og_locale":"en_US","og_type":"article","og_title":"Aventure 356 | Katag","og_description":"Vous avez l\u2019imagination fertile, car ce code ne veut rien dire! Vous continuez donc d\u2019avancer et, quelques minutes plus tard, vous arrivez dans une clairi\u00e8re. Vous y apercevez un vieillard qui semble totalement \u00e9gar\u00e9. Il vous regarde, alors que vous avancez lentement vers lui, mais vous \u00eates trop loin pour voir ses yeux. \u00ab Aidez moi, vous dit-il, je me suis fait captur\u00e9 par un dragon et j\u2019ai l\u2019impression qu\u2019il me garde ici pour me manger d\u2019ici peu. Nous devons faire vite, car il reviendra bient\u00f4t! \u00bb","og_url":"https:\/\/www.katag.ca\/aventure-356\/","og_site_name":"Katag","article_publisher":"https:\/\/www.facebook.com\/Katag.ca","article_modified_time":"2015-01-09T16:25:31+00:00","twitter_card":"summary_large_image","twitter_misc":{"Est. reading time":"1 minute"},"schema":{"@context":"https:\/\/schema.org","@graph":[{"@type":"WebPage","@id":"https:\/\/www.katag.ca\/aventure-356\/","url":"https:\/\/www.katag.ca\/aventure-356\/","name":"Aventure 356 | Katag","isPartOf":{"@id":"https:\/\/www.katag.ca\/#website"},"datePublished":"2015-01-06T22:17:10+00:00","dateModified":"2015-01-09T16:25:31+00:00","breadcrumb":{"@id":"https:\/\/www.katag.ca\/aventure-356\/#breadcrumb"},"inLanguage":"en-US","potentialAction":[{"@type":"ReadAction","target":["https:\/\/www.katag.ca\/aventure-356\/"]}]},{"@type":"BreadcrumbList","@id":"https:\/\/www.katag.ca\/aventure-356\/#breadcrumb","itemListElement":[{"@type":"ListItem","position":1,"name":"Accueil","item":"https:\/\/www.katag.ca\/"},{"@type":"ListItem","position":2,"name":"Aventure 356"}]},{"@type":"WebSite","@id":"https:\/\/www.katag.ca\/#website","url":"https:\/\/www.katag.ca\/","name":"Katag","description":"LE jeu d'&eacute;p&eacute;es-mousse","publisher":{"@id":"https:\/\/www.katag.ca\/#organization"},"potentialAction":[{"@type":"SearchAction","target":{"@type":"EntryPoint","urlTemplate":"https:\/\/www.katag.ca\/?s={search_term_string}"},"query-input":{"@type":"PropertyValueSpecification","valueRequired":true,"valueName":"search_term_string"}}],"inLanguage":"en-US"},{"@type":"Organization","@id":"https:\/\/www.katag.ca\/#organization","name":"Katag","url":"https:\/\/www.katag.ca\/","logo":{"@type":"ImageObject","inLanguage":"en-US","@id":"https:\/\/www.katag.ca\/#\/schema\/logo\/image\/","url":"https:\/\/www.katag.ca\/wp-content\/uploads\/2021\/03\/logo-fr.png","contentUrl":"https:\/\/www.katag.ca\/wp-content\/uploads\/2021\/03\/logo-fr.png","width":338,"height":173,"caption":"Katag"},"image":{"@id":"https:\/\/www.katag.ca\/#\/schema\/logo\/image\/"},"sameAs":["https:\/\/www.facebook.com\/Katag.ca"]}]}},"_links":{"self":[{"href":"https:\/\/www.katag.ca\/en\/wp-json\/wp\/v2\/pages\/1683","targetHints":{"allow":["GET"]}}],"collection":[{"href":"https:\/\/www.katag.ca\/en\/wp-json\/wp\/v2\/pages"}],"about":[{"href":"https:\/\/www.katag.ca\/en\/wp-json\/wp\/v2\/types\/page"}],"author":[{"embeddable":true,"href":"https:\/\/www.katag.ca\/en\/wp-json\/wp\/v2\/users\/2"}],"replies":[{"embeddable":true,"href":"https:\/\/www.katag.ca\/en\/wp-json\/wp\/v2\/comments?post=1683"}],"version-history":[{"count":2,"href":"https:\/\/www.katag.ca\/en\/wp-json\/wp\/v2\/pages\/1683\/revisions"}],"predecessor-version":[{"id":2206,"href":"https:\/\/www.katag.ca\/en\/wp-json\/wp\/v2\/pages\/1683\/revisions\/2206"}],"wp:attachment":[{"href":"https:\/\/www.katag.ca\/en\/wp-json\/wp\/v2\/media?parent=1683"}],"curies":[{"name":"wp","href":"https:\/\/api.w.org\/{rel}","templated":true}]}}