{"id":1692,"date":"2015-01-06T22:20:08","date_gmt":"2015-01-06T22:20:08","guid":{"rendered":"http:\/\/www.boutiquekatag.com\/?page_id=1692"},"modified":"2015-01-09T16:28:21","modified_gmt":"2015-01-09T16:28:21","slug":"aventure-360","status":"publish","type":"page","link":"https:\/\/www.katag.ca\/en\/aventure-360\/","title":{"rendered":"Aventure 360"},"content":{"rendered":"<p>Le combat vous semble durer une \u00e9ternit\u00e9, mais vous r\u00e9ussissez \u00e0 placer le coup fatal, directement \u00e0 la gorge de votre adversaire. Celui-ci \u00e9met un violent cri et se cristallise sous vos yeux. Le cristal tombe l\u00e9g\u00e8rement par terre et vous le ramassez, voyant l\u2019image de votre adversaire \u00e0 travers une nu\u00e9e de brume. Vous regardez vers le ciel et remerciez la vie de vous avoir donn\u00e9 la force n\u00e9cessaire pour r\u00e9ussir votre mission. Quelques minutes plus tard, alors que vous savourez votre victoire, Maxlax, le fid\u00e8le serviteur de Ma\u00eetre Fiarrot, atterrit dans la clairi\u00e8re avec son pulsar. Vous embarquez derri\u00e8re lui et vous envolez en direction du Temple des \u00c9l\u00e9ments. Ma\u00eetre Fiarrot vous y attend.<\/p>\n<div class=\"btn-container  align-center\"><a class=\"organic-btn  dark-blue-btn small-btn  align-center\" href=\"http:\/\/www.katag.ca\/aventure-368\/\"><span class=\"btn-holder\">Cliquez ici pour continuer<\/span><\/a><\/div>\n","protected":false},"excerpt":{"rendered":"<p>Le combat vous semble durer une \u00e9ternit\u00e9, mais vous r\u00e9ussissez \u00e0 placer le coup fatal, directement \u00e0 la gorge de votre adversaire. Celui-ci \u00e9met un violent cri et se cristallise sous vos yeux. Le cristal tombe l\u00e9g\u00e8rement par terre et vous le ramassez, voyant l\u2019image de votre adversaire \u00e0 travers une nu\u00e9e de brume. Vous regardez vers le ciel et remerciez la vie de vous avoir donn\u00e9 la force n\u00e9cessaire pour r\u00e9ussir votre mission. Quelques minutes plus tard, alors que vous savourez votre victoire, Maxlax, le fid\u00e8le serviteur&#8230;<\/p>\n","protected":false},"author":2,"featured_media":0,"parent":0,"menu_order":0,"comment_status":"closed","ping_status":"closed","template":"","meta":{"footnotes":""},"class_list":["post-1692","page","type-page","status-publish","hentry"],"yoast_head":"<!-- This site is optimized with the Yoast SEO plugin v26.0 - https:\/\/yoast.com\/wordpress\/plugins\/seo\/ -->\n<title>Aventure 360 | Katag<\/title>\n<meta name=\"robots\" content=\"index, follow, max-snippet:-1, max-image-preview:large, max-video-preview:-1\" \/>\n<link rel=\"canonical\" href=\"https:\/\/www.katag.ca\/aventure-360\/\" \/>\n<meta property=\"og:locale\" content=\"en_US\" \/>\n<meta property=\"og:type\" content=\"article\" \/>\n<meta property=\"og:title\" content=\"Aventure 360 | Katag\" \/>\n<meta property=\"og:description\" content=\"Le combat vous semble durer une \u00e9ternit\u00e9, mais vous r\u00e9ussissez \u00e0 placer le coup fatal, directement \u00e0 la gorge de votre adversaire. Celui-ci \u00e9met un violent cri et se cristallise sous vos yeux. Le cristal tombe l\u00e9g\u00e8rement par terre et vous le ramassez, voyant l\u2019image de votre adversaire \u00e0 travers une nu\u00e9e de brume. Vous regardez vers le ciel et remerciez la vie de vous avoir donn\u00e9 la force n\u00e9cessaire pour r\u00e9ussir votre mission. Quelques minutes plus tard, alors que vous savourez votre victoire, Maxlax, le fid\u00e8le serviteur...\" \/>\n<meta property=\"og:url\" content=\"https:\/\/www.katag.ca\/aventure-360\/\" \/>\n<meta property=\"og:site_name\" content=\"Katag\" \/>\n<meta property=\"article:publisher\" content=\"https:\/\/www.facebook.com\/Katag.ca\" \/>\n<meta property=\"article:modified_time\" content=\"2015-01-09T16:28:21+00:00\" \/>\n<meta name=\"twitter:card\" content=\"summary_large_image\" \/>\n<meta name=\"twitter:label1\" content=\"Est. reading time\" \/>\n\t<meta name=\"twitter:data1\" content=\"1 minute\" \/>\n<script type=\"application\/ld+json\" class=\"yoast-schema-graph\">{\"@context\":\"https:\/\/schema.org\",\"@graph\":[{\"@type\":\"WebPage\",\"@id\":\"https:\/\/www.katag.ca\/aventure-360\/\",\"url\":\"https:\/\/www.katag.ca\/aventure-360\/\",\"name\":\"Aventure 360 | Katag\",\"isPartOf\":{\"@id\":\"https:\/\/www.katag.ca\/#website\"},\"datePublished\":\"2015-01-06T22:20:08+00:00\",\"dateModified\":\"2015-01-09T16:28:21+00:00\",\"breadcrumb\":{\"@id\":\"https:\/\/www.katag.ca\/aventure-360\/#breadcrumb\"},\"inLanguage\":\"en-US\",\"potentialAction\":[{\"@type\":\"ReadAction\",\"target\":[\"https:\/\/www.katag.ca\/aventure-360\/\"]}]},{\"@type\":\"BreadcrumbList\",\"@id\":\"https:\/\/www.katag.ca\/aventure-360\/#breadcrumb\",\"itemListElement\":[{\"@type\":\"ListItem\",\"position\":1,\"name\":\"Accueil\",\"item\":\"https:\/\/www.katag.ca\/\"},{\"@type\":\"ListItem\",\"position\":2,\"name\":\"Aventure 360\"}]},{\"@type\":\"WebSite\",\"@id\":\"https:\/\/www.katag.ca\/#website\",\"url\":\"https:\/\/www.katag.ca\/\",\"name\":\"Katag\",\"description\":\"LE jeu d'&eacute;p&eacute;es-mousse\",\"publisher\":{\"@id\":\"https:\/\/www.katag.ca\/#organization\"},\"potentialAction\":[{\"@type\":\"SearchAction\",\"target\":{\"@type\":\"EntryPoint\",\"urlTemplate\":\"https:\/\/www.katag.ca\/?s={search_term_string}\"},\"query-input\":{\"@type\":\"PropertyValueSpecification\",\"valueRequired\":true,\"valueName\":\"search_term_string\"}}],\"inLanguage\":\"en-US\"},{\"@type\":\"Organization\",\"@id\":\"https:\/\/www.katag.ca\/#organization\",\"name\":\"Katag\",\"url\":\"https:\/\/www.katag.ca\/\",\"logo\":{\"@type\":\"ImageObject\",\"inLanguage\":\"en-US\",\"@id\":\"https:\/\/www.katag.ca\/#\/schema\/logo\/image\/\",\"url\":\"https:\/\/www.katag.ca\/wp-content\/uploads\/2021\/03\/logo-fr.png\",\"contentUrl\":\"https:\/\/www.katag.ca\/wp-content\/uploads\/2021\/03\/logo-fr.png\",\"width\":338,\"height\":173,\"caption\":\"Katag\"},\"image\":{\"@id\":\"https:\/\/www.katag.ca\/#\/schema\/logo\/image\/\"},\"sameAs\":[\"https:\/\/www.facebook.com\/Katag.ca\"]}]}<\/script>\n<!-- \/ Yoast SEO plugin. -->","yoast_head_json":{"title":"Aventure 360 | Katag","robots":{"index":"index","follow":"follow","max-snippet":"max-snippet:-1","max-image-preview":"max-image-preview:large","max-video-preview":"max-video-preview:-1"},"canonical":"https:\/\/www.katag.ca\/aventure-360\/","og_locale":"en_US","og_type":"article","og_title":"Aventure 360 | Katag","og_description":"Le combat vous semble durer une \u00e9ternit\u00e9, mais vous r\u00e9ussissez \u00e0 placer le coup fatal, directement \u00e0 la gorge de votre adversaire. Celui-ci \u00e9met un violent cri et se cristallise sous vos yeux. Le cristal tombe l\u00e9g\u00e8rement par terre et vous le ramassez, voyant l\u2019image de votre adversaire \u00e0 travers une nu\u00e9e de brume. Vous regardez vers le ciel et remerciez la vie de vous avoir donn\u00e9 la force n\u00e9cessaire pour r\u00e9ussir votre mission. Quelques minutes plus tard, alors que vous savourez votre victoire, Maxlax, le fid\u00e8le serviteur...","og_url":"https:\/\/www.katag.ca\/aventure-360\/","og_site_name":"Katag","article_publisher":"https:\/\/www.facebook.com\/Katag.ca","article_modified_time":"2015-01-09T16:28:21+00:00","twitter_card":"summary_large_image","twitter_misc":{"Est. reading time":"1 minute"},"schema":{"@context":"https:\/\/schema.org","@graph":[{"@type":"WebPage","@id":"https:\/\/www.katag.ca\/aventure-360\/","url":"https:\/\/www.katag.ca\/aventure-360\/","name":"Aventure 360 | Katag","isPartOf":{"@id":"https:\/\/www.katag.ca\/#website"},"datePublished":"2015-01-06T22:20:08+00:00","dateModified":"2015-01-09T16:28:21+00:00","breadcrumb":{"@id":"https:\/\/www.katag.ca\/aventure-360\/#breadcrumb"},"inLanguage":"en-US","potentialAction":[{"@type":"ReadAction","target":["https:\/\/www.katag.ca\/aventure-360\/"]}]},{"@type":"BreadcrumbList","@id":"https:\/\/www.katag.ca\/aventure-360\/#breadcrumb","itemListElement":[{"@type":"ListItem","position":1,"name":"Accueil","item":"https:\/\/www.katag.ca\/"},{"@type":"ListItem","position":2,"name":"Aventure 360"}]},{"@type":"WebSite","@id":"https:\/\/www.katag.ca\/#website","url":"https:\/\/www.katag.ca\/","name":"Katag","description":"LE jeu d'&eacute;p&eacute;es-mousse","publisher":{"@id":"https:\/\/www.katag.ca\/#organization"},"potentialAction":[{"@type":"SearchAction","target":{"@type":"EntryPoint","urlTemplate":"https:\/\/www.katag.ca\/?s={search_term_string}"},"query-input":{"@type":"PropertyValueSpecification","valueRequired":true,"valueName":"search_term_string"}}],"inLanguage":"en-US"},{"@type":"Organization","@id":"https:\/\/www.katag.ca\/#organization","name":"Katag","url":"https:\/\/www.katag.ca\/","logo":{"@type":"ImageObject","inLanguage":"en-US","@id":"https:\/\/www.katag.ca\/#\/schema\/logo\/image\/","url":"https:\/\/www.katag.ca\/wp-content\/uploads\/2021\/03\/logo-fr.png","contentUrl":"https:\/\/www.katag.ca\/wp-content\/uploads\/2021\/03\/logo-fr.png","width":338,"height":173,"caption":"Katag"},"image":{"@id":"https:\/\/www.katag.ca\/#\/schema\/logo\/image\/"},"sameAs":["https:\/\/www.facebook.com\/Katag.ca"]}]}},"_links":{"self":[{"href":"https:\/\/www.katag.ca\/en\/wp-json\/wp\/v2\/pages\/1692","targetHints":{"allow":["GET"]}}],"collection":[{"href":"https:\/\/www.katag.ca\/en\/wp-json\/wp\/v2\/pages"}],"about":[{"href":"https:\/\/www.katag.ca\/en\/wp-json\/wp\/v2\/types\/page"}],"author":[{"embeddable":true,"href":"https:\/\/www.katag.ca\/en\/wp-json\/wp\/v2\/users\/2"}],"replies":[{"embeddable":true,"href":"https:\/\/www.katag.ca\/en\/wp-json\/wp\/v2\/comments?post=1692"}],"version-history":[{"count":2,"href":"https:\/\/www.katag.ca\/en\/wp-json\/wp\/v2\/pages\/1692\/revisions"}],"predecessor-version":[{"id":2211,"href":"https:\/\/www.katag.ca\/en\/wp-json\/wp\/v2\/pages\/1692\/revisions\/2211"}],"wp:attachment":[{"href":"https:\/\/www.katag.ca\/en\/wp-json\/wp\/v2\/media?parent=1692"}],"curies":[{"name":"wp","href":"https:\/\/api.w.org\/{rel}","templated":true}]}}