{"id":1694,"date":"2015-01-06T22:20:27","date_gmt":"2015-01-06T22:20:27","guid":{"rendered":"http:\/\/www.boutiquekatag.com\/?page_id=1694"},"modified":"2015-01-09T16:28:58","modified_gmt":"2015-01-09T16:28:58","slug":"aventure-361","status":"publish","type":"page","link":"https:\/\/www.katag.ca\/en\/aventure-361\/","title":{"rendered":"Aventure 361"},"content":{"rendered":"<p>Vous vous approchez de lui et, alors que vous tendez la main, celui-ci se transforme sous vos yeux en dragon, d\u00e9voilant les traits de votre r\u00e9el adversaire. Haut de deux m\u00e8tres et long de trois, il n\u2019est pas gigantesque, mais tout de m\u00eame, il sera un adversaire dangereux! Sa peau est recouverte d\u2019\u00e9cailles noires et ses yeux sont des trous sans fond. Il est dress\u00e9 sur ses deux pattes arri\u00e8re et vous pouvez distinguer de longues griffes sur chacune de ses pattes avant. Profitant de la proximit\u00e9 \u00e0 laquelle vous vous trouvez, il vous donne un coup de griffe. Vous perdez un point d\u2019endurance que vous devez d\u00e9duire de votre feuille de route. <\/p>\n<div class=\"btn-container  align-center\"><a class=\"organic-btn  dark-blue-btn small-btn  align-center\" href=\"http:\/\/www.katag.ca\/aventure-352\/\"><span class=\"btn-holder\">Cliquez ici pour continuer<\/span><\/a><\/div>\n","protected":false},"excerpt":{"rendered":"<p>Vous vous approchez de lui et, alors que vous tendez la main, celui-ci se transforme sous vos yeux en dragon, d\u00e9voilant les traits de votre r\u00e9el adversaire. Haut de deux m\u00e8tres et long de trois, il n\u2019est pas gigantesque, mais tout de m\u00eame, il sera un adversaire dangereux! Sa peau est recouverte d\u2019\u00e9cailles noires et ses yeux sont des trous sans fond. Il est dress\u00e9 sur ses deux pattes arri\u00e8re et vous pouvez distinguer de longues griffes sur chacune de ses pattes avant. Profitant de la proximit\u00e9 \u00e0&#8230;<\/p>\n","protected":false},"author":2,"featured_media":0,"parent":0,"menu_order":0,"comment_status":"closed","ping_status":"closed","template":"","meta":{"footnotes":""},"class_list":["post-1694","page","type-page","status-publish","hentry"],"yoast_head":"<!-- This site is optimized with the Yoast SEO plugin v26.0 - https:\/\/yoast.com\/wordpress\/plugins\/seo\/ -->\n<title>Aventure 361 | Katag<\/title>\n<meta name=\"robots\" content=\"index, follow, max-snippet:-1, max-image-preview:large, max-video-preview:-1\" \/>\n<link rel=\"canonical\" href=\"https:\/\/www.katag.ca\/aventure-361\/\" \/>\n<meta property=\"og:locale\" content=\"en_US\" \/>\n<meta property=\"og:type\" content=\"article\" \/>\n<meta property=\"og:title\" content=\"Aventure 361 | Katag\" \/>\n<meta property=\"og:description\" content=\"Vous vous approchez de lui et, alors que vous tendez la main, celui-ci se transforme sous vos yeux en dragon, d\u00e9voilant les traits de votre r\u00e9el adversaire. Haut de deux m\u00e8tres et long de trois, il n\u2019est pas gigantesque, mais tout de m\u00eame, il sera un adversaire dangereux! Sa peau est recouverte d\u2019\u00e9cailles noires et ses yeux sont des trous sans fond. Il est dress\u00e9 sur ses deux pattes arri\u00e8re et vous pouvez distinguer de longues griffes sur chacune de ses pattes avant. Profitant de la proximit\u00e9 \u00e0...\" \/>\n<meta property=\"og:url\" content=\"https:\/\/www.katag.ca\/aventure-361\/\" \/>\n<meta property=\"og:site_name\" content=\"Katag\" \/>\n<meta property=\"article:publisher\" content=\"https:\/\/www.facebook.com\/Katag.ca\" \/>\n<meta property=\"article:modified_time\" content=\"2015-01-09T16:28:58+00:00\" \/>\n<meta name=\"twitter:card\" content=\"summary_large_image\" \/>\n<meta name=\"twitter:label1\" content=\"Est. reading time\" \/>\n\t<meta name=\"twitter:data1\" content=\"1 minute\" \/>\n<script type=\"application\/ld+json\" class=\"yoast-schema-graph\">{\"@context\":\"https:\/\/schema.org\",\"@graph\":[{\"@type\":\"WebPage\",\"@id\":\"https:\/\/www.katag.ca\/aventure-361\/\",\"url\":\"https:\/\/www.katag.ca\/aventure-361\/\",\"name\":\"Aventure 361 | Katag\",\"isPartOf\":{\"@id\":\"https:\/\/www.katag.ca\/#website\"},\"datePublished\":\"2015-01-06T22:20:27+00:00\",\"dateModified\":\"2015-01-09T16:28:58+00:00\",\"breadcrumb\":{\"@id\":\"https:\/\/www.katag.ca\/aventure-361\/#breadcrumb\"},\"inLanguage\":\"en-US\",\"potentialAction\":[{\"@type\":\"ReadAction\",\"target\":[\"https:\/\/www.katag.ca\/aventure-361\/\"]}]},{\"@type\":\"BreadcrumbList\",\"@id\":\"https:\/\/www.katag.ca\/aventure-361\/#breadcrumb\",\"itemListElement\":[{\"@type\":\"ListItem\",\"position\":1,\"name\":\"Accueil\",\"item\":\"https:\/\/www.katag.ca\/\"},{\"@type\":\"ListItem\",\"position\":2,\"name\":\"Aventure 361\"}]},{\"@type\":\"WebSite\",\"@id\":\"https:\/\/www.katag.ca\/#website\",\"url\":\"https:\/\/www.katag.ca\/\",\"name\":\"Katag\",\"description\":\"LE jeu d'&eacute;p&eacute;es-mousse\",\"publisher\":{\"@id\":\"https:\/\/www.katag.ca\/#organization\"},\"potentialAction\":[{\"@type\":\"SearchAction\",\"target\":{\"@type\":\"EntryPoint\",\"urlTemplate\":\"https:\/\/www.katag.ca\/?s={search_term_string}\"},\"query-input\":{\"@type\":\"PropertyValueSpecification\",\"valueRequired\":true,\"valueName\":\"search_term_string\"}}],\"inLanguage\":\"en-US\"},{\"@type\":\"Organization\",\"@id\":\"https:\/\/www.katag.ca\/#organization\",\"name\":\"Katag\",\"url\":\"https:\/\/www.katag.ca\/\",\"logo\":{\"@type\":\"ImageObject\",\"inLanguage\":\"en-US\",\"@id\":\"https:\/\/www.katag.ca\/#\/schema\/logo\/image\/\",\"url\":\"https:\/\/www.katag.ca\/wp-content\/uploads\/2021\/03\/logo-fr.png\",\"contentUrl\":\"https:\/\/www.katag.ca\/wp-content\/uploads\/2021\/03\/logo-fr.png\",\"width\":338,\"height\":173,\"caption\":\"Katag\"},\"image\":{\"@id\":\"https:\/\/www.katag.ca\/#\/schema\/logo\/image\/\"},\"sameAs\":[\"https:\/\/www.facebook.com\/Katag.ca\"]}]}<\/script>\n<!-- \/ Yoast SEO plugin. -->","yoast_head_json":{"title":"Aventure 361 | Katag","robots":{"index":"index","follow":"follow","max-snippet":"max-snippet:-1","max-image-preview":"max-image-preview:large","max-video-preview":"max-video-preview:-1"},"canonical":"https:\/\/www.katag.ca\/aventure-361\/","og_locale":"en_US","og_type":"article","og_title":"Aventure 361 | Katag","og_description":"Vous vous approchez de lui et, alors que vous tendez la main, celui-ci se transforme sous vos yeux en dragon, d\u00e9voilant les traits de votre r\u00e9el adversaire. Haut de deux m\u00e8tres et long de trois, il n\u2019est pas gigantesque, mais tout de m\u00eame, il sera un adversaire dangereux! Sa peau est recouverte d\u2019\u00e9cailles noires et ses yeux sont des trous sans fond. Il est dress\u00e9 sur ses deux pattes arri\u00e8re et vous pouvez distinguer de longues griffes sur chacune de ses pattes avant. Profitant de la proximit\u00e9 \u00e0...","og_url":"https:\/\/www.katag.ca\/aventure-361\/","og_site_name":"Katag","article_publisher":"https:\/\/www.facebook.com\/Katag.ca","article_modified_time":"2015-01-09T16:28:58+00:00","twitter_card":"summary_large_image","twitter_misc":{"Est. reading time":"1 minute"},"schema":{"@context":"https:\/\/schema.org","@graph":[{"@type":"WebPage","@id":"https:\/\/www.katag.ca\/aventure-361\/","url":"https:\/\/www.katag.ca\/aventure-361\/","name":"Aventure 361 | Katag","isPartOf":{"@id":"https:\/\/www.katag.ca\/#website"},"datePublished":"2015-01-06T22:20:27+00:00","dateModified":"2015-01-09T16:28:58+00:00","breadcrumb":{"@id":"https:\/\/www.katag.ca\/aventure-361\/#breadcrumb"},"inLanguage":"en-US","potentialAction":[{"@type":"ReadAction","target":["https:\/\/www.katag.ca\/aventure-361\/"]}]},{"@type":"BreadcrumbList","@id":"https:\/\/www.katag.ca\/aventure-361\/#breadcrumb","itemListElement":[{"@type":"ListItem","position":1,"name":"Accueil","item":"https:\/\/www.katag.ca\/"},{"@type":"ListItem","position":2,"name":"Aventure 361"}]},{"@type":"WebSite","@id":"https:\/\/www.katag.ca\/#website","url":"https:\/\/www.katag.ca\/","name":"Katag","description":"LE jeu d'&eacute;p&eacute;es-mousse","publisher":{"@id":"https:\/\/www.katag.ca\/#organization"},"potentialAction":[{"@type":"SearchAction","target":{"@type":"EntryPoint","urlTemplate":"https:\/\/www.katag.ca\/?s={search_term_string}"},"query-input":{"@type":"PropertyValueSpecification","valueRequired":true,"valueName":"search_term_string"}}],"inLanguage":"en-US"},{"@type":"Organization","@id":"https:\/\/www.katag.ca\/#organization","name":"Katag","url":"https:\/\/www.katag.ca\/","logo":{"@type":"ImageObject","inLanguage":"en-US","@id":"https:\/\/www.katag.ca\/#\/schema\/logo\/image\/","url":"https:\/\/www.katag.ca\/wp-content\/uploads\/2021\/03\/logo-fr.png","contentUrl":"https:\/\/www.katag.ca\/wp-content\/uploads\/2021\/03\/logo-fr.png","width":338,"height":173,"caption":"Katag"},"image":{"@id":"https:\/\/www.katag.ca\/#\/schema\/logo\/image\/"},"sameAs":["https:\/\/www.facebook.com\/Katag.ca"]}]}},"_links":{"self":[{"href":"https:\/\/www.katag.ca\/en\/wp-json\/wp\/v2\/pages\/1694","targetHints":{"allow":["GET"]}}],"collection":[{"href":"https:\/\/www.katag.ca\/en\/wp-json\/wp\/v2\/pages"}],"about":[{"href":"https:\/\/www.katag.ca\/en\/wp-json\/wp\/v2\/types\/page"}],"author":[{"embeddable":true,"href":"https:\/\/www.katag.ca\/en\/wp-json\/wp\/v2\/users\/2"}],"replies":[{"embeddable":true,"href":"https:\/\/www.katag.ca\/en\/wp-json\/wp\/v2\/comments?post=1694"}],"version-history":[{"count":2,"href":"https:\/\/www.katag.ca\/en\/wp-json\/wp\/v2\/pages\/1694\/revisions"}],"predecessor-version":[{"id":2212,"href":"https:\/\/www.katag.ca\/en\/wp-json\/wp\/v2\/pages\/1694\/revisions\/2212"}],"wp:attachment":[{"href":"https:\/\/www.katag.ca\/en\/wp-json\/wp\/v2\/media?parent=1694"}],"curies":[{"name":"wp","href":"https:\/\/api.w.org\/{rel}","templated":true}]}}