{"id":1700,"date":"2015-01-06T22:21:42","date_gmt":"2015-01-06T22:21:42","guid":{"rendered":"http:\/\/www.boutiquekatag.com\/?page_id=1700"},"modified":"2015-01-09T16:31:46","modified_gmt":"2015-01-09T16:31:46","slug":"aventure-364","status":"publish","type":"page","link":"https:\/\/www.katag.ca\/en\/aventure-364\/","title":{"rendered":"Aventure 364"},"content":{"rendered":"<p>Vous voyez la flamme se diriger vers vous et vous n\u2019arrivez pas \u00e0 l\u2019esquiver compl\u00e8tement \u00e0 temps. Celle-ci vous inflige une l\u00e9g\u00e8re br\u00fblure. Veuillez d\u00e9duire un point \u00e0 votre total dans la cat\u00e9gorie endurance sur votre feuille de route. Vous comprenez rapidement que vous serez plus efficace au combat en restant plus pr\u00e8s de lui, l\u2019emp\u00eachant par le fait m\u00eame de vous attaquer par le feu. Il d\u00e9cide de charger vers vous.<\/p>\n<div class=\"btn-container  align-center\"><a class=\"organic-btn  dark-blue-btn small-btn  align-center\" href=\"http:\/\/www.katag.ca\/aventure-365\/\"><span class=\"btn-holder\">Si votre total de points dans la cat\u00e9gorie intuition est de 6 ou plus, cliquez ici<\/span><\/a><\/div>\n<div class=\"btn-container  align-center\"><a class=\"organic-btn  dark-blue-btn small-btn  align-center\" href=\"http:\/\/www.katag.ca\/aventure-359\/\"><span class=\"btn-holder\">Si votre total de points dans la cat\u00e9gorie intuition est de moins de 6, cliquez ici<\/span><\/a><\/div>\n","protected":false},"excerpt":{"rendered":"<p>Vous voyez la flamme se diriger vers vous et vous n\u2019arrivez pas \u00e0 l\u2019esquiver compl\u00e8tement \u00e0 temps. Celle-ci vous inflige une l\u00e9g\u00e8re br\u00fblure. Veuillez d\u00e9duire un point \u00e0 votre total dans la cat\u00e9gorie endurance sur votre feuille de route. Vous comprenez rapidement que vous serez plus efficace au combat en restant plus pr\u00e8s de lui, l\u2019emp\u00eachant par le fait m\u00eame de vous attaquer par le feu. Il d\u00e9cide de charger vers vous.<\/p>\n","protected":false},"author":2,"featured_media":0,"parent":0,"menu_order":0,"comment_status":"closed","ping_status":"closed","template":"","meta":{"footnotes":""},"class_list":["post-1700","page","type-page","status-publish","hentry"],"yoast_head":"<!-- This site is optimized with the Yoast SEO plugin v26.0 - https:\/\/yoast.com\/wordpress\/plugins\/seo\/ -->\n<title>Aventure 364 | Katag<\/title>\n<meta name=\"robots\" content=\"index, follow, max-snippet:-1, max-image-preview:large, max-video-preview:-1\" \/>\n<link rel=\"canonical\" href=\"https:\/\/www.katag.ca\/aventure-364\/\" \/>\n<meta property=\"og:locale\" content=\"en_US\" \/>\n<meta property=\"og:type\" content=\"article\" \/>\n<meta property=\"og:title\" content=\"Aventure 364 | Katag\" \/>\n<meta property=\"og:description\" content=\"Vous voyez la flamme se diriger vers vous et vous n\u2019arrivez pas \u00e0 l\u2019esquiver compl\u00e8tement \u00e0 temps. Celle-ci vous inflige une l\u00e9g\u00e8re br\u00fblure. Veuillez d\u00e9duire un point \u00e0 votre total dans la cat\u00e9gorie endurance sur votre feuille de route. Vous comprenez rapidement que vous serez plus efficace au combat en restant plus pr\u00e8s de lui, l\u2019emp\u00eachant par le fait m\u00eame de vous attaquer par le feu. Il d\u00e9cide de charger vers vous.\" \/>\n<meta property=\"og:url\" content=\"https:\/\/www.katag.ca\/aventure-364\/\" \/>\n<meta property=\"og:site_name\" content=\"Katag\" \/>\n<meta property=\"article:publisher\" content=\"https:\/\/www.facebook.com\/Katag.ca\" \/>\n<meta property=\"article:modified_time\" content=\"2015-01-09T16:31:46+00:00\" \/>\n<meta name=\"twitter:card\" content=\"summary_large_image\" \/>\n<meta name=\"twitter:label1\" content=\"Est. reading time\" \/>\n\t<meta name=\"twitter:data1\" content=\"1 minute\" \/>\n<script type=\"application\/ld+json\" class=\"yoast-schema-graph\">{\"@context\":\"https:\/\/schema.org\",\"@graph\":[{\"@type\":\"WebPage\",\"@id\":\"https:\/\/www.katag.ca\/aventure-364\/\",\"url\":\"https:\/\/www.katag.ca\/aventure-364\/\",\"name\":\"Aventure 364 | Katag\",\"isPartOf\":{\"@id\":\"https:\/\/www.katag.ca\/#website\"},\"datePublished\":\"2015-01-06T22:21:42+00:00\",\"dateModified\":\"2015-01-09T16:31:46+00:00\",\"breadcrumb\":{\"@id\":\"https:\/\/www.katag.ca\/aventure-364\/#breadcrumb\"},\"inLanguage\":\"en-US\",\"potentialAction\":[{\"@type\":\"ReadAction\",\"target\":[\"https:\/\/www.katag.ca\/aventure-364\/\"]}]},{\"@type\":\"BreadcrumbList\",\"@id\":\"https:\/\/www.katag.ca\/aventure-364\/#breadcrumb\",\"itemListElement\":[{\"@type\":\"ListItem\",\"position\":1,\"name\":\"Accueil\",\"item\":\"https:\/\/www.katag.ca\/\"},{\"@type\":\"ListItem\",\"position\":2,\"name\":\"Aventure 364\"}]},{\"@type\":\"WebSite\",\"@id\":\"https:\/\/www.katag.ca\/#website\",\"url\":\"https:\/\/www.katag.ca\/\",\"name\":\"Katag\",\"description\":\"LE jeu d'&eacute;p&eacute;es-mousse\",\"publisher\":{\"@id\":\"https:\/\/www.katag.ca\/#organization\"},\"potentialAction\":[{\"@type\":\"SearchAction\",\"target\":{\"@type\":\"EntryPoint\",\"urlTemplate\":\"https:\/\/www.katag.ca\/?s={search_term_string}\"},\"query-input\":{\"@type\":\"PropertyValueSpecification\",\"valueRequired\":true,\"valueName\":\"search_term_string\"}}],\"inLanguage\":\"en-US\"},{\"@type\":\"Organization\",\"@id\":\"https:\/\/www.katag.ca\/#organization\",\"name\":\"Katag\",\"url\":\"https:\/\/www.katag.ca\/\",\"logo\":{\"@type\":\"ImageObject\",\"inLanguage\":\"en-US\",\"@id\":\"https:\/\/www.katag.ca\/#\/schema\/logo\/image\/\",\"url\":\"https:\/\/www.katag.ca\/wp-content\/uploads\/2021\/03\/logo-fr.png\",\"contentUrl\":\"https:\/\/www.katag.ca\/wp-content\/uploads\/2021\/03\/logo-fr.png\",\"width\":338,\"height\":173,\"caption\":\"Katag\"},\"image\":{\"@id\":\"https:\/\/www.katag.ca\/#\/schema\/logo\/image\/\"},\"sameAs\":[\"https:\/\/www.facebook.com\/Katag.ca\"]}]}<\/script>\n<!-- \/ Yoast SEO plugin. -->","yoast_head_json":{"title":"Aventure 364 | Katag","robots":{"index":"index","follow":"follow","max-snippet":"max-snippet:-1","max-image-preview":"max-image-preview:large","max-video-preview":"max-video-preview:-1"},"canonical":"https:\/\/www.katag.ca\/aventure-364\/","og_locale":"en_US","og_type":"article","og_title":"Aventure 364 | Katag","og_description":"Vous voyez la flamme se diriger vers vous et vous n\u2019arrivez pas \u00e0 l\u2019esquiver compl\u00e8tement \u00e0 temps. Celle-ci vous inflige une l\u00e9g\u00e8re br\u00fblure. Veuillez d\u00e9duire un point \u00e0 votre total dans la cat\u00e9gorie endurance sur votre feuille de route. Vous comprenez rapidement que vous serez plus efficace au combat en restant plus pr\u00e8s de lui, l\u2019emp\u00eachant par le fait m\u00eame de vous attaquer par le feu. Il d\u00e9cide de charger vers vous.","og_url":"https:\/\/www.katag.ca\/aventure-364\/","og_site_name":"Katag","article_publisher":"https:\/\/www.facebook.com\/Katag.ca","article_modified_time":"2015-01-09T16:31:46+00:00","twitter_card":"summary_large_image","twitter_misc":{"Est. reading time":"1 minute"},"schema":{"@context":"https:\/\/schema.org","@graph":[{"@type":"WebPage","@id":"https:\/\/www.katag.ca\/aventure-364\/","url":"https:\/\/www.katag.ca\/aventure-364\/","name":"Aventure 364 | Katag","isPartOf":{"@id":"https:\/\/www.katag.ca\/#website"},"datePublished":"2015-01-06T22:21:42+00:00","dateModified":"2015-01-09T16:31:46+00:00","breadcrumb":{"@id":"https:\/\/www.katag.ca\/aventure-364\/#breadcrumb"},"inLanguage":"en-US","potentialAction":[{"@type":"ReadAction","target":["https:\/\/www.katag.ca\/aventure-364\/"]}]},{"@type":"BreadcrumbList","@id":"https:\/\/www.katag.ca\/aventure-364\/#breadcrumb","itemListElement":[{"@type":"ListItem","position":1,"name":"Accueil","item":"https:\/\/www.katag.ca\/"},{"@type":"ListItem","position":2,"name":"Aventure 364"}]},{"@type":"WebSite","@id":"https:\/\/www.katag.ca\/#website","url":"https:\/\/www.katag.ca\/","name":"Katag","description":"LE jeu d'&eacute;p&eacute;es-mousse","publisher":{"@id":"https:\/\/www.katag.ca\/#organization"},"potentialAction":[{"@type":"SearchAction","target":{"@type":"EntryPoint","urlTemplate":"https:\/\/www.katag.ca\/?s={search_term_string}"},"query-input":{"@type":"PropertyValueSpecification","valueRequired":true,"valueName":"search_term_string"}}],"inLanguage":"en-US"},{"@type":"Organization","@id":"https:\/\/www.katag.ca\/#organization","name":"Katag","url":"https:\/\/www.katag.ca\/","logo":{"@type":"ImageObject","inLanguage":"en-US","@id":"https:\/\/www.katag.ca\/#\/schema\/logo\/image\/","url":"https:\/\/www.katag.ca\/wp-content\/uploads\/2021\/03\/logo-fr.png","contentUrl":"https:\/\/www.katag.ca\/wp-content\/uploads\/2021\/03\/logo-fr.png","width":338,"height":173,"caption":"Katag"},"image":{"@id":"https:\/\/www.katag.ca\/#\/schema\/logo\/image\/"},"sameAs":["https:\/\/www.facebook.com\/Katag.ca"]}]}},"_links":{"self":[{"href":"https:\/\/www.katag.ca\/en\/wp-json\/wp\/v2\/pages\/1700","targetHints":{"allow":["GET"]}}],"collection":[{"href":"https:\/\/www.katag.ca\/en\/wp-json\/wp\/v2\/pages"}],"about":[{"href":"https:\/\/www.katag.ca\/en\/wp-json\/wp\/v2\/types\/page"}],"author":[{"embeddable":true,"href":"https:\/\/www.katag.ca\/en\/wp-json\/wp\/v2\/users\/2"}],"replies":[{"embeddable":true,"href":"https:\/\/www.katag.ca\/en\/wp-json\/wp\/v2\/comments?post=1700"}],"version-history":[{"count":2,"href":"https:\/\/www.katag.ca\/en\/wp-json\/wp\/v2\/pages\/1700\/revisions"}],"predecessor-version":[{"id":2216,"href":"https:\/\/www.katag.ca\/en\/wp-json\/wp\/v2\/pages\/1700\/revisions\/2216"}],"wp:attachment":[{"href":"https:\/\/www.katag.ca\/en\/wp-json\/wp\/v2\/media?parent=1700"}],"curies":[{"name":"wp","href":"https:\/\/api.w.org\/{rel}","templated":true}]}}