{"id":1706,"date":"2015-01-06T22:23:21","date_gmt":"2015-01-06T22:23:21","guid":{"rendered":"http:\/\/www.boutiquekatag.com\/?page_id=1706"},"modified":"2015-01-06T22:23:21","modified_gmt":"2015-01-06T22:23:21","slug":"aventure-367","status":"publish","type":"page","link":"https:\/\/www.katag.ca\/en\/aventure-367\/","title":{"rendered":"Aventure 367"},"content":{"rendered":"<p>Vous vous r\u00e9veillez tout agit\u00e9 dans votre lit. Vous vous sentez repos\u00e9 et savez maintenant ce dont vous \u00eates capable. Vous n\u2019avez peut \u00eatre pas r\u00e9ussi votre mission du premier coup, mais comme dans vos jeux vid\u00e9o, ce n\u2019est pas parce que vous \u00e9chouez la premi\u00e8re fois que vous ne tenterez pas votre chance \u00e0 nouveau. Vous vous dites que d\u00e8s la nuit prochaine&#8230;<\/p>\n","protected":false},"excerpt":{"rendered":"<p>Vous vous r\u00e9veillez tout agit\u00e9 dans votre lit. Vous vous sentez repos\u00e9 et savez maintenant ce dont vous \u00eates capable. Vous n\u2019avez peut \u00eatre pas r\u00e9ussi votre mission du premier coup, mais comme dans vos jeux vid\u00e9o, ce n\u2019est pas parce que vous \u00e9chouez la premi\u00e8re fois que vous ne tenterez pas votre chance \u00e0 nouveau. Vous vous dites que d\u00e8s la nuit prochaine&#8230;<\/p>\n","protected":false},"author":2,"featured_media":0,"parent":0,"menu_order":0,"comment_status":"closed","ping_status":"closed","template":"","meta":{"footnotes":""},"class_list":["post-1706","page","type-page","status-publish","hentry"],"yoast_head":"<!-- This site is optimized with the Yoast SEO plugin v26.0 - https:\/\/yoast.com\/wordpress\/plugins\/seo\/ -->\n<title>Aventure 367 | Katag<\/title>\n<meta name=\"robots\" content=\"index, follow, max-snippet:-1, max-image-preview:large, max-video-preview:-1\" \/>\n<link rel=\"canonical\" href=\"https:\/\/www.katag.ca\/aventure-367\/\" \/>\n<meta property=\"og:locale\" content=\"en_US\" \/>\n<meta property=\"og:type\" content=\"article\" \/>\n<meta property=\"og:title\" content=\"Aventure 367 | Katag\" \/>\n<meta property=\"og:description\" content=\"Vous vous r\u00e9veillez tout agit\u00e9 dans votre lit. Vous vous sentez repos\u00e9 et savez maintenant ce dont vous \u00eates capable. Vous n\u2019avez peut \u00eatre pas r\u00e9ussi votre mission du premier coup, mais comme dans vos jeux vid\u00e9o, ce n\u2019est pas parce que vous \u00e9chouez la premi\u00e8re fois que vous ne tenterez pas votre chance \u00e0 nouveau. Vous vous dites que d\u00e8s la nuit prochaine&#8230;\" \/>\n<meta property=\"og:url\" content=\"https:\/\/www.katag.ca\/aventure-367\/\" \/>\n<meta property=\"og:site_name\" content=\"Katag\" \/>\n<meta property=\"article:publisher\" content=\"https:\/\/www.facebook.com\/Katag.ca\" \/>\n<meta name=\"twitter:card\" content=\"summary_large_image\" \/>\n<script type=\"application\/ld+json\" class=\"yoast-schema-graph\">{\"@context\":\"https:\/\/schema.org\",\"@graph\":[{\"@type\":\"WebPage\",\"@id\":\"https:\/\/www.katag.ca\/aventure-367\/\",\"url\":\"https:\/\/www.katag.ca\/aventure-367\/\",\"name\":\"Aventure 367 | Katag\",\"isPartOf\":{\"@id\":\"https:\/\/www.katag.ca\/#website\"},\"datePublished\":\"2015-01-06T22:23:21+00:00\",\"breadcrumb\":{\"@id\":\"https:\/\/www.katag.ca\/aventure-367\/#breadcrumb\"},\"inLanguage\":\"en-US\",\"potentialAction\":[{\"@type\":\"ReadAction\",\"target\":[\"https:\/\/www.katag.ca\/aventure-367\/\"]}]},{\"@type\":\"BreadcrumbList\",\"@id\":\"https:\/\/www.katag.ca\/aventure-367\/#breadcrumb\",\"itemListElement\":[{\"@type\":\"ListItem\",\"position\":1,\"name\":\"Accueil\",\"item\":\"https:\/\/www.katag.ca\/\"},{\"@type\":\"ListItem\",\"position\":2,\"name\":\"Aventure 367\"}]},{\"@type\":\"WebSite\",\"@id\":\"https:\/\/www.katag.ca\/#website\",\"url\":\"https:\/\/www.katag.ca\/\",\"name\":\"Katag\",\"description\":\"LE jeu d'&eacute;p&eacute;es-mousse\",\"publisher\":{\"@id\":\"https:\/\/www.katag.ca\/#organization\"},\"potentialAction\":[{\"@type\":\"SearchAction\",\"target\":{\"@type\":\"EntryPoint\",\"urlTemplate\":\"https:\/\/www.katag.ca\/?s={search_term_string}\"},\"query-input\":{\"@type\":\"PropertyValueSpecification\",\"valueRequired\":true,\"valueName\":\"search_term_string\"}}],\"inLanguage\":\"en-US\"},{\"@type\":\"Organization\",\"@id\":\"https:\/\/www.katag.ca\/#organization\",\"name\":\"Katag\",\"url\":\"https:\/\/www.katag.ca\/\",\"logo\":{\"@type\":\"ImageObject\",\"inLanguage\":\"en-US\",\"@id\":\"https:\/\/www.katag.ca\/#\/schema\/logo\/image\/\",\"url\":\"https:\/\/www.katag.ca\/wp-content\/uploads\/2021\/03\/logo-fr.png\",\"contentUrl\":\"https:\/\/www.katag.ca\/wp-content\/uploads\/2021\/03\/logo-fr.png\",\"width\":338,\"height\":173,\"caption\":\"Katag\"},\"image\":{\"@id\":\"https:\/\/www.katag.ca\/#\/schema\/logo\/image\/\"},\"sameAs\":[\"https:\/\/www.facebook.com\/Katag.ca\"]}]}<\/script>\n<!-- \/ Yoast SEO plugin. -->","yoast_head_json":{"title":"Aventure 367 | Katag","robots":{"index":"index","follow":"follow","max-snippet":"max-snippet:-1","max-image-preview":"max-image-preview:large","max-video-preview":"max-video-preview:-1"},"canonical":"https:\/\/www.katag.ca\/aventure-367\/","og_locale":"en_US","og_type":"article","og_title":"Aventure 367 | Katag","og_description":"Vous vous r\u00e9veillez tout agit\u00e9 dans votre lit. Vous vous sentez repos\u00e9 et savez maintenant ce dont vous \u00eates capable. Vous n\u2019avez peut \u00eatre pas r\u00e9ussi votre mission du premier coup, mais comme dans vos jeux vid\u00e9o, ce n\u2019est pas parce que vous \u00e9chouez la premi\u00e8re fois que vous ne tenterez pas votre chance \u00e0 nouveau. Vous vous dites que d\u00e8s la nuit prochaine&#8230;","og_url":"https:\/\/www.katag.ca\/aventure-367\/","og_site_name":"Katag","article_publisher":"https:\/\/www.facebook.com\/Katag.ca","twitter_card":"summary_large_image","schema":{"@context":"https:\/\/schema.org","@graph":[{"@type":"WebPage","@id":"https:\/\/www.katag.ca\/aventure-367\/","url":"https:\/\/www.katag.ca\/aventure-367\/","name":"Aventure 367 | Katag","isPartOf":{"@id":"https:\/\/www.katag.ca\/#website"},"datePublished":"2015-01-06T22:23:21+00:00","breadcrumb":{"@id":"https:\/\/www.katag.ca\/aventure-367\/#breadcrumb"},"inLanguage":"en-US","potentialAction":[{"@type":"ReadAction","target":["https:\/\/www.katag.ca\/aventure-367\/"]}]},{"@type":"BreadcrumbList","@id":"https:\/\/www.katag.ca\/aventure-367\/#breadcrumb","itemListElement":[{"@type":"ListItem","position":1,"name":"Accueil","item":"https:\/\/www.katag.ca\/"},{"@type":"ListItem","position":2,"name":"Aventure 367"}]},{"@type":"WebSite","@id":"https:\/\/www.katag.ca\/#website","url":"https:\/\/www.katag.ca\/","name":"Katag","description":"LE jeu d'&eacute;p&eacute;es-mousse","publisher":{"@id":"https:\/\/www.katag.ca\/#organization"},"potentialAction":[{"@type":"SearchAction","target":{"@type":"EntryPoint","urlTemplate":"https:\/\/www.katag.ca\/?s={search_term_string}"},"query-input":{"@type":"PropertyValueSpecification","valueRequired":true,"valueName":"search_term_string"}}],"inLanguage":"en-US"},{"@type":"Organization","@id":"https:\/\/www.katag.ca\/#organization","name":"Katag","url":"https:\/\/www.katag.ca\/","logo":{"@type":"ImageObject","inLanguage":"en-US","@id":"https:\/\/www.katag.ca\/#\/schema\/logo\/image\/","url":"https:\/\/www.katag.ca\/wp-content\/uploads\/2021\/03\/logo-fr.png","contentUrl":"https:\/\/www.katag.ca\/wp-content\/uploads\/2021\/03\/logo-fr.png","width":338,"height":173,"caption":"Katag"},"image":{"@id":"https:\/\/www.katag.ca\/#\/schema\/logo\/image\/"},"sameAs":["https:\/\/www.facebook.com\/Katag.ca"]}]}},"_links":{"self":[{"href":"https:\/\/www.katag.ca\/en\/wp-json\/wp\/v2\/pages\/1706","targetHints":{"allow":["GET"]}}],"collection":[{"href":"https:\/\/www.katag.ca\/en\/wp-json\/wp\/v2\/pages"}],"about":[{"href":"https:\/\/www.katag.ca\/en\/wp-json\/wp\/v2\/types\/page"}],"author":[{"embeddable":true,"href":"https:\/\/www.katag.ca\/en\/wp-json\/wp\/v2\/users\/2"}],"replies":[{"embeddable":true,"href":"https:\/\/www.katag.ca\/en\/wp-json\/wp\/v2\/comments?post=1706"}],"version-history":[{"count":1,"href":"https:\/\/www.katag.ca\/en\/wp-json\/wp\/v2\/pages\/1706\/revisions"}],"predecessor-version":[{"id":1707,"href":"https:\/\/www.katag.ca\/en\/wp-json\/wp\/v2\/pages\/1706\/revisions\/1707"}],"wp:attachment":[{"href":"https:\/\/www.katag.ca\/en\/wp-json\/wp\/v2\/media?parent=1706"}],"curies":[{"name":"wp","href":"https:\/\/api.w.org\/{rel}","templated":true}]}}