{"id":1708,"date":"2015-01-06T22:24:07","date_gmt":"2015-01-06T22:24:07","guid":{"rendered":"http:\/\/www.boutiquekatag.com\/?page_id=1708"},"modified":"2015-01-09T16:35:46","modified_gmt":"2015-01-09T16:35:46","slug":"aventure-368","status":"publish","type":"page","link":"https:\/\/www.katag.ca\/en\/aventure-368\/","title":{"rendered":"Aventure 368"},"content":{"rendered":"<p>Ma\u00eetre Fiarrot vous m\u00e8ne directement aupr\u00e8s du Conseil des sages. Vous faites une entr\u00e9e triomphale et ceux-ci vous applaudissent. Vous ressentez une \u00e9norme fiert\u00e9 d\u2019avoir accompli votre mission. Ma\u00eetre Fiarrot qui vous adresse alors la parole : Bonjour jeune ami! La nuit a \u00e9t\u00e9 longue et difficile? Nous comprenons, vous savez. Je me dois maintenant de vous annoncer que nous ne vous avons pas dit toute la v\u00e9rit\u00e9 lorsque nous vous avons confi\u00e9 votre mission. Parfois, il vaut mieux se garder de tout dire, afin de permettre \u00e0 celui qui a \u00e9t\u00e9 choisi pour accomplir quelque chose de repousser ses limites et d\u2019affronter ses peurs. Dans le cas pr\u00e9sent, nous ne vous avons en aucun cas menti, ce qui serait contre les valeurs de l\u2019Ordre et du Conseil des sages. Nous avons toutefois pr\u00e9f\u00e9r\u00e9 nous abstenir de vous mentionner que des membres de la tribu des Capteurs de r\u00eaves \u00e9taient de retour des terres de l\u2019Antre de la Folie. Ils vous ont observ\u00e9 tout au long de votre mission et ont suivi votre progression, nous envoyant des rapports de temps \u00e0 autre. Sachez que nous sommes fiers des progr\u00e8s que vous avez r\u00e9alis\u00e9s. Nous vous avions choisi pour deux raisons particuli\u00e8res : vos habilet\u00e9s hors de l\u2019ordinaire d\u00e9montr\u00e9es lors de vos r\u00eaves inconscients et votre courage. Dans votre corps existe un code de destin\u00e9e et celui-ci nous indique que vous avez la force pour accomplir de grandes choses, autant sur terre qu\u2019\u00e0 Manifeste. Nous vous avons donc recrut\u00e9 afin de d\u00e9buter votre formation d\u2019apprenti Exo externe. La premi\u00e8re \u00e9tape \u00e9tant la capture d\u2019un cauchemar et c\u2019est ce matin que vous avez r\u00e9ussi! \u00c0 compter de maintenant, vous serez toujours le bienvenu \u00e0 Manifeste, non pas comme r\u00eaveur conscient ou inconscient, mais bien en tant que Katsa\u00ef, qui comme vous le savez sont apprentis qui aspirent \u00e0 devenir des Karatsa\u00ef. Nous pourrions \u00e0 tout moment avoir besoin de vous pour accomplir de nouvelles missions. Vous pourrez \u00e0 l\u2019avenir commencer \u00e0 venir visiter le Temple des \u00c9l\u00e9ments et vous pourrez assister aux entra\u00eenements destin\u00e9s aux Katsa\u00ef. De plus, nous esp\u00e9rons que vous pourrez, \u00e0 votre retour \u00e0 la maison, faire profiter vos amis de l\u2019exp\u00e9rience que vous avez acquise en leur faisant part de votre sagesse et de vos conseils. Certains d\u2019entre eux auront \u00e9galement leurs propres exp\u00e9riences \u00e0 vivre et pourront \u00e9galement avoir la chance d\u2019accomplir leurs propres missions. Sachez que peu importent les choix que vous avez faits, en bout du compte, vous avez r\u00e9ussi, Vous auriez pu parfois tourner \u00e0 gauche plut\u00f4t qu\u2019\u00e0 droite et auriez v\u00e9cu une exp\u00e9rience totalement diff\u00e9rente. C\u2019est ce que l\u2019on appelle la loi de causalit\u00e9, ou si vous pr\u00e9f\u00e9rez, la loi des choix. Continuez \u00e0 pratiquer le Katag aussi longtemps et souvent que vous le pourrez. Cet art vous permettra de vous am\u00e9liorer au combat, mais aussi d\u2019apprendre beaucoup sur vous-m\u00eame. Nous sommes fiers de vous! \u00bb<\/p>\n<p>Ma\u00eetre Fiarrot vous demande de vous agenouiller. Apr\u00e8s avoir pris son \u00e9p\u00e9e, il la d\u00e9pose doucement sur votre t\u00eate en pronon\u00e7ant les paroles suivantes : \u00ab Exo dem triem, Naturo ilviqua lagtem! \u00bb Vous ne savez pas ce que cela veut dire, mais vous comprenez que ceci officialise votre acceptation en tant qu\u2019apprenti Exo externe.<\/p>\n<p>Vous sentez qu\u2019il est temps pour vous de rentrer \u00e0 la maison et reprendre votre vie. Mais \u00e0 partir de maintenant et pour toujours, vous savez qu\u2019il existe un endroit nomm\u00e9 Manifeste et que le courage dont vous avez fait preuve restera avec vous.<\/p>\n<p>&nbsp;<\/p>\n<blockquote>\n<p style=\"text-align: center;\"><em><strong>\u00c0 bient\u00f4t jeune R\u00eaveur!<\/strong><\/em><\/p>\n<\/blockquote>\n","protected":false},"excerpt":{"rendered":"<p>Ma\u00eetre Fiarrot vous m\u00e8ne directement aupr\u00e8s du Conseil des sages. Vous faites une entr\u00e9e triomphale et ceux-ci vous applaudissent. Vous ressentez une \u00e9norme fiert\u00e9 d\u2019avoir accompli votre mission. Ma\u00eetre Fiarrot qui vous adresse alors la parole : Bonjour jeune ami! La nuit a \u00e9t\u00e9 longue et difficile? Nous comprenons, vous savez. Je me dois maintenant de vous annoncer que nous ne vous avons pas dit toute la v\u00e9rit\u00e9 lorsque nous vous avons confi\u00e9 votre mission. Parfois, il vaut mieux se garder de tout dire, afin de permettre \u00e0&#8230;<\/p>\n","protected":false},"author":2,"featured_media":0,"parent":0,"menu_order":0,"comment_status":"closed","ping_status":"closed","template":"","meta":{"footnotes":""},"class_list":["post-1708","page","type-page","status-publish","hentry"],"yoast_head":"<!-- This site is optimized with the Yoast SEO plugin v26.0 - https:\/\/yoast.com\/wordpress\/plugins\/seo\/ -->\n<title>Aventure 368 | Katag<\/title>\n<meta name=\"robots\" content=\"index, follow, max-snippet:-1, max-image-preview:large, max-video-preview:-1\" \/>\n<link rel=\"canonical\" href=\"https:\/\/www.katag.ca\/aventure-368\/\" \/>\n<meta property=\"og:locale\" content=\"en_US\" \/>\n<meta property=\"og:type\" content=\"article\" \/>\n<meta property=\"og:title\" content=\"Aventure 368 | Katag\" \/>\n<meta property=\"og:description\" content=\"Ma\u00eetre Fiarrot vous m\u00e8ne directement aupr\u00e8s du Conseil des sages. Vous faites une entr\u00e9e triomphale et ceux-ci vous applaudissent. Vous ressentez une \u00e9norme fiert\u00e9 d\u2019avoir accompli votre mission. Ma\u00eetre Fiarrot qui vous adresse alors la parole : Bonjour jeune ami! La nuit a \u00e9t\u00e9 longue et difficile? Nous comprenons, vous savez. Je me dois maintenant de vous annoncer que nous ne vous avons pas dit toute la v\u00e9rit\u00e9 lorsque nous vous avons confi\u00e9 votre mission. Parfois, il vaut mieux se garder de tout dire, afin de permettre \u00e0...\" \/>\n<meta property=\"og:url\" content=\"https:\/\/www.katag.ca\/aventure-368\/\" \/>\n<meta property=\"og:site_name\" content=\"Katag\" \/>\n<meta property=\"article:publisher\" content=\"https:\/\/www.facebook.com\/Katag.ca\" \/>\n<meta property=\"article:modified_time\" content=\"2015-01-09T16:35:46+00:00\" \/>\n<meta name=\"twitter:card\" content=\"summary_large_image\" \/>\n<meta name=\"twitter:label1\" content=\"Est. reading time\" \/>\n\t<meta name=\"twitter:data1\" content=\"3 minutes\" \/>\n<script type=\"application\/ld+json\" class=\"yoast-schema-graph\">{\"@context\":\"https:\/\/schema.org\",\"@graph\":[{\"@type\":\"WebPage\",\"@id\":\"https:\/\/www.katag.ca\/aventure-368\/\",\"url\":\"https:\/\/www.katag.ca\/aventure-368\/\",\"name\":\"Aventure 368 | Katag\",\"isPartOf\":{\"@id\":\"https:\/\/www.katag.ca\/#website\"},\"datePublished\":\"2015-01-06T22:24:07+00:00\",\"dateModified\":\"2015-01-09T16:35:46+00:00\",\"breadcrumb\":{\"@id\":\"https:\/\/www.katag.ca\/aventure-368\/#breadcrumb\"},\"inLanguage\":\"en-US\",\"potentialAction\":[{\"@type\":\"ReadAction\",\"target\":[\"https:\/\/www.katag.ca\/aventure-368\/\"]}]},{\"@type\":\"BreadcrumbList\",\"@id\":\"https:\/\/www.katag.ca\/aventure-368\/#breadcrumb\",\"itemListElement\":[{\"@type\":\"ListItem\",\"position\":1,\"name\":\"Accueil\",\"item\":\"https:\/\/www.katag.ca\/\"},{\"@type\":\"ListItem\",\"position\":2,\"name\":\"Aventure 368\"}]},{\"@type\":\"WebSite\",\"@id\":\"https:\/\/www.katag.ca\/#website\",\"url\":\"https:\/\/www.katag.ca\/\",\"name\":\"Katag\",\"description\":\"LE jeu d'&eacute;p&eacute;es-mousse\",\"publisher\":{\"@id\":\"https:\/\/www.katag.ca\/#organization\"},\"potentialAction\":[{\"@type\":\"SearchAction\",\"target\":{\"@type\":\"EntryPoint\",\"urlTemplate\":\"https:\/\/www.katag.ca\/?s={search_term_string}\"},\"query-input\":{\"@type\":\"PropertyValueSpecification\",\"valueRequired\":true,\"valueName\":\"search_term_string\"}}],\"inLanguage\":\"en-US\"},{\"@type\":\"Organization\",\"@id\":\"https:\/\/www.katag.ca\/#organization\",\"name\":\"Katag\",\"url\":\"https:\/\/www.katag.ca\/\",\"logo\":{\"@type\":\"ImageObject\",\"inLanguage\":\"en-US\",\"@id\":\"https:\/\/www.katag.ca\/#\/schema\/logo\/image\/\",\"url\":\"https:\/\/www.katag.ca\/wp-content\/uploads\/2021\/03\/logo-fr.png\",\"contentUrl\":\"https:\/\/www.katag.ca\/wp-content\/uploads\/2021\/03\/logo-fr.png\",\"width\":338,\"height\":173,\"caption\":\"Katag\"},\"image\":{\"@id\":\"https:\/\/www.katag.ca\/#\/schema\/logo\/image\/\"},\"sameAs\":[\"https:\/\/www.facebook.com\/Katag.ca\"]}]}<\/script>\n<!-- \/ Yoast SEO plugin. -->","yoast_head_json":{"title":"Aventure 368 | Katag","robots":{"index":"index","follow":"follow","max-snippet":"max-snippet:-1","max-image-preview":"max-image-preview:large","max-video-preview":"max-video-preview:-1"},"canonical":"https:\/\/www.katag.ca\/aventure-368\/","og_locale":"en_US","og_type":"article","og_title":"Aventure 368 | Katag","og_description":"Ma\u00eetre Fiarrot vous m\u00e8ne directement aupr\u00e8s du Conseil des sages. Vous faites une entr\u00e9e triomphale et ceux-ci vous applaudissent. Vous ressentez une \u00e9norme fiert\u00e9 d\u2019avoir accompli votre mission. Ma\u00eetre Fiarrot qui vous adresse alors la parole : Bonjour jeune ami! La nuit a \u00e9t\u00e9 longue et difficile? Nous comprenons, vous savez. Je me dois maintenant de vous annoncer que nous ne vous avons pas dit toute la v\u00e9rit\u00e9 lorsque nous vous avons confi\u00e9 votre mission. Parfois, il vaut mieux se garder de tout dire, afin de permettre \u00e0...","og_url":"https:\/\/www.katag.ca\/aventure-368\/","og_site_name":"Katag","article_publisher":"https:\/\/www.facebook.com\/Katag.ca","article_modified_time":"2015-01-09T16:35:46+00:00","twitter_card":"summary_large_image","twitter_misc":{"Est. reading time":"3 minutes"},"schema":{"@context":"https:\/\/schema.org","@graph":[{"@type":"WebPage","@id":"https:\/\/www.katag.ca\/aventure-368\/","url":"https:\/\/www.katag.ca\/aventure-368\/","name":"Aventure 368 | Katag","isPartOf":{"@id":"https:\/\/www.katag.ca\/#website"},"datePublished":"2015-01-06T22:24:07+00:00","dateModified":"2015-01-09T16:35:46+00:00","breadcrumb":{"@id":"https:\/\/www.katag.ca\/aventure-368\/#breadcrumb"},"inLanguage":"en-US","potentialAction":[{"@type":"ReadAction","target":["https:\/\/www.katag.ca\/aventure-368\/"]}]},{"@type":"BreadcrumbList","@id":"https:\/\/www.katag.ca\/aventure-368\/#breadcrumb","itemListElement":[{"@type":"ListItem","position":1,"name":"Accueil","item":"https:\/\/www.katag.ca\/"},{"@type":"ListItem","position":2,"name":"Aventure 368"}]},{"@type":"WebSite","@id":"https:\/\/www.katag.ca\/#website","url":"https:\/\/www.katag.ca\/","name":"Katag","description":"LE jeu d'&eacute;p&eacute;es-mousse","publisher":{"@id":"https:\/\/www.katag.ca\/#organization"},"potentialAction":[{"@type":"SearchAction","target":{"@type":"EntryPoint","urlTemplate":"https:\/\/www.katag.ca\/?s={search_term_string}"},"query-input":{"@type":"PropertyValueSpecification","valueRequired":true,"valueName":"search_term_string"}}],"inLanguage":"en-US"},{"@type":"Organization","@id":"https:\/\/www.katag.ca\/#organization","name":"Katag","url":"https:\/\/www.katag.ca\/","logo":{"@type":"ImageObject","inLanguage":"en-US","@id":"https:\/\/www.katag.ca\/#\/schema\/logo\/image\/","url":"https:\/\/www.katag.ca\/wp-content\/uploads\/2021\/03\/logo-fr.png","contentUrl":"https:\/\/www.katag.ca\/wp-content\/uploads\/2021\/03\/logo-fr.png","width":338,"height":173,"caption":"Katag"},"image":{"@id":"https:\/\/www.katag.ca\/#\/schema\/logo\/image\/"},"sameAs":["https:\/\/www.facebook.com\/Katag.ca"]}]}},"_links":{"self":[{"href":"https:\/\/www.katag.ca\/en\/wp-json\/wp\/v2\/pages\/1708","targetHints":{"allow":["GET"]}}],"collection":[{"href":"https:\/\/www.katag.ca\/en\/wp-json\/wp\/v2\/pages"}],"about":[{"href":"https:\/\/www.katag.ca\/en\/wp-json\/wp\/v2\/types\/page"}],"author":[{"embeddable":true,"href":"https:\/\/www.katag.ca\/en\/wp-json\/wp\/v2\/users\/2"}],"replies":[{"embeddable":true,"href":"https:\/\/www.katag.ca\/en\/wp-json\/wp\/v2\/comments?post=1708"}],"version-history":[{"count":4,"href":"https:\/\/www.katag.ca\/en\/wp-json\/wp\/v2\/pages\/1708\/revisions"}],"predecessor-version":[{"id":2221,"href":"https:\/\/www.katag.ca\/en\/wp-json\/wp\/v2\/pages\/1708\/revisions\/2221"}],"wp:attachment":[{"href":"https:\/\/www.katag.ca\/en\/wp-json\/wp\/v2\/media?parent=1708"}],"curies":[{"name":"wp","href":"https:\/\/api.w.org\/{rel}","templated":true}]}}