{"id":24,"date":"2014-09-06T20:08:46","date_gmt":"2014-09-06T20:08:46","guid":{"rendered":"http:\/\/www.boutiquekatag.com\/?page_id=24"},"modified":"2025-05-06T21:06:20","modified_gmt":"2025-05-07T01:06:20","slug":"nos-services","status":"publish","type":"page","link":"https:\/\/www.katag.ca\/en\/nos-services\/","title":{"rendered":"Our services"},"content":{"rendered":"<div class=\"organic-column one-fourth\"><a href=\"http:\/\/www.katag.ca\/en\/ecole\/\"><strong style=\"color: #243b95;\">KATAG AT SCHOOL<\/strong><\/a><a href=\"http:\/\/www.katag.ca\/en\/ecole\/\"><img decoding=\"async\" src=\"http:\/\/www.katag.ca\/wp-content\/uploads\/2014\/10\/vignette_parasco.jpg\" alt=\"\" data-oversrc=\"http:\/\/www.katag.ca\/wp-content\/uploads\/2015\/12\/vignette_rollover.jpg\" \/><\/a><\/div> <div class=\"organic-column one-fourth\"><a href=\"https:\/\/www.katag.ca\/en\/camp-de-jour\/\"><strong style=\"color: #243b95;\">KATAG AT CAMP<\/strong><\/a><a href=\"https:\/\/www.katag.ca\/en\/camp-de-jour\/\"><img loading=\"lazy\" decoding=\"async\" class=\"alignnone wp-image-6213 size-full\" src=\"https:\/\/www.katag.ca\/wp-content\/uploads\/2025\/05\/vignette_camps.jpg\" alt=\"\" width=\"300\" height=\"300\" srcset=\"https:\/\/www.katag.ca\/wp-content\/uploads\/2025\/05\/vignette_camps.jpg 300w, https:\/\/www.katag.ca\/wp-content\/uploads\/2025\/05\/vignette_camps-150x150.jpg 150w\" sizes=\"auto, (max-width: 300px) 100vw, 300px\" \/><\/a><\/div> <div class=\"organic-column one-fourth\"><a href=\"http:\/\/www.katag.ca\/en\/fete-denfants\/\"><strong style=\"color: #243b95;\">CHILDREN&#8217;S PARTY<\/strong><\/a><a href=\"http:\/\/www.katag.ca\/en\/fete-denfants\/\"><img loading=\"lazy\" decoding=\"async\" class=\"alignnone\" src=\"http:\/\/www.katag.ca\/wp-content\/uploads\/2014\/10\/vignette_fete_enfant-300x300.jpg\" alt=\"\" width=\"300\" height=\"300\" data-oversrc=\"http:\/\/www.katag.ca\/wp-content\/uploads\/2015\/12\/vignette_rollover.jpg\" \/><\/a><\/div> <div class=\"organic-column one-fourth last\"><a href=\"http:\/\/www.katag.ca\/en\/en-entreprise\/\"><strong style=\"color: #243b95;\">KATAG AT WORK<\/strong><\/a><a href=\"http:\/\/www.katag.ca\/en\/en-entreprise\/\"><img decoding=\"async\" src=\"http:\/\/www.katag.ca\/wp-content\/uploads\/2014\/09\/vignette_entreprise-300x300.jpg\" alt=\"\" data-oversrc=\"http:\/\/www.katag.ca\/wp-content\/uploads\/2015\/12\/vignette_rollover.jpg\" \/><\/a><\/div><div class=\"clearboth\"><\/div>","protected":false},"excerpt":{"rendered":"","protected":false},"author":2,"featured_media":0,"parent":0,"menu_order":0,"comment_status":"closed","ping_status":"closed","template":"","meta":{"footnotes":""},"class_list":["post-24","page","type-page","status-publish","hentry"],"yoast_head":"<!-- This site is optimized with the Yoast SEO plugin v26.0 - https:\/\/yoast.com\/wordpress\/plugins\/seo\/ -->\n<title>Our services | Katag<\/title>\n<meta name=\"description\" content=\"KATAG \u00c0 L&#039;\u00c9COLE | KATAG AU CAMP | F\u00caTE D&#039;ENFANTS | KATAG EN ENTREPRISE\" \/>\n<meta name=\"robots\" content=\"index, follow, max-snippet:-1, max-image-preview:large, max-video-preview:-1\" \/>\n<link rel=\"canonical\" href=\"https:\/\/www.katag.ca\/nos-services\/\" \/>\n<meta property=\"og:locale\" content=\"en_US\" \/>\n<meta property=\"og:type\" content=\"article\" \/>\n<meta property=\"og:title\" content=\"[:fr]Nos services[:en]Our services[:] | Katag\" \/>\n<meta property=\"og:description\" content=\"KATAG \u00c0 L&#039;\u00c9COLE | KATAG AU CAMP | F\u00caTE D&#039;ENFANTS | KATAG EN ENTREPRISE\" \/>\n<meta property=\"og:url\" content=\"https:\/\/www.katag.ca\/nos-services\/\" \/>\n<meta property=\"og:site_name\" content=\"Katag\" \/>\n<meta property=\"article:publisher\" content=\"https:\/\/www.facebook.com\/Katag.ca\" \/>\n<meta property=\"article:modified_time\" content=\"2025-05-07T01:06:20+00:00\" \/>\n<meta property=\"og:image\" content=\"http:\/\/www.katag.ca\/wp-content\/uploads\/2014\/10\/vignette_parasco.jpg\" \/>\n<meta name=\"twitter:card\" content=\"summary_large_image\" \/>\n<meta name=\"twitter:label1\" content=\"Est. reading time\" \/>\n\t<meta name=\"twitter:data1\" content=\"1 minute\" \/>\n<script type=\"application\/ld+json\" class=\"yoast-schema-graph\">{\"@context\":\"https:\/\/schema.org\",\"@graph\":[{\"@type\":\"WebPage\",\"@id\":\"https:\/\/www.katag.ca\/nos-services\/\",\"url\":\"https:\/\/www.katag.ca\/nos-services\/\",\"name\":\"[:fr]Nos services[:en]Our services[:] | Katag\",\"isPartOf\":{\"@id\":\"https:\/\/www.katag.ca\/#website\"},\"primaryImageOfPage\":{\"@id\":\"https:\/\/www.katag.ca\/nos-services\/#primaryimage\"},\"image\":{\"@id\":\"https:\/\/www.katag.ca\/nos-services\/#primaryimage\"},\"thumbnailUrl\":\"http:\/\/www.katag.ca\/wp-content\/uploads\/2014\/10\/vignette_parasco.jpg\",\"datePublished\":\"2014-09-06T20:08:46+00:00\",\"dateModified\":\"2025-05-07T01:06:20+00:00\",\"description\":\"KATAG \u00c0 L'\u00c9COLE | KATAG AU CAMP | F\u00caTE D'ENFANTS | KATAG EN ENTREPRISE\",\"breadcrumb\":{\"@id\":\"https:\/\/www.katag.ca\/nos-services\/#breadcrumb\"},\"inLanguage\":\"en-US\",\"potentialAction\":[{\"@type\":\"ReadAction\",\"target\":[\"https:\/\/www.katag.ca\/nos-services\/\"]}]},{\"@type\":\"ImageObject\",\"inLanguage\":\"en-US\",\"@id\":\"https:\/\/www.katag.ca\/nos-services\/#primaryimage\",\"url\":\"http:\/\/www.katag.ca\/wp-content\/uploads\/2014\/10\/vignette_parasco.jpg\",\"contentUrl\":\"http:\/\/www.katag.ca\/wp-content\/uploads\/2014\/10\/vignette_parasco.jpg\"},{\"@type\":\"BreadcrumbList\",\"@id\":\"https:\/\/www.katag.ca\/nos-services\/#breadcrumb\",\"itemListElement\":[{\"@type\":\"ListItem\",\"position\":1,\"name\":\"Accueil\",\"item\":\"https:\/\/www.katag.ca\/\"},{\"@type\":\"ListItem\",\"position\":2,\"name\":\"Nos services\"}]},{\"@type\":\"WebSite\",\"@id\":\"https:\/\/www.katag.ca\/#website\",\"url\":\"https:\/\/www.katag.ca\/\",\"name\":\"Katag\",\"description\":\"LE jeu d'&eacute;p&eacute;es-mousse\",\"publisher\":{\"@id\":\"https:\/\/www.katag.ca\/#organization\"},\"potentialAction\":[{\"@type\":\"SearchAction\",\"target\":{\"@type\":\"EntryPoint\",\"urlTemplate\":\"https:\/\/www.katag.ca\/?s={search_term_string}\"},\"query-input\":{\"@type\":\"PropertyValueSpecification\",\"valueRequired\":true,\"valueName\":\"search_term_string\"}}],\"inLanguage\":\"en-US\"},{\"@type\":\"Organization\",\"@id\":\"https:\/\/www.katag.ca\/#organization\",\"name\":\"Katag\",\"url\":\"https:\/\/www.katag.ca\/\",\"logo\":{\"@type\":\"ImageObject\",\"inLanguage\":\"en-US\",\"@id\":\"https:\/\/www.katag.ca\/#\/schema\/logo\/image\/\",\"url\":\"https:\/\/www.katag.ca\/wp-content\/uploads\/2021\/03\/logo-fr.png\",\"contentUrl\":\"https:\/\/www.katag.ca\/wp-content\/uploads\/2021\/03\/logo-fr.png\",\"width\":338,\"height\":173,\"caption\":\"Katag\"},\"image\":{\"@id\":\"https:\/\/www.katag.ca\/#\/schema\/logo\/image\/\"},\"sameAs\":[\"https:\/\/www.facebook.com\/Katag.ca\"]}]}<\/script>\n<!-- \/ Yoast SEO plugin. -->","yoast_head_json":{"title":"[:fr]Nos services[:en]Our services[:] | Katag","description":"KATAG \u00c0 L'\u00c9COLE | KATAG AU CAMP | F\u00caTE D'ENFANTS | KATAG EN ENTREPRISE","robots":{"index":"index","follow":"follow","max-snippet":"max-snippet:-1","max-image-preview":"max-image-preview:large","max-video-preview":"max-video-preview:-1"},"canonical":"https:\/\/www.katag.ca\/nos-services\/","og_locale":"en_US","og_type":"article","og_title":"[:fr]Nos services[:en]Our services[:] | Katag","og_description":"KATAG \u00c0 L'\u00c9COLE | KATAG AU CAMP | F\u00caTE D'ENFANTS | KATAG EN ENTREPRISE","og_url":"https:\/\/www.katag.ca\/nos-services\/","og_site_name":"Katag","article_publisher":"https:\/\/www.facebook.com\/Katag.ca","article_modified_time":"2025-05-07T01:06:20+00:00","og_image":[{"url":"http:\/\/www.katag.ca\/wp-content\/uploads\/2014\/10\/vignette_parasco.jpg","type":"","width":"","height":""}],"twitter_card":"summary_large_image","twitter_misc":{"Est. reading time":"1 minute"},"schema":{"@context":"https:\/\/schema.org","@graph":[{"@type":"WebPage","@id":"https:\/\/www.katag.ca\/nos-services\/","url":"https:\/\/www.katag.ca\/nos-services\/","name":"[:fr]Nos services[:en]Our services[:] | Katag","isPartOf":{"@id":"https:\/\/www.katag.ca\/#website"},"primaryImageOfPage":{"@id":"https:\/\/www.katag.ca\/nos-services\/#primaryimage"},"image":{"@id":"https:\/\/www.katag.ca\/nos-services\/#primaryimage"},"thumbnailUrl":"http:\/\/www.katag.ca\/wp-content\/uploads\/2014\/10\/vignette_parasco.jpg","datePublished":"2014-09-06T20:08:46+00:00","dateModified":"2025-05-07T01:06:20+00:00","description":"KATAG \u00c0 L'\u00c9COLE | KATAG AU CAMP | F\u00caTE D'ENFANTS | KATAG EN ENTREPRISE","breadcrumb":{"@id":"https:\/\/www.katag.ca\/nos-services\/#breadcrumb"},"inLanguage":"en-US","potentialAction":[{"@type":"ReadAction","target":["https:\/\/www.katag.ca\/nos-services\/"]}]},{"@type":"ImageObject","inLanguage":"en-US","@id":"https:\/\/www.katag.ca\/nos-services\/#primaryimage","url":"http:\/\/www.katag.ca\/wp-content\/uploads\/2014\/10\/vignette_parasco.jpg","contentUrl":"http:\/\/www.katag.ca\/wp-content\/uploads\/2014\/10\/vignette_parasco.jpg"},{"@type":"BreadcrumbList","@id":"https:\/\/www.katag.ca\/nos-services\/#breadcrumb","itemListElement":[{"@type":"ListItem","position":1,"name":"Accueil","item":"https:\/\/www.katag.ca\/"},{"@type":"ListItem","position":2,"name":"Nos services"}]},{"@type":"WebSite","@id":"https:\/\/www.katag.ca\/#website","url":"https:\/\/www.katag.ca\/","name":"Katag","description":"LE jeu d'&eacute;p&eacute;es-mousse","publisher":{"@id":"https:\/\/www.katag.ca\/#organization"},"potentialAction":[{"@type":"SearchAction","target":{"@type":"EntryPoint","urlTemplate":"https:\/\/www.katag.ca\/?s={search_term_string}"},"query-input":{"@type":"PropertyValueSpecification","valueRequired":true,"valueName":"search_term_string"}}],"inLanguage":"en-US"},{"@type":"Organization","@id":"https:\/\/www.katag.ca\/#organization","name":"Katag","url":"https:\/\/www.katag.ca\/","logo":{"@type":"ImageObject","inLanguage":"en-US","@id":"https:\/\/www.katag.ca\/#\/schema\/logo\/image\/","url":"https:\/\/www.katag.ca\/wp-content\/uploads\/2021\/03\/logo-fr.png","contentUrl":"https:\/\/www.katag.ca\/wp-content\/uploads\/2021\/03\/logo-fr.png","width":338,"height":173,"caption":"Katag"},"image":{"@id":"https:\/\/www.katag.ca\/#\/schema\/logo\/image\/"},"sameAs":["https:\/\/www.facebook.com\/Katag.ca"]}]}},"_links":{"self":[{"href":"https:\/\/www.katag.ca\/en\/wp-json\/wp\/v2\/pages\/24","targetHints":{"allow":["GET"]}}],"collection":[{"href":"https:\/\/www.katag.ca\/en\/wp-json\/wp\/v2\/pages"}],"about":[{"href":"https:\/\/www.katag.ca\/en\/wp-json\/wp\/v2\/types\/page"}],"author":[{"embeddable":true,"href":"https:\/\/www.katag.ca\/en\/wp-json\/wp\/v2\/users\/2"}],"replies":[{"embeddable":true,"href":"https:\/\/www.katag.ca\/en\/wp-json\/wp\/v2\/comments?post=24"}],"version-history":[{"count":41,"href":"https:\/\/www.katag.ca\/en\/wp-json\/wp\/v2\/pages\/24\/revisions"}],"predecessor-version":[{"id":6224,"href":"https:\/\/www.katag.ca\/en\/wp-json\/wp\/v2\/pages\/24\/revisions\/6224"}],"wp:attachment":[{"href":"https:\/\/www.katag.ca\/en\/wp-json\/wp\/v2\/media?parent=24"}],"curies":[{"name":"wp","href":"https:\/\/api.w.org\/{rel}","templated":true}]}}