{"id":3087,"date":"2015-06-18T15:53:44","date_gmt":"2015-06-18T15:53:44","guid":{"rendered":"http:\/\/www.katag.ca\/?page_id=3087"},"modified":"2015-06-18T16:19:53","modified_gmt":"2015-06-18T16:19:53","slug":"aux-responsables-des-loisirs","status":"publish","type":"page","link":"https:\/\/www.katag.ca\/en\/aux-responsables-des-loisirs\/","title":{"rendered":"Aux responsables des loisirs"},"content":{"rendered":"<p>Aux responsables des loisirs,<\/p>\n<p dir=\"ltr\"><b>Voici une activit\u00e9 sportive originale et rassembleuse<br \/>\nid\u00e9ale pour amuser et faire bouger vos campeurs de tout \u00e2ge!<\/b><\/p>\n<div dir=\"ltr\">\n<div>Du sur mesure pour toute occasion:<\/div>\n<\/div>\n<ul>\n<li>\n<div>F\u00eates et\u00a0rassemblements familiaux<\/div>\n<\/li>\n<li>\n<div>Visite hebdomadaire pour faire bouger les 5 ans et +<\/div>\n<\/li>\n<li>\n<div>Compl\u00e9ment aux activit\u00e9s d\u00e9j\u00e0 propos\u00e9es<\/div>\n<\/li>\n<\/ul>\n<h4><\/h4>\n<h4><strong><span style=\"color: #243b95;\">Connaissez-vous le jeu de KATAG ?<\/span><\/strong><\/h4>\n<p><span style=\"color: #243b95;\"><strong>KATAG<\/strong> : grand jeu de \u00abTAG\u00bb o\u00f9 deux \u00e9quipes s\u2019affrontent \u00e0 l\u2019aide d\u2019\u00e9p\u00e9es en mousse.<br \/>\nPour marquer un point il faut mettre hors-jeu tous les joueurs de l\u2019autre \u00e9quipe<br \/>\nen les touchant avec son \u00e9p\u00e9e mousse. \u00c0 ce syst\u00e8me de base, s\u2019ajoutent personnages,<br \/>\nvariantes et sc\u00e9narios qui permettent de faire \u00e9voluer les parties.<\/span><\/p>\n<p><strong><span style=\"color: #243b95;\">KATAG se joue \u00e0 l\u2019ext\u00e9rieur ou en grande salle<\/span><\/strong><br \/>\n<strong><span style=\"color: #243b95;\">Nos animateurs se d\u00e9placent<\/span><\/strong><br \/>\n<strong><span style=\"color: #243b95;\">Le mat\u00e9riel est fourni<\/span><\/strong><br \/>\n<strong><span style=\"color: #243b95;\">Carte de jeu \u00e0 collectionner remise \u00e0 chaque enfant<\/span><\/strong><\/p>\n<p><strong><span style=\"color: #243b95;\"><img loading=\"lazy\" decoding=\"async\" class=\"  wp-image-2918 alignnone\" src=\"http:\/\/www.katag.ca\/wp-content\/uploads\/2014\/09\/cartes_katag_mini-2.png\" alt=\"cartes_katag_mini 2\" width=\"201\" height=\"172\" \/><\/span><\/strong><\/p>\n<h3><a title=\"Katag\" href=\"http:\/\/www.katag.ca\"><img loading=\"lazy\" decoding=\"async\" class=\"alignnone wp-image-19 size-medium\" src=\"http:\/\/www.katag.ca\/wp-content\/uploads\/2014\/09\/Logo_Katag-300x153.png\" alt=\"Logo_Katag\" width=\"300\" height=\"153\" srcset=\"https:\/\/www.katag.ca\/wp-content\/uploads\/2014\/09\/Logo_Katag-300x153.png 300w, https:\/\/www.katag.ca\/wp-content\/uploads\/2014\/09\/Logo_Katag.png 338w\" sizes=\"auto, (max-width: 300px) 100vw, 300px\" \/>\u00a0 \u00a0 \u00a0 \u00a0 \u00a0 \u00a0 \u00a0 \u00a0 \u00a0 \u00a0 \u00a0 \u00a0 \u00a0 \u00a0 \u00a0<img loading=\"lazy\" decoding=\"async\" class=\" wp-image-2333 alignnone\" src=\"http:\/\/www.katag.ca\/wp-content\/uploads\/2014\/09\/Logo-Katag-10-ans-150x150.png\" alt=\"Logo Katag 10 ans\" width=\"114\" height=\"114\" srcset=\"https:\/\/www.katag.ca\/wp-content\/uploads\/2014\/09\/Logo-Katag-10-ans-150x150.png 150w, https:\/\/www.katag.ca\/wp-content\/uploads\/2014\/09\/Logo-Katag-10-ans-300x300.png 300w, https:\/\/www.katag.ca\/wp-content\/uploads\/2014\/09\/Logo-Katag-10-ans.png 720w, https:\/\/www.katag.ca\/wp-content\/uploads\/2014\/09\/Logo-Katag-10-ans-320x320.png 320w, https:\/\/www.katag.ca\/wp-content\/uploads\/2014\/09\/Logo-Katag-10-ans-640x640.png 640w\" sizes=\"auto, (max-width: 114px) 100vw, 114px\" \/><\/a><\/h3>\n<h3><a title=\"Katag\" href=\"http:\/\/www.katag.ca\"><img loading=\"lazy\" decoding=\"async\" class=\"alignleft  wp-image-3098\" src=\"http:\/\/www.katag.ca\/wp-content\/uploads\/2015\/06\/katag_image_loisirs.jpg\" alt=\"katag_image_loisirs\" width=\"639\" height=\"231\" srcset=\"https:\/\/www.katag.ca\/wp-content\/uploads\/2015\/06\/katag_image_loisirs.jpg 797w, https:\/\/www.katag.ca\/wp-content\/uploads\/2015\/06\/katag_image_loisirs-300x108.jpg 300w\" sizes=\"auto, (max-width: 639px) 100vw, 639px\" \/><\/a><\/h3>\n<p>&nbsp;<\/p>\n","protected":false},"excerpt":{"rendered":"<p>Aux responsables des loisirs, Voici une activit\u00e9 sportive originale et rassembleuse id\u00e9ale pour amuser et faire bouger vos campeurs de tout \u00e2ge! Du sur mesure pour toute occasion: F\u00eates et\u00a0rassemblements familiaux Visite hebdomadaire pour faire bouger les 5 ans et + Compl\u00e9ment aux activit\u00e9s d\u00e9j\u00e0 propos\u00e9es Connaissez-vous le jeu de KATAG ? KATAG : grand jeu de \u00abTAG\u00bb o\u00f9 deux \u00e9quipes s\u2019affrontent \u00e0 l\u2019aide d\u2019\u00e9p\u00e9es en mousse. Pour marquer un point il faut mettre hors-jeu tous les joueurs de l\u2019autre \u00e9quipe en les touchant avec son \u00e9p\u00e9e mousse&#8230;.<\/p>\n","protected":false},"author":2,"featured_media":0,"parent":0,"menu_order":0,"comment_status":"closed","ping_status":"closed","template":"","meta":{"footnotes":""},"class_list":["post-3087","page","type-page","status-publish","hentry"],"yoast_head":"<!-- This site is optimized with the Yoast SEO plugin v26.0 - https:\/\/yoast.com\/wordpress\/plugins\/seo\/ -->\n<title>Aux responsables des loisirs | Katag<\/title>\n<meta name=\"robots\" content=\"index, follow, max-snippet:-1, max-image-preview:large, max-video-preview:-1\" \/>\n<link rel=\"canonical\" href=\"https:\/\/www.katag.ca\/en\/aux-responsables-des-loisirs\/\" \/>\n<meta property=\"og:locale\" content=\"en_US\" \/>\n<meta property=\"og:type\" content=\"article\" \/>\n<meta property=\"og:title\" content=\"Aux responsables des loisirs | Katag\" \/>\n<meta property=\"og:description\" content=\"Aux responsables des loisirs, Voici une activit\u00e9 sportive originale et rassembleuse id\u00e9ale pour amuser et faire bouger vos campeurs de tout \u00e2ge! Du sur mesure pour toute occasion: F\u00eates et\u00a0rassemblements familiaux Visite hebdomadaire pour faire bouger les 5 ans et + Compl\u00e9ment aux activit\u00e9s d\u00e9j\u00e0 propos\u00e9es Connaissez-vous le jeu de KATAG ? KATAG : grand jeu de \u00abTAG\u00bb o\u00f9 deux \u00e9quipes s\u2019affrontent \u00e0 l\u2019aide d\u2019\u00e9p\u00e9es en mousse. Pour marquer un point il faut mettre hors-jeu tous les joueurs de l\u2019autre \u00e9quipe en les touchant avec son \u00e9p\u00e9e mousse....\" \/>\n<meta property=\"og:url\" content=\"https:\/\/www.katag.ca\/en\/aux-responsables-des-loisirs\/\" \/>\n<meta property=\"og:site_name\" content=\"Katag\" \/>\n<meta property=\"article:publisher\" content=\"https:\/\/www.facebook.com\/Katag.ca\" \/>\n<meta property=\"article:modified_time\" content=\"2015-06-18T16:19:53+00:00\" \/>\n<meta property=\"og:image\" content=\"http:\/\/www.katag.ca\/wp-content\/uploads\/2014\/09\/cartes_katag_mini-2.png\" \/>\n<meta name=\"twitter:card\" content=\"summary_large_image\" \/>\n<meta name=\"twitter:label1\" content=\"Est. reading time\" \/>\n\t<meta name=\"twitter:data1\" content=\"1 minute\" \/>\n<script type=\"application\/ld+json\" class=\"yoast-schema-graph\">{\"@context\":\"https:\/\/schema.org\",\"@graph\":[{\"@type\":\"WebPage\",\"@id\":\"https:\/\/www.katag.ca\/en\/aux-responsables-des-loisirs\/\",\"url\":\"https:\/\/www.katag.ca\/en\/aux-responsables-des-loisirs\/\",\"name\":\"Aux responsables des loisirs | Katag\",\"isPartOf\":{\"@id\":\"https:\/\/www.katag.ca\/#website\"},\"primaryImageOfPage\":{\"@id\":\"https:\/\/www.katag.ca\/en\/aux-responsables-des-loisirs\/#primaryimage\"},\"image\":{\"@id\":\"https:\/\/www.katag.ca\/en\/aux-responsables-des-loisirs\/#primaryimage\"},\"thumbnailUrl\":\"http:\/\/www.katag.ca\/wp-content\/uploads\/2014\/09\/cartes_katag_mini-2.png\",\"datePublished\":\"2015-06-18T15:53:44+00:00\",\"dateModified\":\"2015-06-18T16:19:53+00:00\",\"breadcrumb\":{\"@id\":\"https:\/\/www.katag.ca\/en\/aux-responsables-des-loisirs\/#breadcrumb\"},\"inLanguage\":\"en-US\",\"potentialAction\":[{\"@type\":\"ReadAction\",\"target\":[\"https:\/\/www.katag.ca\/en\/aux-responsables-des-loisirs\/\"]}]},{\"@type\":\"ImageObject\",\"inLanguage\":\"en-US\",\"@id\":\"https:\/\/www.katag.ca\/en\/aux-responsables-des-loisirs\/#primaryimage\",\"url\":\"http:\/\/www.katag.ca\/wp-content\/uploads\/2014\/09\/cartes_katag_mini-2.png\",\"contentUrl\":\"http:\/\/www.katag.ca\/wp-content\/uploads\/2014\/09\/cartes_katag_mini-2.png\"},{\"@type\":\"BreadcrumbList\",\"@id\":\"https:\/\/www.katag.ca\/en\/aux-responsables-des-loisirs\/#breadcrumb\",\"itemListElement\":[{\"@type\":\"ListItem\",\"position\":1,\"name\":\"Accueil\",\"item\":\"https:\/\/www.katag.ca\/\"},{\"@type\":\"ListItem\",\"position\":2,\"name\":\"Aux responsables des loisirs\"}]},{\"@type\":\"WebSite\",\"@id\":\"https:\/\/www.katag.ca\/#website\",\"url\":\"https:\/\/www.katag.ca\/\",\"name\":\"Katag\",\"description\":\"LE jeu d'&eacute;p&eacute;es-mousse\",\"publisher\":{\"@id\":\"https:\/\/www.katag.ca\/#organization\"},\"potentialAction\":[{\"@type\":\"SearchAction\",\"target\":{\"@type\":\"EntryPoint\",\"urlTemplate\":\"https:\/\/www.katag.ca\/?s={search_term_string}\"},\"query-input\":{\"@type\":\"PropertyValueSpecification\",\"valueRequired\":true,\"valueName\":\"search_term_string\"}}],\"inLanguage\":\"en-US\"},{\"@type\":\"Organization\",\"@id\":\"https:\/\/www.katag.ca\/#organization\",\"name\":\"Katag\",\"url\":\"https:\/\/www.katag.ca\/\",\"logo\":{\"@type\":\"ImageObject\",\"inLanguage\":\"en-US\",\"@id\":\"https:\/\/www.katag.ca\/#\/schema\/logo\/image\/\",\"url\":\"https:\/\/www.katag.ca\/wp-content\/uploads\/2021\/03\/logo-fr.png\",\"contentUrl\":\"https:\/\/www.katag.ca\/wp-content\/uploads\/2021\/03\/logo-fr.png\",\"width\":338,\"height\":173,\"caption\":\"Katag\"},\"image\":{\"@id\":\"https:\/\/www.katag.ca\/#\/schema\/logo\/image\/\"},\"sameAs\":[\"https:\/\/www.facebook.com\/Katag.ca\"]}]}<\/script>\n<!-- \/ Yoast SEO plugin. -->","yoast_head_json":{"title":"Aux responsables des loisirs | Katag","robots":{"index":"index","follow":"follow","max-snippet":"max-snippet:-1","max-image-preview":"max-image-preview:large","max-video-preview":"max-video-preview:-1"},"canonical":"https:\/\/www.katag.ca\/en\/aux-responsables-des-loisirs\/","og_locale":"en_US","og_type":"article","og_title":"Aux responsables des loisirs | Katag","og_description":"Aux responsables des loisirs, Voici une activit\u00e9 sportive originale et rassembleuse id\u00e9ale pour amuser et faire bouger vos campeurs de tout \u00e2ge! Du sur mesure pour toute occasion: F\u00eates et\u00a0rassemblements familiaux Visite hebdomadaire pour faire bouger les 5 ans et + Compl\u00e9ment aux activit\u00e9s d\u00e9j\u00e0 propos\u00e9es Connaissez-vous le jeu de KATAG ? KATAG : grand jeu de \u00abTAG\u00bb o\u00f9 deux \u00e9quipes s\u2019affrontent \u00e0 l\u2019aide d\u2019\u00e9p\u00e9es en mousse. Pour marquer un point il faut mettre hors-jeu tous les joueurs de l\u2019autre \u00e9quipe en les touchant avec son \u00e9p\u00e9e mousse....","og_url":"https:\/\/www.katag.ca\/en\/aux-responsables-des-loisirs\/","og_site_name":"Katag","article_publisher":"https:\/\/www.facebook.com\/Katag.ca","article_modified_time":"2015-06-18T16:19:53+00:00","og_image":[{"url":"http:\/\/www.katag.ca\/wp-content\/uploads\/2014\/09\/cartes_katag_mini-2.png","type":"","width":"","height":""}],"twitter_card":"summary_large_image","twitter_misc":{"Est. reading time":"1 minute"},"schema":{"@context":"https:\/\/schema.org","@graph":[{"@type":"WebPage","@id":"https:\/\/www.katag.ca\/en\/aux-responsables-des-loisirs\/","url":"https:\/\/www.katag.ca\/en\/aux-responsables-des-loisirs\/","name":"Aux responsables des loisirs | Katag","isPartOf":{"@id":"https:\/\/www.katag.ca\/#website"},"primaryImageOfPage":{"@id":"https:\/\/www.katag.ca\/en\/aux-responsables-des-loisirs\/#primaryimage"},"image":{"@id":"https:\/\/www.katag.ca\/en\/aux-responsables-des-loisirs\/#primaryimage"},"thumbnailUrl":"http:\/\/www.katag.ca\/wp-content\/uploads\/2014\/09\/cartes_katag_mini-2.png","datePublished":"2015-06-18T15:53:44+00:00","dateModified":"2015-06-18T16:19:53+00:00","breadcrumb":{"@id":"https:\/\/www.katag.ca\/en\/aux-responsables-des-loisirs\/#breadcrumb"},"inLanguage":"en-US","potentialAction":[{"@type":"ReadAction","target":["https:\/\/www.katag.ca\/en\/aux-responsables-des-loisirs\/"]}]},{"@type":"ImageObject","inLanguage":"en-US","@id":"https:\/\/www.katag.ca\/en\/aux-responsables-des-loisirs\/#primaryimage","url":"http:\/\/www.katag.ca\/wp-content\/uploads\/2014\/09\/cartes_katag_mini-2.png","contentUrl":"http:\/\/www.katag.ca\/wp-content\/uploads\/2014\/09\/cartes_katag_mini-2.png"},{"@type":"BreadcrumbList","@id":"https:\/\/www.katag.ca\/en\/aux-responsables-des-loisirs\/#breadcrumb","itemListElement":[{"@type":"ListItem","position":1,"name":"Accueil","item":"https:\/\/www.katag.ca\/"},{"@type":"ListItem","position":2,"name":"Aux responsables des loisirs"}]},{"@type":"WebSite","@id":"https:\/\/www.katag.ca\/#website","url":"https:\/\/www.katag.ca\/","name":"Katag","description":"LE jeu d'&eacute;p&eacute;es-mousse","publisher":{"@id":"https:\/\/www.katag.ca\/#organization"},"potentialAction":[{"@type":"SearchAction","target":{"@type":"EntryPoint","urlTemplate":"https:\/\/www.katag.ca\/?s={search_term_string}"},"query-input":{"@type":"PropertyValueSpecification","valueRequired":true,"valueName":"search_term_string"}}],"inLanguage":"en-US"},{"@type":"Organization","@id":"https:\/\/www.katag.ca\/#organization","name":"Katag","url":"https:\/\/www.katag.ca\/","logo":{"@type":"ImageObject","inLanguage":"en-US","@id":"https:\/\/www.katag.ca\/#\/schema\/logo\/image\/","url":"https:\/\/www.katag.ca\/wp-content\/uploads\/2021\/03\/logo-fr.png","contentUrl":"https:\/\/www.katag.ca\/wp-content\/uploads\/2021\/03\/logo-fr.png","width":338,"height":173,"caption":"Katag"},"image":{"@id":"https:\/\/www.katag.ca\/#\/schema\/logo\/image\/"},"sameAs":["https:\/\/www.facebook.com\/Katag.ca"]}]}},"_links":{"self":[{"href":"https:\/\/www.katag.ca\/en\/wp-json\/wp\/v2\/pages\/3087","targetHints":{"allow":["GET"]}}],"collection":[{"href":"https:\/\/www.katag.ca\/en\/wp-json\/wp\/v2\/pages"}],"about":[{"href":"https:\/\/www.katag.ca\/en\/wp-json\/wp\/v2\/types\/page"}],"author":[{"embeddable":true,"href":"https:\/\/www.katag.ca\/en\/wp-json\/wp\/v2\/users\/2"}],"replies":[{"embeddable":true,"href":"https:\/\/www.katag.ca\/en\/wp-json\/wp\/v2\/comments?post=3087"}],"version-history":[{"count":12,"href":"https:\/\/www.katag.ca\/en\/wp-json\/wp\/v2\/pages\/3087\/revisions"}],"predecessor-version":[{"id":3100,"href":"https:\/\/www.katag.ca\/en\/wp-json\/wp\/v2\/pages\/3087\/revisions\/3100"}],"wp:attachment":[{"href":"https:\/\/www.katag.ca\/en\/wp-json\/wp\/v2\/media?parent=3087"}],"curies":[{"name":"wp","href":"https:\/\/api.w.org\/{rel}","templated":true}]}}