{"id":3606,"date":"2015-11-06T21:23:32","date_gmt":"2015-11-06T21:23:32","guid":{"rendered":"http:\/\/www.katag.ca\/?page_id=3606"},"modified":"2016-05-31T18:21:48","modified_gmt":"2016-05-31T18:21:48","slug":"katag-medieval","status":"publish","type":"page","link":"https:\/\/www.katag.ca\/en\/katag-medieval\/","title":{"rendered":"KATAG M\u00c9DI\u00c9VAL"},"content":{"rendered":"<span style=\"color: #243b95;\"><strong>KATAG MEDIEVAL<\/strong><\/span><br \/>\n<em><strong>\u00ab L&#8217;Ordre du sabre de Jade \u00bb<\/strong><\/em><\/p>\n<p><strong><span style=\"color: #6abb45;\">Le synopsis :<\/span><\/strong><br \/>\nVenu des lointaines contr\u00e9es de l\u2019Orient, le seigneur Neyu Kan est le dernier membre de l\u2019Ordre du Sabre de Jade\u00a0ayant quitt\u00e9 le Royaume du Dragon pour \u00e9chapper au redoutable Jing qui s\u2019est d\u00e9clar\u00e9 Empereur et qui doit absolument poss\u00e9der le Sabre de Jade. Cette \u00e9p\u00e9e l\u00e9gendaire donne \u00e0 celui qui la garde, le pouvoir absolu sur le Royaume du Dragon. Venu de si loin afin de cacher l\u2019\u00e9p\u00e9e, il doit former des gardes capables de combattre selon le code KATAG, m\u00e9thode ancestrale de d\u00e9fense. Il a choisi les jeunes en place pour devenir les protecteurs du sabre et il a seulement cinq jours pour leur apprendre le KATAG. Apr\u00e8s, le sort qui lui a permis de se projeter dans le futur prendra fin. Au bout de cinq jours, il laisse le Sabre de Jade \u00e0 ses nouveaux protecteurs.<\/p>\n<p><strong><a href=\"http:\/\/www.katag.ca\/photos-katag-au-camp-boute-en-train\/\">See Katag Medieval\u00a0pictures<\/a><\/strong><\/p>\n<p>&nbsp;<\/p>\n<p>&nbsp;<\/p>\n<hr \/>\n<p style=\"text-align: center;\"><strong>OTHER THEMES AVAILABLES<\/strong><\/p>\n<p style=\"text-align: center;\"><strong><a href=\"http:\/\/www.katag.ca\/en\/katag-chevalier-lumiere\/\"><img loading=\"lazy\" decoding=\"async\" class=\"alignnone wp-image-4204\" src=\"http:\/\/www.katag.ca\/wp-content\/uploads\/2015\/11\/Katag_thematique_Chevalier_lumiere.png\" alt=\"Katag th\u00e9matique Chevalier de la lumi\u00e8re\" width=\"212\" height=\"212\" srcset=\"https:\/\/www.katag.ca\/wp-content\/uploads\/2015\/11\/Katag_thematique_Chevalier_lumiere.png 1200w, https:\/\/www.katag.ca\/wp-content\/uploads\/2015\/11\/Katag_thematique_Chevalier_lumiere-150x150.png 150w, https:\/\/www.katag.ca\/wp-content\/uploads\/2015\/11\/Katag_thematique_Chevalier_lumiere-300x300.png 300w, https:\/\/www.katag.ca\/wp-content\/uploads\/2015\/11\/Katag_thematique_Chevalier_lumiere-768x768.png 768w, https:\/\/www.katag.ca\/wp-content\/uploads\/2015\/11\/Katag_thematique_Chevalier_lumiere-1024x1024.png 1024w, https:\/\/www.katag.ca\/wp-content\/uploads\/2015\/11\/Katag_thematique_Chevalier_lumiere-320x320.png 320w, https:\/\/www.katag.ca\/wp-content\/uploads\/2015\/11\/Katag_thematique_Chevalier_lumiere-640x640.png 640w\" sizes=\"auto, (max-width: 212px) 100vw, 212px\" \/><\/a><a href=\"http:\/\/www.katag.ca\/katag-ninja\/\"><img loading=\"lazy\" decoding=\"async\" class=\" wp-image-115 alignnone\" src=\"http:\/\/www.katag.ca\/wp-content\/uploads\/2014\/09\/Katag_thematique_Ninja-300x300.png\" alt=\"Katag th\u00e9matique Ninja\" width=\"212\" height=\"212\" srcset=\"https:\/\/www.katag.ca\/wp-content\/uploads\/2014\/09\/Katag_thematique_Ninja-300x300.png 300w, https:\/\/www.katag.ca\/wp-content\/uploads\/2014\/09\/Katag_thematique_Ninja-150x150.png 150w, https:\/\/www.katag.ca\/wp-content\/uploads\/2014\/09\/Katag_thematique_Ninja-1024x1024.png 1024w, https:\/\/www.katag.ca\/wp-content\/uploads\/2014\/09\/Katag_thematique_Ninja-320x320.png 320w, https:\/\/www.katag.ca\/wp-content\/uploads\/2014\/09\/Katag_thematique_Ninja-640x640.png 640w, https:\/\/www.katag.ca\/wp-content\/uploads\/2014\/09\/Katag_thematique_Ninja.png 1200w\" sizes=\"auto, (max-width: 212px) 100vw, 212px\" \/><\/a><a href=\"http:\/\/www.katag.ca\/katag-pirate\/\"><img loading=\"lazy\" decoding=\"async\" class=\" wp-image-116 alignnone\" src=\"http:\/\/www.katag.ca\/wp-content\/uploads\/2014\/09\/Katag_thematique_Pirate.png\" alt=\"Katag th\u00e9matique Pirate\" width=\"212\" height=\"212\" srcset=\"https:\/\/www.katag.ca\/wp-content\/uploads\/2014\/09\/Katag_thematique_Pirate.png 1200w, https:\/\/www.katag.ca\/wp-content\/uploads\/2014\/09\/Katag_thematique_Pirate-150x150.png 150w, https:\/\/www.katag.ca\/wp-content\/uploads\/2014\/09\/Katag_thematique_Pirate-300x300.png 300w, https:\/\/www.katag.ca\/wp-content\/uploads\/2014\/09\/Katag_thematique_Pirate-1024x1024.png 1024w, https:\/\/www.katag.ca\/wp-content\/uploads\/2014\/09\/Katag_thematique_Pirate-320x320.png 320w, https:\/\/www.katag.ca\/wp-content\/uploads\/2014\/09\/Katag_thematique_Pirate-640x640.png 640w\" sizes=\"auto, (max-width: 212px) 100vw, 212px\" \/><\/a><a href=\"http:\/\/www.katag.ca\/katag-sportif\/\"><img loading=\"lazy\" decoding=\"async\" class=\" wp-image-117 alignnone\" src=\"http:\/\/www.katag.ca\/wp-content\/uploads\/2014\/09\/Katag_thematique_Sportif.png\" alt=\"Katag th\u00e9matique Sportif\" width=\"212\" height=\"212\" srcset=\"https:\/\/www.katag.ca\/wp-content\/uploads\/2014\/09\/Katag_thematique_Sportif.png 1200w, https:\/\/www.katag.ca\/wp-content\/uploads\/2014\/09\/Katag_thematique_Sportif-150x150.png 150w, https:\/\/www.katag.ca\/wp-content\/uploads\/2014\/09\/Katag_thematique_Sportif-300x300.png 300w, https:\/\/www.katag.ca\/wp-content\/uploads\/2014\/09\/Katag_thematique_Sportif-1024x1024.png 1024w, https:\/\/www.katag.ca\/wp-content\/uploads\/2014\/09\/Katag_thematique_Sportif-320x320.png 320w, https:\/\/www.katag.ca\/wp-content\/uploads\/2014\/09\/Katag_thematique_Sportif-640x640.png 640w\" sizes=\"auto, (max-width: 212px) 100vw, 212px\" \/><\/a><\/strong><\/p>","protected":false},"excerpt":{"rendered":"<p>KATAG MEDIEVAL \u00ab L&#8217;Ordre du sabre de Jade \u00bb Le synopsis : Venu des lointaines contr\u00e9es de l\u2019Orient, le seigneur Neyu Kan est le dernier membre de l\u2019Ordre du Sabre de Jade\u00a0ayant quitt\u00e9 le Royaume du Dragon pour \u00e9chapper au redoutable Jing qui s\u2019est d\u00e9clar\u00e9 Empereur et qui doit absolument poss\u00e9der le Sabre de Jade. Cette \u00e9p\u00e9e l\u00e9gendaire donne \u00e0 celui qui la garde, le pouvoir absolu sur le Royaume du Dragon. Venu de si loin afin de cacher l\u2019\u00e9p\u00e9e, il doit former des gardes capables de combattre&#8230;<\/p>\n","protected":false},"author":2,"featured_media":3887,"parent":0,"menu_order":0,"comment_status":"closed","ping_status":"closed","template":"template-image.php","meta":{"footnotes":""},"class_list":["post-3606","page","type-page","status-publish","has-post-thumbnail","hentry"],"yoast_head":"<!-- This site is optimized with the Yoast SEO plugin v26.0 - https:\/\/yoast.com\/wordpress\/plugins\/seo\/ -->\n<title>KATAG M\u00c9DI\u00c9VAL | Katag<\/title>\n<meta name=\"robots\" content=\"index, follow, max-snippet:-1, max-image-preview:large, max-video-preview:-1\" \/>\n<link rel=\"canonical\" href=\"https:\/\/www.katag.ca\/katag-medieval\/\" \/>\n<meta property=\"og:locale\" content=\"en_US\" \/>\n<meta property=\"og:type\" content=\"article\" \/>\n<meta property=\"og:title\" content=\"KATAG M\u00c9DI\u00c9VAL | Katag\" \/>\n<meta property=\"og:description\" content=\"KATAG MEDIEVAL \u00ab L&#8217;Ordre du sabre de Jade \u00bb Le synopsis : Venu des lointaines contr\u00e9es de l\u2019Orient, le seigneur Neyu Kan est le dernier membre de l\u2019Ordre du Sabre de Jade\u00a0ayant quitt\u00e9 le Royaume du Dragon pour \u00e9chapper au redoutable Jing qui s\u2019est d\u00e9clar\u00e9 Empereur et qui doit absolument poss\u00e9der le Sabre de Jade. Cette \u00e9p\u00e9e l\u00e9gendaire donne \u00e0 celui qui la garde, le pouvoir absolu sur le Royaume du Dragon. Venu de si loin afin de cacher l\u2019\u00e9p\u00e9e, il doit former des gardes capables de combattre...\" \/>\n<meta property=\"og:url\" content=\"https:\/\/www.katag.ca\/katag-medieval\/\" \/>\n<meta property=\"og:site_name\" content=\"Katag\" \/>\n<meta property=\"article:publisher\" content=\"https:\/\/www.facebook.com\/Katag.ca\" \/>\n<meta property=\"article:modified_time\" content=\"2016-05-31T18:21:48+00:00\" \/>\n<meta property=\"og:image\" content=\"https:\/\/www.katag.ca\/wp-content\/uploads\/2015\/11\/katag_thematique_medieval.jpg\" \/>\n\t<meta property=\"og:image:width\" content=\"2400\" \/>\n\t<meta property=\"og:image:height\" content=\"684\" \/>\n\t<meta property=\"og:image:type\" content=\"image\/jpeg\" \/>\n<meta name=\"twitter:card\" content=\"summary_large_image\" \/>\n<meta name=\"twitter:label1\" content=\"Est. reading time\" \/>\n\t<meta name=\"twitter:data1\" content=\"2 minutes\" \/>\n<script type=\"application\/ld+json\" class=\"yoast-schema-graph\">{\"@context\":\"https:\/\/schema.org\",\"@graph\":[{\"@type\":\"WebPage\",\"@id\":\"https:\/\/www.katag.ca\/katag-medieval\/\",\"url\":\"https:\/\/www.katag.ca\/katag-medieval\/\",\"name\":\"KATAG M\u00c9DI\u00c9VAL | Katag\",\"isPartOf\":{\"@id\":\"https:\/\/www.katag.ca\/#website\"},\"primaryImageOfPage\":{\"@id\":\"https:\/\/www.katag.ca\/katag-medieval\/#primaryimage\"},\"image\":{\"@id\":\"https:\/\/www.katag.ca\/katag-medieval\/#primaryimage\"},\"thumbnailUrl\":\"https:\/\/www.katag.ca\/wp-content\/uploads\/2015\/11\/katag_thematique_medieval.jpg\",\"datePublished\":\"2015-11-06T21:23:32+00:00\",\"dateModified\":\"2016-05-31T18:21:48+00:00\",\"breadcrumb\":{\"@id\":\"https:\/\/www.katag.ca\/katag-medieval\/#breadcrumb\"},\"inLanguage\":\"en-US\",\"potentialAction\":[{\"@type\":\"ReadAction\",\"target\":[\"https:\/\/www.katag.ca\/katag-medieval\/\"]}]},{\"@type\":\"ImageObject\",\"inLanguage\":\"en-US\",\"@id\":\"https:\/\/www.katag.ca\/katag-medieval\/#primaryimage\",\"url\":\"https:\/\/www.katag.ca\/wp-content\/uploads\/2015\/11\/katag_thematique_medieval.jpg\",\"contentUrl\":\"https:\/\/www.katag.ca\/wp-content\/uploads\/2015\/11\/katag_thematique_medieval.jpg\",\"width\":2400,\"height\":684},{\"@type\":\"BreadcrumbList\",\"@id\":\"https:\/\/www.katag.ca\/katag-medieval\/#breadcrumb\",\"itemListElement\":[{\"@type\":\"ListItem\",\"position\":1,\"name\":\"Accueil\",\"item\":\"https:\/\/www.katag.ca\/\"},{\"@type\":\"ListItem\",\"position\":2,\"name\":\"KATAG M\u00c9DI\u00c9VAL\"}]},{\"@type\":\"WebSite\",\"@id\":\"https:\/\/www.katag.ca\/#website\",\"url\":\"https:\/\/www.katag.ca\/\",\"name\":\"Katag\",\"description\":\"LE jeu d'&eacute;p&eacute;es-mousse\",\"publisher\":{\"@id\":\"https:\/\/www.katag.ca\/#organization\"},\"potentialAction\":[{\"@type\":\"SearchAction\",\"target\":{\"@type\":\"EntryPoint\",\"urlTemplate\":\"https:\/\/www.katag.ca\/?s={search_term_string}\"},\"query-input\":{\"@type\":\"PropertyValueSpecification\",\"valueRequired\":true,\"valueName\":\"search_term_string\"}}],\"inLanguage\":\"en-US\"},{\"@type\":\"Organization\",\"@id\":\"https:\/\/www.katag.ca\/#organization\",\"name\":\"Katag\",\"url\":\"https:\/\/www.katag.ca\/\",\"logo\":{\"@type\":\"ImageObject\",\"inLanguage\":\"en-US\",\"@id\":\"https:\/\/www.katag.ca\/#\/schema\/logo\/image\/\",\"url\":\"https:\/\/www.katag.ca\/wp-content\/uploads\/2021\/03\/logo-fr.png\",\"contentUrl\":\"https:\/\/www.katag.ca\/wp-content\/uploads\/2021\/03\/logo-fr.png\",\"width\":338,\"height\":173,\"caption\":\"Katag\"},\"image\":{\"@id\":\"https:\/\/www.katag.ca\/#\/schema\/logo\/image\/\"},\"sameAs\":[\"https:\/\/www.facebook.com\/Katag.ca\"]}]}<\/script>\n<!-- \/ Yoast SEO plugin. -->","yoast_head_json":{"title":"KATAG M\u00c9DI\u00c9VAL | Katag","robots":{"index":"index","follow":"follow","max-snippet":"max-snippet:-1","max-image-preview":"max-image-preview:large","max-video-preview":"max-video-preview:-1"},"canonical":"https:\/\/www.katag.ca\/katag-medieval\/","og_locale":"en_US","og_type":"article","og_title":"KATAG M\u00c9DI\u00c9VAL | Katag","og_description":"KATAG MEDIEVAL \u00ab L&#8217;Ordre du sabre de Jade \u00bb Le synopsis : Venu des lointaines contr\u00e9es de l\u2019Orient, le seigneur Neyu Kan est le dernier membre de l\u2019Ordre du Sabre de Jade\u00a0ayant quitt\u00e9 le Royaume du Dragon pour \u00e9chapper au redoutable Jing qui s\u2019est d\u00e9clar\u00e9 Empereur et qui doit absolument poss\u00e9der le Sabre de Jade. Cette \u00e9p\u00e9e l\u00e9gendaire donne \u00e0 celui qui la garde, le pouvoir absolu sur le Royaume du Dragon. Venu de si loin afin de cacher l\u2019\u00e9p\u00e9e, il doit former des gardes capables de combattre...","og_url":"https:\/\/www.katag.ca\/katag-medieval\/","og_site_name":"Katag","article_publisher":"https:\/\/www.facebook.com\/Katag.ca","article_modified_time":"2016-05-31T18:21:48+00:00","og_image":[{"width":2400,"height":684,"url":"https:\/\/www.katag.ca\/wp-content\/uploads\/2015\/11\/katag_thematique_medieval.jpg","type":"image\/jpeg"}],"twitter_card":"summary_large_image","twitter_misc":{"Est. reading time":"2 minutes"},"schema":{"@context":"https:\/\/schema.org","@graph":[{"@type":"WebPage","@id":"https:\/\/www.katag.ca\/katag-medieval\/","url":"https:\/\/www.katag.ca\/katag-medieval\/","name":"KATAG M\u00c9DI\u00c9VAL | Katag","isPartOf":{"@id":"https:\/\/www.katag.ca\/#website"},"primaryImageOfPage":{"@id":"https:\/\/www.katag.ca\/katag-medieval\/#primaryimage"},"image":{"@id":"https:\/\/www.katag.ca\/katag-medieval\/#primaryimage"},"thumbnailUrl":"https:\/\/www.katag.ca\/wp-content\/uploads\/2015\/11\/katag_thematique_medieval.jpg","datePublished":"2015-11-06T21:23:32+00:00","dateModified":"2016-05-31T18:21:48+00:00","breadcrumb":{"@id":"https:\/\/www.katag.ca\/katag-medieval\/#breadcrumb"},"inLanguage":"en-US","potentialAction":[{"@type":"ReadAction","target":["https:\/\/www.katag.ca\/katag-medieval\/"]}]},{"@type":"ImageObject","inLanguage":"en-US","@id":"https:\/\/www.katag.ca\/katag-medieval\/#primaryimage","url":"https:\/\/www.katag.ca\/wp-content\/uploads\/2015\/11\/katag_thematique_medieval.jpg","contentUrl":"https:\/\/www.katag.ca\/wp-content\/uploads\/2015\/11\/katag_thematique_medieval.jpg","width":2400,"height":684},{"@type":"BreadcrumbList","@id":"https:\/\/www.katag.ca\/katag-medieval\/#breadcrumb","itemListElement":[{"@type":"ListItem","position":1,"name":"Accueil","item":"https:\/\/www.katag.ca\/"},{"@type":"ListItem","position":2,"name":"KATAG M\u00c9DI\u00c9VAL"}]},{"@type":"WebSite","@id":"https:\/\/www.katag.ca\/#website","url":"https:\/\/www.katag.ca\/","name":"Katag","description":"LE jeu d'&eacute;p&eacute;es-mousse","publisher":{"@id":"https:\/\/www.katag.ca\/#organization"},"potentialAction":[{"@type":"SearchAction","target":{"@type":"EntryPoint","urlTemplate":"https:\/\/www.katag.ca\/?s={search_term_string}"},"query-input":{"@type":"PropertyValueSpecification","valueRequired":true,"valueName":"search_term_string"}}],"inLanguage":"en-US"},{"@type":"Organization","@id":"https:\/\/www.katag.ca\/#organization","name":"Katag","url":"https:\/\/www.katag.ca\/","logo":{"@type":"ImageObject","inLanguage":"en-US","@id":"https:\/\/www.katag.ca\/#\/schema\/logo\/image\/","url":"https:\/\/www.katag.ca\/wp-content\/uploads\/2021\/03\/logo-fr.png","contentUrl":"https:\/\/www.katag.ca\/wp-content\/uploads\/2021\/03\/logo-fr.png","width":338,"height":173,"caption":"Katag"},"image":{"@id":"https:\/\/www.katag.ca\/#\/schema\/logo\/image\/"},"sameAs":["https:\/\/www.facebook.com\/Katag.ca"]}]}},"_links":{"self":[{"href":"https:\/\/www.katag.ca\/en\/wp-json\/wp\/v2\/pages\/3606","targetHints":{"allow":["GET"]}}],"collection":[{"href":"https:\/\/www.katag.ca\/en\/wp-json\/wp\/v2\/pages"}],"about":[{"href":"https:\/\/www.katag.ca\/en\/wp-json\/wp\/v2\/types\/page"}],"author":[{"embeddable":true,"href":"https:\/\/www.katag.ca\/en\/wp-json\/wp\/v2\/users\/2"}],"replies":[{"embeddable":true,"href":"https:\/\/www.katag.ca\/en\/wp-json\/wp\/v2\/comments?post=3606"}],"version-history":[{"count":19,"href":"https:\/\/www.katag.ca\/en\/wp-json\/wp\/v2\/pages\/3606\/revisions"}],"predecessor-version":[{"id":4211,"href":"https:\/\/www.katag.ca\/en\/wp-json\/wp\/v2\/pages\/3606\/revisions\/4211"}],"wp:featuredmedia":[{"embeddable":true,"href":"https:\/\/www.katag.ca\/en\/wp-json\/wp\/v2\/media\/3887"}],"wp:attachment":[{"href":"https:\/\/www.katag.ca\/en\/wp-json\/wp\/v2\/media?parent=3606"}],"curies":[{"name":"wp","href":"https:\/\/api.w.org\/{rel}","templated":true}]}}