{"id":3615,"date":"2015-11-06T21:31:38","date_gmt":"2015-11-06T21:31:38","guid":{"rendered":"http:\/\/www.katag.ca\/?page_id=3615"},"modified":"2016-05-31T18:20:36","modified_gmt":"2016-05-31T18:20:36","slug":"katag-ninja","status":"publish","type":"page","link":"https:\/\/www.katag.ca\/en\/katag-ninja\/","title":{"rendered":"KATAG NINJA"},"content":{"rendered":"<span style=\"color: #243b95;\"><strong>KATAG NINJA<\/strong><\/span><br \/>\n<em><strong>\u00ab L\u2019Ordre du Dragon de Feu \u00bb<\/strong><\/em><\/p>\n<p><strong><span style=\"color: #6abb45;\">Le synopsis :<\/span><\/strong><br \/>\nLes hautes terres du Royaume sont sans protection depuis des lunes. L\u2019Ordre du Dragon de Feu veut y installer une cellule de valeureux guerrier sachant pratiquer l\u2019art ancestral du \u00ab ninjitsu \u00bb. Camouflage, maniement de l\u2019\u00e9p\u00e9e gr\u00e2ce aux techniques de KATAG, d\u00e9placement en for\u00eat (si disponible) et autres sont autant d\u2019apprentissages que les disciples recevront tout au cours de la semaine en se soumettant \u00e0 l\u2019enseignement de leur maitre ainsi qu\u2019aux divers tests de l\u2019Ordre\u2026<\/p>\n<p>&nbsp;<\/p>\n<p>&nbsp;<\/p>\n<hr \/>\n<p style=\"text-align: center;\"><strong>OTHER\u00a0THEMES\u00a0AVAILABLE<\/strong><\/p>\n<p style=\"text-align: center;\"><strong><a href=\"http:\/\/www.katag.ca\/en\/katag-chevalier-lumiere\/\"><img loading=\"lazy\" decoding=\"async\" class=\"alignnone wp-image-4204\" src=\"http:\/\/www.katag.ca\/wp-content\/uploads\/2015\/11\/Katag_thematique_Chevalier_lumiere.png\" alt=\"Katag th\u00e9matique Chevalier de la lumi\u00e8re\" width=\"212\" height=\"212\" srcset=\"https:\/\/www.katag.ca\/wp-content\/uploads\/2015\/11\/Katag_thematique_Chevalier_lumiere.png 1200w, https:\/\/www.katag.ca\/wp-content\/uploads\/2015\/11\/Katag_thematique_Chevalier_lumiere-150x150.png 150w, https:\/\/www.katag.ca\/wp-content\/uploads\/2015\/11\/Katag_thematique_Chevalier_lumiere-300x300.png 300w, https:\/\/www.katag.ca\/wp-content\/uploads\/2015\/11\/Katag_thematique_Chevalier_lumiere-768x768.png 768w, https:\/\/www.katag.ca\/wp-content\/uploads\/2015\/11\/Katag_thematique_Chevalier_lumiere-1024x1024.png 1024w, https:\/\/www.katag.ca\/wp-content\/uploads\/2015\/11\/Katag_thematique_Chevalier_lumiere-320x320.png 320w, https:\/\/www.katag.ca\/wp-content\/uploads\/2015\/11\/Katag_thematique_Chevalier_lumiere-640x640.png 640w\" sizes=\"auto, (max-width: 212px) 100vw, 212px\" \/><\/a><a href=\"http:\/\/www.katag.ca\/katag-pirate\/\"><img loading=\"lazy\" decoding=\"async\" class=\" wp-image-116 alignnone\" src=\"http:\/\/www.katag.ca\/wp-content\/uploads\/2014\/09\/Katag_thematique_Pirate-300x300.png\" alt=\"Katag th\u00e9matique Pirate\" width=\"213\" height=\"213\" srcset=\"https:\/\/www.katag.ca\/wp-content\/uploads\/2014\/09\/Katag_thematique_Pirate-300x300.png 300w, https:\/\/www.katag.ca\/wp-content\/uploads\/2014\/09\/Katag_thematique_Pirate-150x150.png 150w, https:\/\/www.katag.ca\/wp-content\/uploads\/2014\/09\/Katag_thematique_Pirate-1024x1024.png 1024w, https:\/\/www.katag.ca\/wp-content\/uploads\/2014\/09\/Katag_thematique_Pirate-320x320.png 320w, https:\/\/www.katag.ca\/wp-content\/uploads\/2014\/09\/Katag_thematique_Pirate-640x640.png 640w, https:\/\/www.katag.ca\/wp-content\/uploads\/2014\/09\/Katag_thematique_Pirate.png 1200w\" sizes=\"auto, (max-width: 213px) 100vw, 213px\" \/><\/a><a href=\"http:\/\/www.katag.ca\/katag-medieval\/\"><img loading=\"lazy\" decoding=\"async\" class=\" wp-image-114 alignnone\" src=\"http:\/\/www.katag.ca\/wp-content\/uploads\/2014\/09\/Katag_thematique_Medieval-300x300.png\" alt=\"Katag th\u00e9matique M\u00e9di\u00e9val\" width=\"212\" height=\"212\" srcset=\"https:\/\/www.katag.ca\/wp-content\/uploads\/2014\/09\/Katag_thematique_Medieval-300x300.png 300w, https:\/\/www.katag.ca\/wp-content\/uploads\/2014\/09\/Katag_thematique_Medieval-150x150.png 150w, https:\/\/www.katag.ca\/wp-content\/uploads\/2014\/09\/Katag_thematique_Medieval-1024x1024.png 1024w, https:\/\/www.katag.ca\/wp-content\/uploads\/2014\/09\/Katag_thematique_Medieval-320x320.png 320w, https:\/\/www.katag.ca\/wp-content\/uploads\/2014\/09\/Katag_thematique_Medieval-640x640.png 640w, https:\/\/www.katag.ca\/wp-content\/uploads\/2014\/09\/Katag_thematique_Medieval.png 1200w\" sizes=\"auto, (max-width: 212px) 100vw, 212px\" \/><\/a><a href=\"http:\/\/www.katag.ca\/katag-sportif\/\"><img loading=\"lazy\" decoding=\"async\" class=\" wp-image-117 alignnone\" src=\"http:\/\/www.katag.ca\/wp-content\/uploads\/2014\/09\/Katag_thematique_Sportif-300x300.png\" alt=\"Katag th\u00e9matique Sportif\" width=\"212\" height=\"212\" srcset=\"https:\/\/www.katag.ca\/wp-content\/uploads\/2014\/09\/Katag_thematique_Sportif-300x300.png 300w, https:\/\/www.katag.ca\/wp-content\/uploads\/2014\/09\/Katag_thematique_Sportif-150x150.png 150w, https:\/\/www.katag.ca\/wp-content\/uploads\/2014\/09\/Katag_thematique_Sportif-1024x1024.png 1024w, https:\/\/www.katag.ca\/wp-content\/uploads\/2014\/09\/Katag_thematique_Sportif-320x320.png 320w, https:\/\/www.katag.ca\/wp-content\/uploads\/2014\/09\/Katag_thematique_Sportif-640x640.png 640w, https:\/\/www.katag.ca\/wp-content\/uploads\/2014\/09\/Katag_thematique_Sportif.png 1200w\" sizes=\"auto, (max-width: 212px) 100vw, 212px\" \/><\/a><\/strong><\/p>","protected":false},"excerpt":{"rendered":"<p>KATAG NINJA \u00ab L\u2019Ordre du Dragon de Feu \u00bb Le synopsis : Les hautes terres du Royaume sont sans protection depuis des lunes. L\u2019Ordre du Dragon de Feu veut y installer une cellule de valeureux guerrier sachant pratiquer l\u2019art ancestral du \u00ab ninjitsu \u00bb. Camouflage, maniement de l\u2019\u00e9p\u00e9e gr\u00e2ce aux techniques de KATAG, d\u00e9placement en for\u00eat (si disponible) et autres sont autant d\u2019apprentissages que les disciples recevront tout au cours de la semaine en se soumettant \u00e0 l\u2019enseignement de leur maitre ainsi qu\u2019aux divers tests de l\u2019Ordre\u2026 &nbsp;&#8230;<\/p>\n","protected":false},"author":2,"featured_media":3886,"parent":0,"menu_order":0,"comment_status":"closed","ping_status":"closed","template":"template-image.php","meta":{"footnotes":""},"class_list":["post-3615","page","type-page","status-publish","has-post-thumbnail","hentry"],"yoast_head":"<!-- This site is optimized with the Yoast SEO plugin v26.0 - https:\/\/yoast.com\/wordpress\/plugins\/seo\/ -->\n<title>KATAG NINJA | Katag<\/title>\n<meta name=\"robots\" content=\"index, follow, max-snippet:-1, max-image-preview:large, max-video-preview:-1\" \/>\n<link rel=\"canonical\" href=\"https:\/\/www.katag.ca\/katag-ninja\/\" \/>\n<meta property=\"og:locale\" content=\"en_US\" \/>\n<meta property=\"og:type\" content=\"article\" \/>\n<meta property=\"og:title\" content=\"KATAG NINJA | Katag\" \/>\n<meta property=\"og:description\" content=\"KATAG NINJA \u00ab L\u2019Ordre du Dragon de Feu \u00bb Le synopsis : Les hautes terres du Royaume sont sans protection depuis des lunes. L\u2019Ordre du Dragon de Feu veut y installer une cellule de valeureux guerrier sachant pratiquer l\u2019art ancestral du \u00ab ninjitsu \u00bb. Camouflage, maniement de l\u2019\u00e9p\u00e9e gr\u00e2ce aux techniques de KATAG, d\u00e9placement en for\u00eat (si disponible) et autres sont autant d\u2019apprentissages que les disciples recevront tout au cours de la semaine en se soumettant \u00e0 l\u2019enseignement de leur maitre ainsi qu\u2019aux divers tests de l\u2019Ordre\u2026 &nbsp;...\" \/>\n<meta property=\"og:url\" content=\"https:\/\/www.katag.ca\/katag-ninja\/\" \/>\n<meta property=\"og:site_name\" content=\"Katag\" \/>\n<meta property=\"article:publisher\" content=\"https:\/\/www.facebook.com\/Katag.ca\" \/>\n<meta property=\"article:modified_time\" content=\"2016-05-31T18:20:36+00:00\" \/>\n<meta property=\"og:image\" content=\"https:\/\/www.katag.ca\/wp-content\/uploads\/2015\/11\/katag_thematique_ninja.jpg\" \/>\n\t<meta property=\"og:image:width\" content=\"2400\" \/>\n\t<meta property=\"og:image:height\" content=\"684\" \/>\n\t<meta property=\"og:image:type\" content=\"image\/jpeg\" \/>\n<meta name=\"twitter:card\" content=\"summary_large_image\" \/>\n<meta name=\"twitter:label1\" content=\"Est. reading time\" \/>\n\t<meta name=\"twitter:data1\" content=\"1 minute\" \/>\n<script type=\"application\/ld+json\" class=\"yoast-schema-graph\">{\"@context\":\"https:\/\/schema.org\",\"@graph\":[{\"@type\":\"WebPage\",\"@id\":\"https:\/\/www.katag.ca\/katag-ninja\/\",\"url\":\"https:\/\/www.katag.ca\/katag-ninja\/\",\"name\":\"KATAG NINJA | Katag\",\"isPartOf\":{\"@id\":\"https:\/\/www.katag.ca\/#website\"},\"primaryImageOfPage\":{\"@id\":\"https:\/\/www.katag.ca\/katag-ninja\/#primaryimage\"},\"image\":{\"@id\":\"https:\/\/www.katag.ca\/katag-ninja\/#primaryimage\"},\"thumbnailUrl\":\"https:\/\/www.katag.ca\/wp-content\/uploads\/2015\/11\/katag_thematique_ninja.jpg\",\"datePublished\":\"2015-11-06T21:31:38+00:00\",\"dateModified\":\"2016-05-31T18:20:36+00:00\",\"breadcrumb\":{\"@id\":\"https:\/\/www.katag.ca\/katag-ninja\/#breadcrumb\"},\"inLanguage\":\"en-US\",\"potentialAction\":[{\"@type\":\"ReadAction\",\"target\":[\"https:\/\/www.katag.ca\/katag-ninja\/\"]}]},{\"@type\":\"ImageObject\",\"inLanguage\":\"en-US\",\"@id\":\"https:\/\/www.katag.ca\/katag-ninja\/#primaryimage\",\"url\":\"https:\/\/www.katag.ca\/wp-content\/uploads\/2015\/11\/katag_thematique_ninja.jpg\",\"contentUrl\":\"https:\/\/www.katag.ca\/wp-content\/uploads\/2015\/11\/katag_thematique_ninja.jpg\",\"width\":2400,\"height\":684},{\"@type\":\"BreadcrumbList\",\"@id\":\"https:\/\/www.katag.ca\/katag-ninja\/#breadcrumb\",\"itemListElement\":[{\"@type\":\"ListItem\",\"position\":1,\"name\":\"Accueil\",\"item\":\"https:\/\/www.katag.ca\/\"},{\"@type\":\"ListItem\",\"position\":2,\"name\":\"KATAG NINJA\"}]},{\"@type\":\"WebSite\",\"@id\":\"https:\/\/www.katag.ca\/#website\",\"url\":\"https:\/\/www.katag.ca\/\",\"name\":\"Katag\",\"description\":\"LE jeu d'&eacute;p&eacute;es-mousse\",\"publisher\":{\"@id\":\"https:\/\/www.katag.ca\/#organization\"},\"potentialAction\":[{\"@type\":\"SearchAction\",\"target\":{\"@type\":\"EntryPoint\",\"urlTemplate\":\"https:\/\/www.katag.ca\/?s={search_term_string}\"},\"query-input\":{\"@type\":\"PropertyValueSpecification\",\"valueRequired\":true,\"valueName\":\"search_term_string\"}}],\"inLanguage\":\"en-US\"},{\"@type\":\"Organization\",\"@id\":\"https:\/\/www.katag.ca\/#organization\",\"name\":\"Katag\",\"url\":\"https:\/\/www.katag.ca\/\",\"logo\":{\"@type\":\"ImageObject\",\"inLanguage\":\"en-US\",\"@id\":\"https:\/\/www.katag.ca\/#\/schema\/logo\/image\/\",\"url\":\"https:\/\/www.katag.ca\/wp-content\/uploads\/2021\/03\/logo-fr.png\",\"contentUrl\":\"https:\/\/www.katag.ca\/wp-content\/uploads\/2021\/03\/logo-fr.png\",\"width\":338,\"height\":173,\"caption\":\"Katag\"},\"image\":{\"@id\":\"https:\/\/www.katag.ca\/#\/schema\/logo\/image\/\"},\"sameAs\":[\"https:\/\/www.facebook.com\/Katag.ca\"]}]}<\/script>\n<!-- \/ Yoast SEO plugin. -->","yoast_head_json":{"title":"KATAG NINJA | Katag","robots":{"index":"index","follow":"follow","max-snippet":"max-snippet:-1","max-image-preview":"max-image-preview:large","max-video-preview":"max-video-preview:-1"},"canonical":"https:\/\/www.katag.ca\/katag-ninja\/","og_locale":"en_US","og_type":"article","og_title":"KATAG NINJA | Katag","og_description":"KATAG NINJA \u00ab L\u2019Ordre du Dragon de Feu \u00bb Le synopsis : Les hautes terres du Royaume sont sans protection depuis des lunes. L\u2019Ordre du Dragon de Feu veut y installer une cellule de valeureux guerrier sachant pratiquer l\u2019art ancestral du \u00ab ninjitsu \u00bb. Camouflage, maniement de l\u2019\u00e9p\u00e9e gr\u00e2ce aux techniques de KATAG, d\u00e9placement en for\u00eat (si disponible) et autres sont autant d\u2019apprentissages que les disciples recevront tout au cours de la semaine en se soumettant \u00e0 l\u2019enseignement de leur maitre ainsi qu\u2019aux divers tests de l\u2019Ordre\u2026 &nbsp;...","og_url":"https:\/\/www.katag.ca\/katag-ninja\/","og_site_name":"Katag","article_publisher":"https:\/\/www.facebook.com\/Katag.ca","article_modified_time":"2016-05-31T18:20:36+00:00","og_image":[{"width":2400,"height":684,"url":"https:\/\/www.katag.ca\/wp-content\/uploads\/2015\/11\/katag_thematique_ninja.jpg","type":"image\/jpeg"}],"twitter_card":"summary_large_image","twitter_misc":{"Est. reading time":"1 minute"},"schema":{"@context":"https:\/\/schema.org","@graph":[{"@type":"WebPage","@id":"https:\/\/www.katag.ca\/katag-ninja\/","url":"https:\/\/www.katag.ca\/katag-ninja\/","name":"KATAG NINJA | Katag","isPartOf":{"@id":"https:\/\/www.katag.ca\/#website"},"primaryImageOfPage":{"@id":"https:\/\/www.katag.ca\/katag-ninja\/#primaryimage"},"image":{"@id":"https:\/\/www.katag.ca\/katag-ninja\/#primaryimage"},"thumbnailUrl":"https:\/\/www.katag.ca\/wp-content\/uploads\/2015\/11\/katag_thematique_ninja.jpg","datePublished":"2015-11-06T21:31:38+00:00","dateModified":"2016-05-31T18:20:36+00:00","breadcrumb":{"@id":"https:\/\/www.katag.ca\/katag-ninja\/#breadcrumb"},"inLanguage":"en-US","potentialAction":[{"@type":"ReadAction","target":["https:\/\/www.katag.ca\/katag-ninja\/"]}]},{"@type":"ImageObject","inLanguage":"en-US","@id":"https:\/\/www.katag.ca\/katag-ninja\/#primaryimage","url":"https:\/\/www.katag.ca\/wp-content\/uploads\/2015\/11\/katag_thematique_ninja.jpg","contentUrl":"https:\/\/www.katag.ca\/wp-content\/uploads\/2015\/11\/katag_thematique_ninja.jpg","width":2400,"height":684},{"@type":"BreadcrumbList","@id":"https:\/\/www.katag.ca\/katag-ninja\/#breadcrumb","itemListElement":[{"@type":"ListItem","position":1,"name":"Accueil","item":"https:\/\/www.katag.ca\/"},{"@type":"ListItem","position":2,"name":"KATAG NINJA"}]},{"@type":"WebSite","@id":"https:\/\/www.katag.ca\/#website","url":"https:\/\/www.katag.ca\/","name":"Katag","description":"LE jeu d'&eacute;p&eacute;es-mousse","publisher":{"@id":"https:\/\/www.katag.ca\/#organization"},"potentialAction":[{"@type":"SearchAction","target":{"@type":"EntryPoint","urlTemplate":"https:\/\/www.katag.ca\/?s={search_term_string}"},"query-input":{"@type":"PropertyValueSpecification","valueRequired":true,"valueName":"search_term_string"}}],"inLanguage":"en-US"},{"@type":"Organization","@id":"https:\/\/www.katag.ca\/#organization","name":"Katag","url":"https:\/\/www.katag.ca\/","logo":{"@type":"ImageObject","inLanguage":"en-US","@id":"https:\/\/www.katag.ca\/#\/schema\/logo\/image\/","url":"https:\/\/www.katag.ca\/wp-content\/uploads\/2021\/03\/logo-fr.png","contentUrl":"https:\/\/www.katag.ca\/wp-content\/uploads\/2021\/03\/logo-fr.png","width":338,"height":173,"caption":"Katag"},"image":{"@id":"https:\/\/www.katag.ca\/#\/schema\/logo\/image\/"},"sameAs":["https:\/\/www.facebook.com\/Katag.ca"]}]}},"_links":{"self":[{"href":"https:\/\/www.katag.ca\/en\/wp-json\/wp\/v2\/pages\/3615","targetHints":{"allow":["GET"]}}],"collection":[{"href":"https:\/\/www.katag.ca\/en\/wp-json\/wp\/v2\/pages"}],"about":[{"href":"https:\/\/www.katag.ca\/en\/wp-json\/wp\/v2\/types\/page"}],"author":[{"embeddable":true,"href":"https:\/\/www.katag.ca\/en\/wp-json\/wp\/v2\/users\/2"}],"replies":[{"embeddable":true,"href":"https:\/\/www.katag.ca\/en\/wp-json\/wp\/v2\/comments?post=3615"}],"version-history":[{"count":10,"href":"https:\/\/www.katag.ca\/en\/wp-json\/wp\/v2\/pages\/3615\/revisions"}],"predecessor-version":[{"id":4208,"href":"https:\/\/www.katag.ca\/en\/wp-json\/wp\/v2\/pages\/3615\/revisions\/4208"}],"wp:featuredmedia":[{"embeddable":true,"href":"https:\/\/www.katag.ca\/en\/wp-json\/wp\/v2\/media\/3886"}],"wp:attachment":[{"href":"https:\/\/www.katag.ca\/en\/wp-json\/wp\/v2\/media?parent=3615"}],"curies":[{"name":"wp","href":"https:\/\/api.w.org\/{rel}","templated":true}]}}