{"id":3619,"date":"2015-11-06T21:36:13","date_gmt":"2015-11-06T21:36:13","guid":{"rendered":"http:\/\/www.katag.ca\/?page_id=3619"},"modified":"2016-05-31T18:17:44","modified_gmt":"2016-05-31T18:17:44","slug":"katag-pirate","status":"publish","type":"page","link":"https:\/\/www.katag.ca\/en\/katag-pirate\/","title":{"rendered":"KATAG PIRATE"},"content":{"rendered":"<span style=\"color: #243b95;\"><strong>KATAG PIRATE<\/strong><\/span><br \/>\n<em><strong>\u00ab Le clan des Couteaux Ardents \u00bb<\/strong><\/em><\/p>\n<p><strong><span style=\"color: #6abb45;\">Le synopsis :<\/span><\/strong><br \/>\nIsol\u00e9 sur son \u00eele d\u00e9serte, le Capitaine Ramire est le ma\u00eetre corsaire le plus<br \/>\nrespect\u00e9 des 7 mers. Plus de 1000 abordages, une fortune exceptionnelle et un bateau, Le Carabusier, que personne ne consid\u00e8re pouvoir couler, font de lui une l\u00e9gende vivante. Tout marin qui veut apprendre la piraterie r\u00eave d\u2019\u00eatre son \u00e9l\u00e8ve. Cet \u00e9t\u00e9, tu pourrais \u00eatre l\u2019un des privil\u00e9gi\u00e9s \u00e0 pouvoir devenir un vrai flibustier et ainsi faire partie du Clan des Couteaux Ardents.<\/p>\n<p>&nbsp;<\/p>\n<p>&nbsp;<\/p>\n<hr \/>\n<p style=\"text-align: center;\"><strong>OTHER THEMES AVAILABLES<\/strong><\/p>\n<p style=\"text-align: center;\"><strong><a href=\"http:\/\/www.katag.ca\/en\/katag-chevalier-lumiere\/\"><img loading=\"lazy\" decoding=\"async\" class=\"alignnone wp-image-4204\" src=\"http:\/\/www.katag.ca\/wp-content\/uploads\/2015\/11\/Katag_thematique_Chevalier_lumiere.png\" alt=\"Katag th\u00e9matique Chevalier de la lumi\u00e8re\" width=\"212\" height=\"212\" srcset=\"https:\/\/www.katag.ca\/wp-content\/uploads\/2015\/11\/Katag_thematique_Chevalier_lumiere.png 1200w, https:\/\/www.katag.ca\/wp-content\/uploads\/2015\/11\/Katag_thematique_Chevalier_lumiere-150x150.png 150w, https:\/\/www.katag.ca\/wp-content\/uploads\/2015\/11\/Katag_thematique_Chevalier_lumiere-300x300.png 300w, https:\/\/www.katag.ca\/wp-content\/uploads\/2015\/11\/Katag_thematique_Chevalier_lumiere-768x768.png 768w, https:\/\/www.katag.ca\/wp-content\/uploads\/2015\/11\/Katag_thematique_Chevalier_lumiere-1024x1024.png 1024w, https:\/\/www.katag.ca\/wp-content\/uploads\/2015\/11\/Katag_thematique_Chevalier_lumiere-320x320.png 320w, https:\/\/www.katag.ca\/wp-content\/uploads\/2015\/11\/Katag_thematique_Chevalier_lumiere-640x640.png 640w\" sizes=\"auto, (max-width: 212px) 100vw, 212px\" \/><\/a><a href=\"http:\/\/www.katag.ca\/katag-ninja\/\"><img loading=\"lazy\" decoding=\"async\" class=\" wp-image-115 alignnone\" src=\"http:\/\/www.katag.ca\/wp-content\/uploads\/2014\/09\/Katag_thematique_Ninja-300x300.png\" alt=\"Katag th\u00e9matique Ninja\" width=\"212\" height=\"212\" srcset=\"https:\/\/www.katag.ca\/wp-content\/uploads\/2014\/09\/Katag_thematique_Ninja-300x300.png 300w, https:\/\/www.katag.ca\/wp-content\/uploads\/2014\/09\/Katag_thematique_Ninja-150x150.png 150w, https:\/\/www.katag.ca\/wp-content\/uploads\/2014\/09\/Katag_thematique_Ninja-1024x1024.png 1024w, https:\/\/www.katag.ca\/wp-content\/uploads\/2014\/09\/Katag_thematique_Ninja-320x320.png 320w, https:\/\/www.katag.ca\/wp-content\/uploads\/2014\/09\/Katag_thematique_Ninja-640x640.png 640w, https:\/\/www.katag.ca\/wp-content\/uploads\/2014\/09\/Katag_thematique_Ninja.png 1200w\" sizes=\"auto, (max-width: 212px) 100vw, 212px\" \/><\/a><a href=\"http:\/\/www.katag.ca\/katag-medieval\/\"><img loading=\"lazy\" decoding=\"async\" class=\" wp-image-114 alignnone\" src=\"http:\/\/www.katag.ca\/wp-content\/uploads\/2014\/09\/Katag_thematique_Medieval-300x300.png\" alt=\"Katag th\u00e9matique M\u00e9di\u00e9val\" width=\"212\" height=\"212\" srcset=\"https:\/\/www.katag.ca\/wp-content\/uploads\/2014\/09\/Katag_thematique_Medieval-300x300.png 300w, https:\/\/www.katag.ca\/wp-content\/uploads\/2014\/09\/Katag_thematique_Medieval-150x150.png 150w, https:\/\/www.katag.ca\/wp-content\/uploads\/2014\/09\/Katag_thematique_Medieval-1024x1024.png 1024w, https:\/\/www.katag.ca\/wp-content\/uploads\/2014\/09\/Katag_thematique_Medieval-320x320.png 320w, https:\/\/www.katag.ca\/wp-content\/uploads\/2014\/09\/Katag_thematique_Medieval-640x640.png 640w, https:\/\/www.katag.ca\/wp-content\/uploads\/2014\/09\/Katag_thematique_Medieval.png 1200w\" sizes=\"auto, (max-width: 212px) 100vw, 212px\" \/><\/a><a href=\"http:\/\/www.katag.ca\/katag-sportif\/\"><img loading=\"lazy\" decoding=\"async\" class=\" wp-image-117 alignnone\" src=\"http:\/\/www.katag.ca\/wp-content\/uploads\/2014\/09\/Katag_thematique_Sportif-300x300.png\" alt=\"Katag th\u00e9matique Sportif\" width=\"212\" height=\"212\" srcset=\"https:\/\/www.katag.ca\/wp-content\/uploads\/2014\/09\/Katag_thematique_Sportif-300x300.png 300w, https:\/\/www.katag.ca\/wp-content\/uploads\/2014\/09\/Katag_thematique_Sportif-150x150.png 150w, https:\/\/www.katag.ca\/wp-content\/uploads\/2014\/09\/Katag_thematique_Sportif-1024x1024.png 1024w, https:\/\/www.katag.ca\/wp-content\/uploads\/2014\/09\/Katag_thematique_Sportif-320x320.png 320w, https:\/\/www.katag.ca\/wp-content\/uploads\/2014\/09\/Katag_thematique_Sportif-640x640.png 640w, https:\/\/www.katag.ca\/wp-content\/uploads\/2014\/09\/Katag_thematique_Sportif.png 1200w\" sizes=\"auto, (max-width: 212px) 100vw, 212px\" \/><\/a><\/strong><\/p>","protected":false},"excerpt":{"rendered":"<p>KATAG PIRATE \u00ab Le clan des Couteaux Ardents \u00bb Le synopsis : Isol\u00e9 sur son \u00eele d\u00e9serte, le Capitaine Ramire est le ma\u00eetre corsaire le plus respect\u00e9 des 7 mers. Plus de 1000 abordages, une fortune exceptionnelle et un bateau, Le Carabusier, que personne ne consid\u00e8re pouvoir couler, font de lui une l\u00e9gende vivante. Tout marin qui veut apprendre la piraterie r\u00eave d\u2019\u00eatre son \u00e9l\u00e8ve. Cet \u00e9t\u00e9, tu pourrais \u00eatre l\u2019un des privil\u00e9gi\u00e9s \u00e0 pouvoir devenir un vrai flibustier et ainsi faire partie du Clan des Couteaux Ardents&#8230;.<\/p>\n","protected":false},"author":2,"featured_media":3890,"parent":0,"menu_order":0,"comment_status":"closed","ping_status":"closed","template":"template-image.php","meta":{"footnotes":""},"class_list":["post-3619","page","type-page","status-publish","has-post-thumbnail","hentry"],"yoast_head":"<!-- This site is optimized with the Yoast SEO plugin v26.0 - https:\/\/yoast.com\/wordpress\/plugins\/seo\/ -->\n<title>KATAG PIRATE | Katag<\/title>\n<meta name=\"robots\" content=\"index, follow, max-snippet:-1, max-image-preview:large, max-video-preview:-1\" \/>\n<link rel=\"canonical\" href=\"https:\/\/www.katag.ca\/katag-pirate\/\" \/>\n<meta property=\"og:locale\" content=\"en_US\" \/>\n<meta property=\"og:type\" content=\"article\" \/>\n<meta property=\"og:title\" content=\"KATAG PIRATE | Katag\" \/>\n<meta property=\"og:description\" content=\"KATAG PIRATE \u00ab Le clan des Couteaux Ardents \u00bb Le synopsis : Isol\u00e9 sur son \u00eele d\u00e9serte, le Capitaine Ramire est le ma\u00eetre corsaire le plus respect\u00e9 des 7 mers. Plus de 1000 abordages, une fortune exceptionnelle et un bateau, Le Carabusier, que personne ne consid\u00e8re pouvoir couler, font de lui une l\u00e9gende vivante. Tout marin qui veut apprendre la piraterie r\u00eave d\u2019\u00eatre son \u00e9l\u00e8ve. Cet \u00e9t\u00e9, tu pourrais \u00eatre l\u2019un des privil\u00e9gi\u00e9s \u00e0 pouvoir devenir un vrai flibustier et ainsi faire partie du Clan des Couteaux Ardents....\" \/>\n<meta property=\"og:url\" content=\"https:\/\/www.katag.ca\/katag-pirate\/\" \/>\n<meta property=\"og:site_name\" content=\"Katag\" \/>\n<meta property=\"article:publisher\" content=\"https:\/\/www.facebook.com\/Katag.ca\" \/>\n<meta property=\"article:modified_time\" content=\"2016-05-31T18:17:44+00:00\" \/>\n<meta property=\"og:image\" content=\"https:\/\/www.katag.ca\/wp-content\/uploads\/2015\/11\/katag_thematique_pirate.jpg\" \/>\n\t<meta property=\"og:image:width\" content=\"2400\" \/>\n\t<meta property=\"og:image:height\" content=\"684\" \/>\n\t<meta property=\"og:image:type\" content=\"image\/jpeg\" \/>\n<meta name=\"twitter:card\" content=\"summary_large_image\" \/>\n<meta name=\"twitter:label1\" content=\"Est. reading time\" \/>\n\t<meta name=\"twitter:data1\" content=\"1 minute\" \/>\n<script type=\"application\/ld+json\" class=\"yoast-schema-graph\">{\"@context\":\"https:\/\/schema.org\",\"@graph\":[{\"@type\":\"WebPage\",\"@id\":\"https:\/\/www.katag.ca\/katag-pirate\/\",\"url\":\"https:\/\/www.katag.ca\/katag-pirate\/\",\"name\":\"KATAG PIRATE | Katag\",\"isPartOf\":{\"@id\":\"https:\/\/www.katag.ca\/#website\"},\"primaryImageOfPage\":{\"@id\":\"https:\/\/www.katag.ca\/katag-pirate\/#primaryimage\"},\"image\":{\"@id\":\"https:\/\/www.katag.ca\/katag-pirate\/#primaryimage\"},\"thumbnailUrl\":\"https:\/\/www.katag.ca\/wp-content\/uploads\/2015\/11\/katag_thematique_pirate.jpg\",\"datePublished\":\"2015-11-06T21:36:13+00:00\",\"dateModified\":\"2016-05-31T18:17:44+00:00\",\"breadcrumb\":{\"@id\":\"https:\/\/www.katag.ca\/katag-pirate\/#breadcrumb\"},\"inLanguage\":\"en-US\",\"potentialAction\":[{\"@type\":\"ReadAction\",\"target\":[\"https:\/\/www.katag.ca\/katag-pirate\/\"]}]},{\"@type\":\"ImageObject\",\"inLanguage\":\"en-US\",\"@id\":\"https:\/\/www.katag.ca\/katag-pirate\/#primaryimage\",\"url\":\"https:\/\/www.katag.ca\/wp-content\/uploads\/2015\/11\/katag_thematique_pirate.jpg\",\"contentUrl\":\"https:\/\/www.katag.ca\/wp-content\/uploads\/2015\/11\/katag_thematique_pirate.jpg\",\"width\":2400,\"height\":684},{\"@type\":\"BreadcrumbList\",\"@id\":\"https:\/\/www.katag.ca\/katag-pirate\/#breadcrumb\",\"itemListElement\":[{\"@type\":\"ListItem\",\"position\":1,\"name\":\"Accueil\",\"item\":\"https:\/\/www.katag.ca\/\"},{\"@type\":\"ListItem\",\"position\":2,\"name\":\"KATAG PIRATE\"}]},{\"@type\":\"WebSite\",\"@id\":\"https:\/\/www.katag.ca\/#website\",\"url\":\"https:\/\/www.katag.ca\/\",\"name\":\"Katag\",\"description\":\"LE jeu d'&eacute;p&eacute;es-mousse\",\"publisher\":{\"@id\":\"https:\/\/www.katag.ca\/#organization\"},\"potentialAction\":[{\"@type\":\"SearchAction\",\"target\":{\"@type\":\"EntryPoint\",\"urlTemplate\":\"https:\/\/www.katag.ca\/?s={search_term_string}\"},\"query-input\":{\"@type\":\"PropertyValueSpecification\",\"valueRequired\":true,\"valueName\":\"search_term_string\"}}],\"inLanguage\":\"en-US\"},{\"@type\":\"Organization\",\"@id\":\"https:\/\/www.katag.ca\/#organization\",\"name\":\"Katag\",\"url\":\"https:\/\/www.katag.ca\/\",\"logo\":{\"@type\":\"ImageObject\",\"inLanguage\":\"en-US\",\"@id\":\"https:\/\/www.katag.ca\/#\/schema\/logo\/image\/\",\"url\":\"https:\/\/www.katag.ca\/wp-content\/uploads\/2021\/03\/logo-fr.png\",\"contentUrl\":\"https:\/\/www.katag.ca\/wp-content\/uploads\/2021\/03\/logo-fr.png\",\"width\":338,\"height\":173,\"caption\":\"Katag\"},\"image\":{\"@id\":\"https:\/\/www.katag.ca\/#\/schema\/logo\/image\/\"},\"sameAs\":[\"https:\/\/www.facebook.com\/Katag.ca\"]}]}<\/script>\n<!-- \/ Yoast SEO plugin. -->","yoast_head_json":{"title":"KATAG PIRATE | Katag","robots":{"index":"index","follow":"follow","max-snippet":"max-snippet:-1","max-image-preview":"max-image-preview:large","max-video-preview":"max-video-preview:-1"},"canonical":"https:\/\/www.katag.ca\/katag-pirate\/","og_locale":"en_US","og_type":"article","og_title":"KATAG PIRATE | Katag","og_description":"KATAG PIRATE \u00ab Le clan des Couteaux Ardents \u00bb Le synopsis : Isol\u00e9 sur son \u00eele d\u00e9serte, le Capitaine Ramire est le ma\u00eetre corsaire le plus respect\u00e9 des 7 mers. Plus de 1000 abordages, une fortune exceptionnelle et un bateau, Le Carabusier, que personne ne consid\u00e8re pouvoir couler, font de lui une l\u00e9gende vivante. Tout marin qui veut apprendre la piraterie r\u00eave d\u2019\u00eatre son \u00e9l\u00e8ve. Cet \u00e9t\u00e9, tu pourrais \u00eatre l\u2019un des privil\u00e9gi\u00e9s \u00e0 pouvoir devenir un vrai flibustier et ainsi faire partie du Clan des Couteaux Ardents....","og_url":"https:\/\/www.katag.ca\/katag-pirate\/","og_site_name":"Katag","article_publisher":"https:\/\/www.facebook.com\/Katag.ca","article_modified_time":"2016-05-31T18:17:44+00:00","og_image":[{"width":2400,"height":684,"url":"https:\/\/www.katag.ca\/wp-content\/uploads\/2015\/11\/katag_thematique_pirate.jpg","type":"image\/jpeg"}],"twitter_card":"summary_large_image","twitter_misc":{"Est. reading time":"1 minute"},"schema":{"@context":"https:\/\/schema.org","@graph":[{"@type":"WebPage","@id":"https:\/\/www.katag.ca\/katag-pirate\/","url":"https:\/\/www.katag.ca\/katag-pirate\/","name":"KATAG PIRATE | Katag","isPartOf":{"@id":"https:\/\/www.katag.ca\/#website"},"primaryImageOfPage":{"@id":"https:\/\/www.katag.ca\/katag-pirate\/#primaryimage"},"image":{"@id":"https:\/\/www.katag.ca\/katag-pirate\/#primaryimage"},"thumbnailUrl":"https:\/\/www.katag.ca\/wp-content\/uploads\/2015\/11\/katag_thematique_pirate.jpg","datePublished":"2015-11-06T21:36:13+00:00","dateModified":"2016-05-31T18:17:44+00:00","breadcrumb":{"@id":"https:\/\/www.katag.ca\/katag-pirate\/#breadcrumb"},"inLanguage":"en-US","potentialAction":[{"@type":"ReadAction","target":["https:\/\/www.katag.ca\/katag-pirate\/"]}]},{"@type":"ImageObject","inLanguage":"en-US","@id":"https:\/\/www.katag.ca\/katag-pirate\/#primaryimage","url":"https:\/\/www.katag.ca\/wp-content\/uploads\/2015\/11\/katag_thematique_pirate.jpg","contentUrl":"https:\/\/www.katag.ca\/wp-content\/uploads\/2015\/11\/katag_thematique_pirate.jpg","width":2400,"height":684},{"@type":"BreadcrumbList","@id":"https:\/\/www.katag.ca\/katag-pirate\/#breadcrumb","itemListElement":[{"@type":"ListItem","position":1,"name":"Accueil","item":"https:\/\/www.katag.ca\/"},{"@type":"ListItem","position":2,"name":"KATAG PIRATE"}]},{"@type":"WebSite","@id":"https:\/\/www.katag.ca\/#website","url":"https:\/\/www.katag.ca\/","name":"Katag","description":"LE jeu d'&eacute;p&eacute;es-mousse","publisher":{"@id":"https:\/\/www.katag.ca\/#organization"},"potentialAction":[{"@type":"SearchAction","target":{"@type":"EntryPoint","urlTemplate":"https:\/\/www.katag.ca\/?s={search_term_string}"},"query-input":{"@type":"PropertyValueSpecification","valueRequired":true,"valueName":"search_term_string"}}],"inLanguage":"en-US"},{"@type":"Organization","@id":"https:\/\/www.katag.ca\/#organization","name":"Katag","url":"https:\/\/www.katag.ca\/","logo":{"@type":"ImageObject","inLanguage":"en-US","@id":"https:\/\/www.katag.ca\/#\/schema\/logo\/image\/","url":"https:\/\/www.katag.ca\/wp-content\/uploads\/2021\/03\/logo-fr.png","contentUrl":"https:\/\/www.katag.ca\/wp-content\/uploads\/2021\/03\/logo-fr.png","width":338,"height":173,"caption":"Katag"},"image":{"@id":"https:\/\/www.katag.ca\/#\/schema\/logo\/image\/"},"sameAs":["https:\/\/www.facebook.com\/Katag.ca"]}]}},"_links":{"self":[{"href":"https:\/\/www.katag.ca\/en\/wp-json\/wp\/v2\/pages\/3619","targetHints":{"allow":["GET"]}}],"collection":[{"href":"https:\/\/www.katag.ca\/en\/wp-json\/wp\/v2\/pages"}],"about":[{"href":"https:\/\/www.katag.ca\/en\/wp-json\/wp\/v2\/types\/page"}],"author":[{"embeddable":true,"href":"https:\/\/www.katag.ca\/en\/wp-json\/wp\/v2\/users\/2"}],"replies":[{"embeddable":true,"href":"https:\/\/www.katag.ca\/en\/wp-json\/wp\/v2\/comments?post=3619"}],"version-history":[{"count":8,"href":"https:\/\/www.katag.ca\/en\/wp-json\/wp\/v2\/pages\/3619\/revisions"}],"predecessor-version":[{"id":4207,"href":"https:\/\/www.katag.ca\/en\/wp-json\/wp\/v2\/pages\/3619\/revisions\/4207"}],"wp:featuredmedia":[{"embeddable":true,"href":"https:\/\/www.katag.ca\/en\/wp-json\/wp\/v2\/media\/3890"}],"wp:attachment":[{"href":"https:\/\/www.katag.ca\/en\/wp-json\/wp\/v2\/media?parent=3619"}],"curies":[{"name":"wp","href":"https:\/\/api.w.org\/{rel}","templated":true}]}}