{"id":3623,"date":"2015-11-06T21:38:43","date_gmt":"2015-11-06T21:38:43","guid":{"rendered":"http:\/\/www.katag.ca\/?page_id=3623"},"modified":"2016-05-31T18:29:36","modified_gmt":"2016-05-31T18:29:36","slug":"katag-chevalier-lumiere","status":"publish","type":"page","link":"https:\/\/www.katag.ca\/en\/katag-chevalier-lumiere\/","title":{"rendered":"KATAG CHEVALIER DE LA LUMI\u00c8RE"},"content":{"rendered":"<span style=\"color: #243b95;\"><strong>KATAG KNIGHT OF THE LIGHT<\/strong><\/span><br \/>\n<em><strong>\u00ab Les Messagers de la R\u00e9sistance \u00bb<\/strong><\/em><\/p>\n<p><strong><span style=\"color: #6abb45;\">Le synopsis :<\/span><\/strong><br \/>\nQuelques ann\u00e9es ont pass\u00e9es depuis la chute du R\u00e9gime D\u00e9mocratique Intergalactique qui a laiss\u00e9 place au r\u00e8gne de l\u2019empereur Alphar et de son jeune apprenti Rom\u00e9us. L\u2019Ordre des Chevalier de la Lumi\u00e8re, d\u00e9fenseurs de la paix, a presque totalement \u00e9t\u00e9 an\u00e9anti. La plupart des syst\u00e8mes interplan\u00e9taires sont maintenant sous l\u2019emprise du vil Alphar, mais des cellules de r\u00e9sistance commencent \u00e0 s\u2019organiser dans le but de contrer ses sombres desseins.<\/p>\n<p>Un message tr\u00e8s important doit \u00eatre remis aux diff\u00e9rents chefs afin de consolider leurs alliances. Vous en serez les porteurs et vous avez le devoir et la mission de le prot\u00e9ger et de le remettre intact aux quatre coins de la galaxie. Donc, au cours de la semaine vous recevrez les enseignements de l\u2019un des derniers maitres de la Lumi\u00e8re encore vivant. Il vous enseignera \u00e0 maitriser l&#8217;\u00e9nergie afin de vous pr\u00e9parer \u00e0 accomplir votre p\u00e9rilleuse mission!<\/p>\n<p><em>Vous deviendrez les messagers de la R\u00e9sistance!<\/em><\/p>\n<p><strong><a href=\"http:\/\/www.katag.ca\/photos-thematique-chevalier-lumiere\/\">See Katag \u00abKnight of the Light\u00bb photos<\/a><\/strong><\/p>\n<p>&nbsp;<\/p>\n<p>&nbsp;<\/p>\n<hr \/>\n<p style=\"text-align: center;\"><strong>OTHER THEMES AVAILABLES<\/strong><\/p>\n<p style=\"text-align: center;\"><strong><a href=\"http:\/\/www.katag.ca\/katag-ninja\/\"><img loading=\"lazy\" decoding=\"async\" class=\" wp-image-115 alignnone\" src=\"http:\/\/www.katag.ca\/wp-content\/uploads\/2014\/09\/Katag_thematique_Ninja-300x300.png\" alt=\"Katag th\u00e9matique Ninja\" width=\"212\" height=\"212\" srcset=\"https:\/\/www.katag.ca\/wp-content\/uploads\/2014\/09\/Katag_thematique_Ninja-300x300.png 300w, https:\/\/www.katag.ca\/wp-content\/uploads\/2014\/09\/Katag_thematique_Ninja-150x150.png 150w, https:\/\/www.katag.ca\/wp-content\/uploads\/2014\/09\/Katag_thematique_Ninja-1024x1024.png 1024w, https:\/\/www.katag.ca\/wp-content\/uploads\/2014\/09\/Katag_thematique_Ninja-320x320.png 320w, https:\/\/www.katag.ca\/wp-content\/uploads\/2014\/09\/Katag_thematique_Ninja-640x640.png 640w, https:\/\/www.katag.ca\/wp-content\/uploads\/2014\/09\/Katag_thematique_Ninja.png 1200w\" sizes=\"auto, (max-width: 212px) 100vw, 212px\" \/><\/a><a href=\"http:\/\/www.katag.ca\/katag-pirate\/\"><img loading=\"lazy\" decoding=\"async\" class=\" wp-image-116 alignnone\" src=\"http:\/\/www.katag.ca\/wp-content\/uploads\/2014\/09\/Katag_thematique_Pirate-300x300.png\" alt=\"Katag th\u00e9matique Pirate\" width=\"213\" height=\"213\" srcset=\"https:\/\/www.katag.ca\/wp-content\/uploads\/2014\/09\/Katag_thematique_Pirate-300x300.png 300w, https:\/\/www.katag.ca\/wp-content\/uploads\/2014\/09\/Katag_thematique_Pirate-150x150.png 150w, https:\/\/www.katag.ca\/wp-content\/uploads\/2014\/09\/Katag_thematique_Pirate-1024x1024.png 1024w, https:\/\/www.katag.ca\/wp-content\/uploads\/2014\/09\/Katag_thematique_Pirate-320x320.png 320w, https:\/\/www.katag.ca\/wp-content\/uploads\/2014\/09\/Katag_thematique_Pirate-640x640.png 640w, https:\/\/www.katag.ca\/wp-content\/uploads\/2014\/09\/Katag_thematique_Pirate.png 1200w\" sizes=\"auto, (max-width: 213px) 100vw, 213px\" \/><\/a><a href=\"http:\/\/www.katag.ca\/katag-medieval\/\"><img loading=\"lazy\" decoding=\"async\" class=\" wp-image-114 alignnone\" src=\"http:\/\/www.katag.ca\/wp-content\/uploads\/2014\/09\/Katag_thematique_Medieval-300x300.png\" alt=\"Katag th\u00e9matique M\u00e9di\u00e9val\" width=\"212\" height=\"212\" srcset=\"https:\/\/www.katag.ca\/wp-content\/uploads\/2014\/09\/Katag_thematique_Medieval-300x300.png 300w, https:\/\/www.katag.ca\/wp-content\/uploads\/2014\/09\/Katag_thematique_Medieval-150x150.png 150w, https:\/\/www.katag.ca\/wp-content\/uploads\/2014\/09\/Katag_thematique_Medieval-1024x1024.png 1024w, https:\/\/www.katag.ca\/wp-content\/uploads\/2014\/09\/Katag_thematique_Medieval-320x320.png 320w, https:\/\/www.katag.ca\/wp-content\/uploads\/2014\/09\/Katag_thematique_Medieval-640x640.png 640w, https:\/\/www.katag.ca\/wp-content\/uploads\/2014\/09\/Katag_thematique_Medieval.png 1200w\" sizes=\"auto, (max-width: 212px) 100vw, 212px\" \/><\/a><a href=\"http:\/\/www.katag.ca\/katag-sportif\/\"><img loading=\"lazy\" decoding=\"async\" class=\" wp-image-117 alignnone\" src=\"http:\/\/www.katag.ca\/wp-content\/uploads\/2014\/09\/Katag_thematique_Sportif-300x300.png\" alt=\"Katag th\u00e9matique Sportif\" width=\"212\" height=\"212\" srcset=\"https:\/\/www.katag.ca\/wp-content\/uploads\/2014\/09\/Katag_thematique_Sportif-300x300.png 300w, https:\/\/www.katag.ca\/wp-content\/uploads\/2014\/09\/Katag_thematique_Sportif-150x150.png 150w, https:\/\/www.katag.ca\/wp-content\/uploads\/2014\/09\/Katag_thematique_Sportif-1024x1024.png 1024w, https:\/\/www.katag.ca\/wp-content\/uploads\/2014\/09\/Katag_thematique_Sportif-320x320.png 320w, https:\/\/www.katag.ca\/wp-content\/uploads\/2014\/09\/Katag_thematique_Sportif-640x640.png 640w, https:\/\/www.katag.ca\/wp-content\/uploads\/2014\/09\/Katag_thematique_Sportif.png 1200w\" sizes=\"auto, (max-width: 212px) 100vw, 212px\" \/><\/a><\/strong><\/p>\n<p style=\"text-align: center;\">","protected":false},"excerpt":{"rendered":"<p>KATAG KNIGHT OF THE LIGHT \u00ab Les Messagers de la R\u00e9sistance \u00bb Le synopsis : Quelques ann\u00e9es ont pass\u00e9es depuis la chute du R\u00e9gime D\u00e9mocratique Intergalactique qui a laiss\u00e9 place au r\u00e8gne de l\u2019empereur Alphar et de son jeune apprenti Rom\u00e9us. L\u2019Ordre des Chevalier de la Lumi\u00e8re, d\u00e9fenseurs de la paix, a presque totalement \u00e9t\u00e9 an\u00e9anti. La plupart des syst\u00e8mes interplan\u00e9taires sont maintenant sous l\u2019emprise du vil Alphar, mais des cellules de r\u00e9sistance commencent \u00e0 s\u2019organiser dans le but de contrer ses sombres desseins. Un message tr\u00e8s important&#8230;<\/p>\n","protected":false},"author":2,"featured_media":4214,"parent":0,"menu_order":0,"comment_status":"closed","ping_status":"closed","template":"template-image.php","meta":{"footnotes":""},"class_list":["post-3623","page","type-page","status-publish","has-post-thumbnail","hentry"],"yoast_head":"<!-- This site is optimized with the Yoast SEO plugin v26.0 - https:\/\/yoast.com\/wordpress\/plugins\/seo\/ -->\n<title>KATAG CHEVALIER DE LA LUMI\u00c8RE | Katag<\/title>\n<meta name=\"robots\" content=\"index, follow, max-snippet:-1, max-image-preview:large, max-video-preview:-1\" \/>\n<link rel=\"canonical\" href=\"https:\/\/www.katag.ca\/katag-chevalier-lumiere\/\" \/>\n<meta property=\"og:locale\" content=\"en_US\" \/>\n<meta property=\"og:type\" content=\"article\" \/>\n<meta property=\"og:title\" content=\"KATAG CHEVALIER DE LA LUMI\u00c8RE | Katag\" \/>\n<meta property=\"og:description\" content=\"KATAG KNIGHT OF THE LIGHT \u00ab Les Messagers de la R\u00e9sistance \u00bb Le synopsis : Quelques ann\u00e9es ont pass\u00e9es depuis la chute du R\u00e9gime D\u00e9mocratique Intergalactique qui a laiss\u00e9 place au r\u00e8gne de l\u2019empereur Alphar et de son jeune apprenti Rom\u00e9us. L\u2019Ordre des Chevalier de la Lumi\u00e8re, d\u00e9fenseurs de la paix, a presque totalement \u00e9t\u00e9 an\u00e9anti. La plupart des syst\u00e8mes interplan\u00e9taires sont maintenant sous l\u2019emprise du vil Alphar, mais des cellules de r\u00e9sistance commencent \u00e0 s\u2019organiser dans le but de contrer ses sombres desseins. Un message tr\u00e8s important...\" \/>\n<meta property=\"og:url\" content=\"https:\/\/www.katag.ca\/katag-chevalier-lumiere\/\" \/>\n<meta property=\"og:site_name\" content=\"Katag\" \/>\n<meta property=\"article:publisher\" content=\"https:\/\/www.facebook.com\/Katag.ca\" \/>\n<meta property=\"article:modified_time\" content=\"2016-05-31T18:29:36+00:00\" \/>\n<meta property=\"og:image\" content=\"https:\/\/www.katag.ca\/wp-content\/uploads\/2015\/11\/katag_thematique_chevalier_lumiere-1.jpg\" \/>\n\t<meta property=\"og:image:width\" content=\"2400\" \/>\n\t<meta property=\"og:image:height\" content=\"684\" \/>\n\t<meta property=\"og:image:type\" content=\"image\/jpeg\" \/>\n<meta name=\"twitter:card\" content=\"summary_large_image\" \/>\n<meta name=\"twitter:label1\" content=\"Est. reading time\" \/>\n\t<meta name=\"twitter:data1\" content=\"2 minutes\" \/>\n<script type=\"application\/ld+json\" class=\"yoast-schema-graph\">{\"@context\":\"https:\/\/schema.org\",\"@graph\":[{\"@type\":\"WebPage\",\"@id\":\"https:\/\/www.katag.ca\/katag-chevalier-lumiere\/\",\"url\":\"https:\/\/www.katag.ca\/katag-chevalier-lumiere\/\",\"name\":\"KATAG CHEVALIER DE LA LUMI\u00c8RE | Katag\",\"isPartOf\":{\"@id\":\"https:\/\/www.katag.ca\/#website\"},\"primaryImageOfPage\":{\"@id\":\"https:\/\/www.katag.ca\/katag-chevalier-lumiere\/#primaryimage\"},\"image\":{\"@id\":\"https:\/\/www.katag.ca\/katag-chevalier-lumiere\/#primaryimage\"},\"thumbnailUrl\":\"https:\/\/www.katag.ca\/wp-content\/uploads\/2015\/11\/katag_thematique_chevalier_lumiere-1.jpg\",\"datePublished\":\"2015-11-06T21:38:43+00:00\",\"dateModified\":\"2016-05-31T18:29:36+00:00\",\"breadcrumb\":{\"@id\":\"https:\/\/www.katag.ca\/katag-chevalier-lumiere\/#breadcrumb\"},\"inLanguage\":\"en-US\",\"potentialAction\":[{\"@type\":\"ReadAction\",\"target\":[\"https:\/\/www.katag.ca\/katag-chevalier-lumiere\/\"]}]},{\"@type\":\"ImageObject\",\"inLanguage\":\"en-US\",\"@id\":\"https:\/\/www.katag.ca\/katag-chevalier-lumiere\/#primaryimage\",\"url\":\"https:\/\/www.katag.ca\/wp-content\/uploads\/2015\/11\/katag_thematique_chevalier_lumiere-1.jpg\",\"contentUrl\":\"https:\/\/www.katag.ca\/wp-content\/uploads\/2015\/11\/katag_thematique_chevalier_lumiere-1.jpg\",\"width\":2400,\"height\":684},{\"@type\":\"BreadcrumbList\",\"@id\":\"https:\/\/www.katag.ca\/katag-chevalier-lumiere\/#breadcrumb\",\"itemListElement\":[{\"@type\":\"ListItem\",\"position\":1,\"name\":\"Accueil\",\"item\":\"https:\/\/www.katag.ca\/\"},{\"@type\":\"ListItem\",\"position\":2,\"name\":\"KATAG CHEVALIER DE LA LUMI\u00c8RE\"}]},{\"@type\":\"WebSite\",\"@id\":\"https:\/\/www.katag.ca\/#website\",\"url\":\"https:\/\/www.katag.ca\/\",\"name\":\"Katag\",\"description\":\"LE jeu d'&eacute;p&eacute;es-mousse\",\"publisher\":{\"@id\":\"https:\/\/www.katag.ca\/#organization\"},\"potentialAction\":[{\"@type\":\"SearchAction\",\"target\":{\"@type\":\"EntryPoint\",\"urlTemplate\":\"https:\/\/www.katag.ca\/?s={search_term_string}\"},\"query-input\":{\"@type\":\"PropertyValueSpecification\",\"valueRequired\":true,\"valueName\":\"search_term_string\"}}],\"inLanguage\":\"en-US\"},{\"@type\":\"Organization\",\"@id\":\"https:\/\/www.katag.ca\/#organization\",\"name\":\"Katag\",\"url\":\"https:\/\/www.katag.ca\/\",\"logo\":{\"@type\":\"ImageObject\",\"inLanguage\":\"en-US\",\"@id\":\"https:\/\/www.katag.ca\/#\/schema\/logo\/image\/\",\"url\":\"https:\/\/www.katag.ca\/wp-content\/uploads\/2021\/03\/logo-fr.png\",\"contentUrl\":\"https:\/\/www.katag.ca\/wp-content\/uploads\/2021\/03\/logo-fr.png\",\"width\":338,\"height\":173,\"caption\":\"Katag\"},\"image\":{\"@id\":\"https:\/\/www.katag.ca\/#\/schema\/logo\/image\/\"},\"sameAs\":[\"https:\/\/www.facebook.com\/Katag.ca\"]}]}<\/script>\n<!-- \/ Yoast SEO plugin. -->","yoast_head_json":{"title":"KATAG CHEVALIER DE LA LUMI\u00c8RE | Katag","robots":{"index":"index","follow":"follow","max-snippet":"max-snippet:-1","max-image-preview":"max-image-preview:large","max-video-preview":"max-video-preview:-1"},"canonical":"https:\/\/www.katag.ca\/katag-chevalier-lumiere\/","og_locale":"en_US","og_type":"article","og_title":"KATAG CHEVALIER DE LA LUMI\u00c8RE | Katag","og_description":"KATAG KNIGHT OF THE LIGHT \u00ab Les Messagers de la R\u00e9sistance \u00bb Le synopsis : Quelques ann\u00e9es ont pass\u00e9es depuis la chute du R\u00e9gime D\u00e9mocratique Intergalactique qui a laiss\u00e9 place au r\u00e8gne de l\u2019empereur Alphar et de son jeune apprenti Rom\u00e9us. L\u2019Ordre des Chevalier de la Lumi\u00e8re, d\u00e9fenseurs de la paix, a presque totalement \u00e9t\u00e9 an\u00e9anti. La plupart des syst\u00e8mes interplan\u00e9taires sont maintenant sous l\u2019emprise du vil Alphar, mais des cellules de r\u00e9sistance commencent \u00e0 s\u2019organiser dans le but de contrer ses sombres desseins. Un message tr\u00e8s important...","og_url":"https:\/\/www.katag.ca\/katag-chevalier-lumiere\/","og_site_name":"Katag","article_publisher":"https:\/\/www.facebook.com\/Katag.ca","article_modified_time":"2016-05-31T18:29:36+00:00","og_image":[{"width":2400,"height":684,"url":"https:\/\/www.katag.ca\/wp-content\/uploads\/2015\/11\/katag_thematique_chevalier_lumiere-1.jpg","type":"image\/jpeg"}],"twitter_card":"summary_large_image","twitter_misc":{"Est. reading time":"2 minutes"},"schema":{"@context":"https:\/\/schema.org","@graph":[{"@type":"WebPage","@id":"https:\/\/www.katag.ca\/katag-chevalier-lumiere\/","url":"https:\/\/www.katag.ca\/katag-chevalier-lumiere\/","name":"KATAG CHEVALIER DE LA LUMI\u00c8RE | Katag","isPartOf":{"@id":"https:\/\/www.katag.ca\/#website"},"primaryImageOfPage":{"@id":"https:\/\/www.katag.ca\/katag-chevalier-lumiere\/#primaryimage"},"image":{"@id":"https:\/\/www.katag.ca\/katag-chevalier-lumiere\/#primaryimage"},"thumbnailUrl":"https:\/\/www.katag.ca\/wp-content\/uploads\/2015\/11\/katag_thematique_chevalier_lumiere-1.jpg","datePublished":"2015-11-06T21:38:43+00:00","dateModified":"2016-05-31T18:29:36+00:00","breadcrumb":{"@id":"https:\/\/www.katag.ca\/katag-chevalier-lumiere\/#breadcrumb"},"inLanguage":"en-US","potentialAction":[{"@type":"ReadAction","target":["https:\/\/www.katag.ca\/katag-chevalier-lumiere\/"]}]},{"@type":"ImageObject","inLanguage":"en-US","@id":"https:\/\/www.katag.ca\/katag-chevalier-lumiere\/#primaryimage","url":"https:\/\/www.katag.ca\/wp-content\/uploads\/2015\/11\/katag_thematique_chevalier_lumiere-1.jpg","contentUrl":"https:\/\/www.katag.ca\/wp-content\/uploads\/2015\/11\/katag_thematique_chevalier_lumiere-1.jpg","width":2400,"height":684},{"@type":"BreadcrumbList","@id":"https:\/\/www.katag.ca\/katag-chevalier-lumiere\/#breadcrumb","itemListElement":[{"@type":"ListItem","position":1,"name":"Accueil","item":"https:\/\/www.katag.ca\/"},{"@type":"ListItem","position":2,"name":"KATAG CHEVALIER DE LA LUMI\u00c8RE"}]},{"@type":"WebSite","@id":"https:\/\/www.katag.ca\/#website","url":"https:\/\/www.katag.ca\/","name":"Katag","description":"LE jeu d'&eacute;p&eacute;es-mousse","publisher":{"@id":"https:\/\/www.katag.ca\/#organization"},"potentialAction":[{"@type":"SearchAction","target":{"@type":"EntryPoint","urlTemplate":"https:\/\/www.katag.ca\/?s={search_term_string}"},"query-input":{"@type":"PropertyValueSpecification","valueRequired":true,"valueName":"search_term_string"}}],"inLanguage":"en-US"},{"@type":"Organization","@id":"https:\/\/www.katag.ca\/#organization","name":"Katag","url":"https:\/\/www.katag.ca\/","logo":{"@type":"ImageObject","inLanguage":"en-US","@id":"https:\/\/www.katag.ca\/#\/schema\/logo\/image\/","url":"https:\/\/www.katag.ca\/wp-content\/uploads\/2021\/03\/logo-fr.png","contentUrl":"https:\/\/www.katag.ca\/wp-content\/uploads\/2021\/03\/logo-fr.png","width":338,"height":173,"caption":"Katag"},"image":{"@id":"https:\/\/www.katag.ca\/#\/schema\/logo\/image\/"},"sameAs":["https:\/\/www.facebook.com\/Katag.ca"]}]}},"_links":{"self":[{"href":"https:\/\/www.katag.ca\/en\/wp-json\/wp\/v2\/pages\/3623","targetHints":{"allow":["GET"]}}],"collection":[{"href":"https:\/\/www.katag.ca\/en\/wp-json\/wp\/v2\/pages"}],"about":[{"href":"https:\/\/www.katag.ca\/en\/wp-json\/wp\/v2\/types\/page"}],"author":[{"embeddable":true,"href":"https:\/\/www.katag.ca\/en\/wp-json\/wp\/v2\/users\/2"}],"replies":[{"embeddable":true,"href":"https:\/\/www.katag.ca\/en\/wp-json\/wp\/v2\/comments?post=3623"}],"version-history":[{"count":17,"href":"https:\/\/www.katag.ca\/en\/wp-json\/wp\/v2\/pages\/3623\/revisions"}],"predecessor-version":[{"id":3884,"href":"https:\/\/www.katag.ca\/en\/wp-json\/wp\/v2\/pages\/3623\/revisions\/3884"}],"wp:featuredmedia":[{"embeddable":true,"href":"https:\/\/www.katag.ca\/en\/wp-json\/wp\/v2\/media\/4214"}],"wp:attachment":[{"href":"https:\/\/www.katag.ca\/en\/wp-json\/wp\/v2\/media?parent=3623"}],"curies":[{"name":"wp","href":"https:\/\/api.w.org\/{rel}","templated":true}]}}