{"id":3627,"date":"2015-11-06T21:42:43","date_gmt":"2015-11-06T21:42:43","guid":{"rendered":"http:\/\/www.katag.ca\/?page_id=3627"},"modified":"2016-05-31T18:22:44","modified_gmt":"2016-05-31T18:22:44","slug":"katag-sportif","status":"publish","type":"page","link":"https:\/\/www.katag.ca\/en\/katag-sportif\/","title":{"rendered":"KATAG SPORTIF"},"content":{"rendered":"<span style=\"color: #243b95;\"><strong>KATAG SPORT<\/strong><\/span><br \/>\n<em><strong>\u00ab \u00c9p\u00e9e au fourreau ! \u00c9p\u00e9e en l\u2019air ! Chargez ! \u00bb<\/strong><\/em><\/p>\n<p>Pendant toute une semaine, en compagnie d\u2019un ma\u00eetre KATAG, viens apprendre les r\u00e8gles et les secrets de ce sport d\u2019\u00e9p\u00e9es-mousse dans lequel deux \u00e9quipes s\u2019affrontent au grand air. \u00c0 chaque jour, tu d\u00e9couvriras comment manier l\u2019\u00e9p\u00e9e, la lance et le bouclier dans toute sorte de situation de jeu. Deviens aussi un \u00ab fut\u00e9 \u00bb hors pair, un \u00ab fant\u00f4me \u00bb redoutable ou un \u00ab mage \u00bb efficace. Viens mettre \u00e0 profit ton imagination et ton sens strat\u00e9gique et fais de toi un joueur de KATAG aguerri.<\/p>\n<p><em>Adr\u00e9naline, d\u00e9foulement et plaisir garantis !<\/em><\/p>\n<p><strong><a href=\"http:\/\/www.katag.ca\/photos-katag-dans-les-ecoles-2013\/\">See\u00a0Katag Sport photos<\/a><\/strong><\/p>\n<p>&nbsp;<\/p>\n<p>&nbsp;<\/p>\n<hr \/>\n<p style=\"text-align: center;\"><strong>OTHER THEMES AVAILABLES<\/strong><\/p>\n<p style=\"text-align: center;\"><strong><a href=\"http:\/\/www.katag.ca\/en\/katag-chevalier-lumiere\/\"><img loading=\"lazy\" decoding=\"async\" class=\"alignnone wp-image-4204\" src=\"http:\/\/www.katag.ca\/wp-content\/uploads\/2015\/11\/Katag_thematique_Chevalier_lumiere.png\" alt=\"Katag th\u00e9matique Chevalier de la lumi\u00e8re\" width=\"212\" height=\"212\" srcset=\"https:\/\/www.katag.ca\/wp-content\/uploads\/2015\/11\/Katag_thematique_Chevalier_lumiere.png 1200w, https:\/\/www.katag.ca\/wp-content\/uploads\/2015\/11\/Katag_thematique_Chevalier_lumiere-150x150.png 150w, https:\/\/www.katag.ca\/wp-content\/uploads\/2015\/11\/Katag_thematique_Chevalier_lumiere-300x300.png 300w, https:\/\/www.katag.ca\/wp-content\/uploads\/2015\/11\/Katag_thematique_Chevalier_lumiere-768x768.png 768w, https:\/\/www.katag.ca\/wp-content\/uploads\/2015\/11\/Katag_thematique_Chevalier_lumiere-1024x1024.png 1024w, https:\/\/www.katag.ca\/wp-content\/uploads\/2015\/11\/Katag_thematique_Chevalier_lumiere-320x320.png 320w, https:\/\/www.katag.ca\/wp-content\/uploads\/2015\/11\/Katag_thematique_Chevalier_lumiere-640x640.png 640w\" sizes=\"auto, (max-width: 212px) 100vw, 212px\" \/><\/a><a href=\"http:\/\/www.katag.ca\/katag-ninja\/\"><img loading=\"lazy\" decoding=\"async\" class=\" wp-image-115 alignnone\" src=\"http:\/\/www.katag.ca\/wp-content\/uploads\/2014\/09\/Katag_thematique_Ninja-300x300.png\" alt=\"Katag th\u00e9matique Ninja\" width=\"212\" height=\"212\" srcset=\"https:\/\/www.katag.ca\/wp-content\/uploads\/2014\/09\/Katag_thematique_Ninja-300x300.png 300w, https:\/\/www.katag.ca\/wp-content\/uploads\/2014\/09\/Katag_thematique_Ninja-150x150.png 150w, https:\/\/www.katag.ca\/wp-content\/uploads\/2014\/09\/Katag_thematique_Ninja-1024x1024.png 1024w, https:\/\/www.katag.ca\/wp-content\/uploads\/2014\/09\/Katag_thematique_Ninja-320x320.png 320w, https:\/\/www.katag.ca\/wp-content\/uploads\/2014\/09\/Katag_thematique_Ninja-640x640.png 640w, https:\/\/www.katag.ca\/wp-content\/uploads\/2014\/09\/Katag_thematique_Ninja.png 1200w\" sizes=\"auto, (max-width: 212px) 100vw, 212px\" \/><\/a><a href=\"http:\/\/www.katag.ca\/katag-medieval\/\"><img loading=\"lazy\" decoding=\"async\" class=\" wp-image-114 alignnone\" src=\"http:\/\/www.katag.ca\/wp-content\/uploads\/2014\/09\/Katag_thematique_Medieval-300x300.png\" alt=\"Katag th\u00e9matique M\u00e9di\u00e9val\" width=\"212\" height=\"212\" srcset=\"https:\/\/www.katag.ca\/wp-content\/uploads\/2014\/09\/Katag_thematique_Medieval-300x300.png 300w, https:\/\/www.katag.ca\/wp-content\/uploads\/2014\/09\/Katag_thematique_Medieval-150x150.png 150w, https:\/\/www.katag.ca\/wp-content\/uploads\/2014\/09\/Katag_thematique_Medieval-1024x1024.png 1024w, https:\/\/www.katag.ca\/wp-content\/uploads\/2014\/09\/Katag_thematique_Medieval-320x320.png 320w, https:\/\/www.katag.ca\/wp-content\/uploads\/2014\/09\/Katag_thematique_Medieval-640x640.png 640w, https:\/\/www.katag.ca\/wp-content\/uploads\/2014\/09\/Katag_thematique_Medieval.png 1200w\" sizes=\"auto, (max-width: 212px) 100vw, 212px\" \/><\/a><a href=\"http:\/\/www.katag.ca\/katag-pirate\/\"><img loading=\"lazy\" decoding=\"async\" class=\" wp-image-116 alignnone\" src=\"http:\/\/www.katag.ca\/wp-content\/uploads\/2014\/09\/Katag_thematique_Pirate.png\" alt=\"Katag th\u00e9matique Pirate\" width=\"212\" height=\"212\" srcset=\"https:\/\/www.katag.ca\/wp-content\/uploads\/2014\/09\/Katag_thematique_Pirate.png 1200w, https:\/\/www.katag.ca\/wp-content\/uploads\/2014\/09\/Katag_thematique_Pirate-150x150.png 150w, https:\/\/www.katag.ca\/wp-content\/uploads\/2014\/09\/Katag_thematique_Pirate-300x300.png 300w, https:\/\/www.katag.ca\/wp-content\/uploads\/2014\/09\/Katag_thematique_Pirate-1024x1024.png 1024w, https:\/\/www.katag.ca\/wp-content\/uploads\/2014\/09\/Katag_thematique_Pirate-320x320.png 320w, https:\/\/www.katag.ca\/wp-content\/uploads\/2014\/09\/Katag_thematique_Pirate-640x640.png 640w\" sizes=\"auto, (max-width: 212px) 100vw, 212px\" \/><\/a><\/strong><\/p>","protected":false},"excerpt":{"rendered":"<p>KATAG SPORT \u00ab \u00c9p\u00e9e au fourreau ! \u00c9p\u00e9e en l\u2019air ! Chargez ! \u00bb Pendant toute une semaine, en compagnie d\u2019un ma\u00eetre KATAG, viens apprendre les r\u00e8gles et les secrets de ce sport d\u2019\u00e9p\u00e9es-mousse dans lequel deux \u00e9quipes s\u2019affrontent au grand air. \u00c0 chaque jour, tu d\u00e9couvriras comment manier l\u2019\u00e9p\u00e9e, la lance et le bouclier dans toute sorte de situation de jeu. Deviens aussi un \u00ab fut\u00e9 \u00bb hors pair, un \u00ab fant\u00f4me \u00bb redoutable ou un \u00ab mage \u00bb efficace. Viens mettre \u00e0 profit ton imagination et&#8230;<\/p>\n","protected":false},"author":2,"featured_media":3889,"parent":0,"menu_order":0,"comment_status":"closed","ping_status":"closed","template":"template-image.php","meta":{"footnotes":""},"class_list":["post-3627","page","type-page","status-publish","has-post-thumbnail","hentry"],"yoast_head":"<!-- This site is optimized with the Yoast SEO plugin v26.0 - https:\/\/yoast.com\/wordpress\/plugins\/seo\/ -->\n<title>KATAG SPORTIF | Katag<\/title>\n<meta name=\"robots\" content=\"index, follow, max-snippet:-1, max-image-preview:large, max-video-preview:-1\" \/>\n<link rel=\"canonical\" href=\"https:\/\/www.katag.ca\/katag-sportif\/\" \/>\n<meta property=\"og:locale\" content=\"en_US\" \/>\n<meta property=\"og:type\" content=\"article\" \/>\n<meta property=\"og:title\" content=\"KATAG SPORTIF | Katag\" \/>\n<meta property=\"og:description\" content=\"KATAG SPORT \u00ab \u00c9p\u00e9e au fourreau ! \u00c9p\u00e9e en l\u2019air ! Chargez ! \u00bb Pendant toute une semaine, en compagnie d\u2019un ma\u00eetre KATAG, viens apprendre les r\u00e8gles et les secrets de ce sport d\u2019\u00e9p\u00e9es-mousse dans lequel deux \u00e9quipes s\u2019affrontent au grand air. \u00c0 chaque jour, tu d\u00e9couvriras comment manier l\u2019\u00e9p\u00e9e, la lance et le bouclier dans toute sorte de situation de jeu. Deviens aussi un \u00ab fut\u00e9 \u00bb hors pair, un \u00ab fant\u00f4me \u00bb redoutable ou un \u00ab mage \u00bb efficace. Viens mettre \u00e0 profit ton imagination et...\" \/>\n<meta property=\"og:url\" content=\"https:\/\/www.katag.ca\/katag-sportif\/\" \/>\n<meta property=\"og:site_name\" content=\"Katag\" \/>\n<meta property=\"article:publisher\" content=\"https:\/\/www.facebook.com\/Katag.ca\" \/>\n<meta property=\"article:modified_time\" content=\"2016-05-31T18:22:44+00:00\" \/>\n<meta property=\"og:image\" content=\"https:\/\/www.katag.ca\/wp-content\/uploads\/2015\/11\/katag_thematique_sportif.jpg\" \/>\n\t<meta property=\"og:image:width\" content=\"2400\" \/>\n\t<meta property=\"og:image:height\" content=\"684\" \/>\n\t<meta property=\"og:image:type\" content=\"image\/jpeg\" \/>\n<meta name=\"twitter:card\" content=\"summary_large_image\" \/>\n<meta name=\"twitter:label1\" content=\"Est. reading time\" \/>\n\t<meta name=\"twitter:data1\" content=\"1 minute\" \/>\n<script type=\"application\/ld+json\" class=\"yoast-schema-graph\">{\"@context\":\"https:\/\/schema.org\",\"@graph\":[{\"@type\":\"WebPage\",\"@id\":\"https:\/\/www.katag.ca\/katag-sportif\/\",\"url\":\"https:\/\/www.katag.ca\/katag-sportif\/\",\"name\":\"KATAG SPORTIF | Katag\",\"isPartOf\":{\"@id\":\"https:\/\/www.katag.ca\/#website\"},\"primaryImageOfPage\":{\"@id\":\"https:\/\/www.katag.ca\/katag-sportif\/#primaryimage\"},\"image\":{\"@id\":\"https:\/\/www.katag.ca\/katag-sportif\/#primaryimage\"},\"thumbnailUrl\":\"https:\/\/www.katag.ca\/wp-content\/uploads\/2015\/11\/katag_thematique_sportif.jpg\",\"datePublished\":\"2015-11-06T21:42:43+00:00\",\"dateModified\":\"2016-05-31T18:22:44+00:00\",\"breadcrumb\":{\"@id\":\"https:\/\/www.katag.ca\/katag-sportif\/#breadcrumb\"},\"inLanguage\":\"en-US\",\"potentialAction\":[{\"@type\":\"ReadAction\",\"target\":[\"https:\/\/www.katag.ca\/katag-sportif\/\"]}]},{\"@type\":\"ImageObject\",\"inLanguage\":\"en-US\",\"@id\":\"https:\/\/www.katag.ca\/katag-sportif\/#primaryimage\",\"url\":\"https:\/\/www.katag.ca\/wp-content\/uploads\/2015\/11\/katag_thematique_sportif.jpg\",\"contentUrl\":\"https:\/\/www.katag.ca\/wp-content\/uploads\/2015\/11\/katag_thematique_sportif.jpg\",\"width\":2400,\"height\":684},{\"@type\":\"BreadcrumbList\",\"@id\":\"https:\/\/www.katag.ca\/katag-sportif\/#breadcrumb\",\"itemListElement\":[{\"@type\":\"ListItem\",\"position\":1,\"name\":\"Accueil\",\"item\":\"https:\/\/www.katag.ca\/\"},{\"@type\":\"ListItem\",\"position\":2,\"name\":\"KATAG SPORTIF\"}]},{\"@type\":\"WebSite\",\"@id\":\"https:\/\/www.katag.ca\/#website\",\"url\":\"https:\/\/www.katag.ca\/\",\"name\":\"Katag\",\"description\":\"LE jeu d'&eacute;p&eacute;es-mousse\",\"publisher\":{\"@id\":\"https:\/\/www.katag.ca\/#organization\"},\"potentialAction\":[{\"@type\":\"SearchAction\",\"target\":{\"@type\":\"EntryPoint\",\"urlTemplate\":\"https:\/\/www.katag.ca\/?s={search_term_string}\"},\"query-input\":{\"@type\":\"PropertyValueSpecification\",\"valueRequired\":true,\"valueName\":\"search_term_string\"}}],\"inLanguage\":\"en-US\"},{\"@type\":\"Organization\",\"@id\":\"https:\/\/www.katag.ca\/#organization\",\"name\":\"Katag\",\"url\":\"https:\/\/www.katag.ca\/\",\"logo\":{\"@type\":\"ImageObject\",\"inLanguage\":\"en-US\",\"@id\":\"https:\/\/www.katag.ca\/#\/schema\/logo\/image\/\",\"url\":\"https:\/\/www.katag.ca\/wp-content\/uploads\/2021\/03\/logo-fr.png\",\"contentUrl\":\"https:\/\/www.katag.ca\/wp-content\/uploads\/2021\/03\/logo-fr.png\",\"width\":338,\"height\":173,\"caption\":\"Katag\"},\"image\":{\"@id\":\"https:\/\/www.katag.ca\/#\/schema\/logo\/image\/\"},\"sameAs\":[\"https:\/\/www.facebook.com\/Katag.ca\"]}]}<\/script>\n<!-- \/ Yoast SEO plugin. -->","yoast_head_json":{"title":"KATAG SPORTIF | Katag","robots":{"index":"index","follow":"follow","max-snippet":"max-snippet:-1","max-image-preview":"max-image-preview:large","max-video-preview":"max-video-preview:-1"},"canonical":"https:\/\/www.katag.ca\/katag-sportif\/","og_locale":"en_US","og_type":"article","og_title":"KATAG SPORTIF | Katag","og_description":"KATAG SPORT \u00ab \u00c9p\u00e9e au fourreau ! \u00c9p\u00e9e en l\u2019air ! Chargez ! \u00bb Pendant toute une semaine, en compagnie d\u2019un ma\u00eetre KATAG, viens apprendre les r\u00e8gles et les secrets de ce sport d\u2019\u00e9p\u00e9es-mousse dans lequel deux \u00e9quipes s\u2019affrontent au grand air. \u00c0 chaque jour, tu d\u00e9couvriras comment manier l\u2019\u00e9p\u00e9e, la lance et le bouclier dans toute sorte de situation de jeu. Deviens aussi un \u00ab fut\u00e9 \u00bb hors pair, un \u00ab fant\u00f4me \u00bb redoutable ou un \u00ab mage \u00bb efficace. Viens mettre \u00e0 profit ton imagination et...","og_url":"https:\/\/www.katag.ca\/katag-sportif\/","og_site_name":"Katag","article_publisher":"https:\/\/www.facebook.com\/Katag.ca","article_modified_time":"2016-05-31T18:22:44+00:00","og_image":[{"width":2400,"height":684,"url":"https:\/\/www.katag.ca\/wp-content\/uploads\/2015\/11\/katag_thematique_sportif.jpg","type":"image\/jpeg"}],"twitter_card":"summary_large_image","twitter_misc":{"Est. reading time":"1 minute"},"schema":{"@context":"https:\/\/schema.org","@graph":[{"@type":"WebPage","@id":"https:\/\/www.katag.ca\/katag-sportif\/","url":"https:\/\/www.katag.ca\/katag-sportif\/","name":"KATAG SPORTIF | Katag","isPartOf":{"@id":"https:\/\/www.katag.ca\/#website"},"primaryImageOfPage":{"@id":"https:\/\/www.katag.ca\/katag-sportif\/#primaryimage"},"image":{"@id":"https:\/\/www.katag.ca\/katag-sportif\/#primaryimage"},"thumbnailUrl":"https:\/\/www.katag.ca\/wp-content\/uploads\/2015\/11\/katag_thematique_sportif.jpg","datePublished":"2015-11-06T21:42:43+00:00","dateModified":"2016-05-31T18:22:44+00:00","breadcrumb":{"@id":"https:\/\/www.katag.ca\/katag-sportif\/#breadcrumb"},"inLanguage":"en-US","potentialAction":[{"@type":"ReadAction","target":["https:\/\/www.katag.ca\/katag-sportif\/"]}]},{"@type":"ImageObject","inLanguage":"en-US","@id":"https:\/\/www.katag.ca\/katag-sportif\/#primaryimage","url":"https:\/\/www.katag.ca\/wp-content\/uploads\/2015\/11\/katag_thematique_sportif.jpg","contentUrl":"https:\/\/www.katag.ca\/wp-content\/uploads\/2015\/11\/katag_thematique_sportif.jpg","width":2400,"height":684},{"@type":"BreadcrumbList","@id":"https:\/\/www.katag.ca\/katag-sportif\/#breadcrumb","itemListElement":[{"@type":"ListItem","position":1,"name":"Accueil","item":"https:\/\/www.katag.ca\/"},{"@type":"ListItem","position":2,"name":"KATAG SPORTIF"}]},{"@type":"WebSite","@id":"https:\/\/www.katag.ca\/#website","url":"https:\/\/www.katag.ca\/","name":"Katag","description":"LE jeu d'&eacute;p&eacute;es-mousse","publisher":{"@id":"https:\/\/www.katag.ca\/#organization"},"potentialAction":[{"@type":"SearchAction","target":{"@type":"EntryPoint","urlTemplate":"https:\/\/www.katag.ca\/?s={search_term_string}"},"query-input":{"@type":"PropertyValueSpecification","valueRequired":true,"valueName":"search_term_string"}}],"inLanguage":"en-US"},{"@type":"Organization","@id":"https:\/\/www.katag.ca\/#organization","name":"Katag","url":"https:\/\/www.katag.ca\/","logo":{"@type":"ImageObject","inLanguage":"en-US","@id":"https:\/\/www.katag.ca\/#\/schema\/logo\/image\/","url":"https:\/\/www.katag.ca\/wp-content\/uploads\/2021\/03\/logo-fr.png","contentUrl":"https:\/\/www.katag.ca\/wp-content\/uploads\/2021\/03\/logo-fr.png","width":338,"height":173,"caption":"Katag"},"image":{"@id":"https:\/\/www.katag.ca\/#\/schema\/logo\/image\/"},"sameAs":["https:\/\/www.facebook.com\/Katag.ca"]}]}},"_links":{"self":[{"href":"https:\/\/www.katag.ca\/en\/wp-json\/wp\/v2\/pages\/3627","targetHints":{"allow":["GET"]}}],"collection":[{"href":"https:\/\/www.katag.ca\/en\/wp-json\/wp\/v2\/pages"}],"about":[{"href":"https:\/\/www.katag.ca\/en\/wp-json\/wp\/v2\/types\/page"}],"author":[{"embeddable":true,"href":"https:\/\/www.katag.ca\/en\/wp-json\/wp\/v2\/users\/2"}],"replies":[{"embeddable":true,"href":"https:\/\/www.katag.ca\/en\/wp-json\/wp\/v2\/comments?post=3627"}],"version-history":[{"count":5,"href":"https:\/\/www.katag.ca\/en\/wp-json\/wp\/v2\/pages\/3627\/revisions"}],"predecessor-version":[{"id":4213,"href":"https:\/\/www.katag.ca\/en\/wp-json\/wp\/v2\/pages\/3627\/revisions\/4213"}],"wp:featuredmedia":[{"embeddable":true,"href":"https:\/\/www.katag.ca\/en\/wp-json\/wp\/v2\/media\/3889"}],"wp:attachment":[{"href":"https:\/\/www.katag.ca\/en\/wp-json\/wp\/v2\/media?parent=3627"}],"curies":[{"name":"wp","href":"https:\/\/api.w.org\/{rel}","templated":true}]}}