{"id":3728,"date":"2015-12-15T17:20:53","date_gmt":"2015-12-15T17:20:53","guid":{"rendered":"http:\/\/www.katag.ca\/?page_id=3728"},"modified":"2023-09-06T08:30:30","modified_gmt":"2023-09-06T12:30:30","slug":"equipe-sportive","status":"publish","type":"page","link":"https:\/\/www.katag.ca\/en\/equipe-sportive\/","title":{"rendered":"Sports teams"},"content":{"rendered":"<blockquote>\n<p style=\"text-align: center;\">Sports teams<br \/>\nMake it a KATAG party!<\/p>\n<\/blockquote>\n<p style=\"text-align: center;\"><strong>Reinforces your team\u2019s spirit<\/strong><\/p>\n<p style=\"text-align: center;\"><strong>Allows to works on related abilities<\/strong><\/p>\n<p style=\"text-align: center;\"><strong>Celebrate the beginning or the end of your season<\/strong><\/p>\n<blockquote>\n<p style=\"text-align: center;\">It is a \u201csure\u201d shot!<\/p>\n<\/blockquote>\n<p style=\"text-align: center;\"><a href=\"http:\/\/www.katag.ca\/wp-content\/uploads\/2015\/12\/katag_equipe_sportive-2.jpg\"><img loading=\"lazy\" decoding=\"async\" class=\"aligncenter wp-image-3751 size-full\" src=\"http:\/\/www.katag.ca\/wp-content\/uploads\/2015\/12\/katag_equipe_sportive-2.jpg\" alt=\"\" width=\"902\" height=\"543\" srcset=\"https:\/\/www.katag.ca\/wp-content\/uploads\/2015\/12\/katag_equipe_sportive-2.jpg 902w, https:\/\/www.katag.ca\/wp-content\/uploads\/2015\/12\/katag_equipe_sportive-2-300x181.jpg 300w\" sizes=\"auto, (max-width: 902px) 100vw, 902px\" \/><\/a><\/p>\n<p style=\"text-align: center;\"><strong>Katag is a coop sport activity for age 5 and up.<br \/>\nCoaches, parents, join the team and play!<\/strong><\/p>\n<p style=\"text-align: center;\"><strong><span style=\"color: #243b95;\"><a href=\"http:\/\/www.katag.ca\/nous-joindre\/\">For more information, please contact us<\/a><\/span><\/strong><\/p>","protected":false},"excerpt":{"rendered":"<p>Sports teams Make it a KATAG party! Reinforces your team\u2019s spirit Allows to works on related abilities Celebrate the beginning or the end of your season It is a \u201csure\u201d shot! Katag is a coop sport activity for age 5 and up. Coaches, parents, join the team and play! For more information, please contact us<\/p>\n","protected":false},"author":2,"featured_media":3877,"parent":0,"menu_order":0,"comment_status":"closed","ping_status":"closed","template":"","meta":{"footnotes":""},"class_list":["post-3728","page","type-page","status-publish","has-post-thumbnail","hentry"],"yoast_head":"<!-- This site is optimized with the Yoast SEO plugin v26.0 - https:\/\/yoast.com\/wordpress\/plugins\/seo\/ -->\n<title>Sports teams | Katag<\/title>\n<meta name=\"description\" content=\"\u00c9quipes sportives vivez l&#039;exp\u00e9rience KATAG! Forger l&#039;esprit d&#039;\u00e9quipe, compl\u00e9ter les entra\u00eenements, f\u00eater le d\u00e9but et la fin de la saison.\" \/>\n<meta name=\"robots\" content=\"index, follow, max-snippet:-1, max-image-preview:large, max-video-preview:-1\" \/>\n<link rel=\"canonical\" href=\"https:\/\/www.katag.ca\/equipe-sportive\/\" \/>\n<meta property=\"og:locale\" content=\"en_US\" \/>\n<meta property=\"og:type\" content=\"article\" \/>\n<meta property=\"og:title\" content=\"[:fr]\u00c9quipe sportive[:en]Sports teams[:] | Katag\" \/>\n<meta property=\"og:description\" content=\"\u00c9quipes sportives vivez l&#039;exp\u00e9rience KATAG! Forger l&#039;esprit d&#039;\u00e9quipe, compl\u00e9ter les entra\u00eenements, f\u00eater le d\u00e9but et la fin de la saison.\" \/>\n<meta property=\"og:url\" content=\"https:\/\/www.katag.ca\/equipe-sportive\/\" \/>\n<meta property=\"og:site_name\" content=\"Katag\" \/>\n<meta property=\"article:publisher\" content=\"https:\/\/www.facebook.com\/Katag.ca\" \/>\n<meta property=\"article:modified_time\" content=\"2023-09-06T12:30:30+00:00\" \/>\n<meta property=\"og:image\" content=\"https:\/\/www.katag.ca\/wp-content\/uploads\/2015\/12\/katag_equipe_sportive_21.jpg\" \/>\n\t<meta property=\"og:image:width\" content=\"2400\" \/>\n\t<meta property=\"og:image:height\" content=\"720\" \/>\n\t<meta property=\"og:image:type\" content=\"image\/jpeg\" \/>\n<meta name=\"twitter:card\" content=\"summary_large_image\" \/>\n<meta name=\"twitter:label1\" content=\"Est. reading time\" \/>\n\t<meta name=\"twitter:data1\" content=\"1 minute\" \/>\n<script type=\"application\/ld+json\" class=\"yoast-schema-graph\">{\"@context\":\"https:\/\/schema.org\",\"@graph\":[{\"@type\":\"WebPage\",\"@id\":\"https:\/\/www.katag.ca\/equipe-sportive\/\",\"url\":\"https:\/\/www.katag.ca\/equipe-sportive\/\",\"name\":\"[:fr]\u00c9quipe sportive[:en]Sports teams[:] | Katag\",\"isPartOf\":{\"@id\":\"https:\/\/www.katag.ca\/#website\"},\"primaryImageOfPage\":{\"@id\":\"https:\/\/www.katag.ca\/equipe-sportive\/#primaryimage\"},\"image\":{\"@id\":\"https:\/\/www.katag.ca\/equipe-sportive\/#primaryimage\"},\"thumbnailUrl\":\"https:\/\/www.katag.ca\/wp-content\/uploads\/2015\/12\/katag_equipe_sportive_21.jpg\",\"datePublished\":\"2015-12-15T17:20:53+00:00\",\"dateModified\":\"2023-09-06T12:30:30+00:00\",\"description\":\"\u00c9quipes sportives vivez l'exp\u00e9rience KATAG! Forger l'esprit d'\u00e9quipe, compl\u00e9ter les entra\u00eenements, f\u00eater le d\u00e9but et la fin de la saison.\",\"breadcrumb\":{\"@id\":\"https:\/\/www.katag.ca\/equipe-sportive\/#breadcrumb\"},\"inLanguage\":\"en-US\",\"potentialAction\":[{\"@type\":\"ReadAction\",\"target\":[\"https:\/\/www.katag.ca\/equipe-sportive\/\"]}]},{\"@type\":\"ImageObject\",\"inLanguage\":\"en-US\",\"@id\":\"https:\/\/www.katag.ca\/equipe-sportive\/#primaryimage\",\"url\":\"https:\/\/www.katag.ca\/wp-content\/uploads\/2015\/12\/katag_equipe_sportive_21.jpg\",\"contentUrl\":\"https:\/\/www.katag.ca\/wp-content\/uploads\/2015\/12\/katag_equipe_sportive_21.jpg\",\"width\":2400,\"height\":720},{\"@type\":\"BreadcrumbList\",\"@id\":\"https:\/\/www.katag.ca\/equipe-sportive\/#breadcrumb\",\"itemListElement\":[{\"@type\":\"ListItem\",\"position\":1,\"name\":\"Accueil\",\"item\":\"https:\/\/www.katag.ca\/\"},{\"@type\":\"ListItem\",\"position\":2,\"name\":\"\u00c9quipe sportive\"}]},{\"@type\":\"WebSite\",\"@id\":\"https:\/\/www.katag.ca\/#website\",\"url\":\"https:\/\/www.katag.ca\/\",\"name\":\"Katag\",\"description\":\"LE jeu d'&eacute;p&eacute;es-mousse\",\"publisher\":{\"@id\":\"https:\/\/www.katag.ca\/#organization\"},\"potentialAction\":[{\"@type\":\"SearchAction\",\"target\":{\"@type\":\"EntryPoint\",\"urlTemplate\":\"https:\/\/www.katag.ca\/?s={search_term_string}\"},\"query-input\":{\"@type\":\"PropertyValueSpecification\",\"valueRequired\":true,\"valueName\":\"search_term_string\"}}],\"inLanguage\":\"en-US\"},{\"@type\":\"Organization\",\"@id\":\"https:\/\/www.katag.ca\/#organization\",\"name\":\"Katag\",\"url\":\"https:\/\/www.katag.ca\/\",\"logo\":{\"@type\":\"ImageObject\",\"inLanguage\":\"en-US\",\"@id\":\"https:\/\/www.katag.ca\/#\/schema\/logo\/image\/\",\"url\":\"https:\/\/www.katag.ca\/wp-content\/uploads\/2021\/03\/logo-fr.png\",\"contentUrl\":\"https:\/\/www.katag.ca\/wp-content\/uploads\/2021\/03\/logo-fr.png\",\"width\":338,\"height\":173,\"caption\":\"Katag\"},\"image\":{\"@id\":\"https:\/\/www.katag.ca\/#\/schema\/logo\/image\/\"},\"sameAs\":[\"https:\/\/www.facebook.com\/Katag.ca\"]}]}<\/script>\n<!-- \/ Yoast SEO plugin. -->","yoast_head_json":{"title":"[:fr]\u00c9quipe sportive[:en]Sports teams[:] | Katag","description":"\u00c9quipes sportives vivez l'exp\u00e9rience KATAG! Forger l'esprit d'\u00e9quipe, compl\u00e9ter les entra\u00eenements, f\u00eater le d\u00e9but et la fin de la saison.","robots":{"index":"index","follow":"follow","max-snippet":"max-snippet:-1","max-image-preview":"max-image-preview:large","max-video-preview":"max-video-preview:-1"},"canonical":"https:\/\/www.katag.ca\/equipe-sportive\/","og_locale":"en_US","og_type":"article","og_title":"[:fr]\u00c9quipe sportive[:en]Sports teams[:] | Katag","og_description":"\u00c9quipes sportives vivez l'exp\u00e9rience KATAG! Forger l'esprit d'\u00e9quipe, compl\u00e9ter les entra\u00eenements, f\u00eater le d\u00e9but et la fin de la saison.","og_url":"https:\/\/www.katag.ca\/equipe-sportive\/","og_site_name":"Katag","article_publisher":"https:\/\/www.facebook.com\/Katag.ca","article_modified_time":"2023-09-06T12:30:30+00:00","og_image":[{"width":2400,"height":720,"url":"https:\/\/www.katag.ca\/wp-content\/uploads\/2015\/12\/katag_equipe_sportive_21.jpg","type":"image\/jpeg"}],"twitter_card":"summary_large_image","twitter_misc":{"Est. reading time":"1 minute"},"schema":{"@context":"https:\/\/schema.org","@graph":[{"@type":"WebPage","@id":"https:\/\/www.katag.ca\/equipe-sportive\/","url":"https:\/\/www.katag.ca\/equipe-sportive\/","name":"[:fr]\u00c9quipe sportive[:en]Sports teams[:] | Katag","isPartOf":{"@id":"https:\/\/www.katag.ca\/#website"},"primaryImageOfPage":{"@id":"https:\/\/www.katag.ca\/equipe-sportive\/#primaryimage"},"image":{"@id":"https:\/\/www.katag.ca\/equipe-sportive\/#primaryimage"},"thumbnailUrl":"https:\/\/www.katag.ca\/wp-content\/uploads\/2015\/12\/katag_equipe_sportive_21.jpg","datePublished":"2015-12-15T17:20:53+00:00","dateModified":"2023-09-06T12:30:30+00:00","description":"\u00c9quipes sportives vivez l'exp\u00e9rience KATAG! Forger l'esprit d'\u00e9quipe, compl\u00e9ter les entra\u00eenements, f\u00eater le d\u00e9but et la fin de la saison.","breadcrumb":{"@id":"https:\/\/www.katag.ca\/equipe-sportive\/#breadcrumb"},"inLanguage":"en-US","potentialAction":[{"@type":"ReadAction","target":["https:\/\/www.katag.ca\/equipe-sportive\/"]}]},{"@type":"ImageObject","inLanguage":"en-US","@id":"https:\/\/www.katag.ca\/equipe-sportive\/#primaryimage","url":"https:\/\/www.katag.ca\/wp-content\/uploads\/2015\/12\/katag_equipe_sportive_21.jpg","contentUrl":"https:\/\/www.katag.ca\/wp-content\/uploads\/2015\/12\/katag_equipe_sportive_21.jpg","width":2400,"height":720},{"@type":"BreadcrumbList","@id":"https:\/\/www.katag.ca\/equipe-sportive\/#breadcrumb","itemListElement":[{"@type":"ListItem","position":1,"name":"Accueil","item":"https:\/\/www.katag.ca\/"},{"@type":"ListItem","position":2,"name":"\u00c9quipe sportive"}]},{"@type":"WebSite","@id":"https:\/\/www.katag.ca\/#website","url":"https:\/\/www.katag.ca\/","name":"Katag","description":"LE jeu d'&eacute;p&eacute;es-mousse","publisher":{"@id":"https:\/\/www.katag.ca\/#organization"},"potentialAction":[{"@type":"SearchAction","target":{"@type":"EntryPoint","urlTemplate":"https:\/\/www.katag.ca\/?s={search_term_string}"},"query-input":{"@type":"PropertyValueSpecification","valueRequired":true,"valueName":"search_term_string"}}],"inLanguage":"en-US"},{"@type":"Organization","@id":"https:\/\/www.katag.ca\/#organization","name":"Katag","url":"https:\/\/www.katag.ca\/","logo":{"@type":"ImageObject","inLanguage":"en-US","@id":"https:\/\/www.katag.ca\/#\/schema\/logo\/image\/","url":"https:\/\/www.katag.ca\/wp-content\/uploads\/2021\/03\/logo-fr.png","contentUrl":"https:\/\/www.katag.ca\/wp-content\/uploads\/2021\/03\/logo-fr.png","width":338,"height":173,"caption":"Katag"},"image":{"@id":"https:\/\/www.katag.ca\/#\/schema\/logo\/image\/"},"sameAs":["https:\/\/www.facebook.com\/Katag.ca"]}]}},"_links":{"self":[{"href":"https:\/\/www.katag.ca\/en\/wp-json\/wp\/v2\/pages\/3728","targetHints":{"allow":["GET"]}}],"collection":[{"href":"https:\/\/www.katag.ca\/en\/wp-json\/wp\/v2\/pages"}],"about":[{"href":"https:\/\/www.katag.ca\/en\/wp-json\/wp\/v2\/types\/page"}],"author":[{"embeddable":true,"href":"https:\/\/www.katag.ca\/en\/wp-json\/wp\/v2\/users\/2"}],"replies":[{"embeddable":true,"href":"https:\/\/www.katag.ca\/en\/wp-json\/wp\/v2\/comments?post=3728"}],"version-history":[{"count":23,"href":"https:\/\/www.katag.ca\/en\/wp-json\/wp\/v2\/pages\/3728\/revisions"}],"predecessor-version":[{"id":6117,"href":"https:\/\/www.katag.ca\/en\/wp-json\/wp\/v2\/pages\/3728\/revisions\/6117"}],"wp:featuredmedia":[{"embeddable":true,"href":"https:\/\/www.katag.ca\/en\/wp-json\/wp\/v2\/media\/3877"}],"wp:attachment":[{"href":"https:\/\/www.katag.ca\/en\/wp-json\/wp\/v2\/media?parent=3728"}],"curies":[{"name":"wp","href":"https:\/\/api.w.org\/{rel}","templated":true}]}}