{"id":3801,"date":"2015-12-16T21:54:24","date_gmt":"2015-12-16T21:54:24","guid":{"rendered":"http:\/\/www.katag.ca\/?page_id=3801"},"modified":"2019-03-04T19:03:22","modified_gmt":"2019-03-05T00:03:22","slug":"deroulement-du-jeu","status":"publish","type":"page","link":"https:\/\/www.katag.ca\/en\/deroulement-du-jeu\/","title":{"rendered":"How to play"},"content":{"rendered":"<p style=\"text-align: center;\"><strong>Guide your heros\u00a0in a friendly game.<\/strong><\/p>\n<p style=\"text-align: center;\"><strong>In each round of a game, two\u00a0heros are in confrontation.<br \/>\n<img loading=\"lazy\" decoding=\"async\" width=\"252\" height=\"216\" class=\"aligncenter size-full wp-image-2918\" src=\"http:\/\/www.katag.ca\/wp-content\/uploads\/2014\/09\/cartes_katag_mini-2.png\" alt=\"cartes_katag_mini 2\" \/><\/strong><\/p>\n<p style=\"text-align: center;\"><strong>Use\u00a0objects<br \/>\n<img loading=\"lazy\" decoding=\"async\" width=\"252\" height=\"216\" class=\"aligncenter size-full wp-image-2919\" src=\"http:\/\/www.katag.ca\/wp-content\/uploads\/2014\/09\/cartes_katag_objets_mini.png\" alt=\"cartes_katag_objets_mini\" \/><\/strong><\/p>\n<p style=\"text-align: center;\"><strong>and\u00a0actions<br \/>\n<img loading=\"lazy\" decoding=\"async\" width=\"252\" height=\"216\" class=\"aligncenter size-full wp-image-2917\" src=\"http:\/\/www.katag.ca\/wp-content\/uploads\/2014\/09\/cartes_katag_actions_mini.png\" alt=\"cartes_katag_actions_mini\" \/><\/strong><\/p>\n<p style=\"text-align: center;\"><strong>to\u00a0eliminate\u00a0your\u00a0opponent.<\/strong><\/p>\n<p style=\"text-align: center;\"><strong>Built your legend!<\/strong><\/p>\n<hr \/>\n<h3>HOW TO PLAY<\/h3>\n<p><strong>Preparation<\/strong>: Every player places his four heroes on his Line.<br \/>\nThe first player shuffle\u00a0his Reserve, including\u00a0all\u00a0objects and\u00a0actions, and\u00a0place, face down, close to his\u00a0heros.<\/p>\n<p><img loading=\"lazy\" decoding=\"async\" width=\"900\" height=\"369\" class=\"size-full wp-image-3978 aligncenter\" src=\"http:\/\/www.katag.ca\/wp-content\/uploads\/2015\/12\/Katag_tableau_regles_jeu_de_carte.jpg\" alt=\"Katag_tableau_regles_jeu_de_cartes\" srcset=\"https:\/\/www.katag.ca\/wp-content\/uploads\/2015\/12\/Katag_tableau_regles_jeu_de_carte.jpg 900w, https:\/\/www.katag.ca\/wp-content\/uploads\/2015\/12\/Katag_tableau_regles_jeu_de_carte-300x123.jpg 300w, https:\/\/www.katag.ca\/wp-content\/uploads\/2015\/12\/Katag_tableau_regles_jeu_de_carte-768x315.jpg 768w\" sizes=\"auto, (max-width: 900px) 100vw, 900px\" \/><\/p>\n<p><strong>The game consists of several rounds which are linked until a player wins.<br \/>\nA round\u00a0consists of four steps<\/strong><strong>.<\/strong><\/p>\n<h5><\/h5>\n<h5>Step\u00a01<\/h5>\n<p>Alternately, each players\u00a0<strong>pick<\/strong>\u00a0until\u00a0he had\u00a0tree cards in is hand.<br \/>\nEach player\u00a0can\u00a0discard\u00a0one\u00a0of is\u00a0cards to\u00a0pick\u00a0a new one.<\/p>\n<h5><\/h5>\n<h5>Step\u00a02<\/h5>\n<p>Alternately, each players choose\u00a0one of his\u00a0heros and\u00a0<strong>move<\/strong>\u00a0from the Line to the Ground.<br \/>\nHis two\u00a0heros ere in confrontation.<\/p>\n<h5><\/h5>\n<h5>Step\u00a03<\/h5>\n<p>Alternately, each players <strong>play<\/strong>\u00a0one card\u00a0object or\u00a0action, or\u00a0pass\u00a0his turn.<\/p>\n<p>As soon as both players pass one after the other, this\u00a0step\u00a0ends.<\/p>\n<p>The\u00a0heros need\u00a0pay\u00a0the\u00a0cost (<img loading=\"lazy\" decoding=\"async\" class=\"alignnone wp-image-3974\" src=\"http:\/\/www.katag.ca\/wp-content\/uploads\/2015\/12\/Icon_Kara_Katag.png\" alt=\"Icon_Kara_Katag\" width=\"51\" height=\"52\" \/>or\u00a0\u00a0<img loading=\"lazy\" decoding=\"async\" class=\"alignnone wp-image-3975\" src=\"http:\/\/www.katag.ca\/wp-content\/uploads\/2015\/12\/Icon_Objet_Katag.png\" alt=\"Icon_Objet_Katag\" width=\"44\" height=\"46\" \/>) of the\u00a0played cards\u00a0with\u00a0his\u00a0availables points.<br \/>\nAttention, they can&#8217;t spend\u00a0more points than they have.<\/p>\n<p>A\u00a0heros can do\u00a0many actions\u00a0that his points allow him.<br \/>\nHowever, he can carry at the most an object of attack and an object of defense.<\/p>\n<h5><\/h5>\n<h5>Step\u00a04<\/h5>\n<p>The players\u00a0<strong>calculate<\/strong>\u00a0the total of\u00a0attack\u00a0and defense of all\u00a0heros who was in confrontation.<\/p>\n<p>If a hero have a\u00a0total of attack superior\u00a0of the\u00a0total of\u00a0defense of the\u00a0opponent, he is\u00a0eliminate.<br \/>\nThis one his put\u00a0in the\u00a0Pit\u00a0with any\u00a0objets he have.<\/p>\n<p>If this two\u00a0heros are\u00a0eliminates, they are put together in the\u00a0Pit.<\/p>\n<p>The not eliminated heroes, are replaced on their Line with their objects.<\/p>\n<p>All the played actions are\u00a0put in the Pit.<\/p>\n<p>&nbsp;<\/p>\n<p style=\"text-align: center;\"><strong><a href=\"https:\/\/www.katag.ca\/jeu-de-cartes\/\">BACK TO CARD GAME PAGE<\/a><\/strong><\/p>","protected":false},"excerpt":{"rendered":"<p>Guide your heros\u00a0in a friendly game. In each round of a game, two\u00a0heros are in confrontation. Use\u00a0objects and\u00a0actions to\u00a0eliminate\u00a0your\u00a0opponent. Built your legend! HOW TO PLAY Preparation: Every player places his four heroes on his Line. The first player shuffle\u00a0his Reserve, including\u00a0all\u00a0objects and\u00a0actions, and\u00a0place, face down, close to his\u00a0heros. The game consists of several rounds which are linked until a player wins. A round\u00a0consists of four steps. Step\u00a01 Alternately, each players\u00a0pick\u00a0until\u00a0he had\u00a0tree cards in is hand. Each player\u00a0can\u00a0discard\u00a0one\u00a0of is\u00a0cards to\u00a0pick\u00a0a new one. Step\u00a02 Alternately, each players choose\u00a0one of his\u00a0heros&#8230;<\/p>\n","protected":false},"author":2,"featured_media":0,"parent":0,"menu_order":0,"comment_status":"closed","ping_status":"closed","template":"","meta":{"footnotes":""},"class_list":["post-3801","page","type-page","status-publish","hentry"],"yoast_head":"<!-- This site is optimized with the Yoast SEO plugin v27.5 - https:\/\/yoast.com\/product\/yoast-seo-wordpress\/ -->\n<title>How to play | Katag<\/title>\n<meta name=\"description\" content=\"D\u00c9ROULEMENT DU JEU : \u00c0 chaque manche de jeu, deux h\u00e9ros s\u2019affrontent. Utilise des objets et des actions pour \u00e9liminer ton adversaire. Construit ta l\u00e9gende!\" \/>\n<meta name=\"robots\" content=\"index, follow, max-snippet:-1, max-image-preview:large, max-video-preview:-1\" \/>\n<link rel=\"canonical\" href=\"https:\/\/www.katag.ca\/deroulement-du-jeu\/\" \/>\n<meta property=\"og:locale\" content=\"en_US\" \/>\n<meta property=\"og:type\" content=\"article\" \/>\n<meta property=\"og:title\" content=\"[:fr]D\u00e9roulement du jeu[:en]How to play[:] | Katag\" \/>\n<meta property=\"og:description\" content=\"D\u00c9ROULEMENT DU JEU : \u00c0 chaque manche de jeu, deux h\u00e9ros s\u2019affrontent. Utilise des objets et des actions pour \u00e9liminer ton adversaire. Construit ta l\u00e9gende!\" \/>\n<meta property=\"og:url\" content=\"https:\/\/www.katag.ca\/deroulement-du-jeu\/\" \/>\n<meta property=\"og:site_name\" content=\"Katag\" \/>\n<meta property=\"article:publisher\" content=\"https:\/\/www.facebook.com\/Katag.ca\" \/>\n<meta property=\"article:modified_time\" content=\"2019-03-05T00:03:22+00:00\" \/>\n<meta property=\"og:image\" content=\"http:\/\/www.katag.ca\/wp-content\/uploads\/2014\/09\/cartes_katag_mini-2.png\" \/>\n<meta name=\"twitter:card\" content=\"summary_large_image\" \/>\n<meta name=\"twitter:label1\" content=\"Est. reading time\" \/>\n\t<meta name=\"twitter:data1\" content=\"3 minutes\" \/>\n<script type=\"application\/ld+json\" class=\"yoast-schema-graph\">{\"@context\":\"https:\\\/\\\/schema.org\",\"@graph\":[{\"@type\":\"WebPage\",\"@id\":\"https:\\\/\\\/www.katag.ca\\\/deroulement-du-jeu\\\/\",\"url\":\"https:\\\/\\\/www.katag.ca\\\/deroulement-du-jeu\\\/\",\"name\":\"[:fr]D\u00e9roulement du jeu[:en]How to play[:] | Katag\",\"isPartOf\":{\"@id\":\"https:\\\/\\\/www.katag.ca\\\/#website\"},\"primaryImageOfPage\":{\"@id\":\"https:\\\/\\\/www.katag.ca\\\/deroulement-du-jeu\\\/#primaryimage\"},\"image\":{\"@id\":\"https:\\\/\\\/www.katag.ca\\\/deroulement-du-jeu\\\/#primaryimage\"},\"thumbnailUrl\":\"http:\\\/\\\/www.katag.ca\\\/wp-content\\\/uploads\\\/2014\\\/09\\\/cartes_katag_mini-2.png\",\"datePublished\":\"2015-12-16T21:54:24+00:00\",\"dateModified\":\"2019-03-05T00:03:22+00:00\",\"description\":\"D\u00c9ROULEMENT DU JEU : \u00c0 chaque manche de jeu, deux h\u00e9ros s\u2019affrontent. Utilise des objets et des actions pour \u00e9liminer ton adversaire. Construit ta l\u00e9gende!\",\"breadcrumb\":{\"@id\":\"https:\\\/\\\/www.katag.ca\\\/deroulement-du-jeu\\\/#breadcrumb\"},\"inLanguage\":\"en-US\",\"potentialAction\":[{\"@type\":\"ReadAction\",\"target\":[\"https:\\\/\\\/www.katag.ca\\\/deroulement-du-jeu\\\/\"]}]},{\"@type\":\"ImageObject\",\"inLanguage\":\"en-US\",\"@id\":\"https:\\\/\\\/www.katag.ca\\\/deroulement-du-jeu\\\/#primaryimage\",\"url\":\"http:\\\/\\\/www.katag.ca\\\/wp-content\\\/uploads\\\/2014\\\/09\\\/cartes_katag_mini-2.png\",\"contentUrl\":\"http:\\\/\\\/www.katag.ca\\\/wp-content\\\/uploads\\\/2014\\\/09\\\/cartes_katag_mini-2.png\"},{\"@type\":\"BreadcrumbList\",\"@id\":\"https:\\\/\\\/www.katag.ca\\\/deroulement-du-jeu\\\/#breadcrumb\",\"itemListElement\":[{\"@type\":\"ListItem\",\"position\":1,\"name\":\"Accueil\",\"item\":\"https:\\\/\\\/www.katag.ca\\\/\"},{\"@type\":\"ListItem\",\"position\":2,\"name\":\"D\u00e9roulement du jeu\"}]},{\"@type\":\"WebSite\",\"@id\":\"https:\\\/\\\/www.katag.ca\\\/#website\",\"url\":\"https:\\\/\\\/www.katag.ca\\\/\",\"name\":\"Katag\",\"description\":\"LE jeu d'&eacute;p&eacute;es-mousse\",\"publisher\":{\"@id\":\"https:\\\/\\\/www.katag.ca\\\/#organization\"},\"potentialAction\":[{\"@type\":\"SearchAction\",\"target\":{\"@type\":\"EntryPoint\",\"urlTemplate\":\"https:\\\/\\\/www.katag.ca\\\/?s={search_term_string}\"},\"query-input\":{\"@type\":\"PropertyValueSpecification\",\"valueRequired\":true,\"valueName\":\"search_term_string\"}}],\"inLanguage\":\"en-US\"},{\"@type\":\"Organization\",\"@id\":\"https:\\\/\\\/www.katag.ca\\\/#organization\",\"name\":\"Katag\",\"url\":\"https:\\\/\\\/www.katag.ca\\\/\",\"logo\":{\"@type\":\"ImageObject\",\"inLanguage\":\"en-US\",\"@id\":\"https:\\\/\\\/www.katag.ca\\\/#\\\/schema\\\/logo\\\/image\\\/\",\"url\":\"https:\\\/\\\/www.katag.ca\\\/wp-content\\\/uploads\\\/2021\\\/03\\\/logo-fr.png\",\"contentUrl\":\"https:\\\/\\\/www.katag.ca\\\/wp-content\\\/uploads\\\/2021\\\/03\\\/logo-fr.png\",\"width\":338,\"height\":173,\"caption\":\"Katag\"},\"image\":{\"@id\":\"https:\\\/\\\/www.katag.ca\\\/#\\\/schema\\\/logo\\\/image\\\/\"},\"sameAs\":[\"https:\\\/\\\/www.facebook.com\\\/Katag.ca\"]}]}<\/script>\n<!-- \/ Yoast SEO plugin. -->","yoast_head_json":{"title":"[:fr]D\u00e9roulement du jeu[:en]How to play[:] | Katag","description":"D\u00c9ROULEMENT DU JEU : \u00c0 chaque manche de jeu, deux h\u00e9ros s\u2019affrontent. Utilise des objets et des actions pour \u00e9liminer ton adversaire. Construit ta l\u00e9gende!","robots":{"index":"index","follow":"follow","max-snippet":"max-snippet:-1","max-image-preview":"max-image-preview:large","max-video-preview":"max-video-preview:-1"},"canonical":"https:\/\/www.katag.ca\/deroulement-du-jeu\/","og_locale":"en_US","og_type":"article","og_title":"[:fr]D\u00e9roulement du jeu[:en]How to play[:] | Katag","og_description":"D\u00c9ROULEMENT DU JEU : \u00c0 chaque manche de jeu, deux h\u00e9ros s\u2019affrontent. Utilise des objets et des actions pour \u00e9liminer ton adversaire. Construit ta l\u00e9gende!","og_url":"https:\/\/www.katag.ca\/deroulement-du-jeu\/","og_site_name":"Katag","article_publisher":"https:\/\/www.facebook.com\/Katag.ca","article_modified_time":"2019-03-05T00:03:22+00:00","og_image":[{"url":"http:\/\/www.katag.ca\/wp-content\/uploads\/2014\/09\/cartes_katag_mini-2.png","type":"","width":"","height":""}],"twitter_card":"summary_large_image","twitter_misc":{"Est. reading time":"3 minutes"},"schema":{"@context":"https:\/\/schema.org","@graph":[{"@type":"WebPage","@id":"https:\/\/www.katag.ca\/deroulement-du-jeu\/","url":"https:\/\/www.katag.ca\/deroulement-du-jeu\/","name":"[:fr]D\u00e9roulement du jeu[:en]How to play[:] | Katag","isPartOf":{"@id":"https:\/\/www.katag.ca\/#website"},"primaryImageOfPage":{"@id":"https:\/\/www.katag.ca\/deroulement-du-jeu\/#primaryimage"},"image":{"@id":"https:\/\/www.katag.ca\/deroulement-du-jeu\/#primaryimage"},"thumbnailUrl":"http:\/\/www.katag.ca\/wp-content\/uploads\/2014\/09\/cartes_katag_mini-2.png","datePublished":"2015-12-16T21:54:24+00:00","dateModified":"2019-03-05T00:03:22+00:00","description":"D\u00c9ROULEMENT DU JEU : \u00c0 chaque manche de jeu, deux h\u00e9ros s\u2019affrontent. Utilise des objets et des actions pour \u00e9liminer ton adversaire. Construit ta l\u00e9gende!","breadcrumb":{"@id":"https:\/\/www.katag.ca\/deroulement-du-jeu\/#breadcrumb"},"inLanguage":"en-US","potentialAction":[{"@type":"ReadAction","target":["https:\/\/www.katag.ca\/deroulement-du-jeu\/"]}]},{"@type":"ImageObject","inLanguage":"en-US","@id":"https:\/\/www.katag.ca\/deroulement-du-jeu\/#primaryimage","url":"http:\/\/www.katag.ca\/wp-content\/uploads\/2014\/09\/cartes_katag_mini-2.png","contentUrl":"http:\/\/www.katag.ca\/wp-content\/uploads\/2014\/09\/cartes_katag_mini-2.png"},{"@type":"BreadcrumbList","@id":"https:\/\/www.katag.ca\/deroulement-du-jeu\/#breadcrumb","itemListElement":[{"@type":"ListItem","position":1,"name":"Accueil","item":"https:\/\/www.katag.ca\/"},{"@type":"ListItem","position":2,"name":"D\u00e9roulement du jeu"}]},{"@type":"WebSite","@id":"https:\/\/www.katag.ca\/#website","url":"https:\/\/www.katag.ca\/","name":"Katag","description":"LE jeu d'&eacute;p&eacute;es-mousse","publisher":{"@id":"https:\/\/www.katag.ca\/#organization"},"potentialAction":[{"@type":"SearchAction","target":{"@type":"EntryPoint","urlTemplate":"https:\/\/www.katag.ca\/?s={search_term_string}"},"query-input":{"@type":"PropertyValueSpecification","valueRequired":true,"valueName":"search_term_string"}}],"inLanguage":"en-US"},{"@type":"Organization","@id":"https:\/\/www.katag.ca\/#organization","name":"Katag","url":"https:\/\/www.katag.ca\/","logo":{"@type":"ImageObject","inLanguage":"en-US","@id":"https:\/\/www.katag.ca\/#\/schema\/logo\/image\/","url":"https:\/\/www.katag.ca\/wp-content\/uploads\/2021\/03\/logo-fr.png","contentUrl":"https:\/\/www.katag.ca\/wp-content\/uploads\/2021\/03\/logo-fr.png","width":338,"height":173,"caption":"Katag"},"image":{"@id":"https:\/\/www.katag.ca\/#\/schema\/logo\/image\/"},"sameAs":["https:\/\/www.facebook.com\/Katag.ca"]}]}},"_links":{"self":[{"href":"https:\/\/www.katag.ca\/en\/wp-json\/wp\/v2\/pages\/3801","targetHints":{"allow":["GET"]}}],"collection":[{"href":"https:\/\/www.katag.ca\/en\/wp-json\/wp\/v2\/pages"}],"about":[{"href":"https:\/\/www.katag.ca\/en\/wp-json\/wp\/v2\/types\/page"}],"author":[{"embeddable":true,"href":"https:\/\/www.katag.ca\/en\/wp-json\/wp\/v2\/users\/2"}],"replies":[{"embeddable":true,"href":"https:\/\/www.katag.ca\/en\/wp-json\/wp\/v2\/comments?post=3801"}],"version-history":[{"count":13,"href":"https:\/\/www.katag.ca\/en\/wp-json\/wp\/v2\/pages\/3801\/revisions"}],"predecessor-version":[{"id":5294,"href":"https:\/\/www.katag.ca\/en\/wp-json\/wp\/v2\/pages\/3801\/revisions\/5294"}],"wp:attachment":[{"href":"https:\/\/www.katag.ca\/en\/wp-json\/wp\/v2\/media?parent=3801"}],"curies":[{"name":"wp","href":"https:\/\/api.w.org\/{rel}","templated":true}]}}