{"id":4083,"date":"2016-03-21T20:53:32","date_gmt":"2016-03-21T20:53:32","guid":{"rendered":"http:\/\/www.katag.ca\/?page_id=4083"},"modified":"2023-06-17T09:22:04","modified_gmt":"2023-06-17T13:22:04","slug":"dessins-a-colorier","status":"publish","type":"page","link":"https:\/\/www.katag.ca\/en\/dessins-a-colorier\/","title":{"rendered":"Coloring Drawings"},"content":{"rendered":"<a rel=\"attachment noopener wp-att-4085\" href=\"http:\/\/www.katag.ca\/wp-content\/uploads\/2016\/03\/dessin_colorier__katag_amarok-2.jpg\" target=\"_blank\"><img loading=\"lazy\" decoding=\"async\" class=\"alignnone wp-image-4444\" src=\"http:\/\/www.katag.ca\/wp-content\/uploads\/2016\/03\/dessin_colorier__katag_amarok-2.jpg\" alt=\"dessin_colorier__katag_amarok 2\" width=\"274\" height=\"355\" srcset=\"https:\/\/www.katag.ca\/wp-content\/uploads\/2016\/03\/dessin_colorier__katag_amarok-2.jpg 1700w, https:\/\/www.katag.ca\/wp-content\/uploads\/2016\/03\/dessin_colorier__katag_amarok-2-232x300.jpg 232w, https:\/\/www.katag.ca\/wp-content\/uploads\/2016\/03\/dessin_colorier__katag_amarok-2-768x994.jpg 768w, https:\/\/www.katag.ca\/wp-content\/uploads\/2016\/03\/dessin_colorier__katag_amarok-2-791x1024.jpg 791w\" sizes=\"auto, (max-width: 274px) 100vw, 274px\" \/><\/a>\u00a0 \u00a0 \u00a0 \u00a0\u00a0<a rel=\"attachment noopener wp-att-4085\" href=\"http:\/\/www.katag.ca\/wp-content\/uploads\/2016\/03\/dessin_colorier__katag_shiro.jpg\" target=\"_blank\"><img loading=\"lazy\" decoding=\"async\" class=\"alignnone wp-image-4446\" src=\"http:\/\/www.katag.ca\/wp-content\/uploads\/2016\/03\/dessin_colorier__katag_shiro.jpg\" alt=\"dessin_colorier__katag_shiro\" width=\"274\" height=\"355\" srcset=\"https:\/\/www.katag.ca\/wp-content\/uploads\/2016\/03\/dessin_colorier__katag_shiro.jpg 1700w, https:\/\/www.katag.ca\/wp-content\/uploads\/2016\/03\/dessin_colorier__katag_shiro-232x300.jpg 232w, https:\/\/www.katag.ca\/wp-content\/uploads\/2016\/03\/dessin_colorier__katag_shiro-768x994.jpg 768w, https:\/\/www.katag.ca\/wp-content\/uploads\/2016\/03\/dessin_colorier__katag_shiro-791x1024.jpg 791w\" sizes=\"auto, (max-width: 274px) 100vw, 274px\" \/><\/a>\u00a0 \u00a0 \u00a0 \u00a0\u00a0<a rel=\"attachment noopener wp-att-4085\" href=\"http:\/\/www.katag.ca\/wp-content\/uploads\/2016\/03\/dessin_colorier__katag_furios.jpg\" target=\"_blank\"><img loading=\"lazy\" decoding=\"async\" class=\"alignnone wp-image-4449\" src=\"http:\/\/www.katag.ca\/wp-content\/uploads\/2016\/03\/dessin_colorier__katag_furios.jpg\" alt=\"dessin_colorier__katag_furios\" width=\"274\" height=\"355\" srcset=\"https:\/\/www.katag.ca\/wp-content\/uploads\/2016\/03\/dessin_colorier__katag_furios.jpg 1700w, https:\/\/www.katag.ca\/wp-content\/uploads\/2016\/03\/dessin_colorier__katag_furios-232x300.jpg 232w, https:\/\/www.katag.ca\/wp-content\/uploads\/2016\/03\/dessin_colorier__katag_furios-768x994.jpg 768w, https:\/\/www.katag.ca\/wp-content\/uploads\/2016\/03\/dessin_colorier__katag_furios-791x1024.jpg 791w\" sizes=\"auto, (max-width: 274px) 100vw, 274px\" \/><\/a><\/p>\n<p><a rel=\"attachment noopener wp-att-4085\" href=\"http:\/\/www.katag.ca\/wp-content\/uploads\/2016\/03\/dessin_colorier__katag_carapacon.jpg\" target=\"_blank\"><img loading=\"lazy\" decoding=\"async\" class=\"alignnone wp-image-4469\" src=\"http:\/\/www.katag.ca\/wp-content\/uploads\/2016\/03\/dessin_colorier__katag_carapacon.jpg\" alt=\"\" width=\"274\" height=\"355\" srcset=\"https:\/\/www.katag.ca\/wp-content\/uploads\/2016\/03\/dessin_colorier__katag_carapacon.jpg 1700w, https:\/\/www.katag.ca\/wp-content\/uploads\/2016\/03\/dessin_colorier__katag_carapacon-232x300.jpg 232w, https:\/\/www.katag.ca\/wp-content\/uploads\/2016\/03\/dessin_colorier__katag_carapacon-768x994.jpg 768w, https:\/\/www.katag.ca\/wp-content\/uploads\/2016\/03\/dessin_colorier__katag_carapacon-791x1024.jpg 791w\" sizes=\"auto, (max-width: 274px) 100vw, 274px\" \/><\/a>\u00a0 \u00a0 \u00a0 \u00a0\u00a0<a rel=\"attachment noopener wp-att-4085\" href=\"http:\/\/www.katag.ca\/wp-content\/uploads\/2016\/03\/dessin_colorier__katag_champignome.jpg\" target=\"_blank\"><img loading=\"lazy\" decoding=\"async\" class=\"alignnone wp-image-4470\" src=\"http:\/\/www.katag.ca\/wp-content\/uploads\/2016\/03\/dessin_colorier__katag_champignome.jpg\" alt=\"\" width=\"274\" height=\"355\" srcset=\"https:\/\/www.katag.ca\/wp-content\/uploads\/2016\/03\/dessin_colorier__katag_champignome.jpg 1700w, https:\/\/www.katag.ca\/wp-content\/uploads\/2016\/03\/dessin_colorier__katag_champignome-232x300.jpg 232w, https:\/\/www.katag.ca\/wp-content\/uploads\/2016\/03\/dessin_colorier__katag_champignome-768x994.jpg 768w, https:\/\/www.katag.ca\/wp-content\/uploads\/2016\/03\/dessin_colorier__katag_champignome-791x1024.jpg 791w\" sizes=\"auto, (max-width: 274px) 100vw, 274px\" \/><\/a>\u00a0 \u00a0 \u00a0 \u00a0\u00a0<a rel=\"attachment noopener wp-att-4085\" href=\"http:\/\/www.katag.ca\/wp-content\/uploads\/2016\/03\/dessin_colorier__katag_demoiselle.jpg\" target=\"_blank\"><img loading=\"lazy\" decoding=\"async\" class=\"alignnone wp-image-4471\" src=\"http:\/\/www.katag.ca\/wp-content\/uploads\/2016\/03\/dessin_colorier__katag_demoiselle.jpg\" alt=\"\" width=\"274\" height=\"355\" srcset=\"https:\/\/www.katag.ca\/wp-content\/uploads\/2016\/03\/dessin_colorier__katag_demoiselle.jpg 1700w, https:\/\/www.katag.ca\/wp-content\/uploads\/2016\/03\/dessin_colorier__katag_demoiselle-232x300.jpg 232w, https:\/\/www.katag.ca\/wp-content\/uploads\/2016\/03\/dessin_colorier__katag_demoiselle-768x994.jpg 768w, https:\/\/www.katag.ca\/wp-content\/uploads\/2016\/03\/dessin_colorier__katag_demoiselle-791x1024.jpg 791w\" sizes=\"auto, (max-width: 274px) 100vw, 274px\" \/><\/a><\/p>\n<p><a rel=\"attachment noopener wp-att-4085\" href=\"http:\/\/www.katag.ca\/wp-content\/uploads\/2016\/03\/dessin_colorier__katag_shimori.jpg\" target=\"_blank\"><img loading=\"lazy\" decoding=\"async\" class=\"alignnone wp-image-4272\" src=\"http:\/\/www.katag.ca\/wp-content\/uploads\/2016\/03\/dessin_colorier__katag_shimori.jpg\" alt=\"\" width=\"274\" height=\"355\" srcset=\"https:\/\/www.katag.ca\/wp-content\/uploads\/2016\/03\/dessin_colorier__katag_shimori.jpg 1700w, https:\/\/www.katag.ca\/wp-content\/uploads\/2016\/03\/dessin_colorier__katag_shimori-232x300.jpg 232w, https:\/\/www.katag.ca\/wp-content\/uploads\/2016\/03\/dessin_colorier__katag_shimori-768x994.jpg 768w, https:\/\/www.katag.ca\/wp-content\/uploads\/2016\/03\/dessin_colorier__katag_shimori-791x1024.jpg 791w\" sizes=\"auto, (max-width: 274px) 100vw, 274px\" \/><\/a>\u00a0 \u00a0 \u00a0 \u00a0\u00a0<a rel=\"attachment noopener wp-att-4085\" href=\"http:\/\/www.katag.ca\/wp-content\/uploads\/2016\/03\/dessin_colorier__katag_quintus.jpg\" target=\"_blank\"><img loading=\"lazy\" decoding=\"async\" class=\"alignnone wp-image-4189\" src=\"http:\/\/www.katag.ca\/wp-content\/uploads\/2016\/03\/dessin_colorier__katag_quintus-232x300.jpg\" alt=\"\" width=\"274\" height=\"355\" srcset=\"https:\/\/www.katag.ca\/wp-content\/uploads\/2016\/03\/dessin_colorier__katag_quintus-232x300.jpg 232w, https:\/\/www.katag.ca\/wp-content\/uploads\/2016\/03\/dessin_colorier__katag_quintus-768x994.jpg 768w, https:\/\/www.katag.ca\/wp-content\/uploads\/2016\/03\/dessin_colorier__katag_quintus-791x1024.jpg 791w, https:\/\/www.katag.ca\/wp-content\/uploads\/2016\/03\/dessin_colorier__katag_quintus.jpg 1699w\" sizes=\"auto, (max-width: 274px) 100vw, 274px\" \/><\/a>\u00a0 \u00a0 \u00a0 \u00a0\u00a0<a rel=\"attachment noopener wp-att-4085\" href=\"http:\/\/www.katag.ca\/wp-content\/uploads\/2016\/03\/dessin_colorier__katag_edaiah.jpg\" target=\"_blank\"><img loading=\"lazy\" decoding=\"async\" class=\"alignnone wp-image-4261\" src=\"http:\/\/www.katag.ca\/wp-content\/uploads\/2016\/03\/dessin_colorier__katag_edaiah.jpg\" alt=\"dessin_colorier__katag_\" width=\"274\" height=\"355\" srcset=\"https:\/\/www.katag.ca\/wp-content\/uploads\/2016\/03\/dessin_colorier__katag_edaiah.jpg 1700w, https:\/\/www.katag.ca\/wp-content\/uploads\/2016\/03\/dessin_colorier__katag_edaiah-232x300.jpg 232w, https:\/\/www.katag.ca\/wp-content\/uploads\/2016\/03\/dessin_colorier__katag_edaiah-768x994.jpg 768w, https:\/\/www.katag.ca\/wp-content\/uploads\/2016\/03\/dessin_colorier__katag_edaiah-791x1024.jpg 791w\" sizes=\"auto, (max-width: 274px) 100vw, 274px\" \/><\/a><\/p>\n<p><a rel=\"noopener\" href=\"http:\/\/www.katag.ca\/wp-content\/uploads\/2016\/03\/dessin_colorier__katag_comor.jpg\" target=\"_blank\"><img loading=\"lazy\" decoding=\"async\" class=\"alignnone wp-image-4276\" src=\"http:\/\/www.katag.ca\/wp-content\/uploads\/2016\/03\/dessin_colorier__katag_comor.jpg\" alt=\"dessin_colorier__katag_comor\" width=\"274\" height=\"355\" srcset=\"https:\/\/www.katag.ca\/wp-content\/uploads\/2016\/03\/dessin_colorier__katag_comor.jpg 1700w, https:\/\/www.katag.ca\/wp-content\/uploads\/2016\/03\/dessin_colorier__katag_comor-232x300.jpg 232w, https:\/\/www.katag.ca\/wp-content\/uploads\/2016\/03\/dessin_colorier__katag_comor-768x994.jpg 768w, https:\/\/www.katag.ca\/wp-content\/uploads\/2016\/03\/dessin_colorier__katag_comor-791x1024.jpg 791w\" sizes=\"auto, (max-width: 274px) 100vw, 274px\" \/><\/a>\u00a0 \u00a0 \u00a0 \u00a0\u00a0<a rel=\"noopener\" href=\"http:\/\/www.katag.ca\/wp-content\/uploads\/2016\/03\/dessin_colorier__katag_techno_z.jpg\" target=\"_blank\"><img loading=\"lazy\" decoding=\"async\" class=\"alignnone wp-image-4090\" src=\"http:\/\/www.katag.ca\/wp-content\/uploads\/2016\/03\/dessin_colorier__katag_techno_z-232x300.jpg\" alt=\"dessin_colorier__katag_techno_z\" width=\"274\" height=\"355\" srcset=\"https:\/\/www.katag.ca\/wp-content\/uploads\/2016\/03\/dessin_colorier__katag_techno_z-232x300.jpg 232w, https:\/\/www.katag.ca\/wp-content\/uploads\/2016\/03\/dessin_colorier__katag_techno_z-768x994.jpg 768w, https:\/\/www.katag.ca\/wp-content\/uploads\/2016\/03\/dessin_colorier__katag_techno_z-791x1024.jpg 791w, https:\/\/www.katag.ca\/wp-content\/uploads\/2016\/03\/dessin_colorier__katag_techno_z.jpg 1700w\" sizes=\"auto, (max-width: 274px) 100vw, 274px\" \/><\/a>\u00a0 \u00a0 \u00a0 \u00a0\u00a0<a rel=\"noopener\" href=\"http:\/\/www.katag.ca\/wp-content\/uploads\/2016\/03\/dessin_colorier__katag_sigurn.jpg\" target=\"_blank\"><img loading=\"lazy\" decoding=\"async\" class=\"alignnone wp-image-4089\" src=\"http:\/\/www.katag.ca\/wp-content\/uploads\/2016\/03\/dessin_colorier__katag_sigurn-232x300.jpg\" alt=\"dessin_colorier__katag_sigurn\" width=\"274\" height=\"355\" srcset=\"https:\/\/www.katag.ca\/wp-content\/uploads\/2016\/03\/dessin_colorier__katag_sigurn-232x300.jpg 232w, https:\/\/www.katag.ca\/wp-content\/uploads\/2016\/03\/dessin_colorier__katag_sigurn-768x994.jpg 768w, https:\/\/www.katag.ca\/wp-content\/uploads\/2016\/03\/dessin_colorier__katag_sigurn-791x1024.jpg 791w, https:\/\/www.katag.ca\/wp-content\/uploads\/2016\/03\/dessin_colorier__katag_sigurn.jpg 1700w\" sizes=\"auto, (max-width: 274px) 100vw, 274px\" \/><\/a><\/p>\n<p><a rel=\"noopener\" href=\"http:\/\/www.katag.ca\/wp-content\/uploads\/2016\/03\/dessin_colorier__katag_amarok.jpg\" target=\"_blank\"><img loading=\"lazy\" decoding=\"async\" class=\"alignnone wp-image-4085\" src=\"http:\/\/www.katag.ca\/wp-content\/uploads\/2016\/03\/dessin_colorier__katag_amarok-232x300.jpg\" alt=\"dessin_colorier__katag_amarok\" width=\"274\" height=\"355\" srcset=\"https:\/\/www.katag.ca\/wp-content\/uploads\/2016\/03\/dessin_colorier__katag_amarok-232x300.jpg 232w, https:\/\/www.katag.ca\/wp-content\/uploads\/2016\/03\/dessin_colorier__katag_amarok-768x994.jpg 768w, https:\/\/www.katag.ca\/wp-content\/uploads\/2016\/03\/dessin_colorier__katag_amarok-791x1024.jpg 791w, https:\/\/www.katag.ca\/wp-content\/uploads\/2016\/03\/dessin_colorier__katag_amarok.jpg 1700w\" sizes=\"auto, (max-width: 274px) 100vw, 274px\" \/><\/a>\u00a0 \u00a0 \u00a0 \u00a0\u00a0<a rel=\"noopener\" href=\"http:\/\/www.katag.ca\/wp-content\/uploads\/2016\/03\/dessin_colorier__katag_dryal.jpg\" target=\"_blank\"><img loading=\"lazy\" decoding=\"async\" class=\"alignnone wp-image-4135\" src=\"http:\/\/www.katag.ca\/wp-content\/uploads\/2016\/03\/dessin_colorier__katag_dryal.jpg\" alt=\"dessin_colorier__katag_dryal\" width=\"274\" height=\"355\" srcset=\"https:\/\/www.katag.ca\/wp-content\/uploads\/2016\/03\/dessin_colorier__katag_dryal.jpg 1700w, https:\/\/www.katag.ca\/wp-content\/uploads\/2016\/03\/dessin_colorier__katag_dryal-232x300.jpg 232w, https:\/\/www.katag.ca\/wp-content\/uploads\/2016\/03\/dessin_colorier__katag_dryal-768x994.jpg 768w, https:\/\/www.katag.ca\/wp-content\/uploads\/2016\/03\/dessin_colorier__katag_dryal-791x1024.jpg 791w\" sizes=\"auto, (max-width: 274px) 100vw, 274px\" \/><\/a>\u00a0 \u00a0 \u00a0 \u00a0\u00a0<a rel=\"noopener\" href=\"http:\/\/www.katag.ca\/wp-content\/uploads\/2016\/03\/dessin_colorier__katag_eli-1.jpg\" target=\"_blank\"><img loading=\"lazy\" decoding=\"async\" class=\"alignnone wp-image-4266\" src=\"http:\/\/www.katag.ca\/wp-content\/uploads\/2016\/03\/dessin_colorier__katag_eli-1.jpg\" alt=\"\" width=\"274\" height=\"355\" srcset=\"https:\/\/www.katag.ca\/wp-content\/uploads\/2016\/03\/dessin_colorier__katag_eli-1.jpg 1700w, https:\/\/www.katag.ca\/wp-content\/uploads\/2016\/03\/dessin_colorier__katag_eli-1-232x300.jpg 232w, https:\/\/www.katag.ca\/wp-content\/uploads\/2016\/03\/dessin_colorier__katag_eli-1-768x994.jpg 768w, https:\/\/www.katag.ca\/wp-content\/uploads\/2016\/03\/dessin_colorier__katag_eli-1-791x1024.jpg 791w\" sizes=\"auto, (max-width: 274px) 100vw, 274px\" \/><\/a><\/p>\n<p><a rel=\"noopener\" href=\"http:\/\/www.katag.ca\/wp-content\/uploads\/2016\/03\/dessin_colorier__katag_nao-2-1.jpg\" target=\"_blank\"><img loading=\"lazy\" decoding=\"async\" class=\"alignnone wp-image-4264\" src=\"http:\/\/www.katag.ca\/wp-content\/uploads\/2016\/03\/dessin_colorier__katag_nao-2-1.jpg\" alt=\"\" width=\"274\" height=\"355\" srcset=\"https:\/\/www.katag.ca\/wp-content\/uploads\/2016\/03\/dessin_colorier__katag_nao-2-1.jpg 1700w, https:\/\/www.katag.ca\/wp-content\/uploads\/2016\/03\/dessin_colorier__katag_nao-2-1-232x300.jpg 232w, https:\/\/www.katag.ca\/wp-content\/uploads\/2016\/03\/dessin_colorier__katag_nao-2-1-768x994.jpg 768w, https:\/\/www.katag.ca\/wp-content\/uploads\/2016\/03\/dessin_colorier__katag_nao-2-1-791x1024.jpg 791w\" sizes=\"auto, (max-width: 274px) 100vw, 274px\" \/><\/a>\u00a0 \u00a0 \u00a0 \u00a0\u00a0<a rel=\"noopener\" href=\"http:\/\/www.katag.ca\/wp-content\/uploads\/2016\/03\/dessin_colorier__katag_mia-1.jpg\" target=\"_blank\"><img loading=\"lazy\" decoding=\"async\" class=\"alignnone wp-image-4262\" src=\"http:\/\/www.katag.ca\/wp-content\/uploads\/2016\/03\/dessin_colorier__katag_mia-1.jpg\" alt=\"\" width=\"274\" height=\"355\" srcset=\"https:\/\/www.katag.ca\/wp-content\/uploads\/2016\/03\/dessin_colorier__katag_mia-1.jpg 612w, https:\/\/www.katag.ca\/wp-content\/uploads\/2016\/03\/dessin_colorier__katag_mia-1-232x300.jpg 232w\" sizes=\"auto, (max-width: 274px) 100vw, 274px\" \/><\/a>\u00a0 \u00a0 \u00a0 \u00a0\u00a0<a rel=\"noopener\" href=\"http:\/\/www.katag.ca\/wp-content\/uploads\/2016\/03\/dessin_colorier__katag_nao.jpg\" target=\"_blank\"><img loading=\"lazy\" decoding=\"async\" class=\"alignnone wp-image-4186\" src=\"http:\/\/www.katag.ca\/wp-content\/uploads\/2016\/03\/dessin_colorier__katag_nao-232x300.jpg\" alt=\"\" width=\"274\" height=\"354\" srcset=\"https:\/\/www.katag.ca\/wp-content\/uploads\/2016\/03\/dessin_colorier__katag_nao-232x300.jpg 232w, https:\/\/www.katag.ca\/wp-content\/uploads\/2016\/03\/dessin_colorier__katag_nao-768x993.jpg 768w, https:\/\/www.katag.ca\/wp-content\/uploads\/2016\/03\/dessin_colorier__katag_nao-792x1024.jpg 792w, https:\/\/www.katag.ca\/wp-content\/uploads\/2016\/03\/dessin_colorier__katag_nao.jpg 1700w\" sizes=\"auto, (max-width: 274px) 100vw, 274px\" \/><\/a><\/p>\n<p>&nbsp;<\/p>\n<p style=\"text-align: center;\"><strong><a href=\"https:\/\/www.katag.ca\/jeu-de-cartes\/\">BACK TO CARD GAME PAGE<\/a><\/strong><\/p>","protected":false},"excerpt":{"rendered":"<p>\u00a0 \u00a0 \u00a0 \u00a0\u00a0\u00a0 \u00a0 \u00a0 \u00a0\u00a0 \u00a0 \u00a0 \u00a0 \u00a0\u00a0\u00a0 \u00a0 \u00a0 \u00a0\u00a0 \u00a0 \u00a0 \u00a0 \u00a0\u00a0\u00a0 \u00a0 \u00a0 \u00a0\u00a0 \u00a0 \u00a0 \u00a0 \u00a0\u00a0\u00a0 \u00a0 \u00a0 \u00a0\u00a0 \u00a0 \u00a0 \u00a0 \u00a0\u00a0\u00a0 \u00a0 \u00a0 \u00a0\u00a0 \u00a0 \u00a0 \u00a0 \u00a0\u00a0\u00a0 \u00a0 \u00a0 \u00a0\u00a0 &nbsp; BACK TO CARD GAME PAGE<\/p>\n","protected":false},"author":2,"featured_media":0,"parent":0,"menu_order":0,"comment_status":"closed","ping_status":"closed","template":"","meta":{"footnotes":""},"class_list":["post-4083","page","type-page","status-publish","hentry"],"yoast_head":"<!-- This site is optimized with the Yoast SEO plugin v26.0 - https:\/\/yoast.com\/wordpress\/plugins\/seo\/ -->\n<title>Coloring Drawings | Katag<\/title>\n<meta name=\"description\" content=\"Dessins \u00e0 colorier des h\u00e9ros Shimori, Quintus, Edaiah, Comor, Techno-Z, Sigurn, Amarok, Dryal, Eli, Nao, Mia, etc.\" \/>\n<meta name=\"robots\" content=\"index, follow, max-snippet:-1, max-image-preview:large, max-video-preview:-1\" \/>\n<link rel=\"canonical\" href=\"https:\/\/www.katag.ca\/dessins-a-colorier\/\" \/>\n<meta property=\"og:locale\" content=\"en_US\" \/>\n<meta property=\"og:type\" content=\"article\" \/>\n<meta property=\"og:title\" content=\"[:fr]Dessins \u00e0 colorier[:en]Coloring Drawings[:] | Katag\" \/>\n<meta property=\"og:description\" content=\"Dessins \u00e0 colorier des h\u00e9ros Shimori, Quintus, Edaiah, Comor, Techno-Z, Sigurn, Amarok, Dryal, Eli, Nao, Mia, etc.\" \/>\n<meta property=\"og:url\" content=\"https:\/\/www.katag.ca\/dessins-a-colorier\/\" \/>\n<meta property=\"og:site_name\" content=\"Katag\" \/>\n<meta property=\"article:publisher\" content=\"https:\/\/www.facebook.com\/Katag.ca\" \/>\n<meta property=\"article:modified_time\" content=\"2023-06-17T13:22:04+00:00\" \/>\n<meta property=\"og:image\" content=\"http:\/\/www.katag.ca\/wp-content\/uploads\/2016\/03\/dessin_colorier__katag_amarok-2.jpg\" \/>\n<meta name=\"twitter:card\" content=\"summary_large_image\" \/>\n<meta name=\"twitter:label1\" content=\"Est. reading time\" \/>\n\t<meta name=\"twitter:data1\" content=\"4 minutes\" \/>\n<script type=\"application\/ld+json\" class=\"yoast-schema-graph\">{\"@context\":\"https:\/\/schema.org\",\"@graph\":[{\"@type\":\"WebPage\",\"@id\":\"https:\/\/www.katag.ca\/dessins-a-colorier\/\",\"url\":\"https:\/\/www.katag.ca\/dessins-a-colorier\/\",\"name\":\"[:fr]Dessins \u00e0 colorier[:en]Coloring Drawings[:] | Katag\",\"isPartOf\":{\"@id\":\"https:\/\/www.katag.ca\/#website\"},\"primaryImageOfPage\":{\"@id\":\"https:\/\/www.katag.ca\/dessins-a-colorier\/#primaryimage\"},\"image\":{\"@id\":\"https:\/\/www.katag.ca\/dessins-a-colorier\/#primaryimage\"},\"thumbnailUrl\":\"http:\/\/www.katag.ca\/wp-content\/uploads\/2016\/03\/dessin_colorier__katag_amarok-2.jpg\",\"datePublished\":\"2016-03-21T20:53:32+00:00\",\"dateModified\":\"2023-06-17T13:22:04+00:00\",\"description\":\"Dessins \u00e0 colorier des h\u00e9ros Shimori, Quintus, Edaiah, Comor, Techno-Z, Sigurn, Amarok, Dryal, Eli, Nao, Mia, etc.\",\"breadcrumb\":{\"@id\":\"https:\/\/www.katag.ca\/dessins-a-colorier\/#breadcrumb\"},\"inLanguage\":\"en-US\",\"potentialAction\":[{\"@type\":\"ReadAction\",\"target\":[\"https:\/\/www.katag.ca\/dessins-a-colorier\/\"]}]},{\"@type\":\"ImageObject\",\"inLanguage\":\"en-US\",\"@id\":\"https:\/\/www.katag.ca\/dessins-a-colorier\/#primaryimage\",\"url\":\"http:\/\/www.katag.ca\/wp-content\/uploads\/2016\/03\/dessin_colorier__katag_amarok-2.jpg\",\"contentUrl\":\"http:\/\/www.katag.ca\/wp-content\/uploads\/2016\/03\/dessin_colorier__katag_amarok-2.jpg\"},{\"@type\":\"BreadcrumbList\",\"@id\":\"https:\/\/www.katag.ca\/dessins-a-colorier\/#breadcrumb\",\"itemListElement\":[{\"@type\":\"ListItem\",\"position\":1,\"name\":\"Accueil\",\"item\":\"https:\/\/www.katag.ca\/\"},{\"@type\":\"ListItem\",\"position\":2,\"name\":\"Dessins \u00e0 colorier\"}]},{\"@type\":\"WebSite\",\"@id\":\"https:\/\/www.katag.ca\/#website\",\"url\":\"https:\/\/www.katag.ca\/\",\"name\":\"Katag\",\"description\":\"LE jeu d'&eacute;p&eacute;es-mousse\",\"publisher\":{\"@id\":\"https:\/\/www.katag.ca\/#organization\"},\"potentialAction\":[{\"@type\":\"SearchAction\",\"target\":{\"@type\":\"EntryPoint\",\"urlTemplate\":\"https:\/\/www.katag.ca\/?s={search_term_string}\"},\"query-input\":{\"@type\":\"PropertyValueSpecification\",\"valueRequired\":true,\"valueName\":\"search_term_string\"}}],\"inLanguage\":\"en-US\"},{\"@type\":\"Organization\",\"@id\":\"https:\/\/www.katag.ca\/#organization\",\"name\":\"Katag\",\"url\":\"https:\/\/www.katag.ca\/\",\"logo\":{\"@type\":\"ImageObject\",\"inLanguage\":\"en-US\",\"@id\":\"https:\/\/www.katag.ca\/#\/schema\/logo\/image\/\",\"url\":\"https:\/\/www.katag.ca\/wp-content\/uploads\/2021\/03\/logo-fr.png\",\"contentUrl\":\"https:\/\/www.katag.ca\/wp-content\/uploads\/2021\/03\/logo-fr.png\",\"width\":338,\"height\":173,\"caption\":\"Katag\"},\"image\":{\"@id\":\"https:\/\/www.katag.ca\/#\/schema\/logo\/image\/\"},\"sameAs\":[\"https:\/\/www.facebook.com\/Katag.ca\"]}]}<\/script>\n<!-- \/ Yoast SEO plugin. -->","yoast_head_json":{"title":"[:fr]Dessins \u00e0 colorier[:en]Coloring Drawings[:] | Katag","description":"Dessins \u00e0 colorier des h\u00e9ros Shimori, Quintus, Edaiah, Comor, Techno-Z, Sigurn, Amarok, Dryal, Eli, Nao, Mia, etc.","robots":{"index":"index","follow":"follow","max-snippet":"max-snippet:-1","max-image-preview":"max-image-preview:large","max-video-preview":"max-video-preview:-1"},"canonical":"https:\/\/www.katag.ca\/dessins-a-colorier\/","og_locale":"en_US","og_type":"article","og_title":"[:fr]Dessins \u00e0 colorier[:en]Coloring Drawings[:] | Katag","og_description":"Dessins \u00e0 colorier des h\u00e9ros Shimori, Quintus, Edaiah, Comor, Techno-Z, Sigurn, Amarok, Dryal, Eli, Nao, Mia, etc.","og_url":"https:\/\/www.katag.ca\/dessins-a-colorier\/","og_site_name":"Katag","article_publisher":"https:\/\/www.facebook.com\/Katag.ca","article_modified_time":"2023-06-17T13:22:04+00:00","og_image":[{"url":"http:\/\/www.katag.ca\/wp-content\/uploads\/2016\/03\/dessin_colorier__katag_amarok-2.jpg","type":"","width":"","height":""}],"twitter_card":"summary_large_image","twitter_misc":{"Est. reading time":"4 minutes"},"schema":{"@context":"https:\/\/schema.org","@graph":[{"@type":"WebPage","@id":"https:\/\/www.katag.ca\/dessins-a-colorier\/","url":"https:\/\/www.katag.ca\/dessins-a-colorier\/","name":"[:fr]Dessins \u00e0 colorier[:en]Coloring Drawings[:] | Katag","isPartOf":{"@id":"https:\/\/www.katag.ca\/#website"},"primaryImageOfPage":{"@id":"https:\/\/www.katag.ca\/dessins-a-colorier\/#primaryimage"},"image":{"@id":"https:\/\/www.katag.ca\/dessins-a-colorier\/#primaryimage"},"thumbnailUrl":"http:\/\/www.katag.ca\/wp-content\/uploads\/2016\/03\/dessin_colorier__katag_amarok-2.jpg","datePublished":"2016-03-21T20:53:32+00:00","dateModified":"2023-06-17T13:22:04+00:00","description":"Dessins \u00e0 colorier des h\u00e9ros Shimori, Quintus, Edaiah, Comor, Techno-Z, Sigurn, Amarok, Dryal, Eli, Nao, Mia, etc.","breadcrumb":{"@id":"https:\/\/www.katag.ca\/dessins-a-colorier\/#breadcrumb"},"inLanguage":"en-US","potentialAction":[{"@type":"ReadAction","target":["https:\/\/www.katag.ca\/dessins-a-colorier\/"]}]},{"@type":"ImageObject","inLanguage":"en-US","@id":"https:\/\/www.katag.ca\/dessins-a-colorier\/#primaryimage","url":"http:\/\/www.katag.ca\/wp-content\/uploads\/2016\/03\/dessin_colorier__katag_amarok-2.jpg","contentUrl":"http:\/\/www.katag.ca\/wp-content\/uploads\/2016\/03\/dessin_colorier__katag_amarok-2.jpg"},{"@type":"BreadcrumbList","@id":"https:\/\/www.katag.ca\/dessins-a-colorier\/#breadcrumb","itemListElement":[{"@type":"ListItem","position":1,"name":"Accueil","item":"https:\/\/www.katag.ca\/"},{"@type":"ListItem","position":2,"name":"Dessins \u00e0 colorier"}]},{"@type":"WebSite","@id":"https:\/\/www.katag.ca\/#website","url":"https:\/\/www.katag.ca\/","name":"Katag","description":"LE jeu d'&eacute;p&eacute;es-mousse","publisher":{"@id":"https:\/\/www.katag.ca\/#organization"},"potentialAction":[{"@type":"SearchAction","target":{"@type":"EntryPoint","urlTemplate":"https:\/\/www.katag.ca\/?s={search_term_string}"},"query-input":{"@type":"PropertyValueSpecification","valueRequired":true,"valueName":"search_term_string"}}],"inLanguage":"en-US"},{"@type":"Organization","@id":"https:\/\/www.katag.ca\/#organization","name":"Katag","url":"https:\/\/www.katag.ca\/","logo":{"@type":"ImageObject","inLanguage":"en-US","@id":"https:\/\/www.katag.ca\/#\/schema\/logo\/image\/","url":"https:\/\/www.katag.ca\/wp-content\/uploads\/2021\/03\/logo-fr.png","contentUrl":"https:\/\/www.katag.ca\/wp-content\/uploads\/2021\/03\/logo-fr.png","width":338,"height":173,"caption":"Katag"},"image":{"@id":"https:\/\/www.katag.ca\/#\/schema\/logo\/image\/"},"sameAs":["https:\/\/www.facebook.com\/Katag.ca"]}]}},"_links":{"self":[{"href":"https:\/\/www.katag.ca\/en\/wp-json\/wp\/v2\/pages\/4083","targetHints":{"allow":["GET"]}}],"collection":[{"href":"https:\/\/www.katag.ca\/en\/wp-json\/wp\/v2\/pages"}],"about":[{"href":"https:\/\/www.katag.ca\/en\/wp-json\/wp\/v2\/types\/page"}],"author":[{"embeddable":true,"href":"https:\/\/www.katag.ca\/en\/wp-json\/wp\/v2\/users\/2"}],"replies":[{"embeddable":true,"href":"https:\/\/www.katag.ca\/en\/wp-json\/wp\/v2\/comments?post=4083"}],"version-history":[{"count":48,"href":"https:\/\/www.katag.ca\/en\/wp-json\/wp\/v2\/pages\/4083\/revisions"}],"predecessor-version":[{"id":5297,"href":"https:\/\/www.katag.ca\/en\/wp-json\/wp\/v2\/pages\/4083\/revisions\/5297"}],"wp:attachment":[{"href":"https:\/\/www.katag.ca\/en\/wp-json\/wp\/v2\/media?parent=4083"}],"curies":[{"name":"wp","href":"https:\/\/api.w.org\/{rel}","templated":true}]}}