{"id":4810,"date":"2017-08-31T17:04:33","date_gmt":"2017-08-31T17:04:33","guid":{"rendered":"http:\/\/www.katag.ca\/?page_id=4810"},"modified":"2023-06-17T09:11:53","modified_gmt":"2023-06-17T13:11:53","slug":"pedagogique","status":"publish","type":"page","link":"https:\/\/www.katag.ca\/en\/pedagogique\/","title":{"rendered":"Pedagogical Days"},"content":{"rendered":"<h3>PEDAGOGICAL DAYS<\/h3>\n<blockquote><p>Invented by educators in day care centres<\/p><\/blockquote>\n<h5>KATAG on a pedagogical day includes:<\/h5>\n<div class=\"organic-column one-third\"><img loading=\"lazy\" decoding=\"async\" width=\"266\" height=\"266\" class=\"aligncenter size-full wp-image-4815\" src=\"http:\/\/www.katag.ca\/wp-content\/uploads\/2017\/08\/Cercle_Katag_Activite_sportive_ecole.jpg\" alt=\"\" srcset=\"https:\/\/www.katag.ca\/wp-content\/uploads\/2017\/08\/Cercle_Katag_Activite_sportive_ecole.jpg 266w, https:\/\/www.katag.ca\/wp-content\/uploads\/2017\/08\/Cercle_Katag_Activite_sportive_ecole-150x150.jpg 150w\" sizes=\"auto, (max-width: 266px) 100vw, 266px\" \/><\/p>\n<h6 style=\"text-align: center;\">A sport activity<\/h6>\n<p style=\"text-align: center;\">(A team that comes to your school.\u00a0All the foam sword game playing material:\u00a0swords, shields, pennies, safety glasses, etc.)<\/p>\n<\/div>\n<div class=\"organic-column one-third\"><img loading=\"lazy\" decoding=\"async\" class=\"aligncenter wp-image-4816 size-full\" src=\"http:\/\/www.katag.ca\/wp-content\/uploads\/2017\/08\/Cercle_Katag_Guide_activit\u00e9s.jpg\" alt=\"\" width=\"266\" height=\"266\" srcset=\"https:\/\/www.katag.ca\/wp-content\/uploads\/2017\/08\/Cercle_Katag_Guide_activit\u00e9s.jpg 266w, https:\/\/www.katag.ca\/wp-content\/uploads\/2017\/08\/Cercle_Katag_Guide_activit\u00e9s-150x150.jpg 150w\" sizes=\"auto, (max-width: 266px) 100vw, 266px\" \/><\/p>\n<h6 style=\"text-align: center;\">A workbook activity<\/h6>\n<p style=\"text-align: center;\"><\/div>\n<div class=\"organic-column one-third last\"><img loading=\"lazy\" decoding=\"async\" class=\"aligncenter wp-image-4817 size-full\" src=\"http:\/\/www.katag.ca\/wp-content\/uploads\/2017\/08\/Cercle_Katag_Carte_collection.jpg\" alt=\"\" width=\"266\" height=\"266\" srcset=\"https:\/\/www.katag.ca\/wp-content\/uploads\/2017\/08\/Cercle_Katag_Carte_collection.jpg 266w, https:\/\/www.katag.ca\/wp-content\/uploads\/2017\/08\/Cercle_Katag_Carte_collection-150x150.jpg 150w\" sizes=\"auto, (max-width: 266px) 100vw, 266px\" \/><\/p>\n<h6 style=\"text-align: center;\">One collection card for each child<\/h6>\n<p style=\"text-align: center;\"><\/div><div class=\"clearboth\"><\/div>\n<p>&nbsp;<\/p>\n<p><strong>KATAG<\/strong> can be played outside or in a gym.<\/p>\n<p><a href=\"http:\/\/www.katag.ca\/en\/ecole\/\"><img loading=\"lazy\" decoding=\"async\" class=\"aligncenter wp-image-3369 size-full\" src=\"http:\/\/www.katag.ca\/wp-content\/uploads\/2014\/09\/katag_pedagogique1.jpg\" alt=\"\" width=\"902\" height=\"543\" srcset=\"https:\/\/www.katag.ca\/wp-content\/uploads\/2014\/09\/katag_pedagogique1.jpg 902w, https:\/\/www.katag.ca\/wp-content\/uploads\/2014\/09\/katag_pedagogique1-300x181.jpg 300w\" sizes=\"auto, (max-width: 902px) 100vw, 902px\" \/><\/a> As former child-care educators, we guarantee everyone will love it &#8211; girls and boys \u2013 big or small!<\/p>\n<ul>\n<li style=\"list-style-type: none;\">\n<ul>\n<li style=\"list-style-type: none;\">\n<ul>\n<li style=\"list-style-type: none;\">\n<ul>\n<li style=\"list-style-type: none;\">\n<ul>\n<li style=\"list-style-type: none;\">\n<ul>\n<li><em><strong>The sports component:<\/strong><\/em> Our team takes care of your groups for the KATAG foam-swords game. Duration according to age.\u00a0<a title=\"Video Katag at School\" href=\"http:\/\/www.katag.ca\/video-ecoles1\/\"><strong>Watch the video<\/strong><\/a>.<\/li>\n<li><em><strong>The complementary component:<\/strong><\/em> A book of themed activities that allows educators to work with their children while they are not with our team. These activities are connected to the free, online <a href=\"http:\/\/www.katag.ca\/en\/univers-fantastique\/\">Fantasy Universe<\/a>. They fall into three categories:<\/li>\n<\/ul>\n<\/li>\n<\/ul>\n<\/li>\n<\/ul>\n<\/li>\n<\/ul>\n<\/li>\n<\/ul>\n<\/li>\n<\/ul>\n<p style=\"padding-left: 60px;\"><strong style=\"color: #243b95;\">Team: \u00ab The Trials of Tangaro \u00bb<\/strong> Multiple challenges (Word Searches, Find the Seven Errors, Guess the Sentence, Physical Tests) completed by small teams who compete in a friendly competition.<\/p>\n<p style=\"padding-left: 60px;\"><strong style=\"color: #243b95;\">Individual<\/strong> Colouring Pages, Maze, Connect the Dots, etc.<\/p>\n<p style=\"padding-left: 60px;\"><strong style=\"color: #243b95;\">Online<\/strong> An adventure where you are the hero, creating your own cartoon character, etc.<\/p>\n<p>Description of the KATAG activity for your registration forms: <strong><a title=\"Text for your registration forms\" href=\"http:\/\/www.katag.ca\/wp-content\/uploads\/2016\/02\/Trousse-pour-feuille-inscription-p\u00e9dagogique-KATAG-2016.doc\">Click here to download the Word document<\/a><\/strong><\/p>\n<p>To obtain more information, do not hesitate to\u00a0<strong><a title=\"Contact us\" href=\"http:\/\/www.katag.ca\/en\/nous-joindre\/\">contact us<\/a><\/strong>.<\/p>\n<p style=\"text-align: center;\">","protected":false},"excerpt":{"rendered":"<p>PEDAGOGICAL DAYS Invented by educators in day care centres KATAG on a pedagogical day includes: &nbsp; KATAG can be played outside or in a gym. As former child-care educators, we guarantee everyone will love it &#8211; girls and boys \u2013 big or small! The sports component: Our team takes care of your groups for the KATAG foam-swords game. Duration according to age.\u00a0Watch the video. The complementary component: A book of themed activities that allows educators to work with their children while they are not with our team. These&#8230;<\/p>\n","protected":false},"author":2,"featured_media":207,"parent":0,"menu_order":0,"comment_status":"closed","ping_status":"closed","template":"","meta":{"footnotes":""},"class_list":["post-4810","page","type-page","status-publish","has-post-thumbnail","hentry"],"yoast_head":"<!-- This site is optimized with the Yoast SEO plugin v26.0 - https:\/\/yoast.com\/wordpress\/plugins\/seo\/ -->\n<title>Pedagogical Days | Katag<\/title>\n<meta name=\"description\" content=\"P\u00c9DAGOGIQUE | PARASCOLAIRE | ACTIVIT\u00c9S SP\u00c9CIALES\" \/>\n<meta name=\"robots\" content=\"index, follow, max-snippet:-1, max-image-preview:large, max-video-preview:-1\" \/>\n<link rel=\"canonical\" href=\"https:\/\/www.katag.ca\/pedagogique\/\" \/>\n<meta property=\"og:locale\" content=\"en_US\" \/>\n<meta property=\"og:type\" content=\"article\" \/>\n<meta property=\"og:title\" content=\"[:fr]P\u00e9dagogique[:en]Pedagogical Days[:] | Katag\" \/>\n<meta property=\"og:description\" content=\"P\u00c9DAGOGIQUE | PARASCOLAIRE | ACTIVIT\u00c9S SP\u00c9CIALES\" \/>\n<meta property=\"og:url\" content=\"https:\/\/www.katag.ca\/pedagogique\/\" \/>\n<meta property=\"og:site_name\" content=\"Katag\" \/>\n<meta property=\"article:publisher\" content=\"https:\/\/www.facebook.com\/Katag.ca\" \/>\n<meta property=\"article:modified_time\" content=\"2023-06-17T13:11:53+00:00\" \/>\n<meta property=\"og:image\" content=\"https:\/\/www.katag.ca\/wp-content\/uploads\/2014\/09\/katag_image1.jpg\" \/>\n\t<meta property=\"og:image:width\" content=\"2400\" \/>\n\t<meta property=\"og:image:height\" content=\"720\" \/>\n\t<meta property=\"og:image:type\" content=\"image\/jpeg\" \/>\n<meta name=\"twitter:card\" content=\"summary_large_image\" \/>\n<meta name=\"twitter:label1\" content=\"Est. reading time\" \/>\n\t<meta name=\"twitter:data1\" content=\"3 minutes\" \/>\n<script type=\"application\/ld+json\" class=\"yoast-schema-graph\">{\"@context\":\"https:\/\/schema.org\",\"@graph\":[{\"@type\":\"WebPage\",\"@id\":\"https:\/\/www.katag.ca\/pedagogique\/\",\"url\":\"https:\/\/www.katag.ca\/pedagogique\/\",\"name\":\"[:fr]P\u00e9dagogique[:en]Pedagogical Days[:] | Katag\",\"isPartOf\":{\"@id\":\"https:\/\/www.katag.ca\/#website\"},\"primaryImageOfPage\":{\"@id\":\"https:\/\/www.katag.ca\/pedagogique\/#primaryimage\"},\"image\":{\"@id\":\"https:\/\/www.katag.ca\/pedagogique\/#primaryimage\"},\"thumbnailUrl\":\"https:\/\/www.katag.ca\/wp-content\/uploads\/2014\/09\/katag_image1.jpg\",\"datePublished\":\"2017-08-31T17:04:33+00:00\",\"dateModified\":\"2023-06-17T13:11:53+00:00\",\"description\":\"P\u00c9DAGOGIQUE | PARASCOLAIRE | ACTIVIT\u00c9S SP\u00c9CIALES\",\"breadcrumb\":{\"@id\":\"https:\/\/www.katag.ca\/pedagogique\/#breadcrumb\"},\"inLanguage\":\"en-US\",\"potentialAction\":[{\"@type\":\"ReadAction\",\"target\":[\"https:\/\/www.katag.ca\/pedagogique\/\"]}]},{\"@type\":\"ImageObject\",\"inLanguage\":\"en-US\",\"@id\":\"https:\/\/www.katag.ca\/pedagogique\/#primaryimage\",\"url\":\"https:\/\/www.katag.ca\/wp-content\/uploads\/2014\/09\/katag_image1.jpg\",\"contentUrl\":\"https:\/\/www.katag.ca\/wp-content\/uploads\/2014\/09\/katag_image1.jpg\",\"width\":2400,\"height\":720,\"caption\":\"Katag P\u00e9dagogique\"},{\"@type\":\"BreadcrumbList\",\"@id\":\"https:\/\/www.katag.ca\/pedagogique\/#breadcrumb\",\"itemListElement\":[{\"@type\":\"ListItem\",\"position\":1,\"name\":\"Accueil\",\"item\":\"https:\/\/www.katag.ca\/\"},{\"@type\":\"ListItem\",\"position\":2,\"name\":\"P\u00e9dagogique\"}]},{\"@type\":\"WebSite\",\"@id\":\"https:\/\/www.katag.ca\/#website\",\"url\":\"https:\/\/www.katag.ca\/\",\"name\":\"Katag\",\"description\":\"LE jeu d'&eacute;p&eacute;es-mousse\",\"publisher\":{\"@id\":\"https:\/\/www.katag.ca\/#organization\"},\"potentialAction\":[{\"@type\":\"SearchAction\",\"target\":{\"@type\":\"EntryPoint\",\"urlTemplate\":\"https:\/\/www.katag.ca\/?s={search_term_string}\"},\"query-input\":{\"@type\":\"PropertyValueSpecification\",\"valueRequired\":true,\"valueName\":\"search_term_string\"}}],\"inLanguage\":\"en-US\"},{\"@type\":\"Organization\",\"@id\":\"https:\/\/www.katag.ca\/#organization\",\"name\":\"Katag\",\"url\":\"https:\/\/www.katag.ca\/\",\"logo\":{\"@type\":\"ImageObject\",\"inLanguage\":\"en-US\",\"@id\":\"https:\/\/www.katag.ca\/#\/schema\/logo\/image\/\",\"url\":\"https:\/\/www.katag.ca\/wp-content\/uploads\/2021\/03\/logo-fr.png\",\"contentUrl\":\"https:\/\/www.katag.ca\/wp-content\/uploads\/2021\/03\/logo-fr.png\",\"width\":338,\"height\":173,\"caption\":\"Katag\"},\"image\":{\"@id\":\"https:\/\/www.katag.ca\/#\/schema\/logo\/image\/\"},\"sameAs\":[\"https:\/\/www.facebook.com\/Katag.ca\"]}]}<\/script>\n<!-- \/ Yoast SEO plugin. -->","yoast_head_json":{"title":"[:fr]P\u00e9dagogique[:en]Pedagogical Days[:] | Katag","description":"P\u00c9DAGOGIQUE | PARASCOLAIRE | ACTIVIT\u00c9S SP\u00c9CIALES","robots":{"index":"index","follow":"follow","max-snippet":"max-snippet:-1","max-image-preview":"max-image-preview:large","max-video-preview":"max-video-preview:-1"},"canonical":"https:\/\/www.katag.ca\/pedagogique\/","og_locale":"en_US","og_type":"article","og_title":"[:fr]P\u00e9dagogique[:en]Pedagogical Days[:] | Katag","og_description":"P\u00c9DAGOGIQUE | PARASCOLAIRE | ACTIVIT\u00c9S SP\u00c9CIALES","og_url":"https:\/\/www.katag.ca\/pedagogique\/","og_site_name":"Katag","article_publisher":"https:\/\/www.facebook.com\/Katag.ca","article_modified_time":"2023-06-17T13:11:53+00:00","og_image":[{"width":2400,"height":720,"url":"https:\/\/www.katag.ca\/wp-content\/uploads\/2014\/09\/katag_image1.jpg","type":"image\/jpeg"}],"twitter_card":"summary_large_image","twitter_misc":{"Est. reading time":"3 minutes"},"schema":{"@context":"https:\/\/schema.org","@graph":[{"@type":"WebPage","@id":"https:\/\/www.katag.ca\/pedagogique\/","url":"https:\/\/www.katag.ca\/pedagogique\/","name":"[:fr]P\u00e9dagogique[:en]Pedagogical Days[:] | Katag","isPartOf":{"@id":"https:\/\/www.katag.ca\/#website"},"primaryImageOfPage":{"@id":"https:\/\/www.katag.ca\/pedagogique\/#primaryimage"},"image":{"@id":"https:\/\/www.katag.ca\/pedagogique\/#primaryimage"},"thumbnailUrl":"https:\/\/www.katag.ca\/wp-content\/uploads\/2014\/09\/katag_image1.jpg","datePublished":"2017-08-31T17:04:33+00:00","dateModified":"2023-06-17T13:11:53+00:00","description":"P\u00c9DAGOGIQUE | PARASCOLAIRE | ACTIVIT\u00c9S SP\u00c9CIALES","breadcrumb":{"@id":"https:\/\/www.katag.ca\/pedagogique\/#breadcrumb"},"inLanguage":"en-US","potentialAction":[{"@type":"ReadAction","target":["https:\/\/www.katag.ca\/pedagogique\/"]}]},{"@type":"ImageObject","inLanguage":"en-US","@id":"https:\/\/www.katag.ca\/pedagogique\/#primaryimage","url":"https:\/\/www.katag.ca\/wp-content\/uploads\/2014\/09\/katag_image1.jpg","contentUrl":"https:\/\/www.katag.ca\/wp-content\/uploads\/2014\/09\/katag_image1.jpg","width":2400,"height":720,"caption":"Katag P\u00e9dagogique"},{"@type":"BreadcrumbList","@id":"https:\/\/www.katag.ca\/pedagogique\/#breadcrumb","itemListElement":[{"@type":"ListItem","position":1,"name":"Accueil","item":"https:\/\/www.katag.ca\/"},{"@type":"ListItem","position":2,"name":"P\u00e9dagogique"}]},{"@type":"WebSite","@id":"https:\/\/www.katag.ca\/#website","url":"https:\/\/www.katag.ca\/","name":"Katag","description":"LE jeu d'&eacute;p&eacute;es-mousse","publisher":{"@id":"https:\/\/www.katag.ca\/#organization"},"potentialAction":[{"@type":"SearchAction","target":{"@type":"EntryPoint","urlTemplate":"https:\/\/www.katag.ca\/?s={search_term_string}"},"query-input":{"@type":"PropertyValueSpecification","valueRequired":true,"valueName":"search_term_string"}}],"inLanguage":"en-US"},{"@type":"Organization","@id":"https:\/\/www.katag.ca\/#organization","name":"Katag","url":"https:\/\/www.katag.ca\/","logo":{"@type":"ImageObject","inLanguage":"en-US","@id":"https:\/\/www.katag.ca\/#\/schema\/logo\/image\/","url":"https:\/\/www.katag.ca\/wp-content\/uploads\/2021\/03\/logo-fr.png","contentUrl":"https:\/\/www.katag.ca\/wp-content\/uploads\/2021\/03\/logo-fr.png","width":338,"height":173,"caption":"Katag"},"image":{"@id":"https:\/\/www.katag.ca\/#\/schema\/logo\/image\/"},"sameAs":["https:\/\/www.facebook.com\/Katag.ca"]}]}},"_links":{"self":[{"href":"https:\/\/www.katag.ca\/en\/wp-json\/wp\/v2\/pages\/4810","targetHints":{"allow":["GET"]}}],"collection":[{"href":"https:\/\/www.katag.ca\/en\/wp-json\/wp\/v2\/pages"}],"about":[{"href":"https:\/\/www.katag.ca\/en\/wp-json\/wp\/v2\/types\/page"}],"author":[{"embeddable":true,"href":"https:\/\/www.katag.ca\/en\/wp-json\/wp\/v2\/users\/2"}],"replies":[{"embeddable":true,"href":"https:\/\/www.katag.ca\/en\/wp-json\/wp\/v2\/comments?post=4810"}],"version-history":[{"count":10,"href":"https:\/\/www.katag.ca\/en\/wp-json\/wp\/v2\/pages\/4810\/revisions"}],"predecessor-version":[{"id":4853,"href":"https:\/\/www.katag.ca\/en\/wp-json\/wp\/v2\/pages\/4810\/revisions\/4853"}],"wp:featuredmedia":[{"embeddable":true,"href":"https:\/\/www.katag.ca\/en\/wp-json\/wp\/v2\/media\/207"}],"wp:attachment":[{"href":"https:\/\/www.katag.ca\/en\/wp-json\/wp\/v2\/media?parent=4810"}],"curies":[{"name":"wp","href":"https:\/\/api.w.org\/{rel}","templated":true}]}}