{"id":4826,"date":"2017-08-31T17:39:38","date_gmt":"2017-08-31T17:39:38","guid":{"rendered":"http:\/\/www.katag.ca\/?page_id=4826"},"modified":"2023-06-17T09:15:39","modified_gmt":"2023-06-17T13:15:39","slug":"activites-speciales","status":"publish","type":"page","link":"https:\/\/www.katag.ca\/en\/activites-speciales\/","title":{"rendered":"Special Activities"},"content":{"rendered":"<h3>SPECIAL ACTIVITIES<\/h3>\n<h5>Complete facilitation of a customized KATAG game:<\/h5>\n<ul>\n<li>As a reward activity for your class<img loading=\"lazy\" decoding=\"async\" width=\"430\" height=\"123\" class=\"alignright size-full wp-image-2870\" src=\"http:\/\/www.katag.ca\/wp-content\/uploads\/2014\/09\/cartes_katag_mini.jpg\" alt=\"cartes_katag\" srcset=\"https:\/\/www.katag.ca\/wp-content\/uploads\/2014\/09\/cartes_katag_mini.jpg 430w, https:\/\/www.katag.ca\/wp-content\/uploads\/2014\/09\/cartes_katag_mini-300x86.jpg 300w\" sizes=\"auto, (max-width: 430px) 100vw, 430px\" \/><\/li>\n<li>To celebrate the beginning or end of the year for the entire school<\/li>\n<\/ul>\n<p>One collection card for each child.<\/p>\n<blockquote>\n<p style=\"text-align: left;\">Enjoy a unique experience that gets the whole school moving at the same time!<\/p>\n<\/blockquote>","protected":false},"excerpt":{"rendered":"<p>SPECIAL ACTIVITIES Complete facilitation of a customized KATAG game: As a reward activity for your class To celebrate the beginning or end of the year for the entire school One collection card for each child. Enjoy a unique experience that gets the whole school moving at the same time!<\/p>\n","protected":false},"author":2,"featured_media":4842,"parent":0,"menu_order":0,"comment_status":"closed","ping_status":"closed","template":"","meta":{"footnotes":""},"class_list":["post-4826","page","type-page","status-publish","has-post-thumbnail","hentry"],"yoast_head":"<!-- This site is optimized with the Yoast SEO plugin v26.0 - https:\/\/yoast.com\/wordpress\/plugins\/seo\/ -->\n<title>Special Activities | Katag<\/title>\n<meta name=\"description\" content=\"P\u00c9DAGOGIQUE | PARASCOLAIRE | ACTIVIT\u00c9S SP\u00c9CIALES\" \/>\n<meta name=\"robots\" content=\"index, follow, max-snippet:-1, max-image-preview:large, max-video-preview:-1\" \/>\n<link rel=\"canonical\" href=\"https:\/\/www.katag.ca\/activites-speciales\/\" \/>\n<meta property=\"og:locale\" content=\"en_US\" \/>\n<meta property=\"og:type\" content=\"article\" \/>\n<meta property=\"og:title\" content=\"[:fr]Activit\u00e9s sp\u00e9ciales[:en]Special Activities[:] | Katag\" \/>\n<meta property=\"og:description\" content=\"P\u00c9DAGOGIQUE | PARASCOLAIRE | ACTIVIT\u00c9S SP\u00c9CIALES\" \/>\n<meta property=\"og:url\" content=\"https:\/\/www.katag.ca\/activites-speciales\/\" \/>\n<meta property=\"og:site_name\" content=\"Katag\" \/>\n<meta property=\"article:publisher\" content=\"https:\/\/www.facebook.com\/Katag.ca\" \/>\n<meta property=\"article:modified_time\" content=\"2023-06-17T13:15:39+00:00\" \/>\n<meta property=\"og:image\" content=\"https:\/\/www.katag.ca\/wp-content\/uploads\/2017\/08\/katag_activite_speciale.jpg\" \/>\n\t<meta property=\"og:image:width\" content=\"2400\" \/>\n\t<meta property=\"og:image:height\" content=\"720\" \/>\n\t<meta property=\"og:image:type\" content=\"image\/jpeg\" \/>\n<meta name=\"twitter:card\" content=\"summary_large_image\" \/>\n<meta name=\"twitter:label1\" content=\"Est. reading time\" \/>\n\t<meta name=\"twitter:data1\" content=\"1 minute\" \/>\n<script type=\"application\/ld+json\" class=\"yoast-schema-graph\">{\"@context\":\"https:\/\/schema.org\",\"@graph\":[{\"@type\":\"WebPage\",\"@id\":\"https:\/\/www.katag.ca\/activites-speciales\/\",\"url\":\"https:\/\/www.katag.ca\/activites-speciales\/\",\"name\":\"[:fr]Activit\u00e9s sp\u00e9ciales[:en]Special Activities[:] | Katag\",\"isPartOf\":{\"@id\":\"https:\/\/www.katag.ca\/#website\"},\"primaryImageOfPage\":{\"@id\":\"https:\/\/www.katag.ca\/activites-speciales\/#primaryimage\"},\"image\":{\"@id\":\"https:\/\/www.katag.ca\/activites-speciales\/#primaryimage\"},\"thumbnailUrl\":\"https:\/\/www.katag.ca\/wp-content\/uploads\/2017\/08\/katag_activite_speciale.jpg\",\"datePublished\":\"2017-08-31T17:39:38+00:00\",\"dateModified\":\"2023-06-17T13:15:39+00:00\",\"description\":\"P\u00c9DAGOGIQUE | PARASCOLAIRE | ACTIVIT\u00c9S SP\u00c9CIALES\",\"breadcrumb\":{\"@id\":\"https:\/\/www.katag.ca\/activites-speciales\/#breadcrumb\"},\"inLanguage\":\"en-US\",\"potentialAction\":[{\"@type\":\"ReadAction\",\"target\":[\"https:\/\/www.katag.ca\/activites-speciales\/\"]}]},{\"@type\":\"ImageObject\",\"inLanguage\":\"en-US\",\"@id\":\"https:\/\/www.katag.ca\/activites-speciales\/#primaryimage\",\"url\":\"https:\/\/www.katag.ca\/wp-content\/uploads\/2017\/08\/katag_activite_speciale.jpg\",\"contentUrl\":\"https:\/\/www.katag.ca\/wp-content\/uploads\/2017\/08\/katag_activite_speciale.jpg\",\"width\":2400,\"height\":720},{\"@type\":\"BreadcrumbList\",\"@id\":\"https:\/\/www.katag.ca\/activites-speciales\/#breadcrumb\",\"itemListElement\":[{\"@type\":\"ListItem\",\"position\":1,\"name\":\"Accueil\",\"item\":\"https:\/\/www.katag.ca\/\"},{\"@type\":\"ListItem\",\"position\":2,\"name\":\"Activit\u00e9s sp\u00e9ciales\"}]},{\"@type\":\"WebSite\",\"@id\":\"https:\/\/www.katag.ca\/#website\",\"url\":\"https:\/\/www.katag.ca\/\",\"name\":\"Katag\",\"description\":\"LE jeu d'&eacute;p&eacute;es-mousse\",\"publisher\":{\"@id\":\"https:\/\/www.katag.ca\/#organization\"},\"potentialAction\":[{\"@type\":\"SearchAction\",\"target\":{\"@type\":\"EntryPoint\",\"urlTemplate\":\"https:\/\/www.katag.ca\/?s={search_term_string}\"},\"query-input\":{\"@type\":\"PropertyValueSpecification\",\"valueRequired\":true,\"valueName\":\"search_term_string\"}}],\"inLanguage\":\"en-US\"},{\"@type\":\"Organization\",\"@id\":\"https:\/\/www.katag.ca\/#organization\",\"name\":\"Katag\",\"url\":\"https:\/\/www.katag.ca\/\",\"logo\":{\"@type\":\"ImageObject\",\"inLanguage\":\"en-US\",\"@id\":\"https:\/\/www.katag.ca\/#\/schema\/logo\/image\/\",\"url\":\"https:\/\/www.katag.ca\/wp-content\/uploads\/2021\/03\/logo-fr.png\",\"contentUrl\":\"https:\/\/www.katag.ca\/wp-content\/uploads\/2021\/03\/logo-fr.png\",\"width\":338,\"height\":173,\"caption\":\"Katag\"},\"image\":{\"@id\":\"https:\/\/www.katag.ca\/#\/schema\/logo\/image\/\"},\"sameAs\":[\"https:\/\/www.facebook.com\/Katag.ca\"]}]}<\/script>\n<!-- \/ Yoast SEO plugin. -->","yoast_head_json":{"title":"[:fr]Activit\u00e9s sp\u00e9ciales[:en]Special Activities[:] | Katag","description":"P\u00c9DAGOGIQUE | PARASCOLAIRE | ACTIVIT\u00c9S SP\u00c9CIALES","robots":{"index":"index","follow":"follow","max-snippet":"max-snippet:-1","max-image-preview":"max-image-preview:large","max-video-preview":"max-video-preview:-1"},"canonical":"https:\/\/www.katag.ca\/activites-speciales\/","og_locale":"en_US","og_type":"article","og_title":"[:fr]Activit\u00e9s sp\u00e9ciales[:en]Special Activities[:] | Katag","og_description":"P\u00c9DAGOGIQUE | PARASCOLAIRE | ACTIVIT\u00c9S SP\u00c9CIALES","og_url":"https:\/\/www.katag.ca\/activites-speciales\/","og_site_name":"Katag","article_publisher":"https:\/\/www.facebook.com\/Katag.ca","article_modified_time":"2023-06-17T13:15:39+00:00","og_image":[{"width":2400,"height":720,"url":"https:\/\/www.katag.ca\/wp-content\/uploads\/2017\/08\/katag_activite_speciale.jpg","type":"image\/jpeg"}],"twitter_card":"summary_large_image","twitter_misc":{"Est. reading time":"1 minute"},"schema":{"@context":"https:\/\/schema.org","@graph":[{"@type":"WebPage","@id":"https:\/\/www.katag.ca\/activites-speciales\/","url":"https:\/\/www.katag.ca\/activites-speciales\/","name":"[:fr]Activit\u00e9s sp\u00e9ciales[:en]Special Activities[:] | Katag","isPartOf":{"@id":"https:\/\/www.katag.ca\/#website"},"primaryImageOfPage":{"@id":"https:\/\/www.katag.ca\/activites-speciales\/#primaryimage"},"image":{"@id":"https:\/\/www.katag.ca\/activites-speciales\/#primaryimage"},"thumbnailUrl":"https:\/\/www.katag.ca\/wp-content\/uploads\/2017\/08\/katag_activite_speciale.jpg","datePublished":"2017-08-31T17:39:38+00:00","dateModified":"2023-06-17T13:15:39+00:00","description":"P\u00c9DAGOGIQUE | PARASCOLAIRE | ACTIVIT\u00c9S SP\u00c9CIALES","breadcrumb":{"@id":"https:\/\/www.katag.ca\/activites-speciales\/#breadcrumb"},"inLanguage":"en-US","potentialAction":[{"@type":"ReadAction","target":["https:\/\/www.katag.ca\/activites-speciales\/"]}]},{"@type":"ImageObject","inLanguage":"en-US","@id":"https:\/\/www.katag.ca\/activites-speciales\/#primaryimage","url":"https:\/\/www.katag.ca\/wp-content\/uploads\/2017\/08\/katag_activite_speciale.jpg","contentUrl":"https:\/\/www.katag.ca\/wp-content\/uploads\/2017\/08\/katag_activite_speciale.jpg","width":2400,"height":720},{"@type":"BreadcrumbList","@id":"https:\/\/www.katag.ca\/activites-speciales\/#breadcrumb","itemListElement":[{"@type":"ListItem","position":1,"name":"Accueil","item":"https:\/\/www.katag.ca\/"},{"@type":"ListItem","position":2,"name":"Activit\u00e9s sp\u00e9ciales"}]},{"@type":"WebSite","@id":"https:\/\/www.katag.ca\/#website","url":"https:\/\/www.katag.ca\/","name":"Katag","description":"LE jeu d'&eacute;p&eacute;es-mousse","publisher":{"@id":"https:\/\/www.katag.ca\/#organization"},"potentialAction":[{"@type":"SearchAction","target":{"@type":"EntryPoint","urlTemplate":"https:\/\/www.katag.ca\/?s={search_term_string}"},"query-input":{"@type":"PropertyValueSpecification","valueRequired":true,"valueName":"search_term_string"}}],"inLanguage":"en-US"},{"@type":"Organization","@id":"https:\/\/www.katag.ca\/#organization","name":"Katag","url":"https:\/\/www.katag.ca\/","logo":{"@type":"ImageObject","inLanguage":"en-US","@id":"https:\/\/www.katag.ca\/#\/schema\/logo\/image\/","url":"https:\/\/www.katag.ca\/wp-content\/uploads\/2021\/03\/logo-fr.png","contentUrl":"https:\/\/www.katag.ca\/wp-content\/uploads\/2021\/03\/logo-fr.png","width":338,"height":173,"caption":"Katag"},"image":{"@id":"https:\/\/www.katag.ca\/#\/schema\/logo\/image\/"},"sameAs":["https:\/\/www.facebook.com\/Katag.ca"]}]}},"_links":{"self":[{"href":"https:\/\/www.katag.ca\/en\/wp-json\/wp\/v2\/pages\/4826","targetHints":{"allow":["GET"]}}],"collection":[{"href":"https:\/\/www.katag.ca\/en\/wp-json\/wp\/v2\/pages"}],"about":[{"href":"https:\/\/www.katag.ca\/en\/wp-json\/wp\/v2\/types\/page"}],"author":[{"embeddable":true,"href":"https:\/\/www.katag.ca\/en\/wp-json\/wp\/v2\/users\/2"}],"replies":[{"embeddable":true,"href":"https:\/\/www.katag.ca\/en\/wp-json\/wp\/v2\/comments?post=4826"}],"version-history":[{"count":1,"href":"https:\/\/www.katag.ca\/en\/wp-json\/wp\/v2\/pages\/4826\/revisions"}],"predecessor-version":[{"id":4827,"href":"https:\/\/www.katag.ca\/en\/wp-json\/wp\/v2\/pages\/4826\/revisions\/4827"}],"wp:featuredmedia":[{"embeddable":true,"href":"https:\/\/www.katag.ca\/en\/wp-json\/wp\/v2\/media\/4842"}],"wp:attachment":[{"href":"https:\/\/www.katag.ca\/en\/wp-json\/wp\/v2\/media?parent=4826"}],"curies":[{"name":"wp","href":"https:\/\/api.w.org\/{rel}","templated":true}]}}