{"id":644,"date":"2014-12-19T02:46:27","date_gmt":"2014-12-19T02:46:27","guid":{"rendered":"http:\/\/www.boutiquekatag.com\/?page_id=644"},"modified":"2017-03-02T16:56:44","modified_gmt":"2017-03-02T16:56:44","slug":"fondateurs","status":"publish","type":"page","link":"https:\/\/www.katag.ca\/en\/fondateurs\/","title":{"rendered":"Founders"},"content":{"rendered":"<h5>Katag\u2019s founders<\/h5>\n<p>&nbsp;<\/p>\n<p><strong>\u00c9ric Dugal<br \/>\n<\/strong>Management, Promotion, Entertainment &amp; Development<\/p>\n<p><a rel=\"nofollow\" href=\"mailto:animationlaforge@hotmail.com\">animationlaforge@hotmail.com<\/a><\/p>\n<ul>\n<li>Daycare educator from 1992 to 2007<\/li>\n<li>Organizer and host of several independent projects<\/li>\n<li>Graduate of Science Education (Universit\u00e9 Laval)<\/li>\n<li>Management and Business Law (Universit\u00e9 Laval)<\/li>\n<li>5 years as summer camp facilitator<\/li>\n<\/ul>\n<p>&nbsp;<\/p>\n<p><strong>Fran\u00e7ois Moffet<\/strong><br \/>\nManagement, Promotion, Facilitation and Development<\/p>\n<p><a rel=\"nofollow\" href=\"mailto:animationlaforge@hotmail.com\">animationlaforge@hotmail.com<\/a><\/p>\n<ul>\n<li>Daycare educator from 1992 to 2007<\/li>\n<li>Graduate of Social Work (Universit\u00e9 Laval)<\/li>\n<li>Creator of interactive medieval-fantasy theater for 4 years<\/li>\n<li>4 years as summer camp facilitator<\/li>\n<\/ul>\n<p>&nbsp;<\/p>\n<p><strong>Virginie Gobeil<\/strong><br \/>\nManagement &amp; Administration from 2002 to 2007<\/p>\n<ul>\n<li>Daycare educator from 1999 to 2004<\/li>\n<li>MBA in Business Administration (Universit\u00e9 Laval)<\/li>\n<li>Graduate studies in Educational Administration (Universit\u00e9 Laval)<\/li>\n<li>3 years as vacation camp facilitator<\/li>\n<\/ul>\n<p>&nbsp;<\/p>\n<p><strong>Yanick M\u00e9tayer<\/strong><br \/>\nManagement, Promotion, Facilitation &amp; Development<\/p>\n<p><a rel=\"nofollow\" href=\"mailto:animationkatagworld@hotmail.com\">animationkatagworld@hotmail.com<\/a><\/p>\n<ul>\n<li>Professional hockey player in Europe during the 1990s<\/li>\n<li>English teacher from 1998 to 2001<\/li>\n<li>Hockey school instructor from 1993 to 1997<\/li>\n<li>Minor-league soccer coach from 1990 to1993<\/li>\n<\/ul>","protected":false},"excerpt":{"rendered":"<p>Katag\u2019s founders &nbsp; \u00c9ric Dugal Management, Promotion, Entertainment &amp; Development animationlaforge@hotmail.com Daycare educator from 1992 to 2007 Organizer and host of several independent projects Graduate of Science Education (Universit\u00e9 Laval) Management and Business Law (Universit\u00e9 Laval) 5 years as summer camp facilitator &nbsp; Fran\u00e7ois Moffet Management, Promotion, Facilitation and Development animationlaforge@hotmail.com Daycare educator from 1992 to 2007 Graduate of Social Work (Universit\u00e9 Laval) Creator of interactive medieval-fantasy theater for 4 years 4 years as summer camp facilitator &nbsp; Virginie Gobeil Management &amp; Administration from 2002 to 2007 Daycare&#8230;<\/p>\n","protected":false},"author":2,"featured_media":0,"parent":0,"menu_order":0,"comment_status":"closed","ping_status":"closed","template":"","meta":{"footnotes":""},"class_list":["post-644","page","type-page","status-publish","hentry"],"yoast_head":"<!-- This site is optimized with the Yoast SEO plugin v26.0 - https:\/\/yoast.com\/wordpress\/plugins\/seo\/ -->\n<title>Founders | Katag<\/title>\n<meta name=\"description\" content=\"Les fondateurs de Katag: \u00c9ric Dugal, Fran\u00e7ois Moffet, Virginie Gobeil, Yanick M\u00e9tayer\" \/>\n<meta name=\"robots\" content=\"index, follow, max-snippet:-1, max-image-preview:large, max-video-preview:-1\" \/>\n<link rel=\"canonical\" href=\"https:\/\/www.katag.ca\/fondateurs\/\" \/>\n<meta property=\"og:locale\" content=\"en_US\" \/>\n<meta property=\"og:type\" content=\"article\" \/>\n<meta property=\"og:title\" content=\"[:fr]Fondateurs[:en]Founders[:] | Katag\" \/>\n<meta property=\"og:description\" content=\"Les fondateurs de Katag: \u00c9ric Dugal, Fran\u00e7ois Moffet, Virginie Gobeil, Yanick M\u00e9tayer\" \/>\n<meta property=\"og:url\" content=\"https:\/\/www.katag.ca\/fondateurs\/\" \/>\n<meta property=\"og:site_name\" content=\"Katag\" \/>\n<meta property=\"article:publisher\" content=\"https:\/\/www.facebook.com\/Katag.ca\" \/>\n<meta property=\"article:modified_time\" content=\"2017-03-02T16:56:44+00:00\" \/>\n<meta name=\"twitter:card\" content=\"summary_large_image\" \/>\n<meta name=\"twitter:label1\" content=\"Est. reading time\" \/>\n\t<meta name=\"twitter:data1\" content=\"2 minutes\" \/>\n<script type=\"application\/ld+json\" class=\"yoast-schema-graph\">{\"@context\":\"https:\/\/schema.org\",\"@graph\":[{\"@type\":\"WebPage\",\"@id\":\"https:\/\/www.katag.ca\/fondateurs\/\",\"url\":\"https:\/\/www.katag.ca\/fondateurs\/\",\"name\":\"[:fr]Fondateurs[:en]Founders[:] | Katag\",\"isPartOf\":{\"@id\":\"https:\/\/www.katag.ca\/#website\"},\"datePublished\":\"2014-12-19T02:46:27+00:00\",\"dateModified\":\"2017-03-02T16:56:44+00:00\",\"description\":\"Les fondateurs de Katag: \u00c9ric Dugal, Fran\u00e7ois Moffet, Virginie Gobeil, Yanick M\u00e9tayer\",\"breadcrumb\":{\"@id\":\"https:\/\/www.katag.ca\/fondateurs\/#breadcrumb\"},\"inLanguage\":\"en-US\",\"potentialAction\":[{\"@type\":\"ReadAction\",\"target\":[\"https:\/\/www.katag.ca\/fondateurs\/\"]}]},{\"@type\":\"BreadcrumbList\",\"@id\":\"https:\/\/www.katag.ca\/fondateurs\/#breadcrumb\",\"itemListElement\":[{\"@type\":\"ListItem\",\"position\":1,\"name\":\"Accueil\",\"item\":\"https:\/\/www.katag.ca\/\"},{\"@type\":\"ListItem\",\"position\":2,\"name\":\"Fondateurs\"}]},{\"@type\":\"WebSite\",\"@id\":\"https:\/\/www.katag.ca\/#website\",\"url\":\"https:\/\/www.katag.ca\/\",\"name\":\"Katag\",\"description\":\"LE jeu d'&eacute;p&eacute;es-mousse\",\"publisher\":{\"@id\":\"https:\/\/www.katag.ca\/#organization\"},\"potentialAction\":[{\"@type\":\"SearchAction\",\"target\":{\"@type\":\"EntryPoint\",\"urlTemplate\":\"https:\/\/www.katag.ca\/?s={search_term_string}\"},\"query-input\":{\"@type\":\"PropertyValueSpecification\",\"valueRequired\":true,\"valueName\":\"search_term_string\"}}],\"inLanguage\":\"en-US\"},{\"@type\":\"Organization\",\"@id\":\"https:\/\/www.katag.ca\/#organization\",\"name\":\"Katag\",\"url\":\"https:\/\/www.katag.ca\/\",\"logo\":{\"@type\":\"ImageObject\",\"inLanguage\":\"en-US\",\"@id\":\"https:\/\/www.katag.ca\/#\/schema\/logo\/image\/\",\"url\":\"https:\/\/www.katag.ca\/wp-content\/uploads\/2021\/03\/logo-fr.png\",\"contentUrl\":\"https:\/\/www.katag.ca\/wp-content\/uploads\/2021\/03\/logo-fr.png\",\"width\":338,\"height\":173,\"caption\":\"Katag\"},\"image\":{\"@id\":\"https:\/\/www.katag.ca\/#\/schema\/logo\/image\/\"},\"sameAs\":[\"https:\/\/www.facebook.com\/Katag.ca\"]}]}<\/script>\n<!-- \/ Yoast SEO plugin. -->","yoast_head_json":{"title":"[:fr]Fondateurs[:en]Founders[:] | Katag","description":"Les fondateurs de Katag: \u00c9ric Dugal, Fran\u00e7ois Moffet, Virginie Gobeil, Yanick M\u00e9tayer","robots":{"index":"index","follow":"follow","max-snippet":"max-snippet:-1","max-image-preview":"max-image-preview:large","max-video-preview":"max-video-preview:-1"},"canonical":"https:\/\/www.katag.ca\/fondateurs\/","og_locale":"en_US","og_type":"article","og_title":"[:fr]Fondateurs[:en]Founders[:] | Katag","og_description":"Les fondateurs de Katag: \u00c9ric Dugal, Fran\u00e7ois Moffet, Virginie Gobeil, Yanick M\u00e9tayer","og_url":"https:\/\/www.katag.ca\/fondateurs\/","og_site_name":"Katag","article_publisher":"https:\/\/www.facebook.com\/Katag.ca","article_modified_time":"2017-03-02T16:56:44+00:00","twitter_card":"summary_large_image","twitter_misc":{"Est. reading time":"2 minutes"},"schema":{"@context":"https:\/\/schema.org","@graph":[{"@type":"WebPage","@id":"https:\/\/www.katag.ca\/fondateurs\/","url":"https:\/\/www.katag.ca\/fondateurs\/","name":"[:fr]Fondateurs[:en]Founders[:] | Katag","isPartOf":{"@id":"https:\/\/www.katag.ca\/#website"},"datePublished":"2014-12-19T02:46:27+00:00","dateModified":"2017-03-02T16:56:44+00:00","description":"Les fondateurs de Katag: \u00c9ric Dugal, Fran\u00e7ois Moffet, Virginie Gobeil, Yanick M\u00e9tayer","breadcrumb":{"@id":"https:\/\/www.katag.ca\/fondateurs\/#breadcrumb"},"inLanguage":"en-US","potentialAction":[{"@type":"ReadAction","target":["https:\/\/www.katag.ca\/fondateurs\/"]}]},{"@type":"BreadcrumbList","@id":"https:\/\/www.katag.ca\/fondateurs\/#breadcrumb","itemListElement":[{"@type":"ListItem","position":1,"name":"Accueil","item":"https:\/\/www.katag.ca\/"},{"@type":"ListItem","position":2,"name":"Fondateurs"}]},{"@type":"WebSite","@id":"https:\/\/www.katag.ca\/#website","url":"https:\/\/www.katag.ca\/","name":"Katag","description":"LE jeu d'&eacute;p&eacute;es-mousse","publisher":{"@id":"https:\/\/www.katag.ca\/#organization"},"potentialAction":[{"@type":"SearchAction","target":{"@type":"EntryPoint","urlTemplate":"https:\/\/www.katag.ca\/?s={search_term_string}"},"query-input":{"@type":"PropertyValueSpecification","valueRequired":true,"valueName":"search_term_string"}}],"inLanguage":"en-US"},{"@type":"Organization","@id":"https:\/\/www.katag.ca\/#organization","name":"Katag","url":"https:\/\/www.katag.ca\/","logo":{"@type":"ImageObject","inLanguage":"en-US","@id":"https:\/\/www.katag.ca\/#\/schema\/logo\/image\/","url":"https:\/\/www.katag.ca\/wp-content\/uploads\/2021\/03\/logo-fr.png","contentUrl":"https:\/\/www.katag.ca\/wp-content\/uploads\/2021\/03\/logo-fr.png","width":338,"height":173,"caption":"Katag"},"image":{"@id":"https:\/\/www.katag.ca\/#\/schema\/logo\/image\/"},"sameAs":["https:\/\/www.facebook.com\/Katag.ca"]}]}},"_links":{"self":[{"href":"https:\/\/www.katag.ca\/en\/wp-json\/wp\/v2\/pages\/644","targetHints":{"allow":["GET"]}}],"collection":[{"href":"https:\/\/www.katag.ca\/en\/wp-json\/wp\/v2\/pages"}],"about":[{"href":"https:\/\/www.katag.ca\/en\/wp-json\/wp\/v2\/types\/page"}],"author":[{"embeddable":true,"href":"https:\/\/www.katag.ca\/en\/wp-json\/wp\/v2\/users\/2"}],"replies":[{"embeddable":true,"href":"https:\/\/www.katag.ca\/en\/wp-json\/wp\/v2\/comments?post=644"}],"version-history":[{"count":8,"href":"https:\/\/www.katag.ca\/en\/wp-json\/wp\/v2\/pages\/644\/revisions"}],"predecessor-version":[{"id":4652,"href":"https:\/\/www.katag.ca\/en\/wp-json\/wp\/v2\/pages\/644\/revisions\/4652"}],"wp:attachment":[{"href":"https:\/\/www.katag.ca\/en\/wp-json\/wp\/v2\/media?parent=644"}],"curies":[{"name":"wp","href":"https:\/\/api.w.org\/{rel}","templated":true}]}}