{"id":648,"date":"2014-12-19T02:52:28","date_gmt":"2014-12-19T02:52:28","guid":{"rendered":"http:\/\/www.boutiquekatag.com\/?page_id=648"},"modified":"2017-03-02T16:57:14","modified_gmt":"2017-03-02T16:57:14","slug":"lettres-de-reference","status":"publish","type":"page","link":"https:\/\/www.katag.ca\/en\/lettres-de-reference\/","title":{"rendered":"Reference Letters"},"content":{"rendered":"<em>Quebec City, February 3, 2004<\/em><\/p>\n<p>Subject: Foam-sword Game<\/p>\n<p>&nbsp;<\/p>\n<p style=\"padding-left: 60px;\">To Whom it May Concern,<\/p>\n<p style=\"padding-left: 60px;\">This is to inform you that I have experienced Animation La Forge Inc.\u2019s sword game concept with one of my Grade 6 classes. Here are my comments.<\/p>\n<p style=\"padding-left: 60px;\">KATAG, \u00ab THE foam swords game \u00bb, can certainly awaken the imagination of young girls and boys with its references to many stories, movies and legends in which the sword is used. Just think of the legend of Excalibur, King Arthur\u2019s magic sword, or the sound and light sabres of the Jedi.<\/p>\n<p style=\"padding-left: 60px;\">During the game, I noticed it was safe when played according to the rules established by designers Eric Dugal, Virginie Moffet and Fran\u00e7ois Gobeil. It is important to state that no blows with force are tolerated. KATAG is a touch game. In addition, safety glasses are obligatory to prevent eye injuries, as required in many sports that use equipment that extends from the body. However, because the sword is made of foam, the danger of injury is much lower than in a game of ball hockey.<\/p>\n<p style=\"padding-left: 60px;\">This game also helps to develop many skills as identified in the physical education and health programs.<\/p>\n<p style=\"padding-left: 60px;\">To develop interactive skills because the game involves acquiring such essential knowledge as:<\/p>\n<ol>\n<li style=\"padding-left: 60px;\">Communication principles and modes of communication, because the teams must develop a strategy of attack for each charge.<\/li>\n<li style=\"padding-left: 60px;\">Action principles such attack, counter attack, protection of territory, etc.<\/li>\n<li style=\"padding-left: 60px;\">Technical know-how such as cooperative actions during a charge.<\/li>\n<li style=\"padding-left: 60px;\">Counter-attack tactics such as feints, dodges and parries with the sword.<\/li>\n<li style=\"padding-left: 60px;\">Cooperation \/ opposition actions when tagging the opponent to prevent advancement toward our team.<\/li>\n<\/ol>\n<p style=\"padding-left: 60px;\">In short, the foam sword can certainly be a good tool to use in the context of physical education for extracurricular activities or during your professional days.<\/p>\n<p style=\"padding-left: 60px;\">By the way, the girls also seem to enjoy the game.<\/p>\n<p style=\"padding-left: 60px;\">Sincerely,<\/p>\n<p style=\"padding-left: 60px;\"><strong>Marie Gagnon<\/strong><br \/>\nPh.D. Physical Activity Sciences<br \/>\nPhysical Education Instructor<br \/>\nL&#8217;Escale and Plateau School<\/p>\n<hr \/>\n<p>&nbsp;<\/p>\n<p><em>Quebec City, March 20, 2006<\/em><\/p>\n<p>Mr. Fran\u00e7ois Moffet<\/p>\n<p>Animation La Forge inc.<br \/>\n8625, boul. Cloutier<br \/>\nCharlesbourg (Quebec)<br \/>\nG2G 4Z7<\/p>\n<p style=\"padding-left: 60px;\">Dear Mr. Moffet,<\/p>\n<p style=\"padding-left: 60px;\">The 52nd edition of the Carnaval de Qu\u00e9bec M. Christie is now a thing of the past but not the resounding runaway success of all the activities that were presented.<\/p>\n<p style=\"padding-left: 60px;\">This success is due to the exceptional involvement of all partners, staff, volunteers, artists and craftspeople who, through their hard work, have made our great winter festival a unique event of which all Quebecers can be proud.<\/p>\n<p style=\"padding-left: 60px;\">We thank you for your participation. The arrival of a new business like yours has allowed many people to regain their inner child! The public has had as much fun watching as participating in KATAG &#8220;THE foam swords game.&#8221;<\/p>\n<p style=\"padding-left: 60px;\">We were pleasantly surprised by the quality of your activity, the professionalism of your team and the enthusiastic response of our Carnaval visitors.<\/p>\n<p style=\"padding-left: 60px;\">We sincerely hope that this is just the beginning for your young company and hope to replay KATAG &#8220;THE foam swords game\u201d next year at Carnaval!<\/p>\n<p style=\"padding-left: 60px;\"><strong>Sophie Blais<\/strong><br \/>\nDirector of Programming<br \/>\nCarnaval de Qu\u00e9bec M. Christie<\/p>","protected":false},"excerpt":{"rendered":"<p>Quebec City, February 3, 2004 Subject: Foam-sword Game &nbsp; To Whom it May Concern, This is to inform you that I have experienced Animation La Forge Inc.\u2019s sword game concept with one of my Grade 6 classes. Here are my comments. KATAG, \u00ab THE foam swords game \u00bb, can certainly awaken the imagination of young girls and boys with its references to many stories, movies and legends in which the sword is used. Just think of the legend of Excalibur, King Arthur\u2019s magic sword, or the sound and&#8230;<\/p>\n","protected":false},"author":2,"featured_media":0,"parent":0,"menu_order":0,"comment_status":"closed","ping_status":"closed","template":"","meta":{"footnotes":""},"class_list":["post-648","page","type-page","status-publish","hentry"],"yoast_head":"<!-- This site is optimized with the Yoast SEO plugin v26.0 - https:\/\/yoast.com\/wordpress\/plugins\/seo\/ -->\n<title>Reference Letters | Katag<\/title>\n<meta name=\"description\" content=\"...\u00e9veiller l\u2019imaginaire des jeunes filles et gar\u00e7ons de par sa r\u00e9f\u00e9rence \u00e0 de nombreux contes, films et l\u00e9gendes o\u00f9 l\u2019\u00e9p\u00e9e est utilis\u00e9e.\" \/>\n<meta name=\"robots\" content=\"index, follow, max-snippet:-1, max-image-preview:large, max-video-preview:-1\" \/>\n<link rel=\"canonical\" href=\"https:\/\/www.katag.ca\/lettres-de-reference\/\" \/>\n<meta property=\"og:locale\" content=\"en_US\" \/>\n<meta property=\"og:type\" content=\"article\" \/>\n<meta property=\"og:title\" content=\"[:fr]Lettres de r\u00e9f\u00e9rence[:en]Reference Letters[:] | Katag\" \/>\n<meta property=\"og:description\" content=\"...\u00e9veiller l\u2019imaginaire des jeunes filles et gar\u00e7ons de par sa r\u00e9f\u00e9rence \u00e0 de nombreux contes, films et l\u00e9gendes o\u00f9 l\u2019\u00e9p\u00e9e est utilis\u00e9e.\" \/>\n<meta property=\"og:url\" content=\"https:\/\/www.katag.ca\/lettres-de-reference\/\" \/>\n<meta property=\"og:site_name\" content=\"Katag\" \/>\n<meta property=\"article:publisher\" content=\"https:\/\/www.facebook.com\/Katag.ca\" \/>\n<meta property=\"article:modified_time\" content=\"2017-03-02T16:57:14+00:00\" \/>\n<meta name=\"twitter:card\" content=\"summary_large_image\" \/>\n<meta name=\"twitter:label1\" content=\"Est. reading time\" \/>\n\t<meta name=\"twitter:data1\" content=\"6 minutes\" \/>\n<script type=\"application\/ld+json\" class=\"yoast-schema-graph\">{\"@context\":\"https:\/\/schema.org\",\"@graph\":[{\"@type\":\"WebPage\",\"@id\":\"https:\/\/www.katag.ca\/lettres-de-reference\/\",\"url\":\"https:\/\/www.katag.ca\/lettres-de-reference\/\",\"name\":\"[:fr]Lettres de r\u00e9f\u00e9rence[:en]Reference Letters[:] | Katag\",\"isPartOf\":{\"@id\":\"https:\/\/www.katag.ca\/#website\"},\"datePublished\":\"2014-12-19T02:52:28+00:00\",\"dateModified\":\"2017-03-02T16:57:14+00:00\",\"description\":\"...\u00e9veiller l\u2019imaginaire des jeunes filles et gar\u00e7ons de par sa r\u00e9f\u00e9rence \u00e0 de nombreux contes, films et l\u00e9gendes o\u00f9 l\u2019\u00e9p\u00e9e est utilis\u00e9e.\",\"breadcrumb\":{\"@id\":\"https:\/\/www.katag.ca\/lettres-de-reference\/#breadcrumb\"},\"inLanguage\":\"en-US\",\"potentialAction\":[{\"@type\":\"ReadAction\",\"target\":[\"https:\/\/www.katag.ca\/lettres-de-reference\/\"]}]},{\"@type\":\"BreadcrumbList\",\"@id\":\"https:\/\/www.katag.ca\/lettres-de-reference\/#breadcrumb\",\"itemListElement\":[{\"@type\":\"ListItem\",\"position\":1,\"name\":\"Accueil\",\"item\":\"https:\/\/www.katag.ca\/\"},{\"@type\":\"ListItem\",\"position\":2,\"name\":\"Lettres de r\u00e9f\u00e9rence\"}]},{\"@type\":\"WebSite\",\"@id\":\"https:\/\/www.katag.ca\/#website\",\"url\":\"https:\/\/www.katag.ca\/\",\"name\":\"Katag\",\"description\":\"LE jeu d'&eacute;p&eacute;es-mousse\",\"publisher\":{\"@id\":\"https:\/\/www.katag.ca\/#organization\"},\"potentialAction\":[{\"@type\":\"SearchAction\",\"target\":{\"@type\":\"EntryPoint\",\"urlTemplate\":\"https:\/\/www.katag.ca\/?s={search_term_string}\"},\"query-input\":{\"@type\":\"PropertyValueSpecification\",\"valueRequired\":true,\"valueName\":\"search_term_string\"}}],\"inLanguage\":\"en-US\"},{\"@type\":\"Organization\",\"@id\":\"https:\/\/www.katag.ca\/#organization\",\"name\":\"Katag\",\"url\":\"https:\/\/www.katag.ca\/\",\"logo\":{\"@type\":\"ImageObject\",\"inLanguage\":\"en-US\",\"@id\":\"https:\/\/www.katag.ca\/#\/schema\/logo\/image\/\",\"url\":\"https:\/\/www.katag.ca\/wp-content\/uploads\/2021\/03\/logo-fr.png\",\"contentUrl\":\"https:\/\/www.katag.ca\/wp-content\/uploads\/2021\/03\/logo-fr.png\",\"width\":338,\"height\":173,\"caption\":\"Katag\"},\"image\":{\"@id\":\"https:\/\/www.katag.ca\/#\/schema\/logo\/image\/\"},\"sameAs\":[\"https:\/\/www.facebook.com\/Katag.ca\"]}]}<\/script>\n<!-- \/ Yoast SEO plugin. -->","yoast_head_json":{"title":"[:fr]Lettres de r\u00e9f\u00e9rence[:en]Reference Letters[:] | Katag","description":"...\u00e9veiller l\u2019imaginaire des jeunes filles et gar\u00e7ons de par sa r\u00e9f\u00e9rence \u00e0 de nombreux contes, films et l\u00e9gendes o\u00f9 l\u2019\u00e9p\u00e9e est utilis\u00e9e.","robots":{"index":"index","follow":"follow","max-snippet":"max-snippet:-1","max-image-preview":"max-image-preview:large","max-video-preview":"max-video-preview:-1"},"canonical":"https:\/\/www.katag.ca\/lettres-de-reference\/","og_locale":"en_US","og_type":"article","og_title":"[:fr]Lettres de r\u00e9f\u00e9rence[:en]Reference Letters[:] | Katag","og_description":"...\u00e9veiller l\u2019imaginaire des jeunes filles et gar\u00e7ons de par sa r\u00e9f\u00e9rence \u00e0 de nombreux contes, films et l\u00e9gendes o\u00f9 l\u2019\u00e9p\u00e9e est utilis\u00e9e.","og_url":"https:\/\/www.katag.ca\/lettres-de-reference\/","og_site_name":"Katag","article_publisher":"https:\/\/www.facebook.com\/Katag.ca","article_modified_time":"2017-03-02T16:57:14+00:00","twitter_card":"summary_large_image","twitter_misc":{"Est. reading time":"6 minutes"},"schema":{"@context":"https:\/\/schema.org","@graph":[{"@type":"WebPage","@id":"https:\/\/www.katag.ca\/lettres-de-reference\/","url":"https:\/\/www.katag.ca\/lettres-de-reference\/","name":"[:fr]Lettres de r\u00e9f\u00e9rence[:en]Reference Letters[:] | Katag","isPartOf":{"@id":"https:\/\/www.katag.ca\/#website"},"datePublished":"2014-12-19T02:52:28+00:00","dateModified":"2017-03-02T16:57:14+00:00","description":"...\u00e9veiller l\u2019imaginaire des jeunes filles et gar\u00e7ons de par sa r\u00e9f\u00e9rence \u00e0 de nombreux contes, films et l\u00e9gendes o\u00f9 l\u2019\u00e9p\u00e9e est utilis\u00e9e.","breadcrumb":{"@id":"https:\/\/www.katag.ca\/lettres-de-reference\/#breadcrumb"},"inLanguage":"en-US","potentialAction":[{"@type":"ReadAction","target":["https:\/\/www.katag.ca\/lettres-de-reference\/"]}]},{"@type":"BreadcrumbList","@id":"https:\/\/www.katag.ca\/lettres-de-reference\/#breadcrumb","itemListElement":[{"@type":"ListItem","position":1,"name":"Accueil","item":"https:\/\/www.katag.ca\/"},{"@type":"ListItem","position":2,"name":"Lettres de r\u00e9f\u00e9rence"}]},{"@type":"WebSite","@id":"https:\/\/www.katag.ca\/#website","url":"https:\/\/www.katag.ca\/","name":"Katag","description":"LE jeu d'&eacute;p&eacute;es-mousse","publisher":{"@id":"https:\/\/www.katag.ca\/#organization"},"potentialAction":[{"@type":"SearchAction","target":{"@type":"EntryPoint","urlTemplate":"https:\/\/www.katag.ca\/?s={search_term_string}"},"query-input":{"@type":"PropertyValueSpecification","valueRequired":true,"valueName":"search_term_string"}}],"inLanguage":"en-US"},{"@type":"Organization","@id":"https:\/\/www.katag.ca\/#organization","name":"Katag","url":"https:\/\/www.katag.ca\/","logo":{"@type":"ImageObject","inLanguage":"en-US","@id":"https:\/\/www.katag.ca\/#\/schema\/logo\/image\/","url":"https:\/\/www.katag.ca\/wp-content\/uploads\/2021\/03\/logo-fr.png","contentUrl":"https:\/\/www.katag.ca\/wp-content\/uploads\/2021\/03\/logo-fr.png","width":338,"height":173,"caption":"Katag"},"image":{"@id":"https:\/\/www.katag.ca\/#\/schema\/logo\/image\/"},"sameAs":["https:\/\/www.facebook.com\/Katag.ca"]}]}},"_links":{"self":[{"href":"https:\/\/www.katag.ca\/en\/wp-json\/wp\/v2\/pages\/648","targetHints":{"allow":["GET"]}}],"collection":[{"href":"https:\/\/www.katag.ca\/en\/wp-json\/wp\/v2\/pages"}],"about":[{"href":"https:\/\/www.katag.ca\/en\/wp-json\/wp\/v2\/types\/page"}],"author":[{"embeddable":true,"href":"https:\/\/www.katag.ca\/en\/wp-json\/wp\/v2\/users\/2"}],"replies":[{"embeddable":true,"href":"https:\/\/www.katag.ca\/en\/wp-json\/wp\/v2\/comments?post=648"}],"version-history":[{"count":12,"href":"https:\/\/www.katag.ca\/en\/wp-json\/wp\/v2\/pages\/648\/revisions"}],"predecessor-version":[{"id":4653,"href":"https:\/\/www.katag.ca\/en\/wp-json\/wp\/v2\/pages\/648\/revisions\/4653"}],"wp:attachment":[{"href":"https:\/\/www.katag.ca\/en\/wp-json\/wp\/v2\/media?parent=648"}],"curies":[{"name":"wp","href":"https:\/\/api.w.org\/{rel}","templated":true}]}}