{"id":73,"date":"2014-01-01T21:00:47","date_gmt":"2014-01-01T21:00:47","guid":{"rendered":"http:\/\/www.boutiquekatag.com\/?page_id=73"},"modified":"2015-01-08T18:09:22","modified_gmt":"2015-01-08T18:09:22","slug":"aventure-1","status":"publish","type":"page","link":"https:\/\/www.katag.ca\/en\/aventure-1\/","title":{"rendered":"Aventure 1"},"content":{"rendered":"<p>Apr\u00e8s avoir pass\u00e9 \u00e0 travers les phases de sommeil l\u00e9ger, puis lent et profond, vous vous retrouvez en pleine phase de sommeil paradoxal, phase ou l\u2019on r\u00eave intens\u00e9ment. Mais vous sentez que cette fois, c\u2019est diff\u00e9rent. Vous avez l\u2019impression d\u2019\u00eatre pleinement conscient de votre r\u00eave et en total contr\u00f4le! Vous avez l\u2019impression de voler \u00e0 travers les nuages et vous r\u00e9alisez combien cela peut \u00eatre plaisant de voler! Vous vous sentez l\u00e9ger et esp\u00e9rez en quelque sorte que ce sentiment ne vous quittera jamais\u2026 Puis, les nuages deviennent de plus en plus denses et vous n\u2019arrivez plus \u00e0 voir o\u00f9 vous allez. Heureusement, ce n\u2019est que de courte dur\u00e9e et vous recommencez \u00e0 voir devant vous. Toutefois, vous semblez distinguer des lumi\u00e8res au travers des nuages. Tout en continuant de voler, vous d\u00e9cidez de vous en approcher. Soudain, les nuages se dissipent et vous vous rendez compte que ces lumi\u00e8res semblent provenir d\u2019une ville, pas bien loin devant vous. Mais, en regardant en bas de vous, vous constatez que sous vos pieds, c\u2019est le vide total! Heureusement que vous ne souffrez pas de vertiges! Vous constatez \u00e9galement que les lumi\u00e8res sont localis\u00e9es au centre d\u2019une immense bande de terre, de la grosseur d\u2019un continent! Vous ne savez trop comment tout cela est possible, mais \u00e7a ne vous d\u00e9range pas du tout. Vous \u00eates maintenant \u00e0 une centaine de m\u00e8tres de la bande de terre et droit devant vous se trouvent de gros navires qui vous font penser \u00e0 ceux que vous avez vus dans des films de pirates. Derri\u00e8re l\u2019un deux, vous pouvez lire, sur un grand panneau : Port de Manifeste. Vous r\u00e9alisez que vous avez r\u00e9ussi, vous avez trouv\u00e9 Manifeste! C\u2019\u00e9tait peut-\u00eatre donc de vous que l\u2019animateur parlait au t\u00e9l\u00e9phone! Vous ne savez pas si vous devez vous poser pr\u00e8s de ce port et vous vous demandez d\u2019ailleurs ce qui se passerait si vous vous posiez ou encore si les gens vous voyaient voler. Toutefois, alors que vous vous appr\u00eatiez \u00e0 continuer votre exploration, vous voyez un homme aux v\u00eatements \u00e9tranges qui vous salue d\u2019un quai. Cet homme ne vous inspire pas n\u00e9cessairement confiance, mais il vous salue tout de m\u00eame et semble vous inviter \u00e0 vous poser. Qu\u2019allez-vous faire?<\/p>\n<div class=\"btn-container  align-center\"><a class=\"organic-btn  dark-blue-btn small-btn  align-center\" href=\"http:\/\/www.katag.ca\/aventure-2\/\"><span class=\"btn-holder\">Vous d\u00e9cidez de vous poser et d\u2019aller voir l\u2019homme<\/span><\/a><\/div>\n<div class=\"btn-container  align-center\"><a class=\"organic-btn  dark-blue-btn small-btn  align-center\" href=\"http:\/\/www.katag.ca\/aventure-9\/\"><span class=\"btn-holder\">Vous pr\u00e9f\u00e9rez continuer votre vol et votre exploration<\/span><\/a><\/div>\n","protected":false},"excerpt":{"rendered":"<p>Apr\u00e8s avoir pass\u00e9 \u00e0 travers les phases de sommeil l\u00e9ger, puis lent et profond, vous vous retrouvez en pleine phase de sommeil paradoxal, phase ou l\u2019on r\u00eave intens\u00e9ment. Mais vous sentez que cette fois, c\u2019est diff\u00e9rent. Vous avez l\u2019impression d\u2019\u00eatre pleinement conscient de votre r\u00eave et en total contr\u00f4le! Vous avez l\u2019impression de voler \u00e0 travers les nuages et vous r\u00e9alisez combien cela peut \u00eatre plaisant de voler! Vous vous sentez l\u00e9ger et esp\u00e9rez en quelque sorte que ce sentiment ne vous quittera jamais\u2026 Puis, les nuages deviennent&#8230;<\/p>\n","protected":false},"author":2,"featured_media":0,"parent":0,"menu_order":0,"comment_status":"closed","ping_status":"closed","template":"","meta":{"footnotes":""},"class_list":["post-73","page","type-page","status-publish","hentry"],"yoast_head":"<!-- This site is optimized with the Yoast SEO plugin v26.0 - https:\/\/yoast.com\/wordpress\/plugins\/seo\/ -->\n<title>Aventure 1 | Katag<\/title>\n<meta name=\"robots\" content=\"index, follow, max-snippet:-1, max-image-preview:large, max-video-preview:-1\" \/>\n<link rel=\"canonical\" href=\"https:\/\/www.katag.ca\/aventure-1\/\" \/>\n<meta property=\"og:locale\" content=\"en_US\" \/>\n<meta property=\"og:type\" content=\"article\" \/>\n<meta property=\"og:title\" content=\"Aventure 1 | Katag\" \/>\n<meta property=\"og:description\" content=\"Apr\u00e8s avoir pass\u00e9 \u00e0 travers les phases de sommeil l\u00e9ger, puis lent et profond, vous vous retrouvez en pleine phase de sommeil paradoxal, phase ou l\u2019on r\u00eave intens\u00e9ment. Mais vous sentez que cette fois, c\u2019est diff\u00e9rent. Vous avez l\u2019impression d\u2019\u00eatre pleinement conscient de votre r\u00eave et en total contr\u00f4le! Vous avez l\u2019impression de voler \u00e0 travers les nuages et vous r\u00e9alisez combien cela peut \u00eatre plaisant de voler! Vous vous sentez l\u00e9ger et esp\u00e9rez en quelque sorte que ce sentiment ne vous quittera jamais\u2026 Puis, les nuages deviennent...\" \/>\n<meta property=\"og:url\" content=\"https:\/\/www.katag.ca\/aventure-1\/\" \/>\n<meta property=\"og:site_name\" content=\"Katag\" \/>\n<meta property=\"article:publisher\" content=\"https:\/\/www.facebook.com\/Katag.ca\" \/>\n<meta property=\"article:modified_time\" content=\"2015-01-08T18:09:22+00:00\" \/>\n<meta name=\"twitter:card\" content=\"summary_large_image\" \/>\n<meta name=\"twitter:label1\" content=\"Est. reading time\" \/>\n\t<meta name=\"twitter:data1\" content=\"2 minutes\" \/>\n<script type=\"application\/ld+json\" class=\"yoast-schema-graph\">{\"@context\":\"https:\/\/schema.org\",\"@graph\":[{\"@type\":\"WebPage\",\"@id\":\"https:\/\/www.katag.ca\/aventure-1\/\",\"url\":\"https:\/\/www.katag.ca\/aventure-1\/\",\"name\":\"Aventure 1 | Katag\",\"isPartOf\":{\"@id\":\"https:\/\/www.katag.ca\/#website\"},\"datePublished\":\"2014-01-01T21:00:47+00:00\",\"dateModified\":\"2015-01-08T18:09:22+00:00\",\"breadcrumb\":{\"@id\":\"https:\/\/www.katag.ca\/aventure-1\/#breadcrumb\"},\"inLanguage\":\"en-US\",\"potentialAction\":[{\"@type\":\"ReadAction\",\"target\":[\"https:\/\/www.katag.ca\/aventure-1\/\"]}]},{\"@type\":\"BreadcrumbList\",\"@id\":\"https:\/\/www.katag.ca\/aventure-1\/#breadcrumb\",\"itemListElement\":[{\"@type\":\"ListItem\",\"position\":1,\"name\":\"Accueil\",\"item\":\"https:\/\/www.katag.ca\/\"},{\"@type\":\"ListItem\",\"position\":2,\"name\":\"Aventure 1\"}]},{\"@type\":\"WebSite\",\"@id\":\"https:\/\/www.katag.ca\/#website\",\"url\":\"https:\/\/www.katag.ca\/\",\"name\":\"Katag\",\"description\":\"LE jeu d'&eacute;p&eacute;es-mousse\",\"publisher\":{\"@id\":\"https:\/\/www.katag.ca\/#organization\"},\"potentialAction\":[{\"@type\":\"SearchAction\",\"target\":{\"@type\":\"EntryPoint\",\"urlTemplate\":\"https:\/\/www.katag.ca\/?s={search_term_string}\"},\"query-input\":{\"@type\":\"PropertyValueSpecification\",\"valueRequired\":true,\"valueName\":\"search_term_string\"}}],\"inLanguage\":\"en-US\"},{\"@type\":\"Organization\",\"@id\":\"https:\/\/www.katag.ca\/#organization\",\"name\":\"Katag\",\"url\":\"https:\/\/www.katag.ca\/\",\"logo\":{\"@type\":\"ImageObject\",\"inLanguage\":\"en-US\",\"@id\":\"https:\/\/www.katag.ca\/#\/schema\/logo\/image\/\",\"url\":\"https:\/\/www.katag.ca\/wp-content\/uploads\/2021\/03\/logo-fr.png\",\"contentUrl\":\"https:\/\/www.katag.ca\/wp-content\/uploads\/2021\/03\/logo-fr.png\",\"width\":338,\"height\":173,\"caption\":\"Katag\"},\"image\":{\"@id\":\"https:\/\/www.katag.ca\/#\/schema\/logo\/image\/\"},\"sameAs\":[\"https:\/\/www.facebook.com\/Katag.ca\"]}]}<\/script>\n<!-- \/ Yoast SEO plugin. -->","yoast_head_json":{"title":"Aventure 1 | Katag","robots":{"index":"index","follow":"follow","max-snippet":"max-snippet:-1","max-image-preview":"max-image-preview:large","max-video-preview":"max-video-preview:-1"},"canonical":"https:\/\/www.katag.ca\/aventure-1\/","og_locale":"en_US","og_type":"article","og_title":"Aventure 1 | Katag","og_description":"Apr\u00e8s avoir pass\u00e9 \u00e0 travers les phases de sommeil l\u00e9ger, puis lent et profond, vous vous retrouvez en pleine phase de sommeil paradoxal, phase ou l\u2019on r\u00eave intens\u00e9ment. Mais vous sentez que cette fois, c\u2019est diff\u00e9rent. Vous avez l\u2019impression d\u2019\u00eatre pleinement conscient de votre r\u00eave et en total contr\u00f4le! Vous avez l\u2019impression de voler \u00e0 travers les nuages et vous r\u00e9alisez combien cela peut \u00eatre plaisant de voler! Vous vous sentez l\u00e9ger et esp\u00e9rez en quelque sorte que ce sentiment ne vous quittera jamais\u2026 Puis, les nuages deviennent...","og_url":"https:\/\/www.katag.ca\/aventure-1\/","og_site_name":"Katag","article_publisher":"https:\/\/www.facebook.com\/Katag.ca","article_modified_time":"2015-01-08T18:09:22+00:00","twitter_card":"summary_large_image","twitter_misc":{"Est. reading time":"2 minutes"},"schema":{"@context":"https:\/\/schema.org","@graph":[{"@type":"WebPage","@id":"https:\/\/www.katag.ca\/aventure-1\/","url":"https:\/\/www.katag.ca\/aventure-1\/","name":"Aventure 1 | Katag","isPartOf":{"@id":"https:\/\/www.katag.ca\/#website"},"datePublished":"2014-01-01T21:00:47+00:00","dateModified":"2015-01-08T18:09:22+00:00","breadcrumb":{"@id":"https:\/\/www.katag.ca\/aventure-1\/#breadcrumb"},"inLanguage":"en-US","potentialAction":[{"@type":"ReadAction","target":["https:\/\/www.katag.ca\/aventure-1\/"]}]},{"@type":"BreadcrumbList","@id":"https:\/\/www.katag.ca\/aventure-1\/#breadcrumb","itemListElement":[{"@type":"ListItem","position":1,"name":"Accueil","item":"https:\/\/www.katag.ca\/"},{"@type":"ListItem","position":2,"name":"Aventure 1"}]},{"@type":"WebSite","@id":"https:\/\/www.katag.ca\/#website","url":"https:\/\/www.katag.ca\/","name":"Katag","description":"LE jeu d'&eacute;p&eacute;es-mousse","publisher":{"@id":"https:\/\/www.katag.ca\/#organization"},"potentialAction":[{"@type":"SearchAction","target":{"@type":"EntryPoint","urlTemplate":"https:\/\/www.katag.ca\/?s={search_term_string}"},"query-input":{"@type":"PropertyValueSpecification","valueRequired":true,"valueName":"search_term_string"}}],"inLanguage":"en-US"},{"@type":"Organization","@id":"https:\/\/www.katag.ca\/#organization","name":"Katag","url":"https:\/\/www.katag.ca\/","logo":{"@type":"ImageObject","inLanguage":"en-US","@id":"https:\/\/www.katag.ca\/#\/schema\/logo\/image\/","url":"https:\/\/www.katag.ca\/wp-content\/uploads\/2021\/03\/logo-fr.png","contentUrl":"https:\/\/www.katag.ca\/wp-content\/uploads\/2021\/03\/logo-fr.png","width":338,"height":173,"caption":"Katag"},"image":{"@id":"https:\/\/www.katag.ca\/#\/schema\/logo\/image\/"},"sameAs":["https:\/\/www.facebook.com\/Katag.ca"]}]}},"_links":{"self":[{"href":"https:\/\/www.katag.ca\/en\/wp-json\/wp\/v2\/pages\/73","targetHints":{"allow":["GET"]}}],"collection":[{"href":"https:\/\/www.katag.ca\/en\/wp-json\/wp\/v2\/pages"}],"about":[{"href":"https:\/\/www.katag.ca\/en\/wp-json\/wp\/v2\/types\/page"}],"author":[{"embeddable":true,"href":"https:\/\/www.katag.ca\/en\/wp-json\/wp\/v2\/users\/2"}],"replies":[{"embeddable":true,"href":"https:\/\/www.katag.ca\/en\/wp-json\/wp\/v2\/comments?post=73"}],"version-history":[{"count":28,"href":"https:\/\/www.katag.ca\/en\/wp-json\/wp\/v2\/pages\/73\/revisions"}],"predecessor-version":[{"id":1808,"href":"https:\/\/www.katag.ca\/en\/wp-json\/wp\/v2\/pages\/73\/revisions\/1808"}],"wp:attachment":[{"href":"https:\/\/www.katag.ca\/en\/wp-json\/wp\/v2\/media?parent=73"}],"curies":[{"name":"wp","href":"https:\/\/api.w.org\/{rel}","templated":true}]}}